{"id":1546,"date":"2021-01-05T11:03:34","date_gmt":"2021-01-05T10:03:34","guid":{"rendered":"https:\/\/www.viesmat.com\/?post_type=product&#038;p=1546"},"modified":"2021-12-16T12:08:46","modified_gmt":"2021-12-16T11:08:46","slug":"perfil_cantonera","status":"publish","type":"product","link":"https:\/\/www.viesmat.com\/ca\/producte\/perfil_cantonera\/","title":{"rendered":"Perfil cantonera"},"content":{"rendered":"<div class=\"wpb-content-wrapper\">[vc_row][vc_column][vc_column_text]Perfil d&#8217;esglaons per a escales per al condicionament antilliscant i est\u00e8ticament atractiu de les vores dels esglaons.<\/p>\n<p>Guardacantos per escales amb una superf\u00edcie trepitjable de cautx\u00fa SBR antilliscant.<\/p>\n<p>Indicat tant per a decoraci\u00f3 com per a \u00fas industrial.<\/p>\n<p><strong>MIDA:<\/strong> Rotlles de 40ml<\/p>\n<p>Exemples d&#8217;\u00fas: esglaons escala, protecci\u00f3 de cantonades, protecci\u00f3 columnes de p\u00e0rquing.[\/vc_column_text][\/vc_column][\/vc_row][vc_row][vc_column width=&#8221;1\/3&#8243;][vc_single_image image=&#8221;1554&#8243;][\/vc_column][vc_column width=&#8221;1\/3&#8243;][vc_single_image image=&#8221;1562&#8243;][\/vc_column][vc_column width=&#8221;1\/3&#8243;][vc_single_image image=&#8221;1558&#8243;][\/vc_column][\/vc_row]\n<\/div>","protected":false},"excerpt":{"rendered":"<p>[vc_row][vc_column][vc_column_text]Perfil d&#8217;esglaons per a escales per al condicionament antilliscant i est\u00e8ticament atractiu de les vores dels esglaons. Guardacantos per escales amb una superf\u00edcie trepitjable de cautx\u00fa SBR antilliscant. Indicat tant per a decoraci\u00f3 com per a \u00fas industrial. MIDA: Rotlles de 40ml Exemples d&#8217;\u00fas: esglaons escala, protecci\u00f3 de cantonades, protecci\u00f3 columnes de p\u00e0rquing.[\/vc_column_text][\/vc_column][\/vc_row][vc_row][vc_column width=&#8221;1\/3&#8243;][vc_single_image image=&#8221;1554&#8243;][\/vc_column][vc_column&hellip;<\/p>\n","protected":false},"featured_media":1550,"template":"","meta":[],"product_brand":[],"product_cat":[46],"product_tag":[],"class_list":{"0":"post-1546","1":"product","2":"type-product","3":"status-publish","4":"has-post-thumbnail","6":"product_cat-paviments-de-cautxu","7":"entry","8":"has-media","10":"first","11":"instock","12":"shipping-taxable","13":"purchasable","14":"product-type-simple"},"yoast_head":"<!-- This site is optimized with the Yoast SEO plugin v27.4 - https:\/\/yoast.com\/product\/yoast-seo-wordpress\/ -->\n<title>Perfil cantonera per a esglaons d&#039;escales | VIESMAT<\/title>\n<meta name=\"description\" content=\"Perfils per a esglaons d&#039;escales amb goma antilliscant. Perfil cantonera de vora d&#039;escala de cautx\u00fa.\" \/>\n<meta name=\"robots\" content=\"index, follow, max-snippet:-1, max-image-preview:large, max-video-preview:-1\" \/>\n<link rel=\"canonical\" href=\"https:\/\/www.viesmat.com\/producte\/perfil_cantonera\/\" \/>\n<meta property=\"og:locale\" content=\"ca_ES\" \/>\n<meta property=\"og:type\" content=\"article\" \/>\n<meta property=\"og:title\" content=\"Perfil cantonera per a esglaons d&#039;escales | VIESMAT\" \/>\n<meta property=\"og:description\" content=\"Perfils per a esglaons d&#039;escales amb goma antilliscant. Perfil cantonera de vora d&#039;escala de cautx\u00fa.\" \/>\n<meta property=\"og:url\" content=\"https:\/\/www.viesmat.com\/producte\/perfil_cantonera\/\" \/>\n<meta property=\"og:site_name\" content=\"VIESMAT\" \/>\n<meta property=\"article:publisher\" content=\"https:\/\/www.facebook.com\/viesmat\" \/>\n<meta property=\"article:modified_time\" content=\"2021-12-16T11:08:46+00:00\" \/>\n<meta property=\"og:image\" content=\"https:\/\/www.viesmat.com\/wp-content\/uploads\/2021\/01\/perfil3.jpg\" \/>\n\t<meta property=\"og:image:width\" content=\"595\" \/>\n\t<meta property=\"og:image:height\" content=\"529\" \/>\n\t<meta property=\"og:image:type\" content=\"image\/jpeg\" \/>\n<meta name=\"twitter:card\" content=\"summary_large_image\" \/>\n<meta name=\"twitter:label1\" content=\"Temps estimat de lectura\" \/>\n\t<meta name=\"twitter:data1\" content=\"1 minut\" \/>\n<script type=\"application\/ld+json\" class=\"yoast-schema-graph\">{\"@context\":\"https:\\\/\\\/schema.org\",\"@graph\":[{\"@type\":\"WebPage\",\"@id\":\"https:\\\/\\\/www.viesmat.com\\\/producte\\\/perfil_cantonera\\\/\",\"url\":\"https:\\\/\\\/www.viesmat.com\\\/producte\\\/perfil_cantonera\\\/\",\"name\":\"Perfil cantonera per a esglaons d'escales | VIESMAT\",\"isPartOf\":{\"@id\":\"https:\\\/\\\/www.viesmat.com\\\/#website\"},\"primaryImageOfPage\":{\"@id\":\"https:\\\/\\\/www.viesmat.com\\\/producte\\\/perfil_cantonera\\\/#primaryimage\"},\"image\":{\"@id\":\"https:\\\/\\\/www.viesmat.com\\\/producte\\\/perfil_cantonera\\\/#primaryimage\"},\"thumbnailUrl\":\"https:\\\/\\\/www.viesmat.com\\\/wp-content\\\/uploads\\\/2021\\\/01\\\/perfil3.jpg\",\"datePublished\":\"2021-01-05T10:03:34+00:00\",\"dateModified\":\"2021-12-16T11:08:46+00:00\",\"description\":\"Perfils per a esglaons d'escales amb goma antilliscant. Perfil cantonera de vora d'escala de cautx\u00fa.\",\"breadcrumb\":{\"@id\":\"https:\\\/\\\/www.viesmat.com\\\/producte\\\/perfil_cantonera\\\/#breadcrumb\"},\"inLanguage\":\"ca\",\"potentialAction\":[{\"@type\":\"ReadAction\",\"target\":[\"https:\\\/\\\/www.viesmat.com\\\/producte\\\/perfil_cantonera\\\/\"]}]},{\"@type\":\"ImageObject\",\"inLanguage\":\"ca\",\"@id\":\"https:\\\/\\\/www.viesmat.com\\\/producte\\\/perfil_cantonera\\\/#primaryimage\",\"url\":\"https:\\\/\\\/www.viesmat.com\\\/wp-content\\\/uploads\\\/2021\\\/01\\\/perfil3.jpg\",\"contentUrl\":\"https:\\\/\\\/www.viesmat.com\\\/wp-content\\\/uploads\\\/2021\\\/01\\\/perfil3.jpg\",\"width\":595,\"height\":529},{\"@type\":\"BreadcrumbList\",\"@id\":\"https:\\\/\\\/www.viesmat.com\\\/producte\\\/perfil_cantonera\\\/#breadcrumb\",\"itemListElement\":[{\"@type\":\"ListItem\",\"position\":1,\"name\":\"Home\",\"item\":\"https:\\\/\\\/www.viesmat.com\\\/ca\\\/\"},{\"@type\":\"ListItem\",\"position\":2,\"name\":\"Productes\",\"item\":\"https:\\\/\\\/www.viesmat.com\\\/productos\\\/\"},{\"@type\":\"ListItem\",\"position\":3,\"name\":\"Perfil cantonera\"}]},{\"@type\":\"WebSite\",\"@id\":\"https:\\\/\\\/www.viesmat.com\\\/#website\",\"url\":\"https:\\\/\\\/www.viesmat.com\\\/\",\"name\":\"VIESMAT\",\"description\":\"Felpudos de entrada, pavimentos de caucho y felpudos met\u00e1licos\",\"publisher\":{\"@id\":\"https:\\\/\\\/www.viesmat.com\\\/#organization\"},\"potentialAction\":[{\"@type\":\"SearchAction\",\"target\":{\"@type\":\"EntryPoint\",\"urlTemplate\":\"https:\\\/\\\/www.viesmat.com\\\/?s={search_term_string}\"},\"query-input\":{\"@type\":\"PropertyValueSpecification\",\"valueRequired\":true,\"valueName\":\"search_term_string\"}}],\"inLanguage\":\"ca\"},{\"@type\":\"Organization\",\"@id\":\"https:\\\/\\\/www.viesmat.com\\\/#organization\",\"name\":\"Viesmat\",\"url\":\"https:\\\/\\\/www.viesmat.com\\\/\",\"logo\":{\"@type\":\"ImageObject\",\"inLanguage\":\"ca\",\"@id\":\"https:\\\/\\\/www.viesmat.com\\\/#\\\/schema\\\/logo\\\/image\\\/\",\"url\":\"https:\\\/\\\/www.viesmat.com\\\/wp-content\\\/uploads\\\/2020\\\/09\\\/logo-VIESMAT.png\",\"contentUrl\":\"https:\\\/\\\/www.viesmat.com\\\/wp-content\\\/uploads\\\/2020\\\/09\\\/logo-VIESMAT.png\",\"width\":400,\"height\":86,\"caption\":\"Viesmat\"},\"image\":{\"@id\":\"https:\\\/\\\/www.viesmat.com\\\/#\\\/schema\\\/logo\\\/image\\\/\"},\"sameAs\":[\"https:\\\/\\\/www.facebook.com\\\/viesmat\"]}]}<\/script>\n<!-- \/ Yoast SEO plugin. -->","yoast_head_json":{"title":"Perfil cantonera per a esglaons d'escales | VIESMAT","description":"Perfils per a esglaons d'escales amb goma antilliscant. Perfil cantonera de vora d'escala de cautx\u00fa.","robots":{"index":"index","follow":"follow","max-snippet":"max-snippet:-1","max-image-preview":"max-image-preview:large","max-video-preview":"max-video-preview:-1"},"canonical":"https:\/\/www.viesmat.com\/producte\/perfil_cantonera\/","og_locale":"ca_ES","og_type":"article","og_title":"Perfil cantonera per a esglaons d'escales | VIESMAT","og_description":"Perfils per a esglaons d'escales amb goma antilliscant. Perfil cantonera de vora d'escala de cautx\u00fa.","og_url":"https:\/\/www.viesmat.com\/producte\/perfil_cantonera\/","og_site_name":"VIESMAT","article_publisher":"https:\/\/www.facebook.com\/viesmat","article_modified_time":"2021-12-16T11:08:46+00:00","og_image":[{"width":595,"height":529,"url":"https:\/\/www.viesmat.com\/wp-content\/uploads\/2021\/01\/perfil3.jpg","type":"image\/jpeg"}],"twitter_card":"summary_large_image","twitter_misc":{"Temps estimat de lectura":"1 minut"},"schema":{"@context":"https:\/\/schema.org","@graph":[{"@type":"WebPage","@id":"https:\/\/www.viesmat.com\/producte\/perfil_cantonera\/","url":"https:\/\/www.viesmat.com\/producte\/perfil_cantonera\/","name":"Perfil cantonera per a esglaons d'escales | VIESMAT","isPartOf":{"@id":"https:\/\/www.viesmat.com\/#website"},"primaryImageOfPage":{"@id":"https:\/\/www.viesmat.com\/producte\/perfil_cantonera\/#primaryimage"},"image":{"@id":"https:\/\/www.viesmat.com\/producte\/perfil_cantonera\/#primaryimage"},"thumbnailUrl":"https:\/\/www.viesmat.com\/wp-content\/uploads\/2021\/01\/perfil3.jpg","datePublished":"2021-01-05T10:03:34+00:00","dateModified":"2021-12-16T11:08:46+00:00","description":"Perfils per a esglaons d'escales amb goma antilliscant. Perfil cantonera de vora d'escala de cautx\u00fa.","breadcrumb":{"@id":"https:\/\/www.viesmat.com\/producte\/perfil_cantonera\/#breadcrumb"},"inLanguage":"ca","potentialAction":[{"@type":"ReadAction","target":["https:\/\/www.viesmat.com\/producte\/perfil_cantonera\/"]}]},{"@type":"ImageObject","inLanguage":"ca","@id":"https:\/\/www.viesmat.com\/producte\/perfil_cantonera\/#primaryimage","url":"https:\/\/www.viesmat.com\/wp-content\/uploads\/2021\/01\/perfil3.jpg","contentUrl":"https:\/\/www.viesmat.com\/wp-content\/uploads\/2021\/01\/perfil3.jpg","width":595,"height":529},{"@type":"BreadcrumbList","@id":"https:\/\/www.viesmat.com\/producte\/perfil_cantonera\/#breadcrumb","itemListElement":[{"@type":"ListItem","position":1,"name":"Home","item":"https:\/\/www.viesmat.com\/ca\/"},{"@type":"ListItem","position":2,"name":"Productes","item":"https:\/\/www.viesmat.com\/productos\/"},{"@type":"ListItem","position":3,"name":"Perfil cantonera"}]},{"@type":"WebSite","@id":"https:\/\/www.viesmat.com\/#website","url":"https:\/\/www.viesmat.com\/","name":"VIESMAT","description":"Felpudos de entrada, pavimentos de caucho y felpudos met\u00e1licos","publisher":{"@id":"https:\/\/www.viesmat.com\/#organization"},"potentialAction":[{"@type":"SearchAction","target":{"@type":"EntryPoint","urlTemplate":"https:\/\/www.viesmat.com\/?s={search_term_string}"},"query-input":{"@type":"PropertyValueSpecification","valueRequired":true,"valueName":"search_term_string"}}],"inLanguage":"ca"},{"@type":"Organization","@id":"https:\/\/www.viesmat.com\/#organization","name":"Viesmat","url":"https:\/\/www.viesmat.com\/","logo":{"@type":"ImageObject","inLanguage":"ca","@id":"https:\/\/www.viesmat.com\/#\/schema\/logo\/image\/","url":"https:\/\/www.viesmat.com\/wp-content\/uploads\/2020\/09\/logo-VIESMAT.png","contentUrl":"https:\/\/www.viesmat.com\/wp-content\/uploads\/2020\/09\/logo-VIESMAT.png","width":400,"height":86,"caption":"Viesmat"},"image":{"@id":"https:\/\/www.viesmat.com\/#\/schema\/logo\/image\/"},"sameAs":["https:\/\/www.facebook.com\/viesmat"]}]}},"_links":{"self":[{"href":"https:\/\/www.viesmat.com\/ca\/wp-json\/wp\/v2\/product\/1546","targetHints":{"allow":["GET"]}}],"collection":[{"href":"https:\/\/www.viesmat.com\/ca\/wp-json\/wp\/v2\/product"}],"about":[{"href":"https:\/\/www.viesmat.com\/ca\/wp-json\/wp\/v2\/types\/product"}],"wp:featuredmedia":[{"embeddable":true,"href":"https:\/\/www.viesmat.com\/ca\/wp-json\/wp\/v2\/media\/1550"}],"wp:attachment":[{"href":"https:\/\/www.viesmat.com\/ca\/wp-json\/wp\/v2\/media?parent=1546"}],"wp:term":[{"taxonomy":"product_brand","embeddable":true,"href":"https:\/\/www.viesmat.com\/ca\/wp-json\/wp\/v2\/product_brand?post=1546"},{"taxonomy":"product_cat","embeddable":true,"href":"https:\/\/www.viesmat.com\/ca\/wp-json\/wp\/v2\/product_cat?post=1546"},{"taxonomy":"product_tag","embeddable":true,"href":"https:\/\/www.viesmat.com\/ca\/wp-json\/wp\/v2\/product_tag?post=1546"}],"curies":[{"name":"wp","href":"https:\/\/api.w.org\/{rel}","templated":true}]}}