{"id":1609,"date":"2021-03-01T19:03:53","date_gmt":"2021-03-01T18:03:53","guid":{"rendered":"https:\/\/www.viesmat.com\/?post_type=product&#038;p=1609"},"modified":"2025-11-06T11:06:07","modified_gmt":"2025-11-06T10:06:07","slug":"rotllo-alveolar","status":"publish","type":"product","link":"https:\/\/www.viesmat.com\/ca\/producte\/rotllo-alveolar\/","title":{"rendered":"Rotllo Cautx\u00fa Alveolar Fi"},"content":{"rendered":"<div class=\"wpb-content-wrapper\">[vc_row][vc_column][vc_column_text]Rotllo de cautx\u00fa Alveolar de gran durabilitat i resist\u00e8ncia, especialment indicat per zones humides, com estacions d\u2019esqu\u00ed, o vaixells navals i de pesca.<\/p>\n<p>Tamb\u00e9 es pot fer servir com a catifa antifatiga en cuines.<\/p>\n<p><strong>Mida:<\/strong> 9,20x1mt. en 13mm.<br \/>\nFons Obert[\/vc_column_text][\/vc_column][\/vc_row][vc_row][vc_column][vc_single_image image=&#8221;1613&#8243;][\/vc_column][\/vc_row]\n<\/div>","protected":false},"excerpt":{"rendered":"<p>[vc_row][vc_column][vc_column_text]Rotllo de cautx\u00fa Alveolar de gran durabilitat i resist\u00e8ncia, especialment indicat per zones humides, com estacions d\u2019esqu\u00ed, o vaixells navals i de pesca. Tamb\u00e9 es pot fer servir com a catifa antifatiga en cuines. Mida: 9,20x1mt. en 13mm. Fons Obert[\/vc_column_text][\/vc_column][\/vc_row][vc_row][vc_column][vc_single_image image=&#8221;1613&#8243;][\/vc_column][\/vc_row]<\/p>\n","protected":false},"featured_media":1617,"template":"","meta":[],"product_brand":[],"product_cat":[46],"product_tag":[],"class_list":{"0":"post-1609","1":"product","2":"type-product","3":"status-publish","4":"has-post-thumbnail","6":"product_cat-paviments-de-cautxu","7":"entry","8":"has-media","10":"first","11":"instock","12":"shipping-taxable","13":"purchasable","14":"product-type-simple"},"yoast_head":"<!-- This site is optimized with the Yoast SEO plugin v27.4 - https:\/\/yoast.com\/product\/yoast-seo-wordpress\/ -->\n<title>Rotllo de cautx\u00fa alveolar fi de gran durabilitat i resist\u00e8ncia | VIESMAT<\/title>\n<meta name=\"description\" content=\"Rotllos de cautx\u00fa alveolar fi per a zones humides, com vaixells navals o zones de neu i gel. Rotllos de goma antilliscant i antifatiga.\" \/>\n<meta name=\"robots\" content=\"index, follow, max-snippet:-1, max-image-preview:large, max-video-preview:-1\" \/>\n<link rel=\"canonical\" href=\"https:\/\/www.viesmat.com\/ca\/producte\/rotllo-alveolar\/\" \/>\n<meta property=\"og:locale\" content=\"ca_ES\" \/>\n<meta property=\"og:type\" content=\"article\" \/>\n<meta property=\"og:title\" content=\"Rotllo de cautx\u00fa alveolar fi de gran durabilitat i resist\u00e8ncia | VIESMAT\" \/>\n<meta property=\"og:description\" content=\"Rotllos de cautx\u00fa alveolar fi per a zones humides, com vaixells navals o zones de neu i gel. Rotllos de goma antilliscant i antifatiga.\" \/>\n<meta property=\"og:url\" content=\"https:\/\/www.viesmat.com\/ca\/producte\/rotllo-alveolar\/\" \/>\n<meta property=\"og:site_name\" content=\"VIESMAT\" \/>\n<meta property=\"article:publisher\" content=\"https:\/\/www.facebook.com\/viesmat\" \/>\n<meta property=\"article:modified_time\" content=\"2025-11-06T10:06:07+00:00\" \/>\n<meta property=\"og:image\" content=\"https:\/\/www.viesmat.com\/wp-content\/uploads\/2021\/03\/alveolar-rollo-2.jpg\" \/>\n\t<meta property=\"og:image:width\" content=\"2186\" \/>\n\t<meta property=\"og:image:height\" content=\"1596\" \/>\n\t<meta property=\"og:image:type\" content=\"image\/jpeg\" \/>\n<meta name=\"twitter:card\" content=\"summary_large_image\" \/>\n<meta name=\"twitter:label1\" content=\"Temps estimat de lectura\" \/>\n\t<meta name=\"twitter:data1\" content=\"1 minut\" \/>\n<script type=\"application\/ld+json\" class=\"yoast-schema-graph\">{\"@context\":\"https:\\\/\\\/schema.org\",\"@graph\":[{\"@type\":\"WebPage\",\"@id\":\"https:\\\/\\\/www.viesmat.com\\\/ca\\\/producte\\\/rotllo-alveolar\\\/\",\"url\":\"https:\\\/\\\/www.viesmat.com\\\/ca\\\/producte\\\/rotllo-alveolar\\\/\",\"name\":\"Rotllo de cautx\u00fa alveolar fi de gran durabilitat i resist\u00e8ncia | VIESMAT\",\"isPartOf\":{\"@id\":\"https:\\\/\\\/www.viesmat.com\\\/#website\"},\"primaryImageOfPage\":{\"@id\":\"https:\\\/\\\/www.viesmat.com\\\/ca\\\/producte\\\/rotllo-alveolar\\\/#primaryimage\"},\"image\":{\"@id\":\"https:\\\/\\\/www.viesmat.com\\\/ca\\\/producte\\\/rotllo-alveolar\\\/#primaryimage\"},\"thumbnailUrl\":\"https:\\\/\\\/www.viesmat.com\\\/wp-content\\\/uploads\\\/2021\\\/03\\\/alveolar-rollo-2.jpg\",\"datePublished\":\"2021-03-01T18:03:53+00:00\",\"dateModified\":\"2025-11-06T10:06:07+00:00\",\"description\":\"Rotllos de cautx\u00fa alveolar fi per a zones humides, com vaixells navals o zones de neu i gel. Rotllos de goma antilliscant i antifatiga.\",\"breadcrumb\":{\"@id\":\"https:\\\/\\\/www.viesmat.com\\\/ca\\\/producte\\\/rotllo-alveolar\\\/#breadcrumb\"},\"inLanguage\":\"ca\",\"potentialAction\":[{\"@type\":\"ReadAction\",\"target\":[\"https:\\\/\\\/www.viesmat.com\\\/ca\\\/producte\\\/rotllo-alveolar\\\/\"]}]},{\"@type\":\"ImageObject\",\"inLanguage\":\"ca\",\"@id\":\"https:\\\/\\\/www.viesmat.com\\\/ca\\\/producte\\\/rotllo-alveolar\\\/#primaryimage\",\"url\":\"https:\\\/\\\/www.viesmat.com\\\/wp-content\\\/uploads\\\/2021\\\/03\\\/alveolar-rollo-2.jpg\",\"contentUrl\":\"https:\\\/\\\/www.viesmat.com\\\/wp-content\\\/uploads\\\/2021\\\/03\\\/alveolar-rollo-2.jpg\",\"width\":2186,\"height\":1596},{\"@type\":\"BreadcrumbList\",\"@id\":\"https:\\\/\\\/www.viesmat.com\\\/ca\\\/producte\\\/rotllo-alveolar\\\/#breadcrumb\",\"itemListElement\":[{\"@type\":\"ListItem\",\"position\":1,\"name\":\"Home\",\"item\":\"https:\\\/\\\/www.viesmat.com\\\/ca\\\/\"},{\"@type\":\"ListItem\",\"position\":2,\"name\":\"Productes\",\"item\":\"https:\\\/\\\/www.viesmat.com\\\/productos\\\/\"},{\"@type\":\"ListItem\",\"position\":3,\"name\":\"Rotllo Cautx\u00fa Alveolar Fi\"}]},{\"@type\":\"WebSite\",\"@id\":\"https:\\\/\\\/www.viesmat.com\\\/#website\",\"url\":\"https:\\\/\\\/www.viesmat.com\\\/\",\"name\":\"VIESMAT\",\"description\":\"Felpudos de entrada, pavimentos de caucho y felpudos met\u00e1licos\",\"publisher\":{\"@id\":\"https:\\\/\\\/www.viesmat.com\\\/#organization\"},\"potentialAction\":[{\"@type\":\"SearchAction\",\"target\":{\"@type\":\"EntryPoint\",\"urlTemplate\":\"https:\\\/\\\/www.viesmat.com\\\/?s={search_term_string}\"},\"query-input\":{\"@type\":\"PropertyValueSpecification\",\"valueRequired\":true,\"valueName\":\"search_term_string\"}}],\"inLanguage\":\"ca\"},{\"@type\":\"Organization\",\"@id\":\"https:\\\/\\\/www.viesmat.com\\\/#organization\",\"name\":\"Viesmat\",\"url\":\"https:\\\/\\\/www.viesmat.com\\\/\",\"logo\":{\"@type\":\"ImageObject\",\"inLanguage\":\"ca\",\"@id\":\"https:\\\/\\\/www.viesmat.com\\\/#\\\/schema\\\/logo\\\/image\\\/\",\"url\":\"https:\\\/\\\/www.viesmat.com\\\/wp-content\\\/uploads\\\/2020\\\/09\\\/logo-VIESMAT.png\",\"contentUrl\":\"https:\\\/\\\/www.viesmat.com\\\/wp-content\\\/uploads\\\/2020\\\/09\\\/logo-VIESMAT.png\",\"width\":400,\"height\":86,\"caption\":\"Viesmat\"},\"image\":{\"@id\":\"https:\\\/\\\/www.viesmat.com\\\/#\\\/schema\\\/logo\\\/image\\\/\"},\"sameAs\":[\"https:\\\/\\\/www.facebook.com\\\/viesmat\"]}]}<\/script>\n<!-- \/ Yoast SEO plugin. -->","yoast_head_json":{"title":"Rotllo de cautx\u00fa alveolar fi de gran durabilitat i resist\u00e8ncia | VIESMAT","description":"Rotllos de cautx\u00fa alveolar fi per a zones humides, com vaixells navals o zones de neu i gel. Rotllos de goma antilliscant i antifatiga.","robots":{"index":"index","follow":"follow","max-snippet":"max-snippet:-1","max-image-preview":"max-image-preview:large","max-video-preview":"max-video-preview:-1"},"canonical":"https:\/\/www.viesmat.com\/ca\/producte\/rotllo-alveolar\/","og_locale":"ca_ES","og_type":"article","og_title":"Rotllo de cautx\u00fa alveolar fi de gran durabilitat i resist\u00e8ncia | VIESMAT","og_description":"Rotllos de cautx\u00fa alveolar fi per a zones humides, com vaixells navals o zones de neu i gel. Rotllos de goma antilliscant i antifatiga.","og_url":"https:\/\/www.viesmat.com\/ca\/producte\/rotllo-alveolar\/","og_site_name":"VIESMAT","article_publisher":"https:\/\/www.facebook.com\/viesmat","article_modified_time":"2025-11-06T10:06:07+00:00","og_image":[{"width":2186,"height":1596,"url":"https:\/\/www.viesmat.com\/wp-content\/uploads\/2021\/03\/alveolar-rollo-2.jpg","type":"image\/jpeg"}],"twitter_card":"summary_large_image","twitter_misc":{"Temps estimat de lectura":"1 minut"},"schema":{"@context":"https:\/\/schema.org","@graph":[{"@type":"WebPage","@id":"https:\/\/www.viesmat.com\/ca\/producte\/rotllo-alveolar\/","url":"https:\/\/www.viesmat.com\/ca\/producte\/rotllo-alveolar\/","name":"Rotllo de cautx\u00fa alveolar fi de gran durabilitat i resist\u00e8ncia | VIESMAT","isPartOf":{"@id":"https:\/\/www.viesmat.com\/#website"},"primaryImageOfPage":{"@id":"https:\/\/www.viesmat.com\/ca\/producte\/rotllo-alveolar\/#primaryimage"},"image":{"@id":"https:\/\/www.viesmat.com\/ca\/producte\/rotllo-alveolar\/#primaryimage"},"thumbnailUrl":"https:\/\/www.viesmat.com\/wp-content\/uploads\/2021\/03\/alveolar-rollo-2.jpg","datePublished":"2021-03-01T18:03:53+00:00","dateModified":"2025-11-06T10:06:07+00:00","description":"Rotllos de cautx\u00fa alveolar fi per a zones humides, com vaixells navals o zones de neu i gel. Rotllos de goma antilliscant i antifatiga.","breadcrumb":{"@id":"https:\/\/www.viesmat.com\/ca\/producte\/rotllo-alveolar\/#breadcrumb"},"inLanguage":"ca","potentialAction":[{"@type":"ReadAction","target":["https:\/\/www.viesmat.com\/ca\/producte\/rotllo-alveolar\/"]}]},{"@type":"ImageObject","inLanguage":"ca","@id":"https:\/\/www.viesmat.com\/ca\/producte\/rotllo-alveolar\/#primaryimage","url":"https:\/\/www.viesmat.com\/wp-content\/uploads\/2021\/03\/alveolar-rollo-2.jpg","contentUrl":"https:\/\/www.viesmat.com\/wp-content\/uploads\/2021\/03\/alveolar-rollo-2.jpg","width":2186,"height":1596},{"@type":"BreadcrumbList","@id":"https:\/\/www.viesmat.com\/ca\/producte\/rotllo-alveolar\/#breadcrumb","itemListElement":[{"@type":"ListItem","position":1,"name":"Home","item":"https:\/\/www.viesmat.com\/ca\/"},{"@type":"ListItem","position":2,"name":"Productes","item":"https:\/\/www.viesmat.com\/productos\/"},{"@type":"ListItem","position":3,"name":"Rotllo Cautx\u00fa Alveolar Fi"}]},{"@type":"WebSite","@id":"https:\/\/www.viesmat.com\/#website","url":"https:\/\/www.viesmat.com\/","name":"VIESMAT","description":"Felpudos de entrada, pavimentos de caucho y felpudos met\u00e1licos","publisher":{"@id":"https:\/\/www.viesmat.com\/#organization"},"potentialAction":[{"@type":"SearchAction","target":{"@type":"EntryPoint","urlTemplate":"https:\/\/www.viesmat.com\/?s={search_term_string}"},"query-input":{"@type":"PropertyValueSpecification","valueRequired":true,"valueName":"search_term_string"}}],"inLanguage":"ca"},{"@type":"Organization","@id":"https:\/\/www.viesmat.com\/#organization","name":"Viesmat","url":"https:\/\/www.viesmat.com\/","logo":{"@type":"ImageObject","inLanguage":"ca","@id":"https:\/\/www.viesmat.com\/#\/schema\/logo\/image\/","url":"https:\/\/www.viesmat.com\/wp-content\/uploads\/2020\/09\/logo-VIESMAT.png","contentUrl":"https:\/\/www.viesmat.com\/wp-content\/uploads\/2020\/09\/logo-VIESMAT.png","width":400,"height":86,"caption":"Viesmat"},"image":{"@id":"https:\/\/www.viesmat.com\/#\/schema\/logo\/image\/"},"sameAs":["https:\/\/www.facebook.com\/viesmat"]}]}},"_links":{"self":[{"href":"https:\/\/www.viesmat.com\/ca\/wp-json\/wp\/v2\/product\/1609","targetHints":{"allow":["GET"]}}],"collection":[{"href":"https:\/\/www.viesmat.com\/ca\/wp-json\/wp\/v2\/product"}],"about":[{"href":"https:\/\/www.viesmat.com\/ca\/wp-json\/wp\/v2\/types\/product"}],"wp:featuredmedia":[{"embeddable":true,"href":"https:\/\/www.viesmat.com\/ca\/wp-json\/wp\/v2\/media\/1617"}],"wp:attachment":[{"href":"https:\/\/www.viesmat.com\/ca\/wp-json\/wp\/v2\/media?parent=1609"}],"wp:term":[{"taxonomy":"product_brand","embeddable":true,"href":"https:\/\/www.viesmat.com\/ca\/wp-json\/wp\/v2\/product_brand?post=1609"},{"taxonomy":"product_cat","embeddable":true,"href":"https:\/\/www.viesmat.com\/ca\/wp-json\/wp\/v2\/product_cat?post=1609"},{"taxonomy":"product_tag","embeddable":true,"href":"https:\/\/www.viesmat.com\/ca\/wp-json\/wp\/v2\/product_tag?post=1609"}],"curies":[{"name":"wp","href":"https:\/\/api.w.org\/{rel}","templated":true}]}}