{"id":46472,"date":"2026-04-19T10:45:41","date_gmt":"2026-04-19T09:45:41","guid":{"rendered":"https:\/\/www.viesmat.com\/?post_type=product&#038;p=46472"},"modified":"2026-04-19T12:06:43","modified_gmt":"2026-04-19T11:06:43","slug":"rotllo-pvc-zig-zag","status":"publish","type":"product","link":"https:\/\/www.viesmat.com\/ca\/producte\/rotllo-pvc-zig-zag\/","title":{"rendered":"Rotllo PVC Zig Zag"},"content":{"rendered":"<div class=\"wpb-content-wrapper\">[vc_row][vc_column][vc_column_text css=&#8221;&#8221;]Rotllo <span class=\"Y2IQFc\" lang=\"ca\">en estructura oberta de vinil tipus Zig Zag amb m\u00faltiples aplicacions: ideal per a zones humides com vestuaris, piscines, balnearis, centres de wellness, terres ind\u00fastria aliment\u00e0ria i entrades.<\/span><\/p>\n<p><span class=\"Y2IQFc\" lang=\"ca\">Aquesta catifa de reixeta es subministra en rotllo flexible, permeable a l&#8217;aigua i molt f\u00e0cil de netejar.<\/span><\/p>\n<p>F\u00e0cil de tallar a mida i de la m\u00e0xima qualitat.<\/p>\n<p><strong>Material:<\/strong> Vinil<br \/>\n<strong>Mida:<\/strong> 15&#215;1,20mt.<br \/>\n<strong>Espessor: <\/strong>5mm. (<u>+<\/u>0,01mm.)<br \/>\n<strong>Pes: <\/strong>3,8 Kg\/m2<br \/>\n<strong>Estructura:<\/strong> Fons Obert<br \/>\n<strong>Colors:<\/strong> Negre, Gris i Blau[\/vc_column_text][\/vc_column][\/vc_row][vc_row][vc_column width=&#8221;1\/3&#8243;]<figure class=\"vcex-image vcex-module wpex-text-left\"><div class=\"vcex-image-inner wpex-relative wpex-inline-block\"><img width=\"450\" height=\"450\" src=\"https:\/\/www.viesmat.com\/wp-content\/uploads\/2026\/04\/zigzag_black_4.jpg\" class=\"vcex-image-img wpex-align-middle\" alt=\"\" loading=\"lazy\" decoding=\"async\" srcset=\"https:\/\/www.viesmat.com\/wp-content\/uploads\/2026\/04\/zigzag_black_4.jpg 450w, https:\/\/www.viesmat.com\/wp-content\/uploads\/2026\/04\/zigzag_black_4-300x300.jpg 300w, https:\/\/www.viesmat.com\/wp-content\/uploads\/2026\/04\/zigzag_black_4-150x150.jpg 150w, https:\/\/www.viesmat.com\/wp-content\/uploads\/2026\/04\/zigzag_black_4-100x100.jpg 100w\" sizes=\"auto, (max-width: 450px) 100vw, 450px\" \/><\/div><\/figure><figure class=\"vcex-image vcex-module\"><div class=\"vcex-image-inner wpex-relative wpex-inline-block\"><img width=\"450\" height=\"450\" src=\"https:\/\/www.viesmat.com\/wp-content\/uploads\/2026\/04\/zigzag_black_3.jpg\" class=\"vcex-image-img wpex-align-middle\" alt=\"\" loading=\"lazy\" decoding=\"async\" srcset=\"https:\/\/www.viesmat.com\/wp-content\/uploads\/2026\/04\/zigzag_black_3.jpg 450w, https:\/\/www.viesmat.com\/wp-content\/uploads\/2026\/04\/zigzag_black_3-300x300.jpg 300w, https:\/\/www.viesmat.com\/wp-content\/uploads\/2026\/04\/zigzag_black_3-150x150.jpg 150w, https:\/\/www.viesmat.com\/wp-content\/uploads\/2026\/04\/zigzag_black_3-100x100.jpg 100w\" sizes=\"auto, (max-width: 450px) 100vw, 450px\" \/><\/div><\/figure>[\/vc_column][vc_column width=&#8221;1\/3&#8243;]<figure class=\"vcex-image vcex-module wpex-text-left\"><div class=\"vcex-image-inner wpex-relative wpex-inline-block\"><img width=\"450\" height=\"450\" src=\"https:\/\/www.viesmat.com\/wp-content\/uploads\/2026\/04\/zigzag_grey_4.jpg\" class=\"vcex-image-img wpex-align-middle\" alt=\"\" loading=\"lazy\" decoding=\"async\" srcset=\"https:\/\/www.viesmat.com\/wp-content\/uploads\/2026\/04\/zigzag_grey_4.jpg 450w, https:\/\/www.viesmat.com\/wp-content\/uploads\/2026\/04\/zigzag_grey_4-300x300.jpg 300w, https:\/\/www.viesmat.com\/wp-content\/uploads\/2026\/04\/zigzag_grey_4-150x150.jpg 150w, https:\/\/www.viesmat.com\/wp-content\/uploads\/2026\/04\/zigzag_grey_4-100x100.jpg 100w\" sizes=\"auto, (max-width: 450px) 100vw, 450px\" \/><\/div><\/figure><figure class=\"vcex-image vcex-module\"><div class=\"vcex-image-inner wpex-relative wpex-inline-block\"><img width=\"450\" height=\"450\" src=\"https:\/\/www.viesmat.com\/wp-content\/uploads\/2026\/04\/zigzag_grey_3.jpg\" class=\"vcex-image-img wpex-align-middle\" alt=\"\" loading=\"lazy\" decoding=\"async\" srcset=\"https:\/\/www.viesmat.com\/wp-content\/uploads\/2026\/04\/zigzag_grey_3.jpg 450w, https:\/\/www.viesmat.com\/wp-content\/uploads\/2026\/04\/zigzag_grey_3-300x300.jpg 300w, https:\/\/www.viesmat.com\/wp-content\/uploads\/2026\/04\/zigzag_grey_3-150x150.jpg 150w, https:\/\/www.viesmat.com\/wp-content\/uploads\/2026\/04\/zigzag_grey_3-100x100.jpg 100w\" sizes=\"auto, (max-width: 450px) 100vw, 450px\" \/><\/div><\/figure>[\/vc_column][vc_column width=&#8221;1\/3&#8243;]<figure class=\"vcex-image vcex-module wpex-text-left\"><div class=\"vcex-image-inner wpex-relative wpex-inline-block\"><img width=\"450\" height=\"450\" src=\"https:\/\/www.viesmat.com\/wp-content\/uploads\/2026\/04\/zigzag_blue_4.jpg\" class=\"vcex-image-img wpex-align-middle\" alt=\"\" loading=\"lazy\" decoding=\"async\" srcset=\"https:\/\/www.viesmat.com\/wp-content\/uploads\/2026\/04\/zigzag_blue_4.jpg 450w, https:\/\/www.viesmat.com\/wp-content\/uploads\/2026\/04\/zigzag_blue_4-300x300.jpg 300w, https:\/\/www.viesmat.com\/wp-content\/uploads\/2026\/04\/zigzag_blue_4-150x150.jpg 150w, https:\/\/www.viesmat.com\/wp-content\/uploads\/2026\/04\/zigzag_blue_4-100x100.jpg 100w\" sizes=\"auto, (max-width: 450px) 100vw, 450px\" \/><\/div><\/figure><figure class=\"vcex-image vcex-module\"><div class=\"vcex-image-inner wpex-relative wpex-inline-block\"><img width=\"450\" height=\"450\" src=\"https:\/\/www.viesmat.com\/wp-content\/uploads\/2026\/04\/zigzag_blue_3.jpeg\" class=\"vcex-image-img wpex-align-middle\" alt=\"\" loading=\"lazy\" decoding=\"async\" srcset=\"https:\/\/www.viesmat.com\/wp-content\/uploads\/2026\/04\/zigzag_blue_3.jpeg 450w, https:\/\/www.viesmat.com\/wp-content\/uploads\/2026\/04\/zigzag_blue_3-300x300.jpeg 300w, https:\/\/www.viesmat.com\/wp-content\/uploads\/2026\/04\/zigzag_blue_3-150x150.jpeg 150w, https:\/\/www.viesmat.com\/wp-content\/uploads\/2026\/04\/zigzag_blue_3-100x100.jpeg 100w\" sizes=\"auto, (max-width: 450px) 100vw, 450px\" \/><\/div><\/figure>[\/vc_column][\/vc_row]\n<\/div>","protected":false},"excerpt":{"rendered":"<p>[vc_row][vc_column][vc_column_text css=&#8221;&#8221;]Rotllo en estructura oberta de vinil tipus Zig Zag amb m\u00faltiples aplicacions: ideal per a zones humides com vestuaris, piscines, balnearis, centres de wellness, terres ind\u00fastria aliment\u00e0ria i entrades. Aquesta catifa de reixeta es subministra en rotllo flexible, permeable a l&#8217;aigua i molt f\u00e0cil de netejar. F\u00e0cil de tallar a mida i de la&hellip;<\/p>\n","protected":false},"featured_media":46466,"template":"","meta":[],"product_brand":[],"product_cat":[52,48],"product_tag":[],"class_list":{"0":"post-46472","1":"product","2":"type-product","3":"status-publish","4":"has-post-thumbnail","6":"product_cat-terres-especials","7":"product_cat-paviments-de-plastic","8":"entry","9":"has-media","11":"first","12":"instock","13":"shipping-taxable","14":"purchasable","15":"product-type-simple"},"yoast_head":"<!-- This site is optimized with the Yoast SEO plugin v27.4 - https:\/\/yoast.com\/product\/yoast-seo-wordpress\/ -->\n<title>Rotllo de pvc de gran durabilitat i resist\u00e8ncia | VIESMAT<\/title>\n<meta name=\"description\" content=\"Rotllos de pvc fi tipus Zig Zag per a zones humides.\" \/>\n<meta name=\"robots\" content=\"index, follow, max-snippet:-1, max-image-preview:large, max-video-preview:-1\" \/>\n<link rel=\"canonical\" href=\"https:\/\/www.viesmat.com\/ca\/producte\/rotllo-pvc-zig-zag\/\" \/>\n<meta property=\"og:locale\" content=\"ca_ES\" \/>\n<meta property=\"og:type\" content=\"article\" \/>\n<meta property=\"og:title\" content=\"Rotllo de pvc de gran durabilitat i resist\u00e8ncia | VIESMAT\" \/>\n<meta property=\"og:description\" content=\"Rotllos de pvc fi tipus Zig Zag per a zones humides.\" \/>\n<meta property=\"og:url\" content=\"https:\/\/www.viesmat.com\/ca\/producte\/rotllo-pvc-zig-zag\/\" \/>\n<meta property=\"og:site_name\" content=\"VIESMAT\" \/>\n<meta property=\"article:publisher\" content=\"https:\/\/www.facebook.com\/viesmat\" \/>\n<meta property=\"article:modified_time\" content=\"2026-04-19T11:06:43+00:00\" \/>\n<meta property=\"og:image\" content=\"https:\/\/www.viesmat.com\/wp-content\/uploads\/2026\/03\/zigzag_blue_0-1-1024x602.png\" \/>\n\t<meta property=\"og:image:width\" content=\"1024\" \/>\n\t<meta property=\"og:image:height\" content=\"602\" \/>\n\t<meta property=\"og:image:type\" content=\"image\/png\" \/>\n<meta name=\"twitter:card\" content=\"summary_large_image\" \/>\n<meta name=\"twitter:label1\" content=\"Temps estimat de lectura\" \/>\n\t<meta name=\"twitter:data1\" content=\"1 minut\" \/>\n<script type=\"application\/ld+json\" class=\"yoast-schema-graph\">{\"@context\":\"https:\\\/\\\/schema.org\",\"@graph\":[{\"@type\":\"WebPage\",\"@id\":\"https:\\\/\\\/www.viesmat.com\\\/ca\\\/producte\\\/rotllo-pvc-zig-zag\\\/\",\"url\":\"https:\\\/\\\/www.viesmat.com\\\/ca\\\/producte\\\/rotllo-pvc-zig-zag\\\/\",\"name\":\"Rotllo de pvc de gran durabilitat i resist\u00e8ncia | VIESMAT\",\"isPartOf\":{\"@id\":\"https:\\\/\\\/www.viesmat.com\\\/#website\"},\"primaryImageOfPage\":{\"@id\":\"https:\\\/\\\/www.viesmat.com\\\/ca\\\/producte\\\/rotllo-pvc-zig-zag\\\/#primaryimage\"},\"image\":{\"@id\":\"https:\\\/\\\/www.viesmat.com\\\/ca\\\/producte\\\/rotllo-pvc-zig-zag\\\/#primaryimage\"},\"thumbnailUrl\":\"https:\\\/\\\/www.viesmat.com\\\/wp-content\\\/uploads\\\/2026\\\/03\\\/zigzag_blue_0-1.png\",\"datePublished\":\"2026-04-19T09:45:41+00:00\",\"dateModified\":\"2026-04-19T11:06:43+00:00\",\"description\":\"Rotllos de pvc fi tipus Zig Zag per a zones humides.\",\"breadcrumb\":{\"@id\":\"https:\\\/\\\/www.viesmat.com\\\/ca\\\/producte\\\/rotllo-pvc-zig-zag\\\/#breadcrumb\"},\"inLanguage\":\"ca\",\"potentialAction\":[{\"@type\":\"ReadAction\",\"target\":[\"https:\\\/\\\/www.viesmat.com\\\/ca\\\/producte\\\/rotllo-pvc-zig-zag\\\/\"]}]},{\"@type\":\"ImageObject\",\"inLanguage\":\"ca\",\"@id\":\"https:\\\/\\\/www.viesmat.com\\\/ca\\\/producte\\\/rotllo-pvc-zig-zag\\\/#primaryimage\",\"url\":\"https:\\\/\\\/www.viesmat.com\\\/wp-content\\\/uploads\\\/2026\\\/03\\\/zigzag_blue_0-1.png\",\"contentUrl\":\"https:\\\/\\\/www.viesmat.com\\\/wp-content\\\/uploads\\\/2026\\\/03\\\/zigzag_blue_0-1.png\",\"width\":1700,\"height\":1000},{\"@type\":\"BreadcrumbList\",\"@id\":\"https:\\\/\\\/www.viesmat.com\\\/ca\\\/producte\\\/rotllo-pvc-zig-zag\\\/#breadcrumb\",\"itemListElement\":[{\"@type\":\"ListItem\",\"position\":1,\"name\":\"Home\",\"item\":\"https:\\\/\\\/www.viesmat.com\\\/ca\\\/\"},{\"@type\":\"ListItem\",\"position\":2,\"name\":\"Productes\",\"item\":\"https:\\\/\\\/www.viesmat.com\\\/productos\\\/\"},{\"@type\":\"ListItem\",\"position\":3,\"name\":\"Rotllo PVC Zig Zag\"}]},{\"@type\":\"WebSite\",\"@id\":\"https:\\\/\\\/www.viesmat.com\\\/#website\",\"url\":\"https:\\\/\\\/www.viesmat.com\\\/\",\"name\":\"VIESMAT\",\"description\":\"Felpudos de entrada, pavimentos de caucho y felpudos met\u00e1licos\",\"publisher\":{\"@id\":\"https:\\\/\\\/www.viesmat.com\\\/#organization\"},\"potentialAction\":[{\"@type\":\"SearchAction\",\"target\":{\"@type\":\"EntryPoint\",\"urlTemplate\":\"https:\\\/\\\/www.viesmat.com\\\/?s={search_term_string}\"},\"query-input\":{\"@type\":\"PropertyValueSpecification\",\"valueRequired\":true,\"valueName\":\"search_term_string\"}}],\"inLanguage\":\"ca\"},{\"@type\":\"Organization\",\"@id\":\"https:\\\/\\\/www.viesmat.com\\\/#organization\",\"name\":\"Viesmat\",\"url\":\"https:\\\/\\\/www.viesmat.com\\\/\",\"logo\":{\"@type\":\"ImageObject\",\"inLanguage\":\"ca\",\"@id\":\"https:\\\/\\\/www.viesmat.com\\\/#\\\/schema\\\/logo\\\/image\\\/\",\"url\":\"https:\\\/\\\/www.viesmat.com\\\/wp-content\\\/uploads\\\/2020\\\/09\\\/logo-VIESMAT.png\",\"contentUrl\":\"https:\\\/\\\/www.viesmat.com\\\/wp-content\\\/uploads\\\/2020\\\/09\\\/logo-VIESMAT.png\",\"width\":400,\"height\":86,\"caption\":\"Viesmat\"},\"image\":{\"@id\":\"https:\\\/\\\/www.viesmat.com\\\/#\\\/schema\\\/logo\\\/image\\\/\"},\"sameAs\":[\"https:\\\/\\\/www.facebook.com\\\/viesmat\"]}]}<\/script>\n<!-- \/ Yoast SEO plugin. -->","yoast_head_json":{"title":"Rotllo de pvc de gran durabilitat i resist\u00e8ncia | VIESMAT","description":"Rotllos de pvc fi tipus Zig Zag per a zones humides.","robots":{"index":"index","follow":"follow","max-snippet":"max-snippet:-1","max-image-preview":"max-image-preview:large","max-video-preview":"max-video-preview:-1"},"canonical":"https:\/\/www.viesmat.com\/ca\/producte\/rotllo-pvc-zig-zag\/","og_locale":"ca_ES","og_type":"article","og_title":"Rotllo de pvc de gran durabilitat i resist\u00e8ncia | VIESMAT","og_description":"Rotllos de pvc fi tipus Zig Zag per a zones humides.","og_url":"https:\/\/www.viesmat.com\/ca\/producte\/rotllo-pvc-zig-zag\/","og_site_name":"VIESMAT","article_publisher":"https:\/\/www.facebook.com\/viesmat","article_modified_time":"2026-04-19T11:06:43+00:00","og_image":[{"width":1024,"height":602,"url":"https:\/\/www.viesmat.com\/wp-content\/uploads\/2026\/03\/zigzag_blue_0-1-1024x602.png","type":"image\/png"}],"twitter_card":"summary_large_image","twitter_misc":{"Temps estimat de lectura":"1 minut"},"schema":{"@context":"https:\/\/schema.org","@graph":[{"@type":"WebPage","@id":"https:\/\/www.viesmat.com\/ca\/producte\/rotllo-pvc-zig-zag\/","url":"https:\/\/www.viesmat.com\/ca\/producte\/rotllo-pvc-zig-zag\/","name":"Rotllo de pvc de gran durabilitat i resist\u00e8ncia | VIESMAT","isPartOf":{"@id":"https:\/\/www.viesmat.com\/#website"},"primaryImageOfPage":{"@id":"https:\/\/www.viesmat.com\/ca\/producte\/rotllo-pvc-zig-zag\/#primaryimage"},"image":{"@id":"https:\/\/www.viesmat.com\/ca\/producte\/rotllo-pvc-zig-zag\/#primaryimage"},"thumbnailUrl":"https:\/\/www.viesmat.com\/wp-content\/uploads\/2026\/03\/zigzag_blue_0-1.png","datePublished":"2026-04-19T09:45:41+00:00","dateModified":"2026-04-19T11:06:43+00:00","description":"Rotllos de pvc fi tipus Zig Zag per a zones humides.","breadcrumb":{"@id":"https:\/\/www.viesmat.com\/ca\/producte\/rotllo-pvc-zig-zag\/#breadcrumb"},"inLanguage":"ca","potentialAction":[{"@type":"ReadAction","target":["https:\/\/www.viesmat.com\/ca\/producte\/rotllo-pvc-zig-zag\/"]}]},{"@type":"ImageObject","inLanguage":"ca","@id":"https:\/\/www.viesmat.com\/ca\/producte\/rotllo-pvc-zig-zag\/#primaryimage","url":"https:\/\/www.viesmat.com\/wp-content\/uploads\/2026\/03\/zigzag_blue_0-1.png","contentUrl":"https:\/\/www.viesmat.com\/wp-content\/uploads\/2026\/03\/zigzag_blue_0-1.png","width":1700,"height":1000},{"@type":"BreadcrumbList","@id":"https:\/\/www.viesmat.com\/ca\/producte\/rotllo-pvc-zig-zag\/#breadcrumb","itemListElement":[{"@type":"ListItem","position":1,"name":"Home","item":"https:\/\/www.viesmat.com\/ca\/"},{"@type":"ListItem","position":2,"name":"Productes","item":"https:\/\/www.viesmat.com\/productos\/"},{"@type":"ListItem","position":3,"name":"Rotllo PVC Zig Zag"}]},{"@type":"WebSite","@id":"https:\/\/www.viesmat.com\/#website","url":"https:\/\/www.viesmat.com\/","name":"VIESMAT","description":"Felpudos de entrada, pavimentos de caucho y felpudos met\u00e1licos","publisher":{"@id":"https:\/\/www.viesmat.com\/#organization"},"potentialAction":[{"@type":"SearchAction","target":{"@type":"EntryPoint","urlTemplate":"https:\/\/www.viesmat.com\/?s={search_term_string}"},"query-input":{"@type":"PropertyValueSpecification","valueRequired":true,"valueName":"search_term_string"}}],"inLanguage":"ca"},{"@type":"Organization","@id":"https:\/\/www.viesmat.com\/#organization","name":"Viesmat","url":"https:\/\/www.viesmat.com\/","logo":{"@type":"ImageObject","inLanguage":"ca","@id":"https:\/\/www.viesmat.com\/#\/schema\/logo\/image\/","url":"https:\/\/www.viesmat.com\/wp-content\/uploads\/2020\/09\/logo-VIESMAT.png","contentUrl":"https:\/\/www.viesmat.com\/wp-content\/uploads\/2020\/09\/logo-VIESMAT.png","width":400,"height":86,"caption":"Viesmat"},"image":{"@id":"https:\/\/www.viesmat.com\/#\/schema\/logo\/image\/"},"sameAs":["https:\/\/www.facebook.com\/viesmat"]}]}},"_links":{"self":[{"href":"https:\/\/www.viesmat.com\/ca\/wp-json\/wp\/v2\/product\/46472","targetHints":{"allow":["GET"]}}],"collection":[{"href":"https:\/\/www.viesmat.com\/ca\/wp-json\/wp\/v2\/product"}],"about":[{"href":"https:\/\/www.viesmat.com\/ca\/wp-json\/wp\/v2\/types\/product"}],"wp:featuredmedia":[{"embeddable":true,"href":"https:\/\/www.viesmat.com\/ca\/wp-json\/wp\/v2\/media\/46466"}],"wp:attachment":[{"href":"https:\/\/www.viesmat.com\/ca\/wp-json\/wp\/v2\/media?parent=46472"}],"wp:term":[{"taxonomy":"product_brand","embeddable":true,"href":"https:\/\/www.viesmat.com\/ca\/wp-json\/wp\/v2\/product_brand?post=46472"},{"taxonomy":"product_cat","embeddable":true,"href":"https:\/\/www.viesmat.com\/ca\/wp-json\/wp\/v2\/product_cat?post=46472"},{"taxonomy":"product_tag","embeddable":true,"href":"https:\/\/www.viesmat.com\/ca\/wp-json\/wp\/v2\/product_tag?post=46472"}],"curies":[{"name":"wp","href":"https:\/\/api.w.org\/{rel}","templated":true}]}}