{"id":657,"date":"2020-09-24T21:52:06","date_gmt":"2020-09-24T21:52:06","guid":{"rendered":"https:\/\/www.viesmat.com\/producto\/loseta-caucho-reciclado-neumatico-avion-tire-tiles\/"},"modified":"2021-12-16T12:02:19","modified_gmt":"2021-12-16T11:02:19","slug":"rajoles-de-reciclat-pneumatic-avio-tire-tiles","status":"publish","type":"product","link":"https:\/\/www.viesmat.com\/ca\/producte\/rajoles-de-reciclat-pneumatic-avio-tire-tiles\/","title":{"rendered":"Rajoles de reciclat pneum\u00e0tic avi\u00f3 &#8220;Tire Tiles&#8221;"},"content":{"rendered":"<div class=\"wpb-content-wrapper\">[vc_row][vc_column][vc_column_text]La catifa de reciclat d&#8217;avi\u00f3 \u00e9s un pelfut d&#8217;exterior d&#8217;alta resist\u00e8ncia, tant per interior com per exterior.<\/p>\n<p>Es tracta d&#8217;una catifa d&#8217;alt tr\u00e0nsit de reciclat de pneum\u00e0tic d&#8217;avi\u00f3 o tractor, i units per tires formen una excel.lent estora per a qualsevol tipus d&#8217;entrada.<\/p>\n<p>\u00c9s subministrat en caixes de 2,32m2 (25 rajoles &#8220;tire tiles&#8221;)<\/p>\n<p><img loading=\"lazy\" decoding=\"async\" class=\"alignnone wp-image-221 size-full\" src=\"https:\/\/www.viesmat.com\/wp-content\/uploads\/2020\/09\/tire_tiles.jpg\" alt=\"\" width=\"287\" height=\"215\" \/><\/p>\n<p><strong>Mida rajola &#8220;tire tiles&#8221;:<\/strong> 305x305mm.<br \/>\n<strong>Gruix:<\/strong> 12mm. aprox.<br \/>\n<strong>Pes total aprox:<\/strong> 9880 g\/m2 (caixa: 23 kg)<br \/>\n<strong>Material:<\/strong> 100 % material de reciclat de pneum\u00e0tic<br \/>\n<strong>Color:<\/strong> Conglomerat de varis colors<br \/>\n<strong>Instal.laci\u00f3:<\/strong> Cola d&#8217;epoxi de 2 components<br \/>\n<strong>Subministre:<\/strong> Caixes de 25 unitats (2,32 m2)<br \/>\n<strong>Tipus de tr\u00e0nsit\/durabilitat:<\/strong> Alta[\/vc_column_text][\/vc_column][\/vc_row]\n<\/div>","protected":false},"excerpt":{"rendered":"<p>[vc_row][vc_column][vc_column_text]La catifa de reciclat d&#8217;avi\u00f3 \u00e9s un pelfut d&#8217;exterior d&#8217;alta resist\u00e8ncia, tant per interior com per exterior. Es tracta d&#8217;una catifa d&#8217;alt tr\u00e0nsit de reciclat de pneum\u00e0tic d&#8217;avi\u00f3 o tractor, i units per tires formen una excel.lent estora per a qualsevol tipus d&#8217;entrada. \u00c9s subministrat en caixes de 2,32m2 (25 rajoles &#8220;tire tiles&#8221;) Mida rajola&hellip;<\/p>\n","protected":false},"featured_media":659,"template":"","meta":[],"product_brand":[],"product_cat":[38,40],"product_tag":[],"class_list":{"0":"post-657","1":"product","2":"type-product","3":"status-publish","4":"has-post-thumbnail","6":"product_cat-catifes-entrada","7":"product_cat-catifa-a-mida","8":"entry","9":"has-media","11":"first","12":"instock","13":"shipping-taxable","14":"purchasable","15":"product-type-simple"},"yoast_head":"<!-- This site is optimized with the Yoast SEO plugin v27.4 - https:\/\/yoast.com\/product\/yoast-seo-wordpress\/ -->\n<title>Catifes de cautx\u00fa reciclat de pneum\u00e0tic d&#039;avi\u00f3 | VIESMAT<\/title>\n<meta name=\"description\" content=\"Pelfuts de cautx\u00fa reciclat de pneum\u00e0tic d&#039;avi\u00f3. Pelfuts netejafangs d&#039;alta resist\u00e8ncia, tant per a interior com per a exterior.\" \/>\n<meta name=\"robots\" content=\"index, follow, max-snippet:-1, max-image-preview:large, max-video-preview:-1\" \/>\n<link rel=\"canonical\" href=\"https:\/\/www.viesmat.com\/producte\/loseta-caucho-reciclado-neumatico-avion-tire-tiles\/\" \/>\n<meta property=\"og:locale\" content=\"ca_ES\" \/>\n<meta property=\"og:type\" content=\"article\" \/>\n<meta property=\"og:title\" content=\"Catifes de cautx\u00fa reciclat de pneum\u00e0tic d&#039;avi\u00f3 | VIESMAT\" \/>\n<meta property=\"og:description\" content=\"Pelfuts de cautx\u00fa reciclat de pneum\u00e0tic d&#039;avi\u00f3. Pelfuts netejafangs d&#039;alta resist\u00e8ncia, tant per a interior com per a exterior.\" \/>\n<meta property=\"og:url\" content=\"https:\/\/www.viesmat.com\/producte\/loseta-caucho-reciclado-neumatico-avion-tire-tiles\/\" \/>\n<meta property=\"og:site_name\" content=\"VIESMAT\" \/>\n<meta property=\"article:publisher\" content=\"https:\/\/www.facebook.com\/viesmat\" \/>\n<meta property=\"article:modified_time\" content=\"2021-12-16T11:02:19+00:00\" \/>\n<meta property=\"og:image\" content=\"https:\/\/www.viesmat.com\/wp-content\/uploads\/2020\/09\/tire-tiles.jpg\" \/>\n\t<meta property=\"og:image:width\" content=\"900\" \/>\n\t<meta property=\"og:image:height\" content=\"700\" \/>\n\t<meta property=\"og:image:type\" content=\"image\/jpeg\" \/>\n<meta name=\"twitter:card\" content=\"summary_large_image\" \/>\n<meta name=\"twitter:label1\" content=\"Temps estimat de lectura\" \/>\n\t<meta name=\"twitter:data1\" content=\"1 minut\" \/>\n<script type=\"application\/ld+json\" class=\"yoast-schema-graph\">{\"@context\":\"https:\\\/\\\/schema.org\",\"@graph\":[{\"@type\":\"WebPage\",\"@id\":\"https:\\\/\\\/www.viesmat.com\\\/producte\\\/loseta-caucho-reciclado-neumatico-avion-tire-tiles\\\/\",\"url\":\"https:\\\/\\\/www.viesmat.com\\\/producte\\\/loseta-caucho-reciclado-neumatico-avion-tire-tiles\\\/\",\"name\":\"Catifes de cautx\u00fa reciclat de pneum\u00e0tic d'avi\u00f3 | VIESMAT\",\"isPartOf\":{\"@id\":\"https:\\\/\\\/www.viesmat.com\\\/#website\"},\"primaryImageOfPage\":{\"@id\":\"https:\\\/\\\/www.viesmat.com\\\/producte\\\/loseta-caucho-reciclado-neumatico-avion-tire-tiles\\\/#primaryimage\"},\"image\":{\"@id\":\"https:\\\/\\\/www.viesmat.com\\\/producte\\\/loseta-caucho-reciclado-neumatico-avion-tire-tiles\\\/#primaryimage\"},\"thumbnailUrl\":\"https:\\\/\\\/www.viesmat.com\\\/wp-content\\\/uploads\\\/2020\\\/09\\\/tire-tiles.jpg\",\"datePublished\":\"2020-09-24T21:52:06+00:00\",\"dateModified\":\"2021-12-16T11:02:19+00:00\",\"description\":\"Pelfuts de cautx\u00fa reciclat de pneum\u00e0tic d'avi\u00f3. Pelfuts netejafangs d'alta resist\u00e8ncia, tant per a interior com per a exterior.\",\"breadcrumb\":{\"@id\":\"https:\\\/\\\/www.viesmat.com\\\/producte\\\/loseta-caucho-reciclado-neumatico-avion-tire-tiles\\\/#breadcrumb\"},\"inLanguage\":\"ca\",\"potentialAction\":[{\"@type\":\"ReadAction\",\"target\":[\"https:\\\/\\\/www.viesmat.com\\\/producte\\\/loseta-caucho-reciclado-neumatico-avion-tire-tiles\\\/\"]}]},{\"@type\":\"ImageObject\",\"inLanguage\":\"ca\",\"@id\":\"https:\\\/\\\/www.viesmat.com\\\/producte\\\/loseta-caucho-reciclado-neumatico-avion-tire-tiles\\\/#primaryimage\",\"url\":\"https:\\\/\\\/www.viesmat.com\\\/wp-content\\\/uploads\\\/2020\\\/09\\\/tire-tiles.jpg\",\"contentUrl\":\"https:\\\/\\\/www.viesmat.com\\\/wp-content\\\/uploads\\\/2020\\\/09\\\/tire-tiles.jpg\",\"width\":900,\"height\":700},{\"@type\":\"BreadcrumbList\",\"@id\":\"https:\\\/\\\/www.viesmat.com\\\/producte\\\/loseta-caucho-reciclado-neumatico-avion-tire-tiles\\\/#breadcrumb\",\"itemListElement\":[{\"@type\":\"ListItem\",\"position\":1,\"name\":\"Home\",\"item\":\"https:\\\/\\\/www.viesmat.com\\\/ca\\\/\"},{\"@type\":\"ListItem\",\"position\":2,\"name\":\"Productes\",\"item\":\"https:\\\/\\\/www.viesmat.com\\\/productos\\\/\"},{\"@type\":\"ListItem\",\"position\":3,\"name\":\"Rajoles de reciclat pneum\u00e0tic avi\u00f3 &#8220;Tire Tiles&#8221;\"}]},{\"@type\":\"WebSite\",\"@id\":\"https:\\\/\\\/www.viesmat.com\\\/#website\",\"url\":\"https:\\\/\\\/www.viesmat.com\\\/\",\"name\":\"VIESMAT\",\"description\":\"Felpudos de entrada, pavimentos de caucho y felpudos met\u00e1licos\",\"publisher\":{\"@id\":\"https:\\\/\\\/www.viesmat.com\\\/#organization\"},\"potentialAction\":[{\"@type\":\"SearchAction\",\"target\":{\"@type\":\"EntryPoint\",\"urlTemplate\":\"https:\\\/\\\/www.viesmat.com\\\/?s={search_term_string}\"},\"query-input\":{\"@type\":\"PropertyValueSpecification\",\"valueRequired\":true,\"valueName\":\"search_term_string\"}}],\"inLanguage\":\"ca\"},{\"@type\":\"Organization\",\"@id\":\"https:\\\/\\\/www.viesmat.com\\\/#organization\",\"name\":\"Viesmat\",\"url\":\"https:\\\/\\\/www.viesmat.com\\\/\",\"logo\":{\"@type\":\"ImageObject\",\"inLanguage\":\"ca\",\"@id\":\"https:\\\/\\\/www.viesmat.com\\\/#\\\/schema\\\/logo\\\/image\\\/\",\"url\":\"https:\\\/\\\/www.viesmat.com\\\/wp-content\\\/uploads\\\/2020\\\/09\\\/logo-VIESMAT.png\",\"contentUrl\":\"https:\\\/\\\/www.viesmat.com\\\/wp-content\\\/uploads\\\/2020\\\/09\\\/logo-VIESMAT.png\",\"width\":400,\"height\":86,\"caption\":\"Viesmat\"},\"image\":{\"@id\":\"https:\\\/\\\/www.viesmat.com\\\/#\\\/schema\\\/logo\\\/image\\\/\"},\"sameAs\":[\"https:\\\/\\\/www.facebook.com\\\/viesmat\"]}]}<\/script>\n<!-- \/ Yoast SEO plugin. -->","yoast_head_json":{"title":"Catifes de cautx\u00fa reciclat de pneum\u00e0tic d'avi\u00f3 | VIESMAT","description":"Pelfuts de cautx\u00fa reciclat de pneum\u00e0tic d'avi\u00f3. Pelfuts netejafangs d'alta resist\u00e8ncia, tant per a interior com per a exterior.","robots":{"index":"index","follow":"follow","max-snippet":"max-snippet:-1","max-image-preview":"max-image-preview:large","max-video-preview":"max-video-preview:-1"},"canonical":"https:\/\/www.viesmat.com\/producte\/loseta-caucho-reciclado-neumatico-avion-tire-tiles\/","og_locale":"ca_ES","og_type":"article","og_title":"Catifes de cautx\u00fa reciclat de pneum\u00e0tic d'avi\u00f3 | VIESMAT","og_description":"Pelfuts de cautx\u00fa reciclat de pneum\u00e0tic d'avi\u00f3. Pelfuts netejafangs d'alta resist\u00e8ncia, tant per a interior com per a exterior.","og_url":"https:\/\/www.viesmat.com\/producte\/loseta-caucho-reciclado-neumatico-avion-tire-tiles\/","og_site_name":"VIESMAT","article_publisher":"https:\/\/www.facebook.com\/viesmat","article_modified_time":"2021-12-16T11:02:19+00:00","og_image":[{"width":900,"height":700,"url":"https:\/\/www.viesmat.com\/wp-content\/uploads\/2020\/09\/tire-tiles.jpg","type":"image\/jpeg"}],"twitter_card":"summary_large_image","twitter_misc":{"Temps estimat de lectura":"1 minut"},"schema":{"@context":"https:\/\/schema.org","@graph":[{"@type":"WebPage","@id":"https:\/\/www.viesmat.com\/producte\/loseta-caucho-reciclado-neumatico-avion-tire-tiles\/","url":"https:\/\/www.viesmat.com\/producte\/loseta-caucho-reciclado-neumatico-avion-tire-tiles\/","name":"Catifes de cautx\u00fa reciclat de pneum\u00e0tic d'avi\u00f3 | VIESMAT","isPartOf":{"@id":"https:\/\/www.viesmat.com\/#website"},"primaryImageOfPage":{"@id":"https:\/\/www.viesmat.com\/producte\/loseta-caucho-reciclado-neumatico-avion-tire-tiles\/#primaryimage"},"image":{"@id":"https:\/\/www.viesmat.com\/producte\/loseta-caucho-reciclado-neumatico-avion-tire-tiles\/#primaryimage"},"thumbnailUrl":"https:\/\/www.viesmat.com\/wp-content\/uploads\/2020\/09\/tire-tiles.jpg","datePublished":"2020-09-24T21:52:06+00:00","dateModified":"2021-12-16T11:02:19+00:00","description":"Pelfuts de cautx\u00fa reciclat de pneum\u00e0tic d'avi\u00f3. Pelfuts netejafangs d'alta resist\u00e8ncia, tant per a interior com per a exterior.","breadcrumb":{"@id":"https:\/\/www.viesmat.com\/producte\/loseta-caucho-reciclado-neumatico-avion-tire-tiles\/#breadcrumb"},"inLanguage":"ca","potentialAction":[{"@type":"ReadAction","target":["https:\/\/www.viesmat.com\/producte\/loseta-caucho-reciclado-neumatico-avion-tire-tiles\/"]}]},{"@type":"ImageObject","inLanguage":"ca","@id":"https:\/\/www.viesmat.com\/producte\/loseta-caucho-reciclado-neumatico-avion-tire-tiles\/#primaryimage","url":"https:\/\/www.viesmat.com\/wp-content\/uploads\/2020\/09\/tire-tiles.jpg","contentUrl":"https:\/\/www.viesmat.com\/wp-content\/uploads\/2020\/09\/tire-tiles.jpg","width":900,"height":700},{"@type":"BreadcrumbList","@id":"https:\/\/www.viesmat.com\/producte\/loseta-caucho-reciclado-neumatico-avion-tire-tiles\/#breadcrumb","itemListElement":[{"@type":"ListItem","position":1,"name":"Home","item":"https:\/\/www.viesmat.com\/ca\/"},{"@type":"ListItem","position":2,"name":"Productes","item":"https:\/\/www.viesmat.com\/productos\/"},{"@type":"ListItem","position":3,"name":"Rajoles de reciclat pneum\u00e0tic avi\u00f3 &#8220;Tire Tiles&#8221;"}]},{"@type":"WebSite","@id":"https:\/\/www.viesmat.com\/#website","url":"https:\/\/www.viesmat.com\/","name":"VIESMAT","description":"Felpudos de entrada, pavimentos de caucho y felpudos met\u00e1licos","publisher":{"@id":"https:\/\/www.viesmat.com\/#organization"},"potentialAction":[{"@type":"SearchAction","target":{"@type":"EntryPoint","urlTemplate":"https:\/\/www.viesmat.com\/?s={search_term_string}"},"query-input":{"@type":"PropertyValueSpecification","valueRequired":true,"valueName":"search_term_string"}}],"inLanguage":"ca"},{"@type":"Organization","@id":"https:\/\/www.viesmat.com\/#organization","name":"Viesmat","url":"https:\/\/www.viesmat.com\/","logo":{"@type":"ImageObject","inLanguage":"ca","@id":"https:\/\/www.viesmat.com\/#\/schema\/logo\/image\/","url":"https:\/\/www.viesmat.com\/wp-content\/uploads\/2020\/09\/logo-VIESMAT.png","contentUrl":"https:\/\/www.viesmat.com\/wp-content\/uploads\/2020\/09\/logo-VIESMAT.png","width":400,"height":86,"caption":"Viesmat"},"image":{"@id":"https:\/\/www.viesmat.com\/#\/schema\/logo\/image\/"},"sameAs":["https:\/\/www.facebook.com\/viesmat"]}]}},"_links":{"self":[{"href":"https:\/\/www.viesmat.com\/ca\/wp-json\/wp\/v2\/product\/657","targetHints":{"allow":["GET"]}}],"collection":[{"href":"https:\/\/www.viesmat.com\/ca\/wp-json\/wp\/v2\/product"}],"about":[{"href":"https:\/\/www.viesmat.com\/ca\/wp-json\/wp\/v2\/types\/product"}],"wp:featuredmedia":[{"embeddable":true,"href":"https:\/\/www.viesmat.com\/ca\/wp-json\/wp\/v2\/media\/659"}],"wp:attachment":[{"href":"https:\/\/www.viesmat.com\/ca\/wp-json\/wp\/v2\/media?parent=657"}],"wp:term":[{"taxonomy":"product_brand","embeddable":true,"href":"https:\/\/www.viesmat.com\/ca\/wp-json\/wp\/v2\/product_brand?post=657"},{"taxonomy":"product_cat","embeddable":true,"href":"https:\/\/www.viesmat.com\/ca\/wp-json\/wp\/v2\/product_cat?post=657"},{"taxonomy":"product_tag","embeddable":true,"href":"https:\/\/www.viesmat.com\/ca\/wp-json\/wp\/v2\/product_tag?post=657"}],"curies":[{"name":"wp","href":"https:\/\/api.w.org\/{rel}","templated":true}]}}