{"id":663,"date":"2020-09-24T21:47:01","date_gmt":"2020-09-24T21:47:01","guid":{"rendered":"https:\/\/www.viesmat.com\/producto\/alfombra-de-goma-personalizada\/"},"modified":"2021-12-16T10:58:52","modified_gmt":"2021-12-16T09:58:52","slug":"catifa-de-goma-personalitzada","status":"publish","type":"product","link":"https:\/\/www.viesmat.com\/ca\/producte\/catifa-de-goma-personalitzada\/","title":{"rendered":"Catifa de goma personalitzada"},"content":{"rendered":"<div class=\"wpb-content-wrapper\">[vc_row][vc_column][vc_column_text]Catifa de cautx\u00fa 100% de nitril per introduir imatges fotogr\u00e0fiques en material termopl\u00e0stic i moldejada en goma.<\/p>\n<p>S\u00f3n totalment resistents a agents qu\u00edmics, grases i olis.<\/p>\n<p><strong><img loading=\"lazy\" decoding=\"async\" class=\"alignnone size-full wp-image-219\" src=\"https:\/\/www.viesmat.com\/wp-content\/uploads\/2020\/09\/alfombra-caucho-logo.jpg\" alt=\"\" width=\"511\" height=\"242\" srcset=\"https:\/\/www.viesmat.com\/wp-content\/uploads\/2020\/09\/alfombra-caucho-logo.jpg 511w, https:\/\/www.viesmat.com\/wp-content\/uploads\/2020\/09\/alfombra-caucho-logo-300x142.jpg 300w\" sizes=\"auto, (max-width: 511px) 100vw, 511px\" \/><\/strong><\/p>\n<p><strong>Mides:<\/strong><br \/>\n75x85cm. (mida m\u00e0xima del logo de 50x60cm.)<br \/>\n85x150cm. (mida m\u00e0xima del logo de 60x120cm.)<br \/>\n115x180cm. (mida m\u00e0xima del logo de 90x125cm.)<\/p>\n<p><strong>Pes total:<\/strong><br \/>\n4 kg\/m2 &#8211; Espessor: 4mm.[\/vc_column_text][\/vc_column][\/vc_row]\n<\/div>","protected":false},"excerpt":{"rendered":"<p>[vc_row][vc_column][vc_column_text]Catifa de cautx\u00fa 100% de nitril per introduir imatges fotogr\u00e0fiques en material termopl\u00e0stic i moldejada en goma. S\u00f3n totalment resistents a agents qu\u00edmics, grases i olis. Mides: 75x85cm. (mida m\u00e0xima del logo de 50x60cm.) 85x150cm. (mida m\u00e0xima del logo de 60x120cm.) 115x180cm. (mida m\u00e0xima del logo de 90x125cm.) Pes total: 4 kg\/m2 &#8211; Espessor: 4mm.[\/vc_column_text][\/vc_column][\/vc_row]<\/p>\n","protected":false},"featured_media":664,"template":"","meta":[],"product_brand":[],"product_cat":[38,44],"product_tag":[],"class_list":{"0":"post-663","1":"product","2":"type-product","3":"status-publish","4":"has-post-thumbnail","6":"product_cat-catifes-entrada","7":"product_cat-catifa-personalitzada-amb-logotip","8":"entry","9":"has-media","11":"first","12":"instock","13":"shipping-taxable","14":"purchasable","15":"product-type-simple"},"yoast_head":"<!-- This site is optimized with the Yoast SEO plugin v27.4 - https:\/\/yoast.com\/product\/yoast-seo-wordpress\/ -->\n<title>Catifes de goma personalitzades amb fotografies | VIESMAT<\/title>\n<meta name=\"description\" content=\"Catifes de cautx\u00fa 100% de nitril personalitzades amb imatges fotogr\u00e0fiques en material termopl\u00e0stic i moldejades en goma.\" \/>\n<meta name=\"robots\" content=\"index, follow, max-snippet:-1, max-image-preview:large, max-video-preview:-1\" \/>\n<link rel=\"canonical\" href=\"https:\/\/www.viesmat.com\/producte\/alfombra-de-goma-personalizada\/\" \/>\n<meta property=\"og:locale\" content=\"ca_ES\" \/>\n<meta property=\"og:type\" content=\"article\" \/>\n<meta property=\"og:title\" content=\"Catifes de goma personalitzades amb fotografies | VIESMAT\" \/>\n<meta property=\"og:description\" content=\"Catifes de cautx\u00fa 100% de nitril personalitzades amb imatges fotogr\u00e0fiques en material termopl\u00e0stic i moldejades en goma.\" \/>\n<meta property=\"og:url\" content=\"https:\/\/www.viesmat.com\/producte\/alfombra-de-goma-personalizada\/\" \/>\n<meta property=\"og:site_name\" content=\"VIESMAT\" \/>\n<meta property=\"article:publisher\" content=\"https:\/\/www.facebook.com\/viesmat\" \/>\n<meta property=\"article:modified_time\" content=\"2021-12-16T09:58:52+00:00\" \/>\n<meta property=\"og:image\" content=\"https:\/\/www.viesmat.com\/wp-content\/uploads\/2020\/09\/hamburger.jpg\" \/>\n\t<meta property=\"og:image:width\" content=\"454\" \/>\n\t<meta property=\"og:image:height\" content=\"306\" \/>\n\t<meta property=\"og:image:type\" content=\"image\/jpeg\" \/>\n<meta name=\"twitter:card\" content=\"summary_large_image\" \/>\n<script type=\"application\/ld+json\" class=\"yoast-schema-graph\">{\"@context\":\"https:\\\/\\\/schema.org\",\"@graph\":[{\"@type\":\"WebPage\",\"@id\":\"https:\\\/\\\/www.viesmat.com\\\/producte\\\/alfombra-de-goma-personalizada\\\/\",\"url\":\"https:\\\/\\\/www.viesmat.com\\\/producte\\\/alfombra-de-goma-personalizada\\\/\",\"name\":\"Catifes de goma personalitzades amb fotografies | VIESMAT\",\"isPartOf\":{\"@id\":\"https:\\\/\\\/www.viesmat.com\\\/#website\"},\"primaryImageOfPage\":{\"@id\":\"https:\\\/\\\/www.viesmat.com\\\/producte\\\/alfombra-de-goma-personalizada\\\/#primaryimage\"},\"image\":{\"@id\":\"https:\\\/\\\/www.viesmat.com\\\/producte\\\/alfombra-de-goma-personalizada\\\/#primaryimage\"},\"thumbnailUrl\":\"https:\\\/\\\/www.viesmat.com\\\/wp-content\\\/uploads\\\/2020\\\/09\\\/hamburger.jpg\",\"datePublished\":\"2020-09-24T21:47:01+00:00\",\"dateModified\":\"2021-12-16T09:58:52+00:00\",\"description\":\"Catifes de cautx\u00fa 100% de nitril personalitzades amb imatges fotogr\u00e0fiques en material termopl\u00e0stic i moldejades en goma.\",\"breadcrumb\":{\"@id\":\"https:\\\/\\\/www.viesmat.com\\\/producte\\\/alfombra-de-goma-personalizada\\\/#breadcrumb\"},\"inLanguage\":\"ca\",\"potentialAction\":[{\"@type\":\"ReadAction\",\"target\":[\"https:\\\/\\\/www.viesmat.com\\\/producte\\\/alfombra-de-goma-personalizada\\\/\"]}]},{\"@type\":\"ImageObject\",\"inLanguage\":\"ca\",\"@id\":\"https:\\\/\\\/www.viesmat.com\\\/producte\\\/alfombra-de-goma-personalizada\\\/#primaryimage\",\"url\":\"https:\\\/\\\/www.viesmat.com\\\/wp-content\\\/uploads\\\/2020\\\/09\\\/hamburger.jpg\",\"contentUrl\":\"https:\\\/\\\/www.viesmat.com\\\/wp-content\\\/uploads\\\/2020\\\/09\\\/hamburger.jpg\",\"width\":454,\"height\":306},{\"@type\":\"BreadcrumbList\",\"@id\":\"https:\\\/\\\/www.viesmat.com\\\/producte\\\/alfombra-de-goma-personalizada\\\/#breadcrumb\",\"itemListElement\":[{\"@type\":\"ListItem\",\"position\":1,\"name\":\"Home\",\"item\":\"https:\\\/\\\/www.viesmat.com\\\/ca\\\/\"},{\"@type\":\"ListItem\",\"position\":2,\"name\":\"Productes\",\"item\":\"https:\\\/\\\/www.viesmat.com\\\/productos\\\/\"},{\"@type\":\"ListItem\",\"position\":3,\"name\":\"Catifa de goma personalitzada\"}]},{\"@type\":\"WebSite\",\"@id\":\"https:\\\/\\\/www.viesmat.com\\\/#website\",\"url\":\"https:\\\/\\\/www.viesmat.com\\\/\",\"name\":\"VIESMAT\",\"description\":\"Felpudos de entrada, pavimentos de caucho y felpudos met\u00e1licos\",\"publisher\":{\"@id\":\"https:\\\/\\\/www.viesmat.com\\\/#organization\"},\"potentialAction\":[{\"@type\":\"SearchAction\",\"target\":{\"@type\":\"EntryPoint\",\"urlTemplate\":\"https:\\\/\\\/www.viesmat.com\\\/?s={search_term_string}\"},\"query-input\":{\"@type\":\"PropertyValueSpecification\",\"valueRequired\":true,\"valueName\":\"search_term_string\"}}],\"inLanguage\":\"ca\"},{\"@type\":\"Organization\",\"@id\":\"https:\\\/\\\/www.viesmat.com\\\/#organization\",\"name\":\"Viesmat\",\"url\":\"https:\\\/\\\/www.viesmat.com\\\/\",\"logo\":{\"@type\":\"ImageObject\",\"inLanguage\":\"ca\",\"@id\":\"https:\\\/\\\/www.viesmat.com\\\/#\\\/schema\\\/logo\\\/image\\\/\",\"url\":\"https:\\\/\\\/www.viesmat.com\\\/wp-content\\\/uploads\\\/2020\\\/09\\\/logo-VIESMAT.png\",\"contentUrl\":\"https:\\\/\\\/www.viesmat.com\\\/wp-content\\\/uploads\\\/2020\\\/09\\\/logo-VIESMAT.png\",\"width\":400,\"height\":86,\"caption\":\"Viesmat\"},\"image\":{\"@id\":\"https:\\\/\\\/www.viesmat.com\\\/#\\\/schema\\\/logo\\\/image\\\/\"},\"sameAs\":[\"https:\\\/\\\/www.facebook.com\\\/viesmat\"]}]}<\/script>\n<!-- \/ Yoast SEO plugin. -->","yoast_head_json":{"title":"Catifes de goma personalitzades amb fotografies | VIESMAT","description":"Catifes de cautx\u00fa 100% de nitril personalitzades amb imatges fotogr\u00e0fiques en material termopl\u00e0stic i moldejades en goma.","robots":{"index":"index","follow":"follow","max-snippet":"max-snippet:-1","max-image-preview":"max-image-preview:large","max-video-preview":"max-video-preview:-1"},"canonical":"https:\/\/www.viesmat.com\/producte\/alfombra-de-goma-personalizada\/","og_locale":"ca_ES","og_type":"article","og_title":"Catifes de goma personalitzades amb fotografies | VIESMAT","og_description":"Catifes de cautx\u00fa 100% de nitril personalitzades amb imatges fotogr\u00e0fiques en material termopl\u00e0stic i moldejades en goma.","og_url":"https:\/\/www.viesmat.com\/producte\/alfombra-de-goma-personalizada\/","og_site_name":"VIESMAT","article_publisher":"https:\/\/www.facebook.com\/viesmat","article_modified_time":"2021-12-16T09:58:52+00:00","og_image":[{"width":454,"height":306,"url":"https:\/\/www.viesmat.com\/wp-content\/uploads\/2020\/09\/hamburger.jpg","type":"image\/jpeg"}],"twitter_card":"summary_large_image","schema":{"@context":"https:\/\/schema.org","@graph":[{"@type":"WebPage","@id":"https:\/\/www.viesmat.com\/producte\/alfombra-de-goma-personalizada\/","url":"https:\/\/www.viesmat.com\/producte\/alfombra-de-goma-personalizada\/","name":"Catifes de goma personalitzades amb fotografies | VIESMAT","isPartOf":{"@id":"https:\/\/www.viesmat.com\/#website"},"primaryImageOfPage":{"@id":"https:\/\/www.viesmat.com\/producte\/alfombra-de-goma-personalizada\/#primaryimage"},"image":{"@id":"https:\/\/www.viesmat.com\/producte\/alfombra-de-goma-personalizada\/#primaryimage"},"thumbnailUrl":"https:\/\/www.viesmat.com\/wp-content\/uploads\/2020\/09\/hamburger.jpg","datePublished":"2020-09-24T21:47:01+00:00","dateModified":"2021-12-16T09:58:52+00:00","description":"Catifes de cautx\u00fa 100% de nitril personalitzades amb imatges fotogr\u00e0fiques en material termopl\u00e0stic i moldejades en goma.","breadcrumb":{"@id":"https:\/\/www.viesmat.com\/producte\/alfombra-de-goma-personalizada\/#breadcrumb"},"inLanguage":"ca","potentialAction":[{"@type":"ReadAction","target":["https:\/\/www.viesmat.com\/producte\/alfombra-de-goma-personalizada\/"]}]},{"@type":"ImageObject","inLanguage":"ca","@id":"https:\/\/www.viesmat.com\/producte\/alfombra-de-goma-personalizada\/#primaryimage","url":"https:\/\/www.viesmat.com\/wp-content\/uploads\/2020\/09\/hamburger.jpg","contentUrl":"https:\/\/www.viesmat.com\/wp-content\/uploads\/2020\/09\/hamburger.jpg","width":454,"height":306},{"@type":"BreadcrumbList","@id":"https:\/\/www.viesmat.com\/producte\/alfombra-de-goma-personalizada\/#breadcrumb","itemListElement":[{"@type":"ListItem","position":1,"name":"Home","item":"https:\/\/www.viesmat.com\/ca\/"},{"@type":"ListItem","position":2,"name":"Productes","item":"https:\/\/www.viesmat.com\/productos\/"},{"@type":"ListItem","position":3,"name":"Catifa de goma personalitzada"}]},{"@type":"WebSite","@id":"https:\/\/www.viesmat.com\/#website","url":"https:\/\/www.viesmat.com\/","name":"VIESMAT","description":"Felpudos de entrada, pavimentos de caucho y felpudos met\u00e1licos","publisher":{"@id":"https:\/\/www.viesmat.com\/#organization"},"potentialAction":[{"@type":"SearchAction","target":{"@type":"EntryPoint","urlTemplate":"https:\/\/www.viesmat.com\/?s={search_term_string}"},"query-input":{"@type":"PropertyValueSpecification","valueRequired":true,"valueName":"search_term_string"}}],"inLanguage":"ca"},{"@type":"Organization","@id":"https:\/\/www.viesmat.com\/#organization","name":"Viesmat","url":"https:\/\/www.viesmat.com\/","logo":{"@type":"ImageObject","inLanguage":"ca","@id":"https:\/\/www.viesmat.com\/#\/schema\/logo\/image\/","url":"https:\/\/www.viesmat.com\/wp-content\/uploads\/2020\/09\/logo-VIESMAT.png","contentUrl":"https:\/\/www.viesmat.com\/wp-content\/uploads\/2020\/09\/logo-VIESMAT.png","width":400,"height":86,"caption":"Viesmat"},"image":{"@id":"https:\/\/www.viesmat.com\/#\/schema\/logo\/image\/"},"sameAs":["https:\/\/www.facebook.com\/viesmat"]}]}},"_links":{"self":[{"href":"https:\/\/www.viesmat.com\/ca\/wp-json\/wp\/v2\/product\/663","targetHints":{"allow":["GET"]}}],"collection":[{"href":"https:\/\/www.viesmat.com\/ca\/wp-json\/wp\/v2\/product"}],"about":[{"href":"https:\/\/www.viesmat.com\/ca\/wp-json\/wp\/v2\/types\/product"}],"wp:featuredmedia":[{"embeddable":true,"href":"https:\/\/www.viesmat.com\/ca\/wp-json\/wp\/v2\/media\/664"}],"wp:attachment":[{"href":"https:\/\/www.viesmat.com\/ca\/wp-json\/wp\/v2\/media?parent=663"}],"wp:term":[{"taxonomy":"product_brand","embeddable":true,"href":"https:\/\/www.viesmat.com\/ca\/wp-json\/wp\/v2\/product_brand?post=663"},{"taxonomy":"product_cat","embeddable":true,"href":"https:\/\/www.viesmat.com\/ca\/wp-json\/wp\/v2\/product_cat?post=663"},{"taxonomy":"product_tag","embeddable":true,"href":"https:\/\/www.viesmat.com\/ca\/wp-json\/wp\/v2\/product_tag?post=663"}],"curies":[{"name":"wp","href":"https:\/\/api.w.org\/{rel}","templated":true}]}}