{"id":667,"date":"2020-09-24T21:42:50","date_gmt":"2020-09-24T21:42:50","guid":{"rendered":"https:\/\/www.viesmat.com\/producto\/felpudo-metalico-personalizado\/"},"modified":"2021-12-16T11:27:11","modified_gmt":"2021-12-16T10:27:11","slug":"pelfut-alumini-personalitzat","status":"publish","type":"product","link":"https:\/\/www.viesmat.com\/ca\/producte\/pelfut-alumini-personalitzat\/","title":{"rendered":"Pelfut d&#8217;alumini personalitzat"},"content":{"rendered":"<div class=\"wpb-content-wrapper\">[vc_row][vc_column][vc_column_text]Personalitzaci\u00f3 de catifes d&#8217;alumini en gruixos de 12, 17 i 22mm. en acabat de t\u00e8xtil de nylon.<\/p>\n<p>Per sol.licitar un pressupost, \u00fanicament es necessari l\u2019enviament d\u2019un email amb la imatge o logo en jpg o pdf junt amb la mida de la catifa. Una vegada confirmada la comanda, els hi enviarem sempre un esbo\u00e7 de manera ens puguin confirmar definitivament la comanda i poguem possar-nos a produir-la.<\/p>\n<p><strong>Colors disponibles:<\/strong><br \/>\n<img loading=\"lazy\" decoding=\"async\" class=\"alignnone wp-image-215 size-full\" src=\"https:\/\/www.viesmat.com\/wp-content\/uploads\/2020\/09\/clean_logo_colours.jpg\" alt=\"\" width=\"273\" height=\"362\" srcset=\"https:\/\/www.viesmat.com\/wp-content\/uploads\/2020\/09\/clean_logo_colours.jpg 273w, https:\/\/www.viesmat.com\/wp-content\/uploads\/2020\/09\/clean_logo_colours-226x300.jpg 226w\" sizes=\"auto, (max-width: 273px) 100vw, 273px\" \/>[\/vc_column_text][\/vc_column][\/vc_row]\n<\/div>","protected":false},"excerpt":{"rendered":"<p>[vc_row][vc_column][vc_column_text]Personalitzaci\u00f3 de catifes d&#8217;alumini en gruixos de 12, 17 i 22mm. en acabat de t\u00e8xtil de nylon. Per sol.licitar un pressupost, \u00fanicament es necessari l\u2019enviament d\u2019un email amb la imatge o logo en jpg o pdf junt amb la mida de la catifa. Una vegada confirmada la comanda, els hi enviarem sempre un esbo\u00e7 de&hellip;<\/p>\n","protected":false},"featured_media":669,"template":"","meta":[],"product_brand":[],"product_cat":[38,44],"product_tag":[],"class_list":{"0":"post-667","1":"product","2":"type-product","3":"status-publish","4":"has-post-thumbnail","6":"product_cat-catifes-entrada","7":"product_cat-catifa-personalitzada-amb-logotip","8":"entry","9":"has-media","11":"first","12":"instock","13":"shipping-taxable","14":"purchasable","15":"product-type-simple"},"yoast_head":"<!-- This site is optimized with the Yoast SEO plugin v27.4 - https:\/\/yoast.com\/product\/yoast-seo-wordpress\/ -->\n<title>Pelfuts d&#039;alumini personalitzats amb logotip o imatge | VIESMAT<\/title>\n<meta name=\"description\" content=\"Personalitzaci\u00f3 de pelfuts d&#039;alumini en gruix de 12, 17 i 22mm en acabat en catifa t\u00e8xtil de Nylon. Diversos colors disponibles.\" \/>\n<meta name=\"robots\" content=\"index, follow, max-snippet:-1, max-image-preview:large, max-video-preview:-1\" \/>\n<link rel=\"canonical\" href=\"https:\/\/www.viesmat.com\/producte\/felpudo-metalico-personalizado\/\" \/>\n<meta property=\"og:locale\" content=\"ca_ES\" \/>\n<meta property=\"og:type\" content=\"article\" \/>\n<meta property=\"og:title\" content=\"Pelfuts d&#039;alumini personalitzats amb logotip o imatge | VIESMAT\" \/>\n<meta property=\"og:description\" content=\"Personalitzaci\u00f3 de pelfuts d&#039;alumini en gruix de 12, 17 i 22mm en acabat en catifa t\u00e8xtil de Nylon. Diversos colors disponibles.\" \/>\n<meta property=\"og:url\" content=\"https:\/\/www.viesmat.com\/producte\/felpudo-metalico-personalizado\/\" \/>\n<meta property=\"og:site_name\" content=\"VIESMAT\" \/>\n<meta property=\"article:publisher\" content=\"https:\/\/www.facebook.com\/viesmat\" \/>\n<meta property=\"article:modified_time\" content=\"2021-12-16T10:27:11+00:00\" \/>\n<meta property=\"og:image\" content=\"https:\/\/www.viesmat.com\/wp-content\/uploads\/2020\/09\/clean_logo1.jpg\" \/>\n\t<meta property=\"og:image:width\" content=\"390\" \/>\n\t<meta property=\"og:image:height\" content=\"234\" \/>\n\t<meta property=\"og:image:type\" content=\"image\/jpeg\" \/>\n<meta name=\"twitter:card\" content=\"summary_large_image\" \/>\n<script type=\"application\/ld+json\" class=\"yoast-schema-graph\">{\"@context\":\"https:\\\/\\\/schema.org\",\"@graph\":[{\"@type\":\"WebPage\",\"@id\":\"https:\\\/\\\/www.viesmat.com\\\/producte\\\/felpudo-metalico-personalizado\\\/\",\"url\":\"https:\\\/\\\/www.viesmat.com\\\/producte\\\/felpudo-metalico-personalizado\\\/\",\"name\":\"Pelfuts d'alumini personalitzats amb logotip o imatge | VIESMAT\",\"isPartOf\":{\"@id\":\"https:\\\/\\\/www.viesmat.com\\\/#website\"},\"primaryImageOfPage\":{\"@id\":\"https:\\\/\\\/www.viesmat.com\\\/producte\\\/felpudo-metalico-personalizado\\\/#primaryimage\"},\"image\":{\"@id\":\"https:\\\/\\\/www.viesmat.com\\\/producte\\\/felpudo-metalico-personalizado\\\/#primaryimage\"},\"thumbnailUrl\":\"https:\\\/\\\/www.viesmat.com\\\/wp-content\\\/uploads\\\/2020\\\/09\\\/clean_logo1.jpg\",\"datePublished\":\"2020-09-24T21:42:50+00:00\",\"dateModified\":\"2021-12-16T10:27:11+00:00\",\"description\":\"Personalitzaci\u00f3 de pelfuts d'alumini en gruix de 12, 17 i 22mm en acabat en catifa t\u00e8xtil de Nylon. Diversos colors disponibles.\",\"breadcrumb\":{\"@id\":\"https:\\\/\\\/www.viesmat.com\\\/producte\\\/felpudo-metalico-personalizado\\\/#breadcrumb\"},\"inLanguage\":\"ca\",\"potentialAction\":[{\"@type\":\"ReadAction\",\"target\":[\"https:\\\/\\\/www.viesmat.com\\\/producte\\\/felpudo-metalico-personalizado\\\/\"]}]},{\"@type\":\"ImageObject\",\"inLanguage\":\"ca\",\"@id\":\"https:\\\/\\\/www.viesmat.com\\\/producte\\\/felpudo-metalico-personalizado\\\/#primaryimage\",\"url\":\"https:\\\/\\\/www.viesmat.com\\\/wp-content\\\/uploads\\\/2020\\\/09\\\/clean_logo1.jpg\",\"contentUrl\":\"https:\\\/\\\/www.viesmat.com\\\/wp-content\\\/uploads\\\/2020\\\/09\\\/clean_logo1.jpg\",\"width\":390,\"height\":234},{\"@type\":\"BreadcrumbList\",\"@id\":\"https:\\\/\\\/www.viesmat.com\\\/producte\\\/felpudo-metalico-personalizado\\\/#breadcrumb\",\"itemListElement\":[{\"@type\":\"ListItem\",\"position\":1,\"name\":\"Home\",\"item\":\"https:\\\/\\\/www.viesmat.com\\\/ca\\\/\"},{\"@type\":\"ListItem\",\"position\":2,\"name\":\"Productes\",\"item\":\"https:\\\/\\\/www.viesmat.com\\\/productos\\\/\"},{\"@type\":\"ListItem\",\"position\":3,\"name\":\"Pelfut d&#8217;alumini personalitzat\"}]},{\"@type\":\"WebSite\",\"@id\":\"https:\\\/\\\/www.viesmat.com\\\/#website\",\"url\":\"https:\\\/\\\/www.viesmat.com\\\/\",\"name\":\"VIESMAT\",\"description\":\"Felpudos de entrada, pavimentos de caucho y felpudos met\u00e1licos\",\"publisher\":{\"@id\":\"https:\\\/\\\/www.viesmat.com\\\/#organization\"},\"potentialAction\":[{\"@type\":\"SearchAction\",\"target\":{\"@type\":\"EntryPoint\",\"urlTemplate\":\"https:\\\/\\\/www.viesmat.com\\\/?s={search_term_string}\"},\"query-input\":{\"@type\":\"PropertyValueSpecification\",\"valueRequired\":true,\"valueName\":\"search_term_string\"}}],\"inLanguage\":\"ca\"},{\"@type\":\"Organization\",\"@id\":\"https:\\\/\\\/www.viesmat.com\\\/#organization\",\"name\":\"Viesmat\",\"url\":\"https:\\\/\\\/www.viesmat.com\\\/\",\"logo\":{\"@type\":\"ImageObject\",\"inLanguage\":\"ca\",\"@id\":\"https:\\\/\\\/www.viesmat.com\\\/#\\\/schema\\\/logo\\\/image\\\/\",\"url\":\"https:\\\/\\\/www.viesmat.com\\\/wp-content\\\/uploads\\\/2020\\\/09\\\/logo-VIESMAT.png\",\"contentUrl\":\"https:\\\/\\\/www.viesmat.com\\\/wp-content\\\/uploads\\\/2020\\\/09\\\/logo-VIESMAT.png\",\"width\":400,\"height\":86,\"caption\":\"Viesmat\"},\"image\":{\"@id\":\"https:\\\/\\\/www.viesmat.com\\\/#\\\/schema\\\/logo\\\/image\\\/\"},\"sameAs\":[\"https:\\\/\\\/www.facebook.com\\\/viesmat\"]}]}<\/script>\n<!-- \/ Yoast SEO plugin. -->","yoast_head_json":{"title":"Pelfuts d'alumini personalitzats amb logotip o imatge | VIESMAT","description":"Personalitzaci\u00f3 de pelfuts d'alumini en gruix de 12, 17 i 22mm en acabat en catifa t\u00e8xtil de Nylon. Diversos colors disponibles.","robots":{"index":"index","follow":"follow","max-snippet":"max-snippet:-1","max-image-preview":"max-image-preview:large","max-video-preview":"max-video-preview:-1"},"canonical":"https:\/\/www.viesmat.com\/producte\/felpudo-metalico-personalizado\/","og_locale":"ca_ES","og_type":"article","og_title":"Pelfuts d'alumini personalitzats amb logotip o imatge | VIESMAT","og_description":"Personalitzaci\u00f3 de pelfuts d'alumini en gruix de 12, 17 i 22mm en acabat en catifa t\u00e8xtil de Nylon. Diversos colors disponibles.","og_url":"https:\/\/www.viesmat.com\/producte\/felpudo-metalico-personalizado\/","og_site_name":"VIESMAT","article_publisher":"https:\/\/www.facebook.com\/viesmat","article_modified_time":"2021-12-16T10:27:11+00:00","og_image":[{"width":390,"height":234,"url":"https:\/\/www.viesmat.com\/wp-content\/uploads\/2020\/09\/clean_logo1.jpg","type":"image\/jpeg"}],"twitter_card":"summary_large_image","schema":{"@context":"https:\/\/schema.org","@graph":[{"@type":"WebPage","@id":"https:\/\/www.viesmat.com\/producte\/felpudo-metalico-personalizado\/","url":"https:\/\/www.viesmat.com\/producte\/felpudo-metalico-personalizado\/","name":"Pelfuts d'alumini personalitzats amb logotip o imatge | VIESMAT","isPartOf":{"@id":"https:\/\/www.viesmat.com\/#website"},"primaryImageOfPage":{"@id":"https:\/\/www.viesmat.com\/producte\/felpudo-metalico-personalizado\/#primaryimage"},"image":{"@id":"https:\/\/www.viesmat.com\/producte\/felpudo-metalico-personalizado\/#primaryimage"},"thumbnailUrl":"https:\/\/www.viesmat.com\/wp-content\/uploads\/2020\/09\/clean_logo1.jpg","datePublished":"2020-09-24T21:42:50+00:00","dateModified":"2021-12-16T10:27:11+00:00","description":"Personalitzaci\u00f3 de pelfuts d'alumini en gruix de 12, 17 i 22mm en acabat en catifa t\u00e8xtil de Nylon. Diversos colors disponibles.","breadcrumb":{"@id":"https:\/\/www.viesmat.com\/producte\/felpudo-metalico-personalizado\/#breadcrumb"},"inLanguage":"ca","potentialAction":[{"@type":"ReadAction","target":["https:\/\/www.viesmat.com\/producte\/felpudo-metalico-personalizado\/"]}]},{"@type":"ImageObject","inLanguage":"ca","@id":"https:\/\/www.viesmat.com\/producte\/felpudo-metalico-personalizado\/#primaryimage","url":"https:\/\/www.viesmat.com\/wp-content\/uploads\/2020\/09\/clean_logo1.jpg","contentUrl":"https:\/\/www.viesmat.com\/wp-content\/uploads\/2020\/09\/clean_logo1.jpg","width":390,"height":234},{"@type":"BreadcrumbList","@id":"https:\/\/www.viesmat.com\/producte\/felpudo-metalico-personalizado\/#breadcrumb","itemListElement":[{"@type":"ListItem","position":1,"name":"Home","item":"https:\/\/www.viesmat.com\/ca\/"},{"@type":"ListItem","position":2,"name":"Productes","item":"https:\/\/www.viesmat.com\/productos\/"},{"@type":"ListItem","position":3,"name":"Pelfut d&#8217;alumini personalitzat"}]},{"@type":"WebSite","@id":"https:\/\/www.viesmat.com\/#website","url":"https:\/\/www.viesmat.com\/","name":"VIESMAT","description":"Felpudos de entrada, pavimentos de caucho y felpudos met\u00e1licos","publisher":{"@id":"https:\/\/www.viesmat.com\/#organization"},"potentialAction":[{"@type":"SearchAction","target":{"@type":"EntryPoint","urlTemplate":"https:\/\/www.viesmat.com\/?s={search_term_string}"},"query-input":{"@type":"PropertyValueSpecification","valueRequired":true,"valueName":"search_term_string"}}],"inLanguage":"ca"},{"@type":"Organization","@id":"https:\/\/www.viesmat.com\/#organization","name":"Viesmat","url":"https:\/\/www.viesmat.com\/","logo":{"@type":"ImageObject","inLanguage":"ca","@id":"https:\/\/www.viesmat.com\/#\/schema\/logo\/image\/","url":"https:\/\/www.viesmat.com\/wp-content\/uploads\/2020\/09\/logo-VIESMAT.png","contentUrl":"https:\/\/www.viesmat.com\/wp-content\/uploads\/2020\/09\/logo-VIESMAT.png","width":400,"height":86,"caption":"Viesmat"},"image":{"@id":"https:\/\/www.viesmat.com\/#\/schema\/logo\/image\/"},"sameAs":["https:\/\/www.facebook.com\/viesmat"]}]}},"_links":{"self":[{"href":"https:\/\/www.viesmat.com\/ca\/wp-json\/wp\/v2\/product\/667","targetHints":{"allow":["GET"]}}],"collection":[{"href":"https:\/\/www.viesmat.com\/ca\/wp-json\/wp\/v2\/product"}],"about":[{"href":"https:\/\/www.viesmat.com\/ca\/wp-json\/wp\/v2\/types\/product"}],"wp:featuredmedia":[{"embeddable":true,"href":"https:\/\/www.viesmat.com\/ca\/wp-json\/wp\/v2\/media\/669"}],"wp:attachment":[{"href":"https:\/\/www.viesmat.com\/ca\/wp-json\/wp\/v2\/media?parent=667"}],"wp:term":[{"taxonomy":"product_brand","embeddable":true,"href":"https:\/\/www.viesmat.com\/ca\/wp-json\/wp\/v2\/product_brand?post=667"},{"taxonomy":"product_cat","embeddable":true,"href":"https:\/\/www.viesmat.com\/ca\/wp-json\/wp\/v2\/product_cat?post=667"},{"taxonomy":"product_tag","embeddable":true,"href":"https:\/\/www.viesmat.com\/ca\/wp-json\/wp\/v2\/product_tag?post=667"}],"curies":[{"name":"wp","href":"https:\/\/api.w.org\/{rel}","templated":true}]}}