{"id":683,"date":"2020-09-24T20:47:53","date_gmt":"2020-09-24T20:47:53","guid":{"rendered":"https:\/\/www.viesmat.com\/producto\/alfombra-textil-de-polipropileno-rombo\/"},"modified":"2025-11-11T10:33:49","modified_gmt":"2025-11-11T09:33:49","slug":"catifa-textil-polipropile","status":"publish","type":"product","link":"https:\/\/www.viesmat.com\/ca\/producte\/catifa-textil-polipropile\/","title":{"rendered":"Catifa t\u00e8xtil de polipropil\u00e8 rombo"},"content":{"rendered":"<div class=\"wpb-content-wrapper\">[vc_row][vc_column][vc_column_text]<strong>Caracter\u00edstiques t\u00e8cniques:<\/strong><br \/>\n<strong>Nom material:<\/strong> Catifa Arrissada T\u00e8xtil &#8220;Rombo&#8221;<br \/>\n<strong>Estructura en superf\u00edcie:<\/strong> Filaments entrella\u00e7ats amb Rombs<br \/>\n<strong>Composici\u00f3:<\/strong> 100% Polipropil\u00e8<br \/>\n<strong>Suport:<\/strong> PVC<br \/>\n<strong>Mida rotllo:<\/strong> 25x2mt. (+5%)<br \/>\n<strong>Espesosr:<\/strong> 11mm. (+5%)<br \/>\n<strong>Pes total:<\/strong> 2.810 g\/m\u00b2 (+5%)<br \/>\n<strong>Revers:<\/strong> Llis<br \/>\n<strong>Foc:<\/strong> No resistent<br \/>\n<strong>Neteja:<\/strong> Aigua corrent a presi\u00f3 i aspirador<br \/>\n<strong>Extras:<\/strong><br \/>\nPossibilitat de confecci\u00f3 de logotips.<br \/>\nPossibilitat de talls de rotllo a mida.<\/p>\n<p><strong>Colors:<\/strong><br \/>\n<img loading=\"lazy\" decoding=\"async\" class=\"alignnone wp-image-1627 size-full\" src=\"https:\/\/www.viesmat.com\/wp-content\/uploads\/2020\/09\/rombo-1.jpg\" alt=\"\" width=\"616\" height=\"623\" srcset=\"https:\/\/www.viesmat.com\/wp-content\/uploads\/2020\/09\/rombo-1.jpg 616w, https:\/\/www.viesmat.com\/wp-content\/uploads\/2020\/09\/rombo-1-297x300.jpg 297w, https:\/\/www.viesmat.com\/wp-content\/uploads\/2020\/09\/rombo-1-600x607.jpg 600w, https:\/\/www.viesmat.com\/wp-content\/uploads\/2020\/09\/rombo-1-100x100.jpg 100w\" sizes=\"auto, (max-width: 616px) 100vw, 616px\" \/><\/p>\n[\/vc_column_text][\/vc_column][\/vc_row]\n<\/div>","protected":false},"excerpt":{"rendered":"<p>[vc_row][vc_column][vc_column_text]Caracter\u00edstiques t\u00e8cniques: Nom material: Catifa Arrissada T\u00e8xtil &#8220;Rombo&#8221; Estructura en superf\u00edcie: Filaments entrella\u00e7ats amb Rombs Composici\u00f3: 100% Polipropil\u00e8 Suport: PVC Mida rotllo: 25x2mt. (+5%) Espesosr: 11mm. (+5%) Pes total: 2.810 g\/m\u00b2 (+5%) Revers: Llis Foc: No resistent Neteja: Aigua corrent a presi\u00f3 i aspirador Extras: Possibilitat de confecci\u00f3 de logotips. Possibilitat de talls de rotllo&hellip;<\/p>\n","protected":false},"featured_media":685,"template":"","meta":[],"product_brand":[],"product_cat":[38,40,42,50],"product_tag":[],"class_list":{"0":"post-683","1":"product","2":"type-product","3":"status-publish","4":"has-post-thumbnail","6":"product_cat-catifes-entrada","7":"product_cat-catifa-a-mida","8":"product_cat-catifa-textil-secant","9":"product_cat-rotllos-moquetes","10":"entry","11":"has-media","13":"first","14":"instock","15":"shipping-taxable","16":"purchasable","17":"product-type-simple"},"yoast_head":"<!-- This site is optimized with the Yoast SEO plugin v27.4 - https:\/\/yoast.com\/product\/yoast-seo-wordpress\/ -->\n<title>Catifes t\u00e8xtils secants de polipropil\u00e8 rombo | VIESMAT<\/title>\n<meta name=\"description\" content=\"El pelfut t\u00e8xtil de polipropil\u00e8 \u00e9s d&#039;una alta resist\u00e8ncia al desgast i una extraordin\u00e0ria capacitat d&#039;absorci\u00f3 de la humitat.\" \/>\n<meta name=\"robots\" content=\"index, follow, max-snippet:-1, max-image-preview:large, max-video-preview:-1\" \/>\n<link rel=\"canonical\" href=\"https:\/\/www.viesmat.com\/ca\/producte\/catifa-textil-polipropile\/\" \/>\n<meta property=\"og:locale\" content=\"ca_ES\" \/>\n<meta property=\"og:type\" content=\"article\" \/>\n<meta property=\"og:title\" content=\"Catifes t\u00e8xtils secants de polipropil\u00e8 rombo | VIESMAT\" \/>\n<meta property=\"og:description\" content=\"El pelfut t\u00e8xtil de polipropil\u00e8 \u00e9s d&#039;una alta resist\u00e8ncia al desgast i una extraordin\u00e0ria capacitat d&#039;absorci\u00f3 de la humitat.\" \/>\n<meta property=\"og:url\" content=\"https:\/\/www.viesmat.com\/ca\/producte\/catifa-textil-polipropile\/\" \/>\n<meta property=\"og:site_name\" content=\"VIESMAT\" \/>\n<meta property=\"article:publisher\" content=\"https:\/\/www.facebook.com\/viesmat\" \/>\n<meta property=\"article:modified_time\" content=\"2025-11-11T09:33:49+00:00\" \/>\n<meta property=\"og:image\" content=\"https:\/\/www.viesmat.com\/wp-content\/uploads\/2020\/09\/rombo.jpg\" \/>\n\t<meta property=\"og:image:width\" content=\"900\" \/>\n\t<meta property=\"og:image:height\" content=\"700\" \/>\n\t<meta property=\"og:image:type\" content=\"image\/jpeg\" \/>\n<meta name=\"twitter:card\" content=\"summary_large_image\" \/>\n<meta name=\"twitter:label1\" content=\"Temps estimat de lectura\" \/>\n\t<meta name=\"twitter:data1\" content=\"1 minut\" \/>\n<script type=\"application\/ld+json\" class=\"yoast-schema-graph\">{\"@context\":\"https:\\\/\\\/schema.org\",\"@graph\":[{\"@type\":\"WebPage\",\"@id\":\"https:\\\/\\\/www.viesmat.com\\\/ca\\\/producte\\\/catifa-textil-polipropile\\\/\",\"url\":\"https:\\\/\\\/www.viesmat.com\\\/ca\\\/producte\\\/catifa-textil-polipropile\\\/\",\"name\":\"Catifes t\u00e8xtils secants de polipropil\u00e8 rombo | VIESMAT\",\"isPartOf\":{\"@id\":\"https:\\\/\\\/www.viesmat.com\\\/#website\"},\"primaryImageOfPage\":{\"@id\":\"https:\\\/\\\/www.viesmat.com\\\/ca\\\/producte\\\/catifa-textil-polipropile\\\/#primaryimage\"},\"image\":{\"@id\":\"https:\\\/\\\/www.viesmat.com\\\/ca\\\/producte\\\/catifa-textil-polipropile\\\/#primaryimage\"},\"thumbnailUrl\":\"https:\\\/\\\/www.viesmat.com\\\/wp-content\\\/uploads\\\/2020\\\/09\\\/rombo.jpg\",\"datePublished\":\"2020-09-24T20:47:53+00:00\",\"dateModified\":\"2025-11-11T09:33:49+00:00\",\"description\":\"El pelfut t\u00e8xtil de polipropil\u00e8 \u00e9s d'una alta resist\u00e8ncia al desgast i una extraordin\u00e0ria capacitat d'absorci\u00f3 de la humitat.\",\"breadcrumb\":{\"@id\":\"https:\\\/\\\/www.viesmat.com\\\/ca\\\/producte\\\/catifa-textil-polipropile\\\/#breadcrumb\"},\"inLanguage\":\"ca\",\"potentialAction\":[{\"@type\":\"ReadAction\",\"target\":[\"https:\\\/\\\/www.viesmat.com\\\/ca\\\/producte\\\/catifa-textil-polipropile\\\/\"]}]},{\"@type\":\"ImageObject\",\"inLanguage\":\"ca\",\"@id\":\"https:\\\/\\\/www.viesmat.com\\\/ca\\\/producte\\\/catifa-textil-polipropile\\\/#primaryimage\",\"url\":\"https:\\\/\\\/www.viesmat.com\\\/wp-content\\\/uploads\\\/2020\\\/09\\\/rombo.jpg\",\"contentUrl\":\"https:\\\/\\\/www.viesmat.com\\\/wp-content\\\/uploads\\\/2020\\\/09\\\/rombo.jpg\",\"width\":900,\"height\":700},{\"@type\":\"BreadcrumbList\",\"@id\":\"https:\\\/\\\/www.viesmat.com\\\/ca\\\/producte\\\/catifa-textil-polipropile\\\/#breadcrumb\",\"itemListElement\":[{\"@type\":\"ListItem\",\"position\":1,\"name\":\"Home\",\"item\":\"https:\\\/\\\/www.viesmat.com\\\/ca\\\/\"},{\"@type\":\"ListItem\",\"position\":2,\"name\":\"Productes\",\"item\":\"https:\\\/\\\/www.viesmat.com\\\/productos\\\/\"},{\"@type\":\"ListItem\",\"position\":3,\"name\":\"Catifa t\u00e8xtil de polipropil\u00e8 rombo\"}]},{\"@type\":\"WebSite\",\"@id\":\"https:\\\/\\\/www.viesmat.com\\\/#website\",\"url\":\"https:\\\/\\\/www.viesmat.com\\\/\",\"name\":\"VIESMAT\",\"description\":\"Felpudos de entrada, pavimentos de caucho y felpudos met\u00e1licos\",\"publisher\":{\"@id\":\"https:\\\/\\\/www.viesmat.com\\\/#organization\"},\"potentialAction\":[{\"@type\":\"SearchAction\",\"target\":{\"@type\":\"EntryPoint\",\"urlTemplate\":\"https:\\\/\\\/www.viesmat.com\\\/?s={search_term_string}\"},\"query-input\":{\"@type\":\"PropertyValueSpecification\",\"valueRequired\":true,\"valueName\":\"search_term_string\"}}],\"inLanguage\":\"ca\"},{\"@type\":\"Organization\",\"@id\":\"https:\\\/\\\/www.viesmat.com\\\/#organization\",\"name\":\"Viesmat\",\"url\":\"https:\\\/\\\/www.viesmat.com\\\/\",\"logo\":{\"@type\":\"ImageObject\",\"inLanguage\":\"ca\",\"@id\":\"https:\\\/\\\/www.viesmat.com\\\/#\\\/schema\\\/logo\\\/image\\\/\",\"url\":\"https:\\\/\\\/www.viesmat.com\\\/wp-content\\\/uploads\\\/2020\\\/09\\\/logo-VIESMAT.png\",\"contentUrl\":\"https:\\\/\\\/www.viesmat.com\\\/wp-content\\\/uploads\\\/2020\\\/09\\\/logo-VIESMAT.png\",\"width\":400,\"height\":86,\"caption\":\"Viesmat\"},\"image\":{\"@id\":\"https:\\\/\\\/www.viesmat.com\\\/#\\\/schema\\\/logo\\\/image\\\/\"},\"sameAs\":[\"https:\\\/\\\/www.facebook.com\\\/viesmat\"]}]}<\/script>\n<!-- \/ Yoast SEO plugin. -->","yoast_head_json":{"title":"Catifes t\u00e8xtils secants de polipropil\u00e8 rombo | VIESMAT","description":"El pelfut t\u00e8xtil de polipropil\u00e8 \u00e9s d'una alta resist\u00e8ncia al desgast i una extraordin\u00e0ria capacitat d'absorci\u00f3 de la humitat.","robots":{"index":"index","follow":"follow","max-snippet":"max-snippet:-1","max-image-preview":"max-image-preview:large","max-video-preview":"max-video-preview:-1"},"canonical":"https:\/\/www.viesmat.com\/ca\/producte\/catifa-textil-polipropile\/","og_locale":"ca_ES","og_type":"article","og_title":"Catifes t\u00e8xtils secants de polipropil\u00e8 rombo | VIESMAT","og_description":"El pelfut t\u00e8xtil de polipropil\u00e8 \u00e9s d'una alta resist\u00e8ncia al desgast i una extraordin\u00e0ria capacitat d'absorci\u00f3 de la humitat.","og_url":"https:\/\/www.viesmat.com\/ca\/producte\/catifa-textil-polipropile\/","og_site_name":"VIESMAT","article_publisher":"https:\/\/www.facebook.com\/viesmat","article_modified_time":"2025-11-11T09:33:49+00:00","og_image":[{"width":900,"height":700,"url":"https:\/\/www.viesmat.com\/wp-content\/uploads\/2020\/09\/rombo.jpg","type":"image\/jpeg"}],"twitter_card":"summary_large_image","twitter_misc":{"Temps estimat de lectura":"1 minut"},"schema":{"@context":"https:\/\/schema.org","@graph":[{"@type":"WebPage","@id":"https:\/\/www.viesmat.com\/ca\/producte\/catifa-textil-polipropile\/","url":"https:\/\/www.viesmat.com\/ca\/producte\/catifa-textil-polipropile\/","name":"Catifes t\u00e8xtils secants de polipropil\u00e8 rombo | VIESMAT","isPartOf":{"@id":"https:\/\/www.viesmat.com\/#website"},"primaryImageOfPage":{"@id":"https:\/\/www.viesmat.com\/ca\/producte\/catifa-textil-polipropile\/#primaryimage"},"image":{"@id":"https:\/\/www.viesmat.com\/ca\/producte\/catifa-textil-polipropile\/#primaryimage"},"thumbnailUrl":"https:\/\/www.viesmat.com\/wp-content\/uploads\/2020\/09\/rombo.jpg","datePublished":"2020-09-24T20:47:53+00:00","dateModified":"2025-11-11T09:33:49+00:00","description":"El pelfut t\u00e8xtil de polipropil\u00e8 \u00e9s d'una alta resist\u00e8ncia al desgast i una extraordin\u00e0ria capacitat d'absorci\u00f3 de la humitat.","breadcrumb":{"@id":"https:\/\/www.viesmat.com\/ca\/producte\/catifa-textil-polipropile\/#breadcrumb"},"inLanguage":"ca","potentialAction":[{"@type":"ReadAction","target":["https:\/\/www.viesmat.com\/ca\/producte\/catifa-textil-polipropile\/"]}]},{"@type":"ImageObject","inLanguage":"ca","@id":"https:\/\/www.viesmat.com\/ca\/producte\/catifa-textil-polipropile\/#primaryimage","url":"https:\/\/www.viesmat.com\/wp-content\/uploads\/2020\/09\/rombo.jpg","contentUrl":"https:\/\/www.viesmat.com\/wp-content\/uploads\/2020\/09\/rombo.jpg","width":900,"height":700},{"@type":"BreadcrumbList","@id":"https:\/\/www.viesmat.com\/ca\/producte\/catifa-textil-polipropile\/#breadcrumb","itemListElement":[{"@type":"ListItem","position":1,"name":"Home","item":"https:\/\/www.viesmat.com\/ca\/"},{"@type":"ListItem","position":2,"name":"Productes","item":"https:\/\/www.viesmat.com\/productos\/"},{"@type":"ListItem","position":3,"name":"Catifa t\u00e8xtil de polipropil\u00e8 rombo"}]},{"@type":"WebSite","@id":"https:\/\/www.viesmat.com\/#website","url":"https:\/\/www.viesmat.com\/","name":"VIESMAT","description":"Felpudos de entrada, pavimentos de caucho y felpudos met\u00e1licos","publisher":{"@id":"https:\/\/www.viesmat.com\/#organization"},"potentialAction":[{"@type":"SearchAction","target":{"@type":"EntryPoint","urlTemplate":"https:\/\/www.viesmat.com\/?s={search_term_string}"},"query-input":{"@type":"PropertyValueSpecification","valueRequired":true,"valueName":"search_term_string"}}],"inLanguage":"ca"},{"@type":"Organization","@id":"https:\/\/www.viesmat.com\/#organization","name":"Viesmat","url":"https:\/\/www.viesmat.com\/","logo":{"@type":"ImageObject","inLanguage":"ca","@id":"https:\/\/www.viesmat.com\/#\/schema\/logo\/image\/","url":"https:\/\/www.viesmat.com\/wp-content\/uploads\/2020\/09\/logo-VIESMAT.png","contentUrl":"https:\/\/www.viesmat.com\/wp-content\/uploads\/2020\/09\/logo-VIESMAT.png","width":400,"height":86,"caption":"Viesmat"},"image":{"@id":"https:\/\/www.viesmat.com\/#\/schema\/logo\/image\/"},"sameAs":["https:\/\/www.facebook.com\/viesmat"]}]}},"_links":{"self":[{"href":"https:\/\/www.viesmat.com\/ca\/wp-json\/wp\/v2\/product\/683","targetHints":{"allow":["GET"]}}],"collection":[{"href":"https:\/\/www.viesmat.com\/ca\/wp-json\/wp\/v2\/product"}],"about":[{"href":"https:\/\/www.viesmat.com\/ca\/wp-json\/wp\/v2\/types\/product"}],"wp:featuredmedia":[{"embeddable":true,"href":"https:\/\/www.viesmat.com\/ca\/wp-json\/wp\/v2\/media\/685"}],"wp:attachment":[{"href":"https:\/\/www.viesmat.com\/ca\/wp-json\/wp\/v2\/media?parent=683"}],"wp:term":[{"taxonomy":"product_brand","embeddable":true,"href":"https:\/\/www.viesmat.com\/ca\/wp-json\/wp\/v2\/product_brand?post=683"},{"taxonomy":"product_cat","embeddable":true,"href":"https:\/\/www.viesmat.com\/ca\/wp-json\/wp\/v2\/product_cat?post=683"},{"taxonomy":"product_tag","embeddable":true,"href":"https:\/\/www.viesmat.com\/ca\/wp-json\/wp\/v2\/product_tag?post=683"}],"curies":[{"name":"wp","href":"https:\/\/api.w.org\/{rel}","templated":true}]}}