{"id":689,"date":"2020-09-24T20:42:37","date_gmt":"2020-09-24T20:42:37","guid":{"rendered":"https:\/\/www.viesmat.com\/producto\/alfombra-textil-base-caucho-personalizada\/"},"modified":"2023-02-02T09:31:13","modified_gmt":"2023-02-02T08:31:13","slug":"catifa-textil-personalitzada","status":"publish","type":"product","link":"https:\/\/www.viesmat.com\/ca\/producte\/catifa-textil-personalitzada\/","title":{"rendered":"Catifa t\u00e8xtil base cautx\u00fa personalitzada"},"content":{"rendered":"<div class=\"wpb-content-wrapper\">[vc_row][vc_column][vc_column_text]\n<h2><span style=\"color: #808080;\"><em>CATIFES YOURMAT<\/em><\/span><\/h2>\n[\/vc_column_text][vc_column_text]Catifa d&#8217;entrada t\u00e8xtil amb base de cautx\u00fa nitril de la m\u00e0xima qualitat que permet una neteja peri\u00f2dica (tant en rentadora com en assecadora) per mantenir sempre la millor imatge i anar eliminant la brut\u00edcia s\u00f2lida retinguda.<\/p>\n<p>No hi ha quantitat m\u00ednima de producci\u00f3.<\/p>\n<p><strong>Mides standard amb marc de goma:<br \/>\n<\/strong>60 x 85 cm.<br \/>\n75 x 85 cm.<br \/>\n85 x 115 cm.<br \/>\n85 x 150 cm.<br \/>\n85 x 300 cm.<br \/>\n115 x 180 cm.<br \/>\n115 x 200 cm.<br \/>\n115 x 240 cm.<br \/>\n115 x 300 cm.<br \/>\n150 x 200 cm.<br \/>\n150 x 240 cm.<br \/>\n150 x 300 cm.<br \/>\n200 x 200 cm.<br \/>\n200 x 300 cm.<\/p>\n<p><strong>Consultar altres mides &#8211; Mida m\u00e0xima:<\/strong> 550 x 195cm.[\/vc_column_text]<figure class=\"vcex-image vcex-module\"><div class=\"vcex-image-inner wpex-relative wpex-inline-block vc_custom_1602080380990\"><a href=\"https:\/\/www.viesmat.com\/wp-content\/uploads\/2020\/09\/alfombra_textil_secante-1.jpg\" class=\"wpex-lightbox\"><img loading=\"lazy\" class=\"vcex-image-img wpex-align-middle\" decoding=\"async\" src=\"https:\/\/www.viesmat.com\/wp-content\/uploads\/2020\/09\/alfombra_textil_secante-1-500x389.jpg\" alt=\"\" srcset=\"https:\/\/www.viesmat.com\/wp-content\/uploads\/2020\/09\/alfombra_textil_secante-1-500x389.jpg 500w, https:\/\/www.viesmat.com\/wp-content\/uploads\/2020\/09\/alfombra_textil_secante-1-300x233.jpg 300w, https:\/\/www.viesmat.com\/wp-content\/uploads\/2020\/09\/alfombra_textil_secante-1-768x597.jpg 768w, https:\/\/www.viesmat.com\/wp-content\/uploads\/2020\/09\/alfombra_textil_secante-1-600x467.jpg 600w, https:\/\/www.viesmat.com\/wp-content\/uploads\/2020\/09\/alfombra_textil_secante-1.jpg 900w\" width=\"500\" height=\"389\"><\/a><\/div><\/figure>[vc_column_text]<strong>Colors: <\/strong>66 colors[\/vc_column_text]<figure class=\"vcex-image vcex-module\"><div class=\"vcex-image-inner wpex-relative wpex-inline-block vc_custom_1602080389901\"><a href=\"https:\/\/www.viesmat.com\/wp-content\/uploads\/2020\/09\/paleta-colores.jpg\" class=\"wpex-lightbox\"><img loading=\"lazy\" class=\"vcex-image-img wpex-align-middle\" decoding=\"async\" src=\"https:\/\/www.viesmat.com\/wp-content\/uploads\/2020\/09\/paleta-colores-500x639.jpg\" alt=\"\" srcset=\"https:\/\/www.viesmat.com\/wp-content\/uploads\/2020\/09\/paleta-colores-500x639.jpg 500w, https:\/\/www.viesmat.com\/wp-content\/uploads\/2020\/09\/paleta-colores-801x1024.jpg 801w, https:\/\/www.viesmat.com\/wp-content\/uploads\/2020\/09\/paleta-colores-768x981.jpg 768w, https:\/\/www.viesmat.com\/wp-content\/uploads\/2020\/09\/paleta-colores-600x767.jpg 600w, https:\/\/www.viesmat.com\/wp-content\/uploads\/2020\/09\/paleta-colores.jpg 846w\" width=\"500\" height=\"639\"><\/a><\/div><\/figure>[vc_column_text]Per sol.licitar un pressupost, \u00fanicament es necessari l&#8217;enviament d&#8217;un email amb la imatge o logo en jpg o pdf junt amb la mida de la catifa. Una vegada confirmada la comanda, els hi enviarem sempre un esbo\u00e7 de manera ens puguin confirmar definitivament la comanda i poguem possar-nos a produir-la.<\/p>\n<p>El nostre proc\u00e9s de producci\u00f3 es basa en un sistema d&#8217;injecci\u00f3 de tinta mitjan\u00e7ant el sistema de jets a trav\u00e9s de l&#8217;innovadora tecnologia chromojet: primer es tenyeix, per porteriorment fixar el color, netejar les possibles restes de pinturas i finalment assecar la catifa.<\/p>\n<p><strong>Caracter\u00edstiques t\u00e8cniques:<\/strong><br \/>\n<strong>Material:<\/strong> Nylon high &#8211; twist 100% poliamida 6.6 de dupont<br \/>\n<strong>Suport base catifa:<\/strong> 100% Nbr cautx\u00fa nitril<br \/>\n<strong>Pes fibra:<\/strong> 795 g. per m2<br \/>\n<strong>Gruix fibra:<\/strong> 8 mm (+\/-)<br \/>\n<strong>Pes suport base:<\/strong> 2,1 kg. per m2<br \/>\n<strong>Espessor suport:<\/strong> 1.65 mm<br \/>\n<strong>Espessor total:<\/strong> 10 mm (+\/-)<br \/>\n<strong>Pes total:<\/strong> 2,895 kg \/ m2<br \/>\n<strong>Toler\u00e0ncia en les mides:<\/strong> + 2% aprox.<br \/>\n<strong>Rentable:<\/strong> En m\u00e0quina amb detergent neutre m\u00e0xim a 50\u00ba c<br \/>\n<strong>Absorci\u00f3:<\/strong> 5 litres d&#8217;aigua i 3,6 kg. de pols per m2<br \/>\n<strong>\u00das professional:<\/strong> Tr\u00e0fic molt intens[\/vc_column_text]<div class=\"vc_custom_1608577862721 wpex-clr\"><a href=\"https:\/\/www.viesmat.com\/wp-content\/uploads\/2020\/10\/Ficha-Tecnica-Alfombra-Textil-Secante.pdf\" class=\"vcex-button theme-button inline\" target=\"_blank\" rel=\"noopener noreferrer\"><span class=\"vcex-button-inner theme-button-inner wpex-flex wpex-flex-wrap wpex-items-center wpex-justify-center\">FITXA T\u00c8CNICA<\/span><\/a><\/div> <figure class=\"vcex-image vcex-module\"><div class=\"vcex-image-inner wpex-relative wpex-inline-block vc_custom_1608577625921\"><a href=\"https:\/\/www.viesmat.com\/wp-content\/uploads\/2020\/12\/starbu.jpg\" class=\"wpex-lightbox\"><img loading=\"lazy\" class=\"vcex-image-img wpex-align-middle\" decoding=\"async\" src=\"https:\/\/www.viesmat.com\/wp-content\/uploads\/2020\/12\/starbu-500x270.jpg\" alt=\"\" srcset=\"https:\/\/www.viesmat.com\/wp-content\/uploads\/2020\/12\/starbu-500x270.jpg 500w, https:\/\/www.viesmat.com\/wp-content\/uploads\/2020\/12\/starbu-300x162.jpg 300w, https:\/\/www.viesmat.com\/wp-content\/uploads\/2020\/12\/starbu-768x414.jpg 768w, https:\/\/www.viesmat.com\/wp-content\/uploads\/2020\/12\/starbu-600x324.jpg 600w, https:\/\/www.viesmat.com\/wp-content\/uploads\/2020\/12\/starbu.jpg 868w\" width=\"500\" height=\"270\"><\/a><\/div><\/figure>[\/vc_column][\/vc_row]\n<\/div>","protected":false},"excerpt":{"rendered":"<p>[vc_row][vc_column][vc_column_text] CATIFES YOURMAT [\/vc_column_text][vc_column_text]Catifa d&#8217;entrada t\u00e8xtil amb base de cautx\u00fa nitril de la m\u00e0xima qualitat que permet una neteja peri\u00f2dica (tant en rentadora com en assecadora) per mantenir sempre la millor imatge i anar eliminant la brut\u00edcia s\u00f2lida retinguda. No hi ha quantitat m\u00ednima de producci\u00f3. Mides standard amb marc de goma: 60 x 85&hellip;<\/p>\n","protected":false},"featured_media":691,"template":"","meta":[],"product_brand":[],"product_cat":[38,42,44],"product_tag":[],"class_list":{"0":"post-689","1":"product","2":"type-product","3":"status-publish","4":"has-post-thumbnail","6":"product_cat-catifes-entrada","7":"product_cat-catifa-textil-secant","8":"product_cat-catifa-personalitzada-amb-logotip","9":"entry","10":"has-media","12":"first","13":"instock","14":"shipping-taxable","15":"purchasable","16":"product-type-simple"},"yoast_head":"<!-- This site is optimized with the Yoast SEO plugin v27.4 - https:\/\/yoast.com\/product\/yoast-seo-wordpress\/ -->\n<title>Catifes t\u00e8xtils amb base de cautx\u00fa personalitzades | VIESMAT<\/title>\n<meta name=\"description\" content=\"Catifes i pelfuts amb base de cautx\u00fa personalitzats amb logotip per a tot tipus d&#039;entrades de la m\u00e0xima qualitat i resist\u00e8ncia.\" \/>\n<meta name=\"robots\" content=\"index, follow, max-snippet:-1, max-image-preview:large, max-video-preview:-1\" \/>\n<link rel=\"canonical\" href=\"https:\/\/www.viesmat.com\/producte\/alfombra-textil-base-caucho-personalizada\/\" \/>\n<meta property=\"og:locale\" content=\"ca_ES\" \/>\n<meta property=\"og:type\" content=\"article\" \/>\n<meta property=\"og:title\" content=\"Catifes t\u00e8xtils amb base de cautx\u00fa personalitzades | VIESMAT\" \/>\n<meta property=\"og:description\" content=\"Catifes i pelfuts amb base de cautx\u00fa personalitzats amb logotip per a tot tipus d&#039;entrades de la m\u00e0xima qualitat i resist\u00e8ncia.\" \/>\n<meta property=\"og:url\" content=\"https:\/\/www.viesmat.com\/producte\/alfombra-textil-base-caucho-personalizada\/\" \/>\n<meta property=\"og:site_name\" content=\"VIESMAT\" \/>\n<meta property=\"article:publisher\" content=\"https:\/\/www.facebook.com\/viesmat\" \/>\n<meta property=\"article:modified_time\" content=\"2023-02-02T08:31:13+00:00\" \/>\n<meta property=\"og:image\" content=\"https:\/\/www.viesmat.com\/wp-content\/uploads\/2020\/09\/vans.jpg\" \/>\n\t<meta property=\"og:image:width\" content=\"900\" \/>\n\t<meta property=\"og:image:height\" content=\"700\" \/>\n\t<meta property=\"og:image:type\" content=\"image\/jpeg\" \/>\n<meta name=\"twitter:card\" content=\"summary_large_image\" \/>\n<meta name=\"twitter:label1\" content=\"Temps estimat de lectura\" \/>\n\t<meta name=\"twitter:data1\" content=\"2 minuts\" \/>\n<script type=\"application\/ld+json\" class=\"yoast-schema-graph\">{\"@context\":\"https:\\\/\\\/schema.org\",\"@graph\":[{\"@type\":\"WebPage\",\"@id\":\"https:\\\/\\\/www.viesmat.com\\\/producte\\\/alfombra-textil-base-caucho-personalizada\\\/\",\"url\":\"https:\\\/\\\/www.viesmat.com\\\/producte\\\/alfombra-textil-base-caucho-personalizada\\\/\",\"name\":\"Catifes t\u00e8xtils amb base de cautx\u00fa personalitzades | VIESMAT\",\"isPartOf\":{\"@id\":\"https:\\\/\\\/www.viesmat.com\\\/#website\"},\"primaryImageOfPage\":{\"@id\":\"https:\\\/\\\/www.viesmat.com\\\/producte\\\/alfombra-textil-base-caucho-personalizada\\\/#primaryimage\"},\"image\":{\"@id\":\"https:\\\/\\\/www.viesmat.com\\\/producte\\\/alfombra-textil-base-caucho-personalizada\\\/#primaryimage\"},\"thumbnailUrl\":\"https:\\\/\\\/www.viesmat.com\\\/wp-content\\\/uploads\\\/2020\\\/09\\\/vans.jpg\",\"datePublished\":\"2020-09-24T20:42:37+00:00\",\"dateModified\":\"2023-02-02T08:31:13+00:00\",\"description\":\"Catifes i pelfuts amb base de cautx\u00fa personalitzats amb logotip per a tot tipus d'entrades de la m\u00e0xima qualitat i resist\u00e8ncia.\",\"breadcrumb\":{\"@id\":\"https:\\\/\\\/www.viesmat.com\\\/producte\\\/alfombra-textil-base-caucho-personalizada\\\/#breadcrumb\"},\"inLanguage\":\"ca\",\"potentialAction\":[{\"@type\":\"ReadAction\",\"target\":[\"https:\\\/\\\/www.viesmat.com\\\/producte\\\/alfombra-textil-base-caucho-personalizada\\\/\"]}]},{\"@type\":\"ImageObject\",\"inLanguage\":\"ca\",\"@id\":\"https:\\\/\\\/www.viesmat.com\\\/producte\\\/alfombra-textil-base-caucho-personalizada\\\/#primaryimage\",\"url\":\"https:\\\/\\\/www.viesmat.com\\\/wp-content\\\/uploads\\\/2020\\\/09\\\/vans.jpg\",\"contentUrl\":\"https:\\\/\\\/www.viesmat.com\\\/wp-content\\\/uploads\\\/2020\\\/09\\\/vans.jpg\",\"width\":900,\"height\":700},{\"@type\":\"BreadcrumbList\",\"@id\":\"https:\\\/\\\/www.viesmat.com\\\/producte\\\/alfombra-textil-base-caucho-personalizada\\\/#breadcrumb\",\"itemListElement\":[{\"@type\":\"ListItem\",\"position\":1,\"name\":\"Home\",\"item\":\"https:\\\/\\\/www.viesmat.com\\\/ca\\\/\"},{\"@type\":\"ListItem\",\"position\":2,\"name\":\"Productes\",\"item\":\"https:\\\/\\\/www.viesmat.com\\\/productos\\\/\"},{\"@type\":\"ListItem\",\"position\":3,\"name\":\"Catifa t\u00e8xtil base cautx\u00fa personalitzada\"}]},{\"@type\":\"WebSite\",\"@id\":\"https:\\\/\\\/www.viesmat.com\\\/#website\",\"url\":\"https:\\\/\\\/www.viesmat.com\\\/\",\"name\":\"VIESMAT\",\"description\":\"Felpudos de entrada, pavimentos de caucho y felpudos met\u00e1licos\",\"publisher\":{\"@id\":\"https:\\\/\\\/www.viesmat.com\\\/#organization\"},\"potentialAction\":[{\"@type\":\"SearchAction\",\"target\":{\"@type\":\"EntryPoint\",\"urlTemplate\":\"https:\\\/\\\/www.viesmat.com\\\/?s={search_term_string}\"},\"query-input\":{\"@type\":\"PropertyValueSpecification\",\"valueRequired\":true,\"valueName\":\"search_term_string\"}}],\"inLanguage\":\"ca\"},{\"@type\":\"Organization\",\"@id\":\"https:\\\/\\\/www.viesmat.com\\\/#organization\",\"name\":\"Viesmat\",\"url\":\"https:\\\/\\\/www.viesmat.com\\\/\",\"logo\":{\"@type\":\"ImageObject\",\"inLanguage\":\"ca\",\"@id\":\"https:\\\/\\\/www.viesmat.com\\\/#\\\/schema\\\/logo\\\/image\\\/\",\"url\":\"https:\\\/\\\/www.viesmat.com\\\/wp-content\\\/uploads\\\/2020\\\/09\\\/logo-VIESMAT.png\",\"contentUrl\":\"https:\\\/\\\/www.viesmat.com\\\/wp-content\\\/uploads\\\/2020\\\/09\\\/logo-VIESMAT.png\",\"width\":400,\"height\":86,\"caption\":\"Viesmat\"},\"image\":{\"@id\":\"https:\\\/\\\/www.viesmat.com\\\/#\\\/schema\\\/logo\\\/image\\\/\"},\"sameAs\":[\"https:\\\/\\\/www.facebook.com\\\/viesmat\"]}]}<\/script>\n<!-- \/ Yoast SEO plugin. -->","yoast_head_json":{"title":"Catifes t\u00e8xtils amb base de cautx\u00fa personalitzades | VIESMAT","description":"Catifes i pelfuts amb base de cautx\u00fa personalitzats amb logotip per a tot tipus d'entrades de la m\u00e0xima qualitat i resist\u00e8ncia.","robots":{"index":"index","follow":"follow","max-snippet":"max-snippet:-1","max-image-preview":"max-image-preview:large","max-video-preview":"max-video-preview:-1"},"canonical":"https:\/\/www.viesmat.com\/producte\/alfombra-textil-base-caucho-personalizada\/","og_locale":"ca_ES","og_type":"article","og_title":"Catifes t\u00e8xtils amb base de cautx\u00fa personalitzades | VIESMAT","og_description":"Catifes i pelfuts amb base de cautx\u00fa personalitzats amb logotip per a tot tipus d'entrades de la m\u00e0xima qualitat i resist\u00e8ncia.","og_url":"https:\/\/www.viesmat.com\/producte\/alfombra-textil-base-caucho-personalizada\/","og_site_name":"VIESMAT","article_publisher":"https:\/\/www.facebook.com\/viesmat","article_modified_time":"2023-02-02T08:31:13+00:00","og_image":[{"width":900,"height":700,"url":"https:\/\/www.viesmat.com\/wp-content\/uploads\/2020\/09\/vans.jpg","type":"image\/jpeg"}],"twitter_card":"summary_large_image","twitter_misc":{"Temps estimat de lectura":"2 minuts"},"schema":{"@context":"https:\/\/schema.org","@graph":[{"@type":"WebPage","@id":"https:\/\/www.viesmat.com\/producte\/alfombra-textil-base-caucho-personalizada\/","url":"https:\/\/www.viesmat.com\/producte\/alfombra-textil-base-caucho-personalizada\/","name":"Catifes t\u00e8xtils amb base de cautx\u00fa personalitzades | VIESMAT","isPartOf":{"@id":"https:\/\/www.viesmat.com\/#website"},"primaryImageOfPage":{"@id":"https:\/\/www.viesmat.com\/producte\/alfombra-textil-base-caucho-personalizada\/#primaryimage"},"image":{"@id":"https:\/\/www.viesmat.com\/producte\/alfombra-textil-base-caucho-personalizada\/#primaryimage"},"thumbnailUrl":"https:\/\/www.viesmat.com\/wp-content\/uploads\/2020\/09\/vans.jpg","datePublished":"2020-09-24T20:42:37+00:00","dateModified":"2023-02-02T08:31:13+00:00","description":"Catifes i pelfuts amb base de cautx\u00fa personalitzats amb logotip per a tot tipus d'entrades de la m\u00e0xima qualitat i resist\u00e8ncia.","breadcrumb":{"@id":"https:\/\/www.viesmat.com\/producte\/alfombra-textil-base-caucho-personalizada\/#breadcrumb"},"inLanguage":"ca","potentialAction":[{"@type":"ReadAction","target":["https:\/\/www.viesmat.com\/producte\/alfombra-textil-base-caucho-personalizada\/"]}]},{"@type":"ImageObject","inLanguage":"ca","@id":"https:\/\/www.viesmat.com\/producte\/alfombra-textil-base-caucho-personalizada\/#primaryimage","url":"https:\/\/www.viesmat.com\/wp-content\/uploads\/2020\/09\/vans.jpg","contentUrl":"https:\/\/www.viesmat.com\/wp-content\/uploads\/2020\/09\/vans.jpg","width":900,"height":700},{"@type":"BreadcrumbList","@id":"https:\/\/www.viesmat.com\/producte\/alfombra-textil-base-caucho-personalizada\/#breadcrumb","itemListElement":[{"@type":"ListItem","position":1,"name":"Home","item":"https:\/\/www.viesmat.com\/ca\/"},{"@type":"ListItem","position":2,"name":"Productes","item":"https:\/\/www.viesmat.com\/productos\/"},{"@type":"ListItem","position":3,"name":"Catifa t\u00e8xtil base cautx\u00fa personalitzada"}]},{"@type":"WebSite","@id":"https:\/\/www.viesmat.com\/#website","url":"https:\/\/www.viesmat.com\/","name":"VIESMAT","description":"Felpudos de entrada, pavimentos de caucho y felpudos met\u00e1licos","publisher":{"@id":"https:\/\/www.viesmat.com\/#organization"},"potentialAction":[{"@type":"SearchAction","target":{"@type":"EntryPoint","urlTemplate":"https:\/\/www.viesmat.com\/?s={search_term_string}"},"query-input":{"@type":"PropertyValueSpecification","valueRequired":true,"valueName":"search_term_string"}}],"inLanguage":"ca"},{"@type":"Organization","@id":"https:\/\/www.viesmat.com\/#organization","name":"Viesmat","url":"https:\/\/www.viesmat.com\/","logo":{"@type":"ImageObject","inLanguage":"ca","@id":"https:\/\/www.viesmat.com\/#\/schema\/logo\/image\/","url":"https:\/\/www.viesmat.com\/wp-content\/uploads\/2020\/09\/logo-VIESMAT.png","contentUrl":"https:\/\/www.viesmat.com\/wp-content\/uploads\/2020\/09\/logo-VIESMAT.png","width":400,"height":86,"caption":"Viesmat"},"image":{"@id":"https:\/\/www.viesmat.com\/#\/schema\/logo\/image\/"},"sameAs":["https:\/\/www.facebook.com\/viesmat"]}]}},"_links":{"self":[{"href":"https:\/\/www.viesmat.com\/ca\/wp-json\/wp\/v2\/product\/689","targetHints":{"allow":["GET"]}}],"collection":[{"href":"https:\/\/www.viesmat.com\/ca\/wp-json\/wp\/v2\/product"}],"about":[{"href":"https:\/\/www.viesmat.com\/ca\/wp-json\/wp\/v2\/types\/product"}],"wp:featuredmedia":[{"embeddable":true,"href":"https:\/\/www.viesmat.com\/ca\/wp-json\/wp\/v2\/media\/691"}],"wp:attachment":[{"href":"https:\/\/www.viesmat.com\/ca\/wp-json\/wp\/v2\/media?parent=689"}],"wp:term":[{"taxonomy":"product_brand","embeddable":true,"href":"https:\/\/www.viesmat.com\/ca\/wp-json\/wp\/v2\/product_brand?post=689"},{"taxonomy":"product_cat","embeddable":true,"href":"https:\/\/www.viesmat.com\/ca\/wp-json\/wp\/v2\/product_cat?post=689"},{"taxonomy":"product_tag","embeddable":true,"href":"https:\/\/www.viesmat.com\/ca\/wp-json\/wp\/v2\/product_tag?post=689"}],"curies":[{"name":"wp","href":"https:\/\/api.w.org\/{rel}","templated":true}]}}