{"id":701,"date":"2020-09-24T20:23:32","date_gmt":"2020-09-24T20:23:32","guid":{"rendered":"https:\/\/www.viesmat.com\/producto\/alfombra-textil-base-caucho-color-jaspeado\/"},"modified":"2024-01-12T13:09:27","modified_gmt":"2024-01-12T12:09:27","slug":"catifa-textil-base-cautxu-bicolor","status":"publish","type":"product","link":"https:\/\/www.viesmat.com\/ca\/producte\/catifa-textil-base-cautxu-bicolor\/","title":{"rendered":"Catifa t\u00e8xtil base cautx\u00fa Bicolor"},"content":{"rendered":"<div class=\"wpb-content-wrapper\">[vc_row][vc_column][vc_column_text]Catifa t\u00e8xtil de nylon amb base de cautx\u00fa de nitril d&#8217;alta qualitat i durabilitat, retable amb detergent neutre a 50\u00bac (recomanable cada 2 setmanes)<\/p>\n<p><strong>Mides standard amb marc de goma:<\/strong><br \/>\n60 x 85 cm.<br \/>\n85 x 115 cm.<br \/>\n85 x 150 cm.<br \/>\n85 x 300 cm.<br \/>\n115 x 180 cm.<br \/>\n115 x 200 cm.<br \/>\n115 x 240 cm.<br \/>\n115 x 300 cm.<br \/>\n150 x 200 cm.<br \/>\n150 x 240 cm.<br \/>\n150 x 300 cm.<br \/>\nConsultar altres mides<\/p>\n<p><strong>Colors:<br \/>\n<img loading=\"lazy\" decoding=\"async\" class=\"alignnone wp-image-193\" src=\"https:\/\/www.viesmat.com\/wp-content\/uploads\/2020\/09\/colores_alfombras_jaspeadas-300x194.jpg\" alt=\"\" width=\"500\" height=\"324\" srcset=\"https:\/\/www.viesmat.com\/wp-content\/uploads\/2020\/09\/colores_alfombras_jaspeadas-300x194.jpg 300w, https:\/\/www.viesmat.com\/wp-content\/uploads\/2020\/09\/colores_alfombras_jaspeadas-600x388.jpg 600w, https:\/\/www.viesmat.com\/wp-content\/uploads\/2020\/09\/colores_alfombras_jaspeadas-1024x663.jpg 1024w, https:\/\/www.viesmat.com\/wp-content\/uploads\/2020\/09\/colores_alfombras_jaspeadas-768x497.jpg 768w, https:\/\/www.viesmat.com\/wp-content\/uploads\/2020\/09\/colores_alfombras_jaspeadas.jpg 1329w\" sizes=\"auto, (max-width: 500px) 100vw, 500px\" \/><br \/>\n<\/strong><\/p>\n<p><strong>Caracter\u00edstiques t\u00e8cniques:<\/strong><br \/>\n<strong>Material:<\/strong> Nylon high &#8211; twist 100% poliamida 6.6 de dupont<br \/>\n<strong>Suport base catifa:<\/strong> 100% Nbr cautx\u00fa nitril<br \/>\n<strong>Pes fibra:<\/strong> 795 g. per m2<br \/>\n<strong>Gruix fibra:<\/strong> 8 mm (+\/-)<br \/>\n<strong>Pes suport base:<\/strong> 2,1 kg. per m2<br \/>\n<strong>Espessor suport:<\/strong> 1.65 mm<br \/>\n<strong>Espessor total:<\/strong> 10 mm (+\/-)<br \/>\n<strong>Pes total:<\/strong> 2,895 kg \/ m2<br \/>\n<strong>Toler\u00e0ncia en les mides:<\/strong> + 2% aprox.<br \/>\n<strong>Rentable:<\/strong> En m\u00e0quina amb detergent neutre m\u00e0xim a 50\u00ba c<br \/>\n<strong>Absorci\u00f3:<\/strong> 5 litres d&#8217;aigua i 3,6 kg. de pols per m2<br \/>\n<strong>\u00das professional:<\/strong> Tr\u00e0fic molt intens[\/vc_column_text][\/vc_column][\/vc_row]\n<\/div>","protected":false},"excerpt":{"rendered":"<p>[vc_row][vc_column][vc_column_text]Catifa t\u00e8xtil de nylon amb base de cautx\u00fa de nitril d&#8217;alta qualitat i durabilitat, retable amb detergent neutre a 50\u00bac (recomanable cada 2 setmanes) Mides standard amb marc de goma: 60 x 85 cm. 85 x 115 cm. 85 x 150 cm. 85 x 300 cm. 115 x 180 cm. 115 x 200 cm. 115&hellip;<\/p>\n","protected":false},"featured_media":703,"template":"","meta":[],"product_brand":[],"product_cat":[38,42],"product_tag":[],"class_list":{"0":"post-701","1":"product","2":"type-product","3":"status-publish","4":"has-post-thumbnail","6":"product_cat-catifes-entrada","7":"product_cat-catifa-textil-secant","8":"entry","9":"has-media","11":"first","12":"instock","13":"shipping-taxable","14":"purchasable","15":"product-type-simple"},"yoast_head":"<!-- This site is optimized with the Yoast SEO plugin v27.4 - https:\/\/yoast.com\/product\/yoast-seo-wordpress\/ -->\n<title>Catifes t\u00e8xtils bicolor amb base de cautx\u00fa | VIESMAT<\/title>\n<meta name=\"description\" content=\"Catifes t\u00e8xtils de nylon amb base de cautx\u00fa de nitril d&#039;alta qualitat i durabilitat. Colors jaspiats en bicolor.\" \/>\n<meta name=\"robots\" content=\"index, follow, max-snippet:-1, max-image-preview:large, max-video-preview:-1\" \/>\n<link rel=\"canonical\" href=\"https:\/\/www.viesmat.com\/ca\/producte\/catifa-textil-base-cautxu-bicolor\/\" \/>\n<meta property=\"og:locale\" content=\"ca_ES\" \/>\n<meta property=\"og:type\" content=\"article\" \/>\n<meta property=\"og:title\" content=\"Catifes t\u00e8xtils bicolor amb base de cautx\u00fa | VIESMAT\" \/>\n<meta property=\"og:description\" content=\"Catifes t\u00e8xtils de nylon amb base de cautx\u00fa de nitril d&#039;alta qualitat i durabilitat. Colors jaspiats en bicolor.\" \/>\n<meta property=\"og:url\" content=\"https:\/\/www.viesmat.com\/ca\/producte\/catifa-textil-base-cautxu-bicolor\/\" \/>\n<meta property=\"og:site_name\" content=\"VIESMAT\" \/>\n<meta property=\"article:publisher\" content=\"https:\/\/www.facebook.com\/viesmat\" \/>\n<meta property=\"article:modified_time\" content=\"2024-01-12T12:09:27+00:00\" \/>\n<meta property=\"og:image\" content=\"https:\/\/www.viesmat.com\/wp-content\/uploads\/2020\/09\/jaspeada.jpg\" \/>\n\t<meta property=\"og:image:width\" content=\"900\" \/>\n\t<meta property=\"og:image:height\" content=\"700\" \/>\n\t<meta property=\"og:image:type\" content=\"image\/jpeg\" \/>\n<meta name=\"twitter:card\" content=\"summary_large_image\" \/>\n<meta name=\"twitter:label1\" content=\"Temps estimat de lectura\" \/>\n\t<meta name=\"twitter:data1\" content=\"1 minut\" \/>\n<script type=\"application\/ld+json\" class=\"yoast-schema-graph\">{\"@context\":\"https:\\\/\\\/schema.org\",\"@graph\":[{\"@type\":\"WebPage\",\"@id\":\"https:\\\/\\\/www.viesmat.com\\\/ca\\\/producte\\\/catifa-textil-base-cautxu-bicolor\\\/\",\"url\":\"https:\\\/\\\/www.viesmat.com\\\/ca\\\/producte\\\/catifa-textil-base-cautxu-bicolor\\\/\",\"name\":\"Catifes t\u00e8xtils bicolor amb base de cautx\u00fa | VIESMAT\",\"isPartOf\":{\"@id\":\"https:\\\/\\\/www.viesmat.com\\\/#website\"},\"primaryImageOfPage\":{\"@id\":\"https:\\\/\\\/www.viesmat.com\\\/ca\\\/producte\\\/catifa-textil-base-cautxu-bicolor\\\/#primaryimage\"},\"image\":{\"@id\":\"https:\\\/\\\/www.viesmat.com\\\/ca\\\/producte\\\/catifa-textil-base-cautxu-bicolor\\\/#primaryimage\"},\"thumbnailUrl\":\"https:\\\/\\\/www.viesmat.com\\\/wp-content\\\/uploads\\\/2020\\\/09\\\/jaspeada.jpg\",\"datePublished\":\"2020-09-24T20:23:32+00:00\",\"dateModified\":\"2024-01-12T12:09:27+00:00\",\"description\":\"Catifes t\u00e8xtils de nylon amb base de cautx\u00fa de nitril d'alta qualitat i durabilitat. Colors jaspiats en bicolor.\",\"breadcrumb\":{\"@id\":\"https:\\\/\\\/www.viesmat.com\\\/ca\\\/producte\\\/catifa-textil-base-cautxu-bicolor\\\/#breadcrumb\"},\"inLanguage\":\"ca\",\"potentialAction\":[{\"@type\":\"ReadAction\",\"target\":[\"https:\\\/\\\/www.viesmat.com\\\/ca\\\/producte\\\/catifa-textil-base-cautxu-bicolor\\\/\"]}]},{\"@type\":\"ImageObject\",\"inLanguage\":\"ca\",\"@id\":\"https:\\\/\\\/www.viesmat.com\\\/ca\\\/producte\\\/catifa-textil-base-cautxu-bicolor\\\/#primaryimage\",\"url\":\"https:\\\/\\\/www.viesmat.com\\\/wp-content\\\/uploads\\\/2020\\\/09\\\/jaspeada.jpg\",\"contentUrl\":\"https:\\\/\\\/www.viesmat.com\\\/wp-content\\\/uploads\\\/2020\\\/09\\\/jaspeada.jpg\",\"width\":900,\"height\":700},{\"@type\":\"BreadcrumbList\",\"@id\":\"https:\\\/\\\/www.viesmat.com\\\/ca\\\/producte\\\/catifa-textil-base-cautxu-bicolor\\\/#breadcrumb\",\"itemListElement\":[{\"@type\":\"ListItem\",\"position\":1,\"name\":\"Home\",\"item\":\"https:\\\/\\\/www.viesmat.com\\\/ca\\\/\"},{\"@type\":\"ListItem\",\"position\":2,\"name\":\"Productes\",\"item\":\"https:\\\/\\\/www.viesmat.com\\\/productos\\\/\"},{\"@type\":\"ListItem\",\"position\":3,\"name\":\"Catifa t\u00e8xtil base cautx\u00fa Bicolor\"}]},{\"@type\":\"WebSite\",\"@id\":\"https:\\\/\\\/www.viesmat.com\\\/#website\",\"url\":\"https:\\\/\\\/www.viesmat.com\\\/\",\"name\":\"VIESMAT\",\"description\":\"Felpudos de entrada, pavimentos de caucho y felpudos met\u00e1licos\",\"publisher\":{\"@id\":\"https:\\\/\\\/www.viesmat.com\\\/#organization\"},\"potentialAction\":[{\"@type\":\"SearchAction\",\"target\":{\"@type\":\"EntryPoint\",\"urlTemplate\":\"https:\\\/\\\/www.viesmat.com\\\/?s={search_term_string}\"},\"query-input\":{\"@type\":\"PropertyValueSpecification\",\"valueRequired\":true,\"valueName\":\"search_term_string\"}}],\"inLanguage\":\"ca\"},{\"@type\":\"Organization\",\"@id\":\"https:\\\/\\\/www.viesmat.com\\\/#organization\",\"name\":\"Viesmat\",\"url\":\"https:\\\/\\\/www.viesmat.com\\\/\",\"logo\":{\"@type\":\"ImageObject\",\"inLanguage\":\"ca\",\"@id\":\"https:\\\/\\\/www.viesmat.com\\\/#\\\/schema\\\/logo\\\/image\\\/\",\"url\":\"https:\\\/\\\/www.viesmat.com\\\/wp-content\\\/uploads\\\/2020\\\/09\\\/logo-VIESMAT.png\",\"contentUrl\":\"https:\\\/\\\/www.viesmat.com\\\/wp-content\\\/uploads\\\/2020\\\/09\\\/logo-VIESMAT.png\",\"width\":400,\"height\":86,\"caption\":\"Viesmat\"},\"image\":{\"@id\":\"https:\\\/\\\/www.viesmat.com\\\/#\\\/schema\\\/logo\\\/image\\\/\"},\"sameAs\":[\"https:\\\/\\\/www.facebook.com\\\/viesmat\"]}]}<\/script>\n<!-- \/ Yoast SEO plugin. -->","yoast_head_json":{"title":"Catifes t\u00e8xtils bicolor amb base de cautx\u00fa | VIESMAT","description":"Catifes t\u00e8xtils de nylon amb base de cautx\u00fa de nitril d'alta qualitat i durabilitat. Colors jaspiats en bicolor.","robots":{"index":"index","follow":"follow","max-snippet":"max-snippet:-1","max-image-preview":"max-image-preview:large","max-video-preview":"max-video-preview:-1"},"canonical":"https:\/\/www.viesmat.com\/ca\/producte\/catifa-textil-base-cautxu-bicolor\/","og_locale":"ca_ES","og_type":"article","og_title":"Catifes t\u00e8xtils bicolor amb base de cautx\u00fa | VIESMAT","og_description":"Catifes t\u00e8xtils de nylon amb base de cautx\u00fa de nitril d'alta qualitat i durabilitat. Colors jaspiats en bicolor.","og_url":"https:\/\/www.viesmat.com\/ca\/producte\/catifa-textil-base-cautxu-bicolor\/","og_site_name":"VIESMAT","article_publisher":"https:\/\/www.facebook.com\/viesmat","article_modified_time":"2024-01-12T12:09:27+00:00","og_image":[{"width":900,"height":700,"url":"https:\/\/www.viesmat.com\/wp-content\/uploads\/2020\/09\/jaspeada.jpg","type":"image\/jpeg"}],"twitter_card":"summary_large_image","twitter_misc":{"Temps estimat de lectura":"1 minut"},"schema":{"@context":"https:\/\/schema.org","@graph":[{"@type":"WebPage","@id":"https:\/\/www.viesmat.com\/ca\/producte\/catifa-textil-base-cautxu-bicolor\/","url":"https:\/\/www.viesmat.com\/ca\/producte\/catifa-textil-base-cautxu-bicolor\/","name":"Catifes t\u00e8xtils bicolor amb base de cautx\u00fa | VIESMAT","isPartOf":{"@id":"https:\/\/www.viesmat.com\/#website"},"primaryImageOfPage":{"@id":"https:\/\/www.viesmat.com\/ca\/producte\/catifa-textil-base-cautxu-bicolor\/#primaryimage"},"image":{"@id":"https:\/\/www.viesmat.com\/ca\/producte\/catifa-textil-base-cautxu-bicolor\/#primaryimage"},"thumbnailUrl":"https:\/\/www.viesmat.com\/wp-content\/uploads\/2020\/09\/jaspeada.jpg","datePublished":"2020-09-24T20:23:32+00:00","dateModified":"2024-01-12T12:09:27+00:00","description":"Catifes t\u00e8xtils de nylon amb base de cautx\u00fa de nitril d'alta qualitat i durabilitat. Colors jaspiats en bicolor.","breadcrumb":{"@id":"https:\/\/www.viesmat.com\/ca\/producte\/catifa-textil-base-cautxu-bicolor\/#breadcrumb"},"inLanguage":"ca","potentialAction":[{"@type":"ReadAction","target":["https:\/\/www.viesmat.com\/ca\/producte\/catifa-textil-base-cautxu-bicolor\/"]}]},{"@type":"ImageObject","inLanguage":"ca","@id":"https:\/\/www.viesmat.com\/ca\/producte\/catifa-textil-base-cautxu-bicolor\/#primaryimage","url":"https:\/\/www.viesmat.com\/wp-content\/uploads\/2020\/09\/jaspeada.jpg","contentUrl":"https:\/\/www.viesmat.com\/wp-content\/uploads\/2020\/09\/jaspeada.jpg","width":900,"height":700},{"@type":"BreadcrumbList","@id":"https:\/\/www.viesmat.com\/ca\/producte\/catifa-textil-base-cautxu-bicolor\/#breadcrumb","itemListElement":[{"@type":"ListItem","position":1,"name":"Home","item":"https:\/\/www.viesmat.com\/ca\/"},{"@type":"ListItem","position":2,"name":"Productes","item":"https:\/\/www.viesmat.com\/productos\/"},{"@type":"ListItem","position":3,"name":"Catifa t\u00e8xtil base cautx\u00fa Bicolor"}]},{"@type":"WebSite","@id":"https:\/\/www.viesmat.com\/#website","url":"https:\/\/www.viesmat.com\/","name":"VIESMAT","description":"Felpudos de entrada, pavimentos de caucho y felpudos met\u00e1licos","publisher":{"@id":"https:\/\/www.viesmat.com\/#organization"},"potentialAction":[{"@type":"SearchAction","target":{"@type":"EntryPoint","urlTemplate":"https:\/\/www.viesmat.com\/?s={search_term_string}"},"query-input":{"@type":"PropertyValueSpecification","valueRequired":true,"valueName":"search_term_string"}}],"inLanguage":"ca"},{"@type":"Organization","@id":"https:\/\/www.viesmat.com\/#organization","name":"Viesmat","url":"https:\/\/www.viesmat.com\/","logo":{"@type":"ImageObject","inLanguage":"ca","@id":"https:\/\/www.viesmat.com\/#\/schema\/logo\/image\/","url":"https:\/\/www.viesmat.com\/wp-content\/uploads\/2020\/09\/logo-VIESMAT.png","contentUrl":"https:\/\/www.viesmat.com\/wp-content\/uploads\/2020\/09\/logo-VIESMAT.png","width":400,"height":86,"caption":"Viesmat"},"image":{"@id":"https:\/\/www.viesmat.com\/#\/schema\/logo\/image\/"},"sameAs":["https:\/\/www.facebook.com\/viesmat"]}]}},"_links":{"self":[{"href":"https:\/\/www.viesmat.com\/ca\/wp-json\/wp\/v2\/product\/701","targetHints":{"allow":["GET"]}}],"collection":[{"href":"https:\/\/www.viesmat.com\/ca\/wp-json\/wp\/v2\/product"}],"about":[{"href":"https:\/\/www.viesmat.com\/ca\/wp-json\/wp\/v2\/types\/product"}],"wp:featuredmedia":[{"embeddable":true,"href":"https:\/\/www.viesmat.com\/ca\/wp-json\/wp\/v2\/media\/703"}],"wp:attachment":[{"href":"https:\/\/www.viesmat.com\/ca\/wp-json\/wp\/v2\/media?parent=701"}],"wp:term":[{"taxonomy":"product_brand","embeddable":true,"href":"https:\/\/www.viesmat.com\/ca\/wp-json\/wp\/v2\/product_brand?post=701"},{"taxonomy":"product_cat","embeddable":true,"href":"https:\/\/www.viesmat.com\/ca\/wp-json\/wp\/v2\/product_cat?post=701"},{"taxonomy":"product_tag","embeddable":true,"href":"https:\/\/www.viesmat.com\/ca\/wp-json\/wp\/v2\/product_tag?post=701"}],"curies":[{"name":"wp","href":"https:\/\/api.w.org\/{rel}","templated":true}]}}