{"id":739,"date":"2020-09-24T11:14:45","date_gmt":"2020-09-24T11:14:45","guid":{"rendered":"https:\/\/www.viesmat.com\/producto\/felpudos-tecnicos-de-aluminio\/"},"modified":"2021-12-16T11:37:33","modified_gmt":"2021-12-16T10:37:33","slug":"catifa-rails-alumini","status":"publish","type":"product","link":"https:\/\/www.viesmat.com\/ca\/producte\/catifa-rails-alumini\/","title":{"rendered":"Catifa rails d&#8217;alumini"},"content":{"rendered":"<div class=\"wpb-content-wrapper\">[vc_row][vc_column][vc_column_text]Fabricant de Catifes T\u00e8cniques d&#8217;Alumini subministrats amb la m\u00e0xima qualitat i totalment a mida de dipossitar-ho en un fossat. Pelfut a mida de catifa d&#8217;alumini.<\/p>\n<p>La catifa de rails d&#8217;alumini \u00e9s un pelfut t\u00e8cnic d&#8217;alta resist\u00e8ncia, tant per interior (catifa secant) com exterior. Ideal per zones d&#8217;alt tr\u00e0nsit.<\/p>\n<p><img loading=\"lazy\" decoding=\"async\" class=\"alignleft wp-image-126 size-full\" src=\"https:\/\/www.viesmat.com\/wp-content\/uploads\/2020\/09\/felpudo-metalico.jpg\" alt=\"\" width=\"356\" height=\"185\" srcset=\"https:\/\/www.viesmat.com\/wp-content\/uploads\/2020\/09\/felpudo-metalico.jpg 356w, https:\/\/www.viesmat.com\/wp-content\/uploads\/2020\/09\/felpudo-metalico-300x156.jpg 300w\" sizes=\"auto, (max-width: 356px) 100vw, 356px\" \/><img loading=\"lazy\" decoding=\"async\" class=\"alignnone wp-image-128 size-full\" src=\"https:\/\/www.viesmat.com\/wp-content\/uploads\/2020\/09\/entrada3.jpg\" alt=\"\" width=\"325\" height=\"217\" srcset=\"https:\/\/www.viesmat.com\/wp-content\/uploads\/2020\/09\/entrada3.jpg 325w, https:\/\/www.viesmat.com\/wp-content\/uploads\/2020\/09\/entrada3-300x200.jpg 300w\" sizes=\"auto, (max-width: 325px) 100vw, 325px\" \/><\/p>\n<p><strong>Espessor:<\/strong> 12, 17, 22 \u00f3 27mm.<br \/>\n<strong>Acabats:<\/strong> Textil arrissat, cautx\u00fa \u00f3 respall<br \/>\n<strong>Colors:<\/strong> Negre, gris o marr\u00f3<br \/>\nRails units amb cable d&#8217;acer.<\/p>\n<p>Subministre de pelfuts metal.lics d&#8217;alumini per tota Catalunya (Barcelona, Tarragona, Lleida i Girona) i Andorra.<\/p>\n<p>Es poden posar en superf\u00edcie o encastats en una fossa per a qualsevol tipus d&#8217;entrada: comer\u00e7os, hotels, botigues, comunitats, restaurants, hospitals,<\/p>\n<p>Treballem amb tot tipus d&#8217;acabats en els nostres pelfuts met\u00e0l\u00b7lics:<\/p>\n<p><a href=\"https:\/\/www.felpudosmetalicos.es\/modelos\/\"><img loading=\"lazy\" decoding=\"async\" class=\"alignnone wp-image-134 size-full\" src=\"https:\/\/www.viesmat.com\/wp-content\/uploads\/2020\/09\/acabados_clean.jpg\" alt=\"\" width=\"395\" height=\"133\" srcset=\"https:\/\/www.viesmat.com\/wp-content\/uploads\/2020\/09\/acabados_clean.jpg 395w, https:\/\/www.viesmat.com\/wp-content\/uploads\/2020\/09\/acabados_clean-300x101.jpg 300w\" sizes=\"auto, (max-width: 395px) 100vw, 395px\" \/><\/a>[\/vc_column_text]<div class=\"vcex-spacing wpex-w-100 wpex-clear\"><\/div><style>.vcex-button.vcex_69edeb2dd0fbf:hover{background:#e37405!important;}.vcex-button.vcex_69edeb2dd0fbf{font-weight:500;text-transform:uppercase;}<\/style><a href=\"https:\/\/www.felpudosmetalicos.es\/modelos\/\" class=\"vcex-button theme-button flat inline vcex_69edeb2dd0fbf\" target=\"_blank\" rel=\"noopener noreferrer\"><span class=\"vcex-button-inner theme-button-inner wpex-flex wpex-flex-wrap wpex-items-center wpex-justify-center\">M\u00e9s caracter\u00edstiques<\/span><\/a> [\/vc_column][\/vc_row]\n<\/div>","protected":false},"excerpt":{"rendered":"<p>[vc_row][vc_column][vc_column_text]Fabricant de Catifes T\u00e8cniques d&#8217;Alumini subministrats amb la m\u00e0xima qualitat i totalment a mida de dipossitar-ho en un fossat. Pelfut a mida de catifa d&#8217;alumini. La catifa de rails d&#8217;alumini \u00e9s un pelfut t\u00e8cnic d&#8217;alta resist\u00e8ncia, tant per interior (catifa secant) com exterior. Ideal per zones d&#8217;alt tr\u00e0nsit. Espessor: 12, 17, 22 \u00f3 27mm. Acabats:&hellip;<\/p>\n","protected":false},"featured_media":741,"template":"","meta":[],"product_brand":[],"product_cat":[38,40],"product_tag":[],"class_list":{"0":"post-739","1":"product","2":"type-product","3":"status-publish","4":"has-post-thumbnail","6":"product_cat-catifes-entrada","7":"product_cat-catifa-a-mida","8":"entry","9":"has-media","11":"first","12":"instock","13":"shipping-taxable","14":"purchasable","15":"product-type-simple"},"yoast_head":"<!-- This site is optimized with the Yoast SEO plugin v27.4 - https:\/\/yoast.com\/product\/yoast-seo-wordpress\/ -->\n<title>Catifes t\u00e8cniques d&#039;alumini de m\u00e0xima qualitat | VIESMAT<\/title>\n<meta name=\"description\" content=\"Catifes de rails d\u2019alumini a mida per a tr\u00e0nsit intens. Pelfuts d&#039;alumini d&#039;alta resist\u00e8ncia en acabat de t\u00e8xtil, cautx\u00fa i raspall.\" \/>\n<meta name=\"robots\" content=\"index, follow, max-snippet:-1, max-image-preview:large, max-video-preview:-1\" \/>\n<link rel=\"canonical\" href=\"https:\/\/www.viesmat.com\/ca\/producte\/catifa-rails-alumini\/\" \/>\n<meta property=\"og:locale\" content=\"ca_ES\" \/>\n<meta property=\"og:type\" content=\"article\" \/>\n<meta property=\"og:title\" content=\"Catifes t\u00e8cniques d&#039;alumini de m\u00e0xima qualitat | VIESMAT\" \/>\n<meta property=\"og:description\" content=\"Catifes de rails d\u2019alumini a mida per a tr\u00e0nsit intens. Pelfuts d&#039;alumini d&#039;alta resist\u00e8ncia en acabat de t\u00e8xtil, cautx\u00fa i raspall.\" \/>\n<meta property=\"og:url\" content=\"https:\/\/www.viesmat.com\/ca\/producte\/catifa-rails-alumini\/\" \/>\n<meta property=\"og:site_name\" content=\"VIESMAT\" \/>\n<meta property=\"article:publisher\" content=\"https:\/\/www.facebook.com\/viesmat\" \/>\n<meta property=\"article:modified_time\" content=\"2021-12-16T10:37:33+00:00\" \/>\n<meta property=\"og:image\" content=\"https:\/\/www.viesmat.com\/wp-content\/uploads\/2020\/09\/metalico.jpg\" \/>\n\t<meta property=\"og:image:width\" content=\"900\" \/>\n\t<meta property=\"og:image:height\" content=\"700\" \/>\n\t<meta property=\"og:image:type\" content=\"image\/jpeg\" \/>\n<meta name=\"twitter:card\" content=\"summary_large_image\" \/>\n<meta name=\"twitter:label1\" content=\"Temps estimat de lectura\" \/>\n\t<meta name=\"twitter:data1\" content=\"1 minut\" \/>\n<script type=\"application\/ld+json\" class=\"yoast-schema-graph\">{\"@context\":\"https:\\\/\\\/schema.org\",\"@graph\":[{\"@type\":\"WebPage\",\"@id\":\"https:\\\/\\\/www.viesmat.com\\\/ca\\\/producte\\\/catifa-rails-alumini\\\/\",\"url\":\"https:\\\/\\\/www.viesmat.com\\\/ca\\\/producte\\\/catifa-rails-alumini\\\/\",\"name\":\"Catifes t\u00e8cniques d'alumini de m\u00e0xima qualitat | VIESMAT\",\"isPartOf\":{\"@id\":\"https:\\\/\\\/www.viesmat.com\\\/#website\"},\"primaryImageOfPage\":{\"@id\":\"https:\\\/\\\/www.viesmat.com\\\/ca\\\/producte\\\/catifa-rails-alumini\\\/#primaryimage\"},\"image\":{\"@id\":\"https:\\\/\\\/www.viesmat.com\\\/ca\\\/producte\\\/catifa-rails-alumini\\\/#primaryimage\"},\"thumbnailUrl\":\"https:\\\/\\\/www.viesmat.com\\\/wp-content\\\/uploads\\\/2020\\\/09\\\/metalico.jpg\",\"datePublished\":\"2020-09-24T11:14:45+00:00\",\"dateModified\":\"2021-12-16T10:37:33+00:00\",\"description\":\"Catifes de rails d\u2019alumini a mida per a tr\u00e0nsit intens. Pelfuts d'alumini d'alta resist\u00e8ncia en acabat de t\u00e8xtil, cautx\u00fa i raspall.\",\"breadcrumb\":{\"@id\":\"https:\\\/\\\/www.viesmat.com\\\/ca\\\/producte\\\/catifa-rails-alumini\\\/#breadcrumb\"},\"inLanguage\":\"ca\",\"potentialAction\":[{\"@type\":\"ReadAction\",\"target\":[\"https:\\\/\\\/www.viesmat.com\\\/ca\\\/producte\\\/catifa-rails-alumini\\\/\"]}]},{\"@type\":\"ImageObject\",\"inLanguage\":\"ca\",\"@id\":\"https:\\\/\\\/www.viesmat.com\\\/ca\\\/producte\\\/catifa-rails-alumini\\\/#primaryimage\",\"url\":\"https:\\\/\\\/www.viesmat.com\\\/wp-content\\\/uploads\\\/2020\\\/09\\\/metalico.jpg\",\"contentUrl\":\"https:\\\/\\\/www.viesmat.com\\\/wp-content\\\/uploads\\\/2020\\\/09\\\/metalico.jpg\",\"width\":900,\"height\":700},{\"@type\":\"BreadcrumbList\",\"@id\":\"https:\\\/\\\/www.viesmat.com\\\/ca\\\/producte\\\/catifa-rails-alumini\\\/#breadcrumb\",\"itemListElement\":[{\"@type\":\"ListItem\",\"position\":1,\"name\":\"Home\",\"item\":\"https:\\\/\\\/www.viesmat.com\\\/ca\\\/\"},{\"@type\":\"ListItem\",\"position\":2,\"name\":\"Productes\",\"item\":\"https:\\\/\\\/www.viesmat.com\\\/productos\\\/\"},{\"@type\":\"ListItem\",\"position\":3,\"name\":\"Catifa rails d&#8217;alumini\"}]},{\"@type\":\"WebSite\",\"@id\":\"https:\\\/\\\/www.viesmat.com\\\/#website\",\"url\":\"https:\\\/\\\/www.viesmat.com\\\/\",\"name\":\"VIESMAT\",\"description\":\"Felpudos de entrada, pavimentos de caucho y felpudos met\u00e1licos\",\"publisher\":{\"@id\":\"https:\\\/\\\/www.viesmat.com\\\/#organization\"},\"potentialAction\":[{\"@type\":\"SearchAction\",\"target\":{\"@type\":\"EntryPoint\",\"urlTemplate\":\"https:\\\/\\\/www.viesmat.com\\\/?s={search_term_string}\"},\"query-input\":{\"@type\":\"PropertyValueSpecification\",\"valueRequired\":true,\"valueName\":\"search_term_string\"}}],\"inLanguage\":\"ca\"},{\"@type\":\"Organization\",\"@id\":\"https:\\\/\\\/www.viesmat.com\\\/#organization\",\"name\":\"Viesmat\",\"url\":\"https:\\\/\\\/www.viesmat.com\\\/\",\"logo\":{\"@type\":\"ImageObject\",\"inLanguage\":\"ca\",\"@id\":\"https:\\\/\\\/www.viesmat.com\\\/#\\\/schema\\\/logo\\\/image\\\/\",\"url\":\"https:\\\/\\\/www.viesmat.com\\\/wp-content\\\/uploads\\\/2020\\\/09\\\/logo-VIESMAT.png\",\"contentUrl\":\"https:\\\/\\\/www.viesmat.com\\\/wp-content\\\/uploads\\\/2020\\\/09\\\/logo-VIESMAT.png\",\"width\":400,\"height\":86,\"caption\":\"Viesmat\"},\"image\":{\"@id\":\"https:\\\/\\\/www.viesmat.com\\\/#\\\/schema\\\/logo\\\/image\\\/\"},\"sameAs\":[\"https:\\\/\\\/www.facebook.com\\\/viesmat\"]}]}<\/script>\n<!-- \/ Yoast SEO plugin. -->","yoast_head_json":{"title":"Catifes t\u00e8cniques d'alumini de m\u00e0xima qualitat | VIESMAT","description":"Catifes de rails d\u2019alumini a mida per a tr\u00e0nsit intens. Pelfuts d'alumini d'alta resist\u00e8ncia en acabat de t\u00e8xtil, cautx\u00fa i raspall.","robots":{"index":"index","follow":"follow","max-snippet":"max-snippet:-1","max-image-preview":"max-image-preview:large","max-video-preview":"max-video-preview:-1"},"canonical":"https:\/\/www.viesmat.com\/ca\/producte\/catifa-rails-alumini\/","og_locale":"ca_ES","og_type":"article","og_title":"Catifes t\u00e8cniques d'alumini de m\u00e0xima qualitat | VIESMAT","og_description":"Catifes de rails d\u2019alumini a mida per a tr\u00e0nsit intens. Pelfuts d'alumini d'alta resist\u00e8ncia en acabat de t\u00e8xtil, cautx\u00fa i raspall.","og_url":"https:\/\/www.viesmat.com\/ca\/producte\/catifa-rails-alumini\/","og_site_name":"VIESMAT","article_publisher":"https:\/\/www.facebook.com\/viesmat","article_modified_time":"2021-12-16T10:37:33+00:00","og_image":[{"width":900,"height":700,"url":"https:\/\/www.viesmat.com\/wp-content\/uploads\/2020\/09\/metalico.jpg","type":"image\/jpeg"}],"twitter_card":"summary_large_image","twitter_misc":{"Temps estimat de lectura":"1 minut"},"schema":{"@context":"https:\/\/schema.org","@graph":[{"@type":"WebPage","@id":"https:\/\/www.viesmat.com\/ca\/producte\/catifa-rails-alumini\/","url":"https:\/\/www.viesmat.com\/ca\/producte\/catifa-rails-alumini\/","name":"Catifes t\u00e8cniques d'alumini de m\u00e0xima qualitat | VIESMAT","isPartOf":{"@id":"https:\/\/www.viesmat.com\/#website"},"primaryImageOfPage":{"@id":"https:\/\/www.viesmat.com\/ca\/producte\/catifa-rails-alumini\/#primaryimage"},"image":{"@id":"https:\/\/www.viesmat.com\/ca\/producte\/catifa-rails-alumini\/#primaryimage"},"thumbnailUrl":"https:\/\/www.viesmat.com\/wp-content\/uploads\/2020\/09\/metalico.jpg","datePublished":"2020-09-24T11:14:45+00:00","dateModified":"2021-12-16T10:37:33+00:00","description":"Catifes de rails d\u2019alumini a mida per a tr\u00e0nsit intens. Pelfuts d'alumini d'alta resist\u00e8ncia en acabat de t\u00e8xtil, cautx\u00fa i raspall.","breadcrumb":{"@id":"https:\/\/www.viesmat.com\/ca\/producte\/catifa-rails-alumini\/#breadcrumb"},"inLanguage":"ca","potentialAction":[{"@type":"ReadAction","target":["https:\/\/www.viesmat.com\/ca\/producte\/catifa-rails-alumini\/"]}]},{"@type":"ImageObject","inLanguage":"ca","@id":"https:\/\/www.viesmat.com\/ca\/producte\/catifa-rails-alumini\/#primaryimage","url":"https:\/\/www.viesmat.com\/wp-content\/uploads\/2020\/09\/metalico.jpg","contentUrl":"https:\/\/www.viesmat.com\/wp-content\/uploads\/2020\/09\/metalico.jpg","width":900,"height":700},{"@type":"BreadcrumbList","@id":"https:\/\/www.viesmat.com\/ca\/producte\/catifa-rails-alumini\/#breadcrumb","itemListElement":[{"@type":"ListItem","position":1,"name":"Home","item":"https:\/\/www.viesmat.com\/ca\/"},{"@type":"ListItem","position":2,"name":"Productes","item":"https:\/\/www.viesmat.com\/productos\/"},{"@type":"ListItem","position":3,"name":"Catifa rails d&#8217;alumini"}]},{"@type":"WebSite","@id":"https:\/\/www.viesmat.com\/#website","url":"https:\/\/www.viesmat.com\/","name":"VIESMAT","description":"Felpudos de entrada, pavimentos de caucho y felpudos met\u00e1licos","publisher":{"@id":"https:\/\/www.viesmat.com\/#organization"},"potentialAction":[{"@type":"SearchAction","target":{"@type":"EntryPoint","urlTemplate":"https:\/\/www.viesmat.com\/?s={search_term_string}"},"query-input":{"@type":"PropertyValueSpecification","valueRequired":true,"valueName":"search_term_string"}}],"inLanguage":"ca"},{"@type":"Organization","@id":"https:\/\/www.viesmat.com\/#organization","name":"Viesmat","url":"https:\/\/www.viesmat.com\/","logo":{"@type":"ImageObject","inLanguage":"ca","@id":"https:\/\/www.viesmat.com\/#\/schema\/logo\/image\/","url":"https:\/\/www.viesmat.com\/wp-content\/uploads\/2020\/09\/logo-VIESMAT.png","contentUrl":"https:\/\/www.viesmat.com\/wp-content\/uploads\/2020\/09\/logo-VIESMAT.png","width":400,"height":86,"caption":"Viesmat"},"image":{"@id":"https:\/\/www.viesmat.com\/#\/schema\/logo\/image\/"},"sameAs":["https:\/\/www.facebook.com\/viesmat"]}]}},"_links":{"self":[{"href":"https:\/\/www.viesmat.com\/ca\/wp-json\/wp\/v2\/product\/739","targetHints":{"allow":["GET"]}}],"collection":[{"href":"https:\/\/www.viesmat.com\/ca\/wp-json\/wp\/v2\/product"}],"about":[{"href":"https:\/\/www.viesmat.com\/ca\/wp-json\/wp\/v2\/types\/product"}],"wp:featuredmedia":[{"embeddable":true,"href":"https:\/\/www.viesmat.com\/ca\/wp-json\/wp\/v2\/media\/741"}],"wp:attachment":[{"href":"https:\/\/www.viesmat.com\/ca\/wp-json\/wp\/v2\/media?parent=739"}],"wp:term":[{"taxonomy":"product_brand","embeddable":true,"href":"https:\/\/www.viesmat.com\/ca\/wp-json\/wp\/v2\/product_brand?post=739"},{"taxonomy":"product_cat","embeddable":true,"href":"https:\/\/www.viesmat.com\/ca\/wp-json\/wp\/v2\/product_cat?post=739"},{"taxonomy":"product_tag","embeddable":true,"href":"https:\/\/www.viesmat.com\/ca\/wp-json\/wp\/v2\/product_tag?post=739"}],"curies":[{"name":"wp","href":"https:\/\/api.w.org\/{rel}","templated":true}]}}