{"id":746,"date":"2020-09-24T22:44:12","date_gmt":"2020-09-24T22:44:12","guid":{"rendered":"https:\/\/www.viesmat.com\/producto\/rollos-caucho-reciclado\/"},"modified":"2023-02-01T18:46:04","modified_gmt":"2023-02-01T17:46:04","slug":"rotllos-cautxu-reciclat","status":"publish","type":"product","link":"https:\/\/www.viesmat.com\/ca\/producte\/rotllos-cautxu-reciclat\/","title":{"rendered":"Rotllos cautx\u00fa reciclat"},"content":{"rendered":"<div class=\"wpb-content-wrapper\">[vc_row][vc_column][vc_column_text]Ideal per revestir terres de cautx\u00fa en gimn\u00e0s, bandes transportadores o camions.<\/p>\n<p><strong>Colors:<\/strong> Negre llis jaspejat amb vermell<\/p>\n<p>Rotllo Cautx\u00fa Granulat 10&#215;1,25mt. &#8211; 6mm.<br \/>\nRotllo Cautx\u00fa Granulat 8&#215;1,25mt. &#8211; 8mm.<br \/>\nRotllo Cautx\u00fa Granulat 6&#215;1,25mt. &#8211; 10mm.<\/p>\n<p><strong><img loading=\"lazy\" decoding=\"async\" class=\"alignnone size-full wp-image-253\" src=\"https:\/\/www.viesmat.com\/wp-content\/uploads\/2020\/09\/rollo_caucho_reciclado.jpg\" alt=\"\" width=\"329\" height=\"157\" srcset=\"https:\/\/www.viesmat.com\/wp-content\/uploads\/2020\/09\/rollo_caucho_reciclado.jpg 329w, https:\/\/www.viesmat.com\/wp-content\/uploads\/2020\/09\/rollo_caucho_reciclado-300x143.jpg 300w\" sizes=\"auto, (max-width: 329px) 100vw, 329px\" \/><\/strong>[\/vc_column_text][vc_single_image image=&#8221;1820&#8243; img_size=&#8221;medium&#8221;][\/vc_column][\/vc_row]\n<\/div>","protected":false},"excerpt":{"rendered":"<p>[vc_row][vc_column][vc_column_text]Ideal per revestir terres de cautx\u00fa en gimn\u00e0s, bandes transportadores o camions. Colors: Negre llis jaspejat amb vermell Rotllo Cautx\u00fa Granulat 10&#215;1,25mt. &#8211; 6mm. Rotllo Cautx\u00fa Granulat 8&#215;1,25mt. &#8211; 8mm. Rotllo Cautx\u00fa Granulat 6&#215;1,25mt. &#8211; 10mm. [\/vc_column_text][vc_single_image image=&#8221;1820&#8243; img_size=&#8221;medium&#8221;][\/vc_column][\/vc_row]<\/p>\n","protected":false},"featured_media":1710,"template":"","meta":[],"product_brand":[],"product_cat":[46],"product_tag":[],"class_list":{"0":"post-746","1":"product","2":"type-product","3":"status-publish","4":"has-post-thumbnail","6":"product_cat-paviments-de-cautxu","7":"entry","8":"has-media","10":"first","11":"instock","12":"shipping-taxable","13":"purchasable","14":"product-type-simple"},"yoast_head":"<!-- This site is optimized with the Yoast SEO plugin v27.4 - https:\/\/yoast.com\/product\/yoast-seo-wordpress\/ -->\n<title>Rotlles de cautx\u00fa reciclat | VIESMAT<\/title>\n<meta name=\"description\" content=\"Ideal per revestir terres de cautx\u00fa a gimnasos, camions i furgonetes. Rotlles i plaques de cautx\u00fa granulat i reciclat per a gimn\u00e0s.\" \/>\n<meta name=\"robots\" content=\"index, follow, max-snippet:-1, max-image-preview:large, max-video-preview:-1\" \/>\n<link rel=\"canonical\" href=\"https:\/\/www.viesmat.com\/producte\/rollos-caucho-reciclado\/\" \/>\n<meta property=\"og:locale\" content=\"ca_ES\" \/>\n<meta property=\"og:type\" content=\"article\" \/>\n<meta property=\"og:title\" content=\"Rotlles de cautx\u00fa reciclat | VIESMAT\" \/>\n<meta property=\"og:description\" content=\"Ideal per revestir terres de cautx\u00fa a gimnasos, camions i furgonetes. Rotlles i plaques de cautx\u00fa granulat i reciclat per a gimn\u00e0s.\" \/>\n<meta property=\"og:url\" content=\"https:\/\/www.viesmat.com\/producte\/rollos-caucho-reciclado\/\" \/>\n<meta property=\"og:site_name\" content=\"VIESMAT\" \/>\n<meta property=\"article:publisher\" content=\"https:\/\/www.facebook.com\/viesmat\" \/>\n<meta property=\"article:modified_time\" content=\"2023-02-01T17:46:04+00:00\" \/>\n<meta property=\"og:image\" content=\"https:\/\/www.viesmat.com\/wp-content\/uploads\/2020\/09\/rollo-caucho-reciclado.jpg\" \/>\n\t<meta property=\"og:image:width\" content=\"450\" \/>\n\t<meta property=\"og:image:height\" content=\"450\" \/>\n\t<meta property=\"og:image:type\" content=\"image\/jpeg\" \/>\n<meta name=\"twitter:card\" content=\"summary_large_image\" \/>\n<script type=\"application\/ld+json\" class=\"yoast-schema-graph\">{\"@context\":\"https:\\\/\\\/schema.org\",\"@graph\":[{\"@type\":\"WebPage\",\"@id\":\"https:\\\/\\\/www.viesmat.com\\\/producte\\\/rollos-caucho-reciclado\\\/\",\"url\":\"https:\\\/\\\/www.viesmat.com\\\/producte\\\/rollos-caucho-reciclado\\\/\",\"name\":\"Rotlles de cautx\u00fa reciclat | VIESMAT\",\"isPartOf\":{\"@id\":\"https:\\\/\\\/www.viesmat.com\\\/#website\"},\"primaryImageOfPage\":{\"@id\":\"https:\\\/\\\/www.viesmat.com\\\/producte\\\/rollos-caucho-reciclado\\\/#primaryimage\"},\"image\":{\"@id\":\"https:\\\/\\\/www.viesmat.com\\\/producte\\\/rollos-caucho-reciclado\\\/#primaryimage\"},\"thumbnailUrl\":\"https:\\\/\\\/www.viesmat.com\\\/wp-content\\\/uploads\\\/2020\\\/09\\\/rollo-caucho-reciclado.jpg\",\"datePublished\":\"2020-09-24T22:44:12+00:00\",\"dateModified\":\"2023-02-01T17:46:04+00:00\",\"description\":\"Ideal per revestir terres de cautx\u00fa a gimnasos, camions i furgonetes. Rotlles i plaques de cautx\u00fa granulat i reciclat per a gimn\u00e0s.\",\"breadcrumb\":{\"@id\":\"https:\\\/\\\/www.viesmat.com\\\/producte\\\/rollos-caucho-reciclado\\\/#breadcrumb\"},\"inLanguage\":\"ca\",\"potentialAction\":[{\"@type\":\"ReadAction\",\"target\":[\"https:\\\/\\\/www.viesmat.com\\\/producte\\\/rollos-caucho-reciclado\\\/\"]}]},{\"@type\":\"ImageObject\",\"inLanguage\":\"ca\",\"@id\":\"https:\\\/\\\/www.viesmat.com\\\/producte\\\/rollos-caucho-reciclado\\\/#primaryimage\",\"url\":\"https:\\\/\\\/www.viesmat.com\\\/wp-content\\\/uploads\\\/2020\\\/09\\\/rollo-caucho-reciclado.jpg\",\"contentUrl\":\"https:\\\/\\\/www.viesmat.com\\\/wp-content\\\/uploads\\\/2020\\\/09\\\/rollo-caucho-reciclado.jpg\",\"width\":450,\"height\":450},{\"@type\":\"BreadcrumbList\",\"@id\":\"https:\\\/\\\/www.viesmat.com\\\/producte\\\/rollos-caucho-reciclado\\\/#breadcrumb\",\"itemListElement\":[{\"@type\":\"ListItem\",\"position\":1,\"name\":\"Home\",\"item\":\"https:\\\/\\\/www.viesmat.com\\\/ca\\\/\"},{\"@type\":\"ListItem\",\"position\":2,\"name\":\"Productes\",\"item\":\"https:\\\/\\\/www.viesmat.com\\\/productos\\\/\"},{\"@type\":\"ListItem\",\"position\":3,\"name\":\"Rotllos cautx\u00fa reciclat\"}]},{\"@type\":\"WebSite\",\"@id\":\"https:\\\/\\\/www.viesmat.com\\\/#website\",\"url\":\"https:\\\/\\\/www.viesmat.com\\\/\",\"name\":\"VIESMAT\",\"description\":\"Felpudos de entrada, pavimentos de caucho y felpudos met\u00e1licos\",\"publisher\":{\"@id\":\"https:\\\/\\\/www.viesmat.com\\\/#organization\"},\"potentialAction\":[{\"@type\":\"SearchAction\",\"target\":{\"@type\":\"EntryPoint\",\"urlTemplate\":\"https:\\\/\\\/www.viesmat.com\\\/?s={search_term_string}\"},\"query-input\":{\"@type\":\"PropertyValueSpecification\",\"valueRequired\":true,\"valueName\":\"search_term_string\"}}],\"inLanguage\":\"ca\"},{\"@type\":\"Organization\",\"@id\":\"https:\\\/\\\/www.viesmat.com\\\/#organization\",\"name\":\"Viesmat\",\"url\":\"https:\\\/\\\/www.viesmat.com\\\/\",\"logo\":{\"@type\":\"ImageObject\",\"inLanguage\":\"ca\",\"@id\":\"https:\\\/\\\/www.viesmat.com\\\/#\\\/schema\\\/logo\\\/image\\\/\",\"url\":\"https:\\\/\\\/www.viesmat.com\\\/wp-content\\\/uploads\\\/2020\\\/09\\\/logo-VIESMAT.png\",\"contentUrl\":\"https:\\\/\\\/www.viesmat.com\\\/wp-content\\\/uploads\\\/2020\\\/09\\\/logo-VIESMAT.png\",\"width\":400,\"height\":86,\"caption\":\"Viesmat\"},\"image\":{\"@id\":\"https:\\\/\\\/www.viesmat.com\\\/#\\\/schema\\\/logo\\\/image\\\/\"},\"sameAs\":[\"https:\\\/\\\/www.facebook.com\\\/viesmat\"]}]}<\/script>\n<!-- \/ Yoast SEO plugin. -->","yoast_head_json":{"title":"Rotlles de cautx\u00fa reciclat | VIESMAT","description":"Ideal per revestir terres de cautx\u00fa a gimnasos, camions i furgonetes. Rotlles i plaques de cautx\u00fa granulat i reciclat per a gimn\u00e0s.","robots":{"index":"index","follow":"follow","max-snippet":"max-snippet:-1","max-image-preview":"max-image-preview:large","max-video-preview":"max-video-preview:-1"},"canonical":"https:\/\/www.viesmat.com\/producte\/rollos-caucho-reciclado\/","og_locale":"ca_ES","og_type":"article","og_title":"Rotlles de cautx\u00fa reciclat | VIESMAT","og_description":"Ideal per revestir terres de cautx\u00fa a gimnasos, camions i furgonetes. Rotlles i plaques de cautx\u00fa granulat i reciclat per a gimn\u00e0s.","og_url":"https:\/\/www.viesmat.com\/producte\/rollos-caucho-reciclado\/","og_site_name":"VIESMAT","article_publisher":"https:\/\/www.facebook.com\/viesmat","article_modified_time":"2023-02-01T17:46:04+00:00","og_image":[{"width":450,"height":450,"url":"https:\/\/www.viesmat.com\/wp-content\/uploads\/2020\/09\/rollo-caucho-reciclado.jpg","type":"image\/jpeg"}],"twitter_card":"summary_large_image","schema":{"@context":"https:\/\/schema.org","@graph":[{"@type":"WebPage","@id":"https:\/\/www.viesmat.com\/producte\/rollos-caucho-reciclado\/","url":"https:\/\/www.viesmat.com\/producte\/rollos-caucho-reciclado\/","name":"Rotlles de cautx\u00fa reciclat | VIESMAT","isPartOf":{"@id":"https:\/\/www.viesmat.com\/#website"},"primaryImageOfPage":{"@id":"https:\/\/www.viesmat.com\/producte\/rollos-caucho-reciclado\/#primaryimage"},"image":{"@id":"https:\/\/www.viesmat.com\/producte\/rollos-caucho-reciclado\/#primaryimage"},"thumbnailUrl":"https:\/\/www.viesmat.com\/wp-content\/uploads\/2020\/09\/rollo-caucho-reciclado.jpg","datePublished":"2020-09-24T22:44:12+00:00","dateModified":"2023-02-01T17:46:04+00:00","description":"Ideal per revestir terres de cautx\u00fa a gimnasos, camions i furgonetes. Rotlles i plaques de cautx\u00fa granulat i reciclat per a gimn\u00e0s.","breadcrumb":{"@id":"https:\/\/www.viesmat.com\/producte\/rollos-caucho-reciclado\/#breadcrumb"},"inLanguage":"ca","potentialAction":[{"@type":"ReadAction","target":["https:\/\/www.viesmat.com\/producte\/rollos-caucho-reciclado\/"]}]},{"@type":"ImageObject","inLanguage":"ca","@id":"https:\/\/www.viesmat.com\/producte\/rollos-caucho-reciclado\/#primaryimage","url":"https:\/\/www.viesmat.com\/wp-content\/uploads\/2020\/09\/rollo-caucho-reciclado.jpg","contentUrl":"https:\/\/www.viesmat.com\/wp-content\/uploads\/2020\/09\/rollo-caucho-reciclado.jpg","width":450,"height":450},{"@type":"BreadcrumbList","@id":"https:\/\/www.viesmat.com\/producte\/rollos-caucho-reciclado\/#breadcrumb","itemListElement":[{"@type":"ListItem","position":1,"name":"Home","item":"https:\/\/www.viesmat.com\/ca\/"},{"@type":"ListItem","position":2,"name":"Productes","item":"https:\/\/www.viesmat.com\/productos\/"},{"@type":"ListItem","position":3,"name":"Rotllos cautx\u00fa reciclat"}]},{"@type":"WebSite","@id":"https:\/\/www.viesmat.com\/#website","url":"https:\/\/www.viesmat.com\/","name":"VIESMAT","description":"Felpudos de entrada, pavimentos de caucho y felpudos met\u00e1licos","publisher":{"@id":"https:\/\/www.viesmat.com\/#organization"},"potentialAction":[{"@type":"SearchAction","target":{"@type":"EntryPoint","urlTemplate":"https:\/\/www.viesmat.com\/?s={search_term_string}"},"query-input":{"@type":"PropertyValueSpecification","valueRequired":true,"valueName":"search_term_string"}}],"inLanguage":"ca"},{"@type":"Organization","@id":"https:\/\/www.viesmat.com\/#organization","name":"Viesmat","url":"https:\/\/www.viesmat.com\/","logo":{"@type":"ImageObject","inLanguage":"ca","@id":"https:\/\/www.viesmat.com\/#\/schema\/logo\/image\/","url":"https:\/\/www.viesmat.com\/wp-content\/uploads\/2020\/09\/logo-VIESMAT.png","contentUrl":"https:\/\/www.viesmat.com\/wp-content\/uploads\/2020\/09\/logo-VIESMAT.png","width":400,"height":86,"caption":"Viesmat"},"image":{"@id":"https:\/\/www.viesmat.com\/#\/schema\/logo\/image\/"},"sameAs":["https:\/\/www.facebook.com\/viesmat"]}]}},"_links":{"self":[{"href":"https:\/\/www.viesmat.com\/ca\/wp-json\/wp\/v2\/product\/746","targetHints":{"allow":["GET"]}}],"collection":[{"href":"https:\/\/www.viesmat.com\/ca\/wp-json\/wp\/v2\/product"}],"about":[{"href":"https:\/\/www.viesmat.com\/ca\/wp-json\/wp\/v2\/types\/product"}],"wp:featuredmedia":[{"embeddable":true,"href":"https:\/\/www.viesmat.com\/ca\/wp-json\/wp\/v2\/media\/1710"}],"wp:attachment":[{"href":"https:\/\/www.viesmat.com\/ca\/wp-json\/wp\/v2\/media?parent=746"}],"wp:term":[{"taxonomy":"product_brand","embeddable":true,"href":"https:\/\/www.viesmat.com\/ca\/wp-json\/wp\/v2\/product_brand?post=746"},{"taxonomy":"product_cat","embeddable":true,"href":"https:\/\/www.viesmat.com\/ca\/wp-json\/wp\/v2\/product_cat?post=746"},{"taxonomy":"product_tag","embeddable":true,"href":"https:\/\/www.viesmat.com\/ca\/wp-json\/wp\/v2\/product_tag?post=746"}],"curies":[{"name":"wp","href":"https:\/\/api.w.org\/{rel}","templated":true}]}}