{"id":770,"date":"2020-09-24T22:22:51","date_gmt":"2020-09-24T22:22:51","guid":{"rendered":"https:\/\/www.viesmat.com\/producto\/placa-caucho-alveolar\/"},"modified":"2021-12-16T12:10:40","modified_gmt":"2021-12-16T11:10:40","slug":"plaques-cautxu-alveolar","status":"publish","type":"product","link":"https:\/\/www.viesmat.com\/ca\/producte\/plaques-cautxu-alveolar\/","title":{"rendered":"Plaques cautx\u00fa alveolar"},"content":{"rendered":"<div class=\"wpb-content-wrapper\">[vc_row][vc_column][vc_column_text]Catifa de cautx\u00fa Alveolar de gran durabilitat i resist\u00e8ncia, especialment indicat per zones humides, com estacions d&#8217;esqu\u00ed, o vaixells navals i de pesca.<\/p>\n<p>Tamb\u00e9 es pot fer servir com a catifa antifatiga en cuines.<\/p>\n<p><strong>Placa cautx\u00fa alveolar:<\/strong> 150x100cm. en 22mm.<br \/>\nFons Obert i Fons Tancat<\/p>\n<p><img loading=\"lazy\" decoding=\"async\" class=\"alignnone wp-image-232 size-full\" src=\"https:\/\/www.viesmat.com\/wp-content\/uploads\/2020\/09\/alveolar.jpg\" alt=\"\" width=\"263\" height=\"235\" \/> <img loading=\"lazy\" decoding=\"async\" class=\"alignnone wp-image-233 size-full\" src=\"https:\/\/www.viesmat.com\/wp-content\/uploads\/2020\/09\/alveolar_cerrado.jpg\" alt=\"\" width=\"263\" height=\"235\" \/><\/p>\n<p>Antilliscant i resistent que redueix l&#8217;impacte amb el terra.<\/p>\n<p><img loading=\"lazy\" decoding=\"async\" class=\"alignnone wp-image-1264\" src=\"https:\/\/www.viesmat.com\/wp-content\/uploads\/2020\/09\/alveolar2-scaled.jpg\" alt=\"\" width=\"532\" height=\"709\" srcset=\"https:\/\/www.viesmat.com\/wp-content\/uploads\/2020\/09\/alveolar2-scaled.jpg 1920w, https:\/\/www.viesmat.com\/wp-content\/uploads\/2020\/09\/alveolar2-225x300.jpg 225w, https:\/\/www.viesmat.com\/wp-content\/uploads\/2020\/09\/alveolar2-768x1024.jpg 768w, https:\/\/www.viesmat.com\/wp-content\/uploads\/2020\/09\/alveolar2-1152x1536.jpg 1152w, https:\/\/www.viesmat.com\/wp-content\/uploads\/2020\/09\/alveolar2-1536x2048.jpg 1536w, https:\/\/www.viesmat.com\/wp-content\/uploads\/2020\/09\/alveolar2-600x800.jpg 600w\" sizes=\"auto, (max-width: 532px) 100vw, 532px\" \/>[\/vc_column_text][\/vc_column][\/vc_row]\n<\/div>","protected":false},"excerpt":{"rendered":"<p>[vc_row][vc_column][vc_column_text]Catifa de cautx\u00fa Alveolar de gran durabilitat i resist\u00e8ncia, especialment indicat per zones humides, com estacions d&#8217;esqu\u00ed, o vaixells navals i de pesca. Tamb\u00e9 es pot fer servir com a catifa antifatiga en cuines. Placa cautx\u00fa alveolar: 150x100cm. en 22mm. Fons Obert i Fons Tancat Antilliscant i resistent que redueix l&#8217;impacte amb el terra. [\/vc_column_text][\/vc_column][\/vc_row]<\/p>\n","protected":false},"featured_media":772,"template":"","meta":[],"product_brand":[],"product_cat":[46],"product_tag":[],"class_list":{"0":"post-770","1":"product","2":"type-product","3":"status-publish","4":"has-post-thumbnail","6":"product_cat-paviments-de-cautxu","7":"entry","8":"has-media","10":"first","11":"instock","12":"shipping-taxable","13":"purchasable","14":"product-type-simple"},"yoast_head":"<!-- This site is optimized with the Yoast SEO plugin v27.4 - https:\/\/yoast.com\/product\/yoast-seo-wordpress\/ -->\n<title>Catifes de cautx\u00fa alveolar de gran durabilitat i resist\u00e8ncia | VIESMAT<\/title>\n<meta name=\"description\" content=\"Catifes de cautx\u00fa alveolar per a zones humides, com vaixells navals o zones de neu i gel. Planxes de goma antilliscant i antifatiga.\" \/>\n<meta name=\"robots\" content=\"index, follow, max-snippet:-1, max-image-preview:large, max-video-preview:-1\" \/>\n<link rel=\"canonical\" href=\"https:\/\/www.viesmat.com\/producte\/placa-caucho-alveolar\/\" \/>\n<meta property=\"og:locale\" content=\"ca_ES\" \/>\n<meta property=\"og:type\" content=\"article\" \/>\n<meta property=\"og:title\" content=\"Catifes de cautx\u00fa alveolar de gran durabilitat i resist\u00e8ncia | VIESMAT\" \/>\n<meta property=\"og:description\" content=\"Catifes de cautx\u00fa alveolar per a zones humides, com vaixells navals o zones de neu i gel. Planxes de goma antilliscant i antifatiga.\" \/>\n<meta property=\"og:url\" content=\"https:\/\/www.viesmat.com\/producte\/placa-caucho-alveolar\/\" \/>\n<meta property=\"og:site_name\" content=\"VIESMAT\" \/>\n<meta property=\"article:publisher\" content=\"https:\/\/www.facebook.com\/viesmat\" \/>\n<meta property=\"article:modified_time\" content=\"2021-12-16T11:10:40+00:00\" \/>\n<meta property=\"og:image\" content=\"https:\/\/www.viesmat.com\/wp-content\/uploads\/2020\/09\/alveolar3.jpg\" \/>\n\t<meta property=\"og:image:width\" content=\"900\" \/>\n\t<meta property=\"og:image:height\" content=\"700\" \/>\n\t<meta property=\"og:image:type\" content=\"image\/jpeg\" \/>\n<meta name=\"twitter:card\" content=\"summary_large_image\" \/>\n<script type=\"application\/ld+json\" class=\"yoast-schema-graph\">{\"@context\":\"https:\\\/\\\/schema.org\",\"@graph\":[{\"@type\":\"WebPage\",\"@id\":\"https:\\\/\\\/www.viesmat.com\\\/producte\\\/placa-caucho-alveolar\\\/\",\"url\":\"https:\\\/\\\/www.viesmat.com\\\/producte\\\/placa-caucho-alveolar\\\/\",\"name\":\"Catifes de cautx\u00fa alveolar de gran durabilitat i resist\u00e8ncia | VIESMAT\",\"isPartOf\":{\"@id\":\"https:\\\/\\\/www.viesmat.com\\\/#website\"},\"primaryImageOfPage\":{\"@id\":\"https:\\\/\\\/www.viesmat.com\\\/producte\\\/placa-caucho-alveolar\\\/#primaryimage\"},\"image\":{\"@id\":\"https:\\\/\\\/www.viesmat.com\\\/producte\\\/placa-caucho-alveolar\\\/#primaryimage\"},\"thumbnailUrl\":\"https:\\\/\\\/www.viesmat.com\\\/wp-content\\\/uploads\\\/2020\\\/09\\\/alveolar3.jpg\",\"datePublished\":\"2020-09-24T22:22:51+00:00\",\"dateModified\":\"2021-12-16T11:10:40+00:00\",\"description\":\"Catifes de cautx\u00fa alveolar per a zones humides, com vaixells navals o zones de neu i gel. Planxes de goma antilliscant i antifatiga.\",\"breadcrumb\":{\"@id\":\"https:\\\/\\\/www.viesmat.com\\\/producte\\\/placa-caucho-alveolar\\\/#breadcrumb\"},\"inLanguage\":\"ca\",\"potentialAction\":[{\"@type\":\"ReadAction\",\"target\":[\"https:\\\/\\\/www.viesmat.com\\\/producte\\\/placa-caucho-alveolar\\\/\"]}]},{\"@type\":\"ImageObject\",\"inLanguage\":\"ca\",\"@id\":\"https:\\\/\\\/www.viesmat.com\\\/producte\\\/placa-caucho-alveolar\\\/#primaryimage\",\"url\":\"https:\\\/\\\/www.viesmat.com\\\/wp-content\\\/uploads\\\/2020\\\/09\\\/alveolar3.jpg\",\"contentUrl\":\"https:\\\/\\\/www.viesmat.com\\\/wp-content\\\/uploads\\\/2020\\\/09\\\/alveolar3.jpg\",\"width\":900,\"height\":700},{\"@type\":\"BreadcrumbList\",\"@id\":\"https:\\\/\\\/www.viesmat.com\\\/producte\\\/placa-caucho-alveolar\\\/#breadcrumb\",\"itemListElement\":[{\"@type\":\"ListItem\",\"position\":1,\"name\":\"Home\",\"item\":\"https:\\\/\\\/www.viesmat.com\\\/ca\\\/\"},{\"@type\":\"ListItem\",\"position\":2,\"name\":\"Productes\",\"item\":\"https:\\\/\\\/www.viesmat.com\\\/productos\\\/\"},{\"@type\":\"ListItem\",\"position\":3,\"name\":\"Plaques cautx\u00fa alveolar\"}]},{\"@type\":\"WebSite\",\"@id\":\"https:\\\/\\\/www.viesmat.com\\\/#website\",\"url\":\"https:\\\/\\\/www.viesmat.com\\\/\",\"name\":\"VIESMAT\",\"description\":\"Felpudos de entrada, pavimentos de caucho y felpudos met\u00e1licos\",\"publisher\":{\"@id\":\"https:\\\/\\\/www.viesmat.com\\\/#organization\"},\"potentialAction\":[{\"@type\":\"SearchAction\",\"target\":{\"@type\":\"EntryPoint\",\"urlTemplate\":\"https:\\\/\\\/www.viesmat.com\\\/?s={search_term_string}\"},\"query-input\":{\"@type\":\"PropertyValueSpecification\",\"valueRequired\":true,\"valueName\":\"search_term_string\"}}],\"inLanguage\":\"ca\"},{\"@type\":\"Organization\",\"@id\":\"https:\\\/\\\/www.viesmat.com\\\/#organization\",\"name\":\"Viesmat\",\"url\":\"https:\\\/\\\/www.viesmat.com\\\/\",\"logo\":{\"@type\":\"ImageObject\",\"inLanguage\":\"ca\",\"@id\":\"https:\\\/\\\/www.viesmat.com\\\/#\\\/schema\\\/logo\\\/image\\\/\",\"url\":\"https:\\\/\\\/www.viesmat.com\\\/wp-content\\\/uploads\\\/2020\\\/09\\\/logo-VIESMAT.png\",\"contentUrl\":\"https:\\\/\\\/www.viesmat.com\\\/wp-content\\\/uploads\\\/2020\\\/09\\\/logo-VIESMAT.png\",\"width\":400,\"height\":86,\"caption\":\"Viesmat\"},\"image\":{\"@id\":\"https:\\\/\\\/www.viesmat.com\\\/#\\\/schema\\\/logo\\\/image\\\/\"},\"sameAs\":[\"https:\\\/\\\/www.facebook.com\\\/viesmat\"]}]}<\/script>\n<!-- \/ Yoast SEO plugin. -->","yoast_head_json":{"title":"Catifes de cautx\u00fa alveolar de gran durabilitat i resist\u00e8ncia | VIESMAT","description":"Catifes de cautx\u00fa alveolar per a zones humides, com vaixells navals o zones de neu i gel. Planxes de goma antilliscant i antifatiga.","robots":{"index":"index","follow":"follow","max-snippet":"max-snippet:-1","max-image-preview":"max-image-preview:large","max-video-preview":"max-video-preview:-1"},"canonical":"https:\/\/www.viesmat.com\/producte\/placa-caucho-alveolar\/","og_locale":"ca_ES","og_type":"article","og_title":"Catifes de cautx\u00fa alveolar de gran durabilitat i resist\u00e8ncia | VIESMAT","og_description":"Catifes de cautx\u00fa alveolar per a zones humides, com vaixells navals o zones de neu i gel. Planxes de goma antilliscant i antifatiga.","og_url":"https:\/\/www.viesmat.com\/producte\/placa-caucho-alveolar\/","og_site_name":"VIESMAT","article_publisher":"https:\/\/www.facebook.com\/viesmat","article_modified_time":"2021-12-16T11:10:40+00:00","og_image":[{"width":900,"height":700,"url":"https:\/\/www.viesmat.com\/wp-content\/uploads\/2020\/09\/alveolar3.jpg","type":"image\/jpeg"}],"twitter_card":"summary_large_image","schema":{"@context":"https:\/\/schema.org","@graph":[{"@type":"WebPage","@id":"https:\/\/www.viesmat.com\/producte\/placa-caucho-alveolar\/","url":"https:\/\/www.viesmat.com\/producte\/placa-caucho-alveolar\/","name":"Catifes de cautx\u00fa alveolar de gran durabilitat i resist\u00e8ncia | VIESMAT","isPartOf":{"@id":"https:\/\/www.viesmat.com\/#website"},"primaryImageOfPage":{"@id":"https:\/\/www.viesmat.com\/producte\/placa-caucho-alveolar\/#primaryimage"},"image":{"@id":"https:\/\/www.viesmat.com\/producte\/placa-caucho-alveolar\/#primaryimage"},"thumbnailUrl":"https:\/\/www.viesmat.com\/wp-content\/uploads\/2020\/09\/alveolar3.jpg","datePublished":"2020-09-24T22:22:51+00:00","dateModified":"2021-12-16T11:10:40+00:00","description":"Catifes de cautx\u00fa alveolar per a zones humides, com vaixells navals o zones de neu i gel. Planxes de goma antilliscant i antifatiga.","breadcrumb":{"@id":"https:\/\/www.viesmat.com\/producte\/placa-caucho-alveolar\/#breadcrumb"},"inLanguage":"ca","potentialAction":[{"@type":"ReadAction","target":["https:\/\/www.viesmat.com\/producte\/placa-caucho-alveolar\/"]}]},{"@type":"ImageObject","inLanguage":"ca","@id":"https:\/\/www.viesmat.com\/producte\/placa-caucho-alveolar\/#primaryimage","url":"https:\/\/www.viesmat.com\/wp-content\/uploads\/2020\/09\/alveolar3.jpg","contentUrl":"https:\/\/www.viesmat.com\/wp-content\/uploads\/2020\/09\/alveolar3.jpg","width":900,"height":700},{"@type":"BreadcrumbList","@id":"https:\/\/www.viesmat.com\/producte\/placa-caucho-alveolar\/#breadcrumb","itemListElement":[{"@type":"ListItem","position":1,"name":"Home","item":"https:\/\/www.viesmat.com\/ca\/"},{"@type":"ListItem","position":2,"name":"Productes","item":"https:\/\/www.viesmat.com\/productos\/"},{"@type":"ListItem","position":3,"name":"Plaques cautx\u00fa alveolar"}]},{"@type":"WebSite","@id":"https:\/\/www.viesmat.com\/#website","url":"https:\/\/www.viesmat.com\/","name":"VIESMAT","description":"Felpudos de entrada, pavimentos de caucho y felpudos met\u00e1licos","publisher":{"@id":"https:\/\/www.viesmat.com\/#organization"},"potentialAction":[{"@type":"SearchAction","target":{"@type":"EntryPoint","urlTemplate":"https:\/\/www.viesmat.com\/?s={search_term_string}"},"query-input":{"@type":"PropertyValueSpecification","valueRequired":true,"valueName":"search_term_string"}}],"inLanguage":"ca"},{"@type":"Organization","@id":"https:\/\/www.viesmat.com\/#organization","name":"Viesmat","url":"https:\/\/www.viesmat.com\/","logo":{"@type":"ImageObject","inLanguage":"ca","@id":"https:\/\/www.viesmat.com\/#\/schema\/logo\/image\/","url":"https:\/\/www.viesmat.com\/wp-content\/uploads\/2020\/09\/logo-VIESMAT.png","contentUrl":"https:\/\/www.viesmat.com\/wp-content\/uploads\/2020\/09\/logo-VIESMAT.png","width":400,"height":86,"caption":"Viesmat"},"image":{"@id":"https:\/\/www.viesmat.com\/#\/schema\/logo\/image\/"},"sameAs":["https:\/\/www.facebook.com\/viesmat"]}]}},"_links":{"self":[{"href":"https:\/\/www.viesmat.com\/ca\/wp-json\/wp\/v2\/product\/770","targetHints":{"allow":["GET"]}}],"collection":[{"href":"https:\/\/www.viesmat.com\/ca\/wp-json\/wp\/v2\/product"}],"about":[{"href":"https:\/\/www.viesmat.com\/ca\/wp-json\/wp\/v2\/types\/product"}],"wp:featuredmedia":[{"embeddable":true,"href":"https:\/\/www.viesmat.com\/ca\/wp-json\/wp\/v2\/media\/772"}],"wp:attachment":[{"href":"https:\/\/www.viesmat.com\/ca\/wp-json\/wp\/v2\/media?parent=770"}],"wp:term":[{"taxonomy":"product_brand","embeddable":true,"href":"https:\/\/www.viesmat.com\/ca\/wp-json\/wp\/v2\/product_brand?post=770"},{"taxonomy":"product_cat","embeddable":true,"href":"https:\/\/www.viesmat.com\/ca\/wp-json\/wp\/v2\/product_cat?post=770"},{"taxonomy":"product_tag","embeddable":true,"href":"https:\/\/www.viesmat.com\/ca\/wp-json\/wp\/v2\/product_tag?post=770"}],"curies":[{"name":"wp","href":"https:\/\/api.w.org\/{rel}","templated":true}]}}