{"id":786,"date":"2020-09-24T22:12:28","date_gmt":"2020-09-24T22:12:28","guid":{"rendered":"https:\/\/www.viesmat.com\/producto\/rollos-estriberas-y-checker\/"},"modified":"2021-12-16T12:23:57","modified_gmt":"2021-12-16T11:23:57","slug":"rotllos-estriberes-i-checker","status":"publish","type":"product","link":"https:\/\/www.viesmat.com\/ca\/producte\/rotllos-estriberes-i-checker\/","title":{"rendered":"Rotllos estriberes i checker"},"content":{"rendered":"<div class=\"wpb-content-wrapper\">[vc_row][vc_column][vc_column_text]Paviments de goma ratllada antilliscant ideal per a tot tipus d&#8217;usos i aplicacions.<\/p>\n<p>Catifes de Cautx\u00fa Estriat i Goma estriada.<\/p>\n<p><img loading=\"lazy\" decoding=\"async\" class=\"alignnone wp-image-227 size-full\" src=\"https:\/\/www.viesmat.com\/wp-content\/uploads\/2020\/09\/estriberas.jpg\" alt=\"\" width=\"463\" height=\"180\" srcset=\"https:\/\/www.viesmat.com\/wp-content\/uploads\/2020\/09\/estriberas.jpg 463w, https:\/\/www.viesmat.com\/wp-content\/uploads\/2020\/09\/estriberas-300x117.jpg 300w\" sizes=\"auto, (max-width: 463px) 100vw, 463px\" \/><\/p>\n<p><strong>Tipus d&#8217;estriberes cautx\u00fa:<\/strong><\/p>\n<ul>\n<li><strong>Rotllo Americana \/ Rectangular Negre en 3mm.:<\/strong><br \/>\n10x1mt. amb arpillera de yute en la base<br \/>\n10&#215;1,20mt. amb arpillera de yute en la base<br \/>\n10&#215;1,40mt. amb arpillera de yute en la base<br \/>\n10&#215;1,50mt. sense arpillera<\/li>\n<li><strong>Rotllo Triangular \/ Serra Negre en 3mm.:<\/strong><br \/>\n10&#215;1,20mt.<\/li>\n<li><strong>Rotllo Checker Negre i Gris en 3mm.:<\/strong><br \/>\n10&#215;1,40mt.<br \/>\n10&#215;1,50mt. *<\/li>\n<\/ul>\n<p>* Consultar disponibilitat[\/vc_column_text][\/vc_column][\/vc_row]\n<\/div>","protected":false},"excerpt":{"rendered":"<p>[vc_row][vc_column][vc_column_text]Paviments de goma ratllada antilliscant ideal per a tot tipus d&#8217;usos i aplicacions. Catifes de Cautx\u00fa Estriat i Goma estriada. Tipus d&#8217;estriberes cautx\u00fa: Rotllo Americana \/ Rectangular Negre en 3mm.: 10x1mt. amb arpillera de yute en la base 10&#215;1,20mt. amb arpillera de yute en la base 10&#215;1,40mt. amb arpillera de yute en la base 10&#215;1,50mt.&hellip;<\/p>\n","protected":false},"featured_media":788,"template":"","meta":[],"product_brand":[],"product_cat":[46],"product_tag":[],"class_list":{"0":"post-786","1":"product","2":"type-product","3":"status-publish","4":"has-post-thumbnail","6":"product_cat-paviments-de-cautxu","7":"entry","8":"has-media","10":"first","11":"instock","12":"shipping-taxable","13":"purchasable","14":"product-type-simple"},"yoast_head":"<!-- This site is optimized with the Yoast SEO plugin v27.4 - https:\/\/yoast.com\/product\/yoast-seo-wordpress\/ -->\n<title>Rotllos estriberes i checker | VIESMAT<\/title>\n<meta name=\"description\" content=\"El paviment de cautx\u00fa estriat \u00e9s usat per a zones on la protecci\u00f3 i la seguretat s\u00f3n de molta import\u00e0ncia.\" \/>\n<meta name=\"robots\" content=\"index, follow, max-snippet:-1, max-image-preview:large, max-video-preview:-1\" \/>\n<link rel=\"canonical\" href=\"https:\/\/www.viesmat.com\/producte\/rollos-estriberas-y-checker\/\" \/>\n<meta property=\"og:locale\" content=\"ca_ES\" \/>\n<meta property=\"og:type\" content=\"article\" \/>\n<meta property=\"og:title\" content=\"Rotllos estriberes i checker | VIESMAT\" \/>\n<meta property=\"og:description\" content=\"El paviment de cautx\u00fa estriat \u00e9s usat per a zones on la protecci\u00f3 i la seguretat s\u00f3n de molta import\u00e0ncia.\" \/>\n<meta property=\"og:url\" content=\"https:\/\/www.viesmat.com\/producte\/rollos-estriberas-y-checker\/\" \/>\n<meta property=\"og:site_name\" content=\"VIESMAT\" \/>\n<meta property=\"article:publisher\" content=\"https:\/\/www.facebook.com\/viesmat\" \/>\n<meta property=\"article:modified_time\" content=\"2021-12-16T11:23:57+00:00\" \/>\n<meta property=\"og:image\" content=\"https:\/\/www.viesmat.com\/wp-content\/uploads\/2020\/09\/estriberas2.jpg\" \/>\n\t<meta property=\"og:image:width\" content=\"900\" \/>\n\t<meta property=\"og:image:height\" content=\"700\" \/>\n\t<meta property=\"og:image:type\" content=\"image\/jpeg\" \/>\n<meta name=\"twitter:card\" content=\"summary_large_image\" \/>\n<script type=\"application\/ld+json\" class=\"yoast-schema-graph\">{\"@context\":\"https:\\\/\\\/schema.org\",\"@graph\":[{\"@type\":\"WebPage\",\"@id\":\"https:\\\/\\\/www.viesmat.com\\\/producte\\\/rollos-estriberas-y-checker\\\/\",\"url\":\"https:\\\/\\\/www.viesmat.com\\\/producte\\\/rollos-estriberas-y-checker\\\/\",\"name\":\"Rotllos estriberes i checker | VIESMAT\",\"isPartOf\":{\"@id\":\"https:\\\/\\\/www.viesmat.com\\\/#website\"},\"primaryImageOfPage\":{\"@id\":\"https:\\\/\\\/www.viesmat.com\\\/producte\\\/rollos-estriberas-y-checker\\\/#primaryimage\"},\"image\":{\"@id\":\"https:\\\/\\\/www.viesmat.com\\\/producte\\\/rollos-estriberas-y-checker\\\/#primaryimage\"},\"thumbnailUrl\":\"https:\\\/\\\/www.viesmat.com\\\/wp-content\\\/uploads\\\/2020\\\/09\\\/estriberas2.jpg\",\"datePublished\":\"2020-09-24T22:12:28+00:00\",\"dateModified\":\"2021-12-16T11:23:57+00:00\",\"description\":\"El paviment de cautx\u00fa estriat \u00e9s usat per a zones on la protecci\u00f3 i la seguretat s\u00f3n de molta import\u00e0ncia.\",\"breadcrumb\":{\"@id\":\"https:\\\/\\\/www.viesmat.com\\\/producte\\\/rollos-estriberas-y-checker\\\/#breadcrumb\"},\"inLanguage\":\"ca\",\"potentialAction\":[{\"@type\":\"ReadAction\",\"target\":[\"https:\\\/\\\/www.viesmat.com\\\/producte\\\/rollos-estriberas-y-checker\\\/\"]}]},{\"@type\":\"ImageObject\",\"inLanguage\":\"ca\",\"@id\":\"https:\\\/\\\/www.viesmat.com\\\/producte\\\/rollos-estriberas-y-checker\\\/#primaryimage\",\"url\":\"https:\\\/\\\/www.viesmat.com\\\/wp-content\\\/uploads\\\/2020\\\/09\\\/estriberas2.jpg\",\"contentUrl\":\"https:\\\/\\\/www.viesmat.com\\\/wp-content\\\/uploads\\\/2020\\\/09\\\/estriberas2.jpg\",\"width\":900,\"height\":700},{\"@type\":\"BreadcrumbList\",\"@id\":\"https:\\\/\\\/www.viesmat.com\\\/producte\\\/rollos-estriberas-y-checker\\\/#breadcrumb\",\"itemListElement\":[{\"@type\":\"ListItem\",\"position\":1,\"name\":\"Home\",\"item\":\"https:\\\/\\\/www.viesmat.com\\\/ca\\\/\"},{\"@type\":\"ListItem\",\"position\":2,\"name\":\"Productes\",\"item\":\"https:\\\/\\\/www.viesmat.com\\\/productos\\\/\"},{\"@type\":\"ListItem\",\"position\":3,\"name\":\"Rotllos estriberes i checker\"}]},{\"@type\":\"WebSite\",\"@id\":\"https:\\\/\\\/www.viesmat.com\\\/#website\",\"url\":\"https:\\\/\\\/www.viesmat.com\\\/\",\"name\":\"VIESMAT\",\"description\":\"Felpudos de entrada, pavimentos de caucho y felpudos met\u00e1licos\",\"publisher\":{\"@id\":\"https:\\\/\\\/www.viesmat.com\\\/#organization\"},\"potentialAction\":[{\"@type\":\"SearchAction\",\"target\":{\"@type\":\"EntryPoint\",\"urlTemplate\":\"https:\\\/\\\/www.viesmat.com\\\/?s={search_term_string}\"},\"query-input\":{\"@type\":\"PropertyValueSpecification\",\"valueRequired\":true,\"valueName\":\"search_term_string\"}}],\"inLanguage\":\"ca\"},{\"@type\":\"Organization\",\"@id\":\"https:\\\/\\\/www.viesmat.com\\\/#organization\",\"name\":\"Viesmat\",\"url\":\"https:\\\/\\\/www.viesmat.com\\\/\",\"logo\":{\"@type\":\"ImageObject\",\"inLanguage\":\"ca\",\"@id\":\"https:\\\/\\\/www.viesmat.com\\\/#\\\/schema\\\/logo\\\/image\\\/\",\"url\":\"https:\\\/\\\/www.viesmat.com\\\/wp-content\\\/uploads\\\/2020\\\/09\\\/logo-VIESMAT.png\",\"contentUrl\":\"https:\\\/\\\/www.viesmat.com\\\/wp-content\\\/uploads\\\/2020\\\/09\\\/logo-VIESMAT.png\",\"width\":400,\"height\":86,\"caption\":\"Viesmat\"},\"image\":{\"@id\":\"https:\\\/\\\/www.viesmat.com\\\/#\\\/schema\\\/logo\\\/image\\\/\"},\"sameAs\":[\"https:\\\/\\\/www.facebook.com\\\/viesmat\"]}]}<\/script>\n<!-- \/ Yoast SEO plugin. -->","yoast_head_json":{"title":"Rotllos estriberes i checker | VIESMAT","description":"El paviment de cautx\u00fa estriat \u00e9s usat per a zones on la protecci\u00f3 i la seguretat s\u00f3n de molta import\u00e0ncia.","robots":{"index":"index","follow":"follow","max-snippet":"max-snippet:-1","max-image-preview":"max-image-preview:large","max-video-preview":"max-video-preview:-1"},"canonical":"https:\/\/www.viesmat.com\/producte\/rollos-estriberas-y-checker\/","og_locale":"ca_ES","og_type":"article","og_title":"Rotllos estriberes i checker | VIESMAT","og_description":"El paviment de cautx\u00fa estriat \u00e9s usat per a zones on la protecci\u00f3 i la seguretat s\u00f3n de molta import\u00e0ncia.","og_url":"https:\/\/www.viesmat.com\/producte\/rollos-estriberas-y-checker\/","og_site_name":"VIESMAT","article_publisher":"https:\/\/www.facebook.com\/viesmat","article_modified_time":"2021-12-16T11:23:57+00:00","og_image":[{"width":900,"height":700,"url":"https:\/\/www.viesmat.com\/wp-content\/uploads\/2020\/09\/estriberas2.jpg","type":"image\/jpeg"}],"twitter_card":"summary_large_image","schema":{"@context":"https:\/\/schema.org","@graph":[{"@type":"WebPage","@id":"https:\/\/www.viesmat.com\/producte\/rollos-estriberas-y-checker\/","url":"https:\/\/www.viesmat.com\/producte\/rollos-estriberas-y-checker\/","name":"Rotllos estriberes i checker | VIESMAT","isPartOf":{"@id":"https:\/\/www.viesmat.com\/#website"},"primaryImageOfPage":{"@id":"https:\/\/www.viesmat.com\/producte\/rollos-estriberas-y-checker\/#primaryimage"},"image":{"@id":"https:\/\/www.viesmat.com\/producte\/rollos-estriberas-y-checker\/#primaryimage"},"thumbnailUrl":"https:\/\/www.viesmat.com\/wp-content\/uploads\/2020\/09\/estriberas2.jpg","datePublished":"2020-09-24T22:12:28+00:00","dateModified":"2021-12-16T11:23:57+00:00","description":"El paviment de cautx\u00fa estriat \u00e9s usat per a zones on la protecci\u00f3 i la seguretat s\u00f3n de molta import\u00e0ncia.","breadcrumb":{"@id":"https:\/\/www.viesmat.com\/producte\/rollos-estriberas-y-checker\/#breadcrumb"},"inLanguage":"ca","potentialAction":[{"@type":"ReadAction","target":["https:\/\/www.viesmat.com\/producte\/rollos-estriberas-y-checker\/"]}]},{"@type":"ImageObject","inLanguage":"ca","@id":"https:\/\/www.viesmat.com\/producte\/rollos-estriberas-y-checker\/#primaryimage","url":"https:\/\/www.viesmat.com\/wp-content\/uploads\/2020\/09\/estriberas2.jpg","contentUrl":"https:\/\/www.viesmat.com\/wp-content\/uploads\/2020\/09\/estriberas2.jpg","width":900,"height":700},{"@type":"BreadcrumbList","@id":"https:\/\/www.viesmat.com\/producte\/rollos-estriberas-y-checker\/#breadcrumb","itemListElement":[{"@type":"ListItem","position":1,"name":"Home","item":"https:\/\/www.viesmat.com\/ca\/"},{"@type":"ListItem","position":2,"name":"Productes","item":"https:\/\/www.viesmat.com\/productos\/"},{"@type":"ListItem","position":3,"name":"Rotllos estriberes i checker"}]},{"@type":"WebSite","@id":"https:\/\/www.viesmat.com\/#website","url":"https:\/\/www.viesmat.com\/","name":"VIESMAT","description":"Felpudos de entrada, pavimentos de caucho y felpudos met\u00e1licos","publisher":{"@id":"https:\/\/www.viesmat.com\/#organization"},"potentialAction":[{"@type":"SearchAction","target":{"@type":"EntryPoint","urlTemplate":"https:\/\/www.viesmat.com\/?s={search_term_string}"},"query-input":{"@type":"PropertyValueSpecification","valueRequired":true,"valueName":"search_term_string"}}],"inLanguage":"ca"},{"@type":"Organization","@id":"https:\/\/www.viesmat.com\/#organization","name":"Viesmat","url":"https:\/\/www.viesmat.com\/","logo":{"@type":"ImageObject","inLanguage":"ca","@id":"https:\/\/www.viesmat.com\/#\/schema\/logo\/image\/","url":"https:\/\/www.viesmat.com\/wp-content\/uploads\/2020\/09\/logo-VIESMAT.png","contentUrl":"https:\/\/www.viesmat.com\/wp-content\/uploads\/2020\/09\/logo-VIESMAT.png","width":400,"height":86,"caption":"Viesmat"},"image":{"@id":"https:\/\/www.viesmat.com\/#\/schema\/logo\/image\/"},"sameAs":["https:\/\/www.facebook.com\/viesmat"]}]}},"_links":{"self":[{"href":"https:\/\/www.viesmat.com\/ca\/wp-json\/wp\/v2\/product\/786","targetHints":{"allow":["GET"]}}],"collection":[{"href":"https:\/\/www.viesmat.com\/ca\/wp-json\/wp\/v2\/product"}],"about":[{"href":"https:\/\/www.viesmat.com\/ca\/wp-json\/wp\/v2\/types\/product"}],"wp:featuredmedia":[{"embeddable":true,"href":"https:\/\/www.viesmat.com\/ca\/wp-json\/wp\/v2\/media\/788"}],"wp:attachment":[{"href":"https:\/\/www.viesmat.com\/ca\/wp-json\/wp\/v2\/media?parent=786"}],"wp:term":[{"taxonomy":"product_brand","embeddable":true,"href":"https:\/\/www.viesmat.com\/ca\/wp-json\/wp\/v2\/product_brand?post=786"},{"taxonomy":"product_cat","embeddable":true,"href":"https:\/\/www.viesmat.com\/ca\/wp-json\/wp\/v2\/product_cat?post=786"},{"taxonomy":"product_tag","embeddable":true,"href":"https:\/\/www.viesmat.com\/ca\/wp-json\/wp\/v2\/product_tag?post=786"}],"curies":[{"name":"wp","href":"https:\/\/api.w.org\/{rel}","templated":true}]}}