{"id":799,"date":"2020-09-26T21:57:11","date_gmt":"2020-09-26T21:57:11","guid":{"rendered":"https:\/\/www.viesmat.com\/producto\/suelos-de-caucho-para-zonas-de-nieve\/"},"modified":"2021-12-16T12:27:48","modified_gmt":"2021-12-16T11:27:48","slug":"terres-de-cautxu-per-neu","status":"publish","type":"product","link":"https:\/\/www.viesmat.com\/ca\/producte\/terres-de-cautxu-per-neu\/","title":{"rendered":"Terres de cautx\u00fa per zones de neu"},"content":{"rendered":"<div class=\"wpb-content-wrapper\">[vc_row][vc_column][vc_column_text]Fabricant de tot tipus de paviment de cautx\u00fa per a la neu. Terres de cautx\u00fa per zones on la neu, gel o fang s\u00f3n un problema.<\/p>\n<p>Les catifes de cautx\u00fa\u00a0 tipus &#8220;Alveolar&#8221; \u00e9s un remei infal.lible com a revestiment per a estacions d&#8217;esqu\u00ed doncs evacua l&#8217;aigua per la part inferior.<\/p>\n<p>T\u00e9 un disseny elegant i confortable que permet reduir l&#8217;impacte amb el terra, permetent un caminar silenci\u00f3s i descansat[\/vc_column_text][vc_row_inner css=&#8221;.vc_custom_1601157674431{margin-top: 20px !important;}&#8221;][vc_column_inner width=&#8221;1\/2&#8243;][vc_column_text]<strong>PLACA CAUTX\u00da ALVEOLAR:<\/strong><\/p>\n<p>150x100cm. en 22mm.<br \/>\nFons obert i fons tancat<\/p>\n<p><img loading=\"lazy\" decoding=\"async\" class=\"alignnone wp-image-232 size-full\" src=\"https:\/\/www.viesmat.com\/wp-content\/uploads\/2020\/09\/alveolar.jpg\" alt=\"\" width=\"263\" height=\"235\" \/><\/p>\n<p><img loading=\"lazy\" decoding=\"async\" class=\"size-full wp-image-776\" src=\"https:\/\/www.viesmat.com\/wp-content\/uploads\/2020\/09\/alveolar_cerrado.jpg\" alt=\"\" width=\"263\" height=\"235\" \/><\/p>\n<p><strong>RAJOLES CLIC MAT:<\/strong><\/p>\n<p>90x90cm en 14mm.<br \/>\nFons obert<\/p>\n<p><img loading=\"lazy\" decoding=\"async\" class=\"alignnone wp-image-1184\" src=\"https:\/\/www.viesmat.com\/wp-content\/uploads\/2020\/09\/clic_mat0.jpg\" alt=\"\" width=\"234\" height=\"234\" srcset=\"https:\/\/www.viesmat.com\/wp-content\/uploads\/2020\/09\/clic_mat0.jpg 650w, https:\/\/www.viesmat.com\/wp-content\/uploads\/2020\/09\/clic_mat0-300x300.jpg 300w, https:\/\/www.viesmat.com\/wp-content\/uploads\/2020\/09\/clic_mat0-150x150.jpg 150w, https:\/\/www.viesmat.com\/wp-content\/uploads\/2020\/09\/clic_mat0-600x600.jpg 600w, https:\/\/www.viesmat.com\/wp-content\/uploads\/2020\/09\/clic_mat0-100x100.jpg 100w\" sizes=\"auto, (max-width: 234px) 100vw, 234px\" \/>[\/vc_column_text][\/vc_column_inner][vc_column_inner width=&#8221;1\/2&#8243;]<figure class=\"vcex-image vcex-module wpex-text-left\"><div class=\"vcex-image-inner wpex-relative wpex-w-100\"><img width=\"289\" height=\"163\" src=\"https:\/\/www.viesmat.com\/wp-content\/uploads\/2020\/09\/escalera-caucho-nieve.jpg\" class=\"vcex-image-img wpex-align-middle wpex-w-100\" alt=\"\" loading=\"lazy\" decoding=\"async\" \/><\/div><\/figure><figure class=\"vcex-image vcex-module wpex-text-left\"><div class=\"vcex-image-inner wpex-relative wpex-w-100\"><img width=\"223\" height=\"298\" src=\"https:\/\/www.viesmat.com\/wp-content\/uploads\/2020\/09\/suelos_especiales.jpg\" class=\"vcex-image-img wpex-align-middle wpex-w-100\" alt=\"\" loading=\"lazy\" decoding=\"async\" \/><\/div><\/figure><figure class=\"vcex-image vcex-module wpex-text-left\"><div class=\"vcex-image-inner wpex-relative wpex-w-100\"><img width=\"289\" height=\"163\" src=\"https:\/\/www.viesmat.com\/wp-content\/uploads\/2020\/09\/suelo-caucho-nieve.jpg\" class=\"vcex-image-img wpex-align-middle wpex-w-100\" alt=\"\" loading=\"lazy\" decoding=\"async\" \/><\/div><\/figure>[\/vc_column_inner][\/vc_row_inner][\/vc_column][\/vc_row]\n<\/div>","protected":false},"excerpt":{"rendered":"<p>[vc_row][vc_column][vc_column_text]Fabricant de tot tipus de paviment de cautx\u00fa per a la neu. Terres de cautx\u00fa per zones on la neu, gel o fang s\u00f3n un problema. Les catifes de cautx\u00fa\u00a0 tipus &#8220;Alveolar&#8221; \u00e9s un remei infal.lible com a revestiment per a estacions d&#8217;esqu\u00ed doncs evacua l&#8217;aigua per la part inferior. T\u00e9 un disseny elegant i&hellip;<\/p>\n","protected":false},"featured_media":801,"template":"","meta":[],"product_brand":[],"product_cat":[52],"product_tag":[],"class_list":{"0":"post-799","1":"product","2":"type-product","3":"status-publish","4":"has-post-thumbnail","6":"product_cat-terres-especials","7":"entry","8":"has-media","10":"first","11":"instock","12":"shipping-taxable","13":"purchasable","14":"product-type-simple"},"yoast_head":"<!-- This site is optimized with the Yoast SEO plugin v27.4 - https:\/\/yoast.com\/product\/yoast-seo-wordpress\/ -->\n<title>Terres de cautx\u00fa per zones de neu | VIESMAT<\/title>\n<meta name=\"description\" content=\"L\u00edder i especialista en el subministrament de terres de goma per a zones de neu, gel i fang. Paviments de cautx\u00fa per a estacions d&#039;esqu\u00ed.\" \/>\n<meta name=\"robots\" content=\"index, follow, max-snippet:-1, max-image-preview:large, max-video-preview:-1\" \/>\n<link rel=\"canonical\" href=\"https:\/\/www.viesmat.com\/producte\/suelos-de-caucho-para-zonas-de-nieve\/\" \/>\n<meta property=\"og:locale\" content=\"ca_ES\" \/>\n<meta property=\"og:type\" content=\"article\" \/>\n<meta property=\"og:title\" content=\"Terres de cautx\u00fa per zones de neu | VIESMAT\" \/>\n<meta property=\"og:description\" content=\"L\u00edder i especialista en el subministrament de terres de goma per a zones de neu, gel i fang. Paviments de cautx\u00fa per a estacions d&#039;esqu\u00ed.\" \/>\n<meta property=\"og:url\" content=\"https:\/\/www.viesmat.com\/producte\/suelos-de-caucho-para-zonas-de-nieve\/\" \/>\n<meta property=\"og:site_name\" content=\"VIESMAT\" \/>\n<meta property=\"article:publisher\" content=\"https:\/\/www.facebook.com\/viesmat\" \/>\n<meta property=\"article:modified_time\" content=\"2021-12-16T11:27:48+00:00\" \/>\n<meta property=\"og:image\" content=\"https:\/\/www.viesmat.com\/wp-content\/uploads\/2020\/09\/alveolar-nieve-1.jpg\" \/>\n\t<meta property=\"og:image:width\" content=\"665\" \/>\n\t<meta property=\"og:image:height\" content=\"500\" \/>\n\t<meta property=\"og:image:type\" content=\"image\/jpeg\" \/>\n<meta name=\"twitter:card\" content=\"summary_large_image\" \/>\n<meta name=\"twitter:label1\" content=\"Temps estimat de lectura\" \/>\n\t<meta name=\"twitter:data1\" content=\"1 minut\" \/>\n<script type=\"application\/ld+json\" class=\"yoast-schema-graph\">{\"@context\":\"https:\\\/\\\/schema.org\",\"@graph\":[{\"@type\":\"WebPage\",\"@id\":\"https:\\\/\\\/www.viesmat.com\\\/producte\\\/suelos-de-caucho-para-zonas-de-nieve\\\/\",\"url\":\"https:\\\/\\\/www.viesmat.com\\\/producte\\\/suelos-de-caucho-para-zonas-de-nieve\\\/\",\"name\":\"Terres de cautx\u00fa per zones de neu | VIESMAT\",\"isPartOf\":{\"@id\":\"https:\\\/\\\/www.viesmat.com\\\/#website\"},\"primaryImageOfPage\":{\"@id\":\"https:\\\/\\\/www.viesmat.com\\\/producte\\\/suelos-de-caucho-para-zonas-de-nieve\\\/#primaryimage\"},\"image\":{\"@id\":\"https:\\\/\\\/www.viesmat.com\\\/producte\\\/suelos-de-caucho-para-zonas-de-nieve\\\/#primaryimage\"},\"thumbnailUrl\":\"https:\\\/\\\/www.viesmat.com\\\/wp-content\\\/uploads\\\/2020\\\/09\\\/alveolar-nieve-1.jpg\",\"datePublished\":\"2020-09-26T21:57:11+00:00\",\"dateModified\":\"2021-12-16T11:27:48+00:00\",\"description\":\"L\u00edder i especialista en el subministrament de terres de goma per a zones de neu, gel i fang. Paviments de cautx\u00fa per a estacions d'esqu\u00ed.\",\"breadcrumb\":{\"@id\":\"https:\\\/\\\/www.viesmat.com\\\/producte\\\/suelos-de-caucho-para-zonas-de-nieve\\\/#breadcrumb\"},\"inLanguage\":\"ca\",\"potentialAction\":[{\"@type\":\"ReadAction\",\"target\":[\"https:\\\/\\\/www.viesmat.com\\\/producte\\\/suelos-de-caucho-para-zonas-de-nieve\\\/\"]}]},{\"@type\":\"ImageObject\",\"inLanguage\":\"ca\",\"@id\":\"https:\\\/\\\/www.viesmat.com\\\/producte\\\/suelos-de-caucho-para-zonas-de-nieve\\\/#primaryimage\",\"url\":\"https:\\\/\\\/www.viesmat.com\\\/wp-content\\\/uploads\\\/2020\\\/09\\\/alveolar-nieve-1.jpg\",\"contentUrl\":\"https:\\\/\\\/www.viesmat.com\\\/wp-content\\\/uploads\\\/2020\\\/09\\\/alveolar-nieve-1.jpg\",\"width\":665,\"height\":500},{\"@type\":\"BreadcrumbList\",\"@id\":\"https:\\\/\\\/www.viesmat.com\\\/producte\\\/suelos-de-caucho-para-zonas-de-nieve\\\/#breadcrumb\",\"itemListElement\":[{\"@type\":\"ListItem\",\"position\":1,\"name\":\"Home\",\"item\":\"https:\\\/\\\/www.viesmat.com\\\/ca\\\/\"},{\"@type\":\"ListItem\",\"position\":2,\"name\":\"Productes\",\"item\":\"https:\\\/\\\/www.viesmat.com\\\/productos\\\/\"},{\"@type\":\"ListItem\",\"position\":3,\"name\":\"Terres de cautx\u00fa per zones de neu\"}]},{\"@type\":\"WebSite\",\"@id\":\"https:\\\/\\\/www.viesmat.com\\\/#website\",\"url\":\"https:\\\/\\\/www.viesmat.com\\\/\",\"name\":\"VIESMAT\",\"description\":\"Felpudos de entrada, pavimentos de caucho y felpudos met\u00e1licos\",\"publisher\":{\"@id\":\"https:\\\/\\\/www.viesmat.com\\\/#organization\"},\"potentialAction\":[{\"@type\":\"SearchAction\",\"target\":{\"@type\":\"EntryPoint\",\"urlTemplate\":\"https:\\\/\\\/www.viesmat.com\\\/?s={search_term_string}\"},\"query-input\":{\"@type\":\"PropertyValueSpecification\",\"valueRequired\":true,\"valueName\":\"search_term_string\"}}],\"inLanguage\":\"ca\"},{\"@type\":\"Organization\",\"@id\":\"https:\\\/\\\/www.viesmat.com\\\/#organization\",\"name\":\"Viesmat\",\"url\":\"https:\\\/\\\/www.viesmat.com\\\/\",\"logo\":{\"@type\":\"ImageObject\",\"inLanguage\":\"ca\",\"@id\":\"https:\\\/\\\/www.viesmat.com\\\/#\\\/schema\\\/logo\\\/image\\\/\",\"url\":\"https:\\\/\\\/www.viesmat.com\\\/wp-content\\\/uploads\\\/2020\\\/09\\\/logo-VIESMAT.png\",\"contentUrl\":\"https:\\\/\\\/www.viesmat.com\\\/wp-content\\\/uploads\\\/2020\\\/09\\\/logo-VIESMAT.png\",\"width\":400,\"height\":86,\"caption\":\"Viesmat\"},\"image\":{\"@id\":\"https:\\\/\\\/www.viesmat.com\\\/#\\\/schema\\\/logo\\\/image\\\/\"},\"sameAs\":[\"https:\\\/\\\/www.facebook.com\\\/viesmat\"]}]}<\/script>\n<!-- \/ Yoast SEO plugin. -->","yoast_head_json":{"title":"Terres de cautx\u00fa per zones de neu | VIESMAT","description":"L\u00edder i especialista en el subministrament de terres de goma per a zones de neu, gel i fang. Paviments de cautx\u00fa per a estacions d'esqu\u00ed.","robots":{"index":"index","follow":"follow","max-snippet":"max-snippet:-1","max-image-preview":"max-image-preview:large","max-video-preview":"max-video-preview:-1"},"canonical":"https:\/\/www.viesmat.com\/producte\/suelos-de-caucho-para-zonas-de-nieve\/","og_locale":"ca_ES","og_type":"article","og_title":"Terres de cautx\u00fa per zones de neu | VIESMAT","og_description":"L\u00edder i especialista en el subministrament de terres de goma per a zones de neu, gel i fang. Paviments de cautx\u00fa per a estacions d'esqu\u00ed.","og_url":"https:\/\/www.viesmat.com\/producte\/suelos-de-caucho-para-zonas-de-nieve\/","og_site_name":"VIESMAT","article_publisher":"https:\/\/www.facebook.com\/viesmat","article_modified_time":"2021-12-16T11:27:48+00:00","og_image":[{"width":665,"height":500,"url":"https:\/\/www.viesmat.com\/wp-content\/uploads\/2020\/09\/alveolar-nieve-1.jpg","type":"image\/jpeg"}],"twitter_card":"summary_large_image","twitter_misc":{"Temps estimat de lectura":"1 minut"},"schema":{"@context":"https:\/\/schema.org","@graph":[{"@type":"WebPage","@id":"https:\/\/www.viesmat.com\/producte\/suelos-de-caucho-para-zonas-de-nieve\/","url":"https:\/\/www.viesmat.com\/producte\/suelos-de-caucho-para-zonas-de-nieve\/","name":"Terres de cautx\u00fa per zones de neu | VIESMAT","isPartOf":{"@id":"https:\/\/www.viesmat.com\/#website"},"primaryImageOfPage":{"@id":"https:\/\/www.viesmat.com\/producte\/suelos-de-caucho-para-zonas-de-nieve\/#primaryimage"},"image":{"@id":"https:\/\/www.viesmat.com\/producte\/suelos-de-caucho-para-zonas-de-nieve\/#primaryimage"},"thumbnailUrl":"https:\/\/www.viesmat.com\/wp-content\/uploads\/2020\/09\/alveolar-nieve-1.jpg","datePublished":"2020-09-26T21:57:11+00:00","dateModified":"2021-12-16T11:27:48+00:00","description":"L\u00edder i especialista en el subministrament de terres de goma per a zones de neu, gel i fang. Paviments de cautx\u00fa per a estacions d'esqu\u00ed.","breadcrumb":{"@id":"https:\/\/www.viesmat.com\/producte\/suelos-de-caucho-para-zonas-de-nieve\/#breadcrumb"},"inLanguage":"ca","potentialAction":[{"@type":"ReadAction","target":["https:\/\/www.viesmat.com\/producte\/suelos-de-caucho-para-zonas-de-nieve\/"]}]},{"@type":"ImageObject","inLanguage":"ca","@id":"https:\/\/www.viesmat.com\/producte\/suelos-de-caucho-para-zonas-de-nieve\/#primaryimage","url":"https:\/\/www.viesmat.com\/wp-content\/uploads\/2020\/09\/alveolar-nieve-1.jpg","contentUrl":"https:\/\/www.viesmat.com\/wp-content\/uploads\/2020\/09\/alveolar-nieve-1.jpg","width":665,"height":500},{"@type":"BreadcrumbList","@id":"https:\/\/www.viesmat.com\/producte\/suelos-de-caucho-para-zonas-de-nieve\/#breadcrumb","itemListElement":[{"@type":"ListItem","position":1,"name":"Home","item":"https:\/\/www.viesmat.com\/ca\/"},{"@type":"ListItem","position":2,"name":"Productes","item":"https:\/\/www.viesmat.com\/productos\/"},{"@type":"ListItem","position":3,"name":"Terres de cautx\u00fa per zones de neu"}]},{"@type":"WebSite","@id":"https:\/\/www.viesmat.com\/#website","url":"https:\/\/www.viesmat.com\/","name":"VIESMAT","description":"Felpudos de entrada, pavimentos de caucho y felpudos met\u00e1licos","publisher":{"@id":"https:\/\/www.viesmat.com\/#organization"},"potentialAction":[{"@type":"SearchAction","target":{"@type":"EntryPoint","urlTemplate":"https:\/\/www.viesmat.com\/?s={search_term_string}"},"query-input":{"@type":"PropertyValueSpecification","valueRequired":true,"valueName":"search_term_string"}}],"inLanguage":"ca"},{"@type":"Organization","@id":"https:\/\/www.viesmat.com\/#organization","name":"Viesmat","url":"https:\/\/www.viesmat.com\/","logo":{"@type":"ImageObject","inLanguage":"ca","@id":"https:\/\/www.viesmat.com\/#\/schema\/logo\/image\/","url":"https:\/\/www.viesmat.com\/wp-content\/uploads\/2020\/09\/logo-VIESMAT.png","contentUrl":"https:\/\/www.viesmat.com\/wp-content\/uploads\/2020\/09\/logo-VIESMAT.png","width":400,"height":86,"caption":"Viesmat"},"image":{"@id":"https:\/\/www.viesmat.com\/#\/schema\/logo\/image\/"},"sameAs":["https:\/\/www.facebook.com\/viesmat"]}]}},"_links":{"self":[{"href":"https:\/\/www.viesmat.com\/ca\/wp-json\/wp\/v2\/product\/799","targetHints":{"allow":["GET"]}}],"collection":[{"href":"https:\/\/www.viesmat.com\/ca\/wp-json\/wp\/v2\/product"}],"about":[{"href":"https:\/\/www.viesmat.com\/ca\/wp-json\/wp\/v2\/types\/product"}],"wp:featuredmedia":[{"embeddable":true,"href":"https:\/\/www.viesmat.com\/ca\/wp-json\/wp\/v2\/media\/801"}],"wp:attachment":[{"href":"https:\/\/www.viesmat.com\/ca\/wp-json\/wp\/v2\/media?parent=799"}],"wp:term":[{"taxonomy":"product_brand","embeddable":true,"href":"https:\/\/www.viesmat.com\/ca\/wp-json\/wp\/v2\/product_brand?post=799"},{"taxonomy":"product_cat","embeddable":true,"href":"https:\/\/www.viesmat.com\/ca\/wp-json\/wp\/v2\/product_cat?post=799"},{"taxonomy":"product_tag","embeddable":true,"href":"https:\/\/www.viesmat.com\/ca\/wp-json\/wp\/v2\/product_tag?post=799"}],"curies":[{"name":"wp","href":"https:\/\/api.w.org\/{rel}","templated":true}]}}