{"id":809,"date":"2020-09-26T21:21:10","date_gmt":"2020-09-26T21:21:10","guid":{"rendered":"https:\/\/www.viesmat.com\/producto\/alfombras-antifatiga\/"},"modified":"2023-02-26T13:51:54","modified_gmt":"2023-02-26T12:51:54","slug":"catifes-antifatiga","status":"publish","type":"product","link":"https:\/\/www.viesmat.com\/ca\/producte\/catifes-antifatiga\/","title":{"rendered":"Catifes antifatiga"},"content":{"rendered":"<div class=\"wpb-content-wrapper\">[vc_row][vc_column][vc_column_text]Catifes ergon\u00f2miques per reduir el cansament i la fatiga. Catifes industrials per a qualsevol situaci\u00f3.<\/p>\n<p><strong>Veure MODELS STANDARD:<\/strong>[\/vc_column_text][\/vc_column][\/vc_row][vc_row column_spacing=&#8221;0px&#8221; remove_bottom_col_margin=&#8221;true&#8221; css=&#8221;.vc_custom_1601147962096{border-top-width: 1px !important;border-right-width: 1px !important;border-bottom-width: 1px !important;border-left-width: 1px !important;padding-top: 20px !important;padding-right: 20px !important;padding-bottom: 20px !important;padding-left: 20px !important;background-color: #f7f7f7 !important;border-left-color: #ededed !important;border-left-style: solid !important;border-right-color: #ededed !important;border-right-style: solid !important;border-top-color: #ededed !important;border-top-style: solid !important;border-bottom-color: #ededed !important;border-bottom-style: solid !important;}&#8221;][vc_column width=&#8221;1\/3&#8243;]<figure class=\"vcex-image vcex-module wpex-text-left\"><div class=\"vcex-image-inner wpex-relative wpex-w-100\"><img loading=\"lazy\" class=\"vcex-image-img wpex-align-middle wpex-w-100\" decoding=\"async\" src=\"https:\/\/www.viesmat.com\/wp-content\/uploads\/2020\/09\/alveolar.jpg\" alt=\"\" width=\"263\" height=\"235\"><\/div><\/figure>[\/vc_column][vc_column width=&#8221;2\/3&#8243; css=&#8221;.vc_custom_1601148012062{padding-top: 20px !important;padding-right: 20px !important;padding-left: 20px !important;}&#8221;][vc_column_text]<strong>PLAQUES CAUTX\u00da ALVEOLAR:<\/strong><br \/>\n150x100cm. en 22mm.<br \/>\nFons obert i Fons tancat[\/vc_column_text]<div class=\"vc_custom_1603735995369 wpex-clr\"><a href=\"https:\/\/www.viesmat.com\/ca\/producte\/plaques-cautxu-alveolar\/\" class=\"vcex-button theme-button inline\"><span class=\"vcex-button-inner theme-button-inner wpex-flex wpex-flex-wrap wpex-items-center wpex-justify-center\">Veure caracter\u00edstiques<\/span><\/a><\/div> [\/vc_column][\/vc_row][vc_row column_spacing=&#8221;0px&#8221; remove_bottom_col_margin=&#8221;true&#8221; css=&#8221;.vc_custom_1601155469679{margin-top: 20px !important;border-top-width: 1px !important;border-right-width: 1px !important;border-bottom-width: 1px !important;border-left-width: 1px !important;padding-top: 20px !important;padding-right: 20px !important;padding-bottom: 20px !important;padding-left: 20px !important;background-color: #f7f7f7 !important;border-left-color: #ededed !important;border-left-style: solid !important;border-right-color: #ededed !important;border-right-style: solid !important;border-top-color: #ededed !important;border-top-style: solid !important;border-bottom-color: #ededed !important;border-bottom-style: solid !important;}&#8221;][vc_column width=&#8221;1\/3&#8243;]<figure class=\"vcex-image vcex-module wpex-text-left\"><div class=\"vcex-image-inner wpex-relative wpex-w-100\"><img loading=\"lazy\" class=\"vcex-image-img wpex-align-middle wpex-w-100\" decoding=\"async\" src=\"https:\/\/www.viesmat.com\/wp-content\/uploads\/2020\/09\/Alfombra-Alveolar-con-marco-400x250.jpg\" alt=\"alfombra alveolar\" width=\"400\" height=\"250\"><\/div><\/figure>[\/vc_column][vc_column width=&#8221;2\/3&#8243; css=&#8221;.vc_custom_1601148012062{padding-top: 20px !important;padding-right: 20px !important;padding-left: 20px !important;}&#8221;][vc_column_text]<strong>CATIFA ALVEOLAR AMB MARC:<\/strong><br \/>\n150x90cm. en 12mm.<br \/>\nFons obert[\/vc_column_text]<div class=\"vc_custom_1603741528427 wpex-clr\"><a href=\"https:\/\/www.viesmat.com\/ca\/producte\/catifa-alveolar-amb-marc\/\" class=\"vcex-button theme-button inline\"><span class=\"vcex-button-inner theme-button-inner wpex-flex wpex-flex-wrap wpex-items-center wpex-justify-center\">Veure caracter\u00edstiques<\/span><\/a><\/div> [\/vc_column][\/vc_row][vc_row column_spacing=&#8221;0px&#8221; remove_bottom_col_margin=&#8221;true&#8221; css=&#8221;.vc_custom_1601155469679{margin-top: 20px !important;border-top-width: 1px !important;border-right-width: 1px !important;border-bottom-width: 1px !important;border-left-width: 1px !important;padding-top: 20px !important;padding-right: 20px !important;padding-bottom: 20px !important;padding-left: 20px !important;background-color: #f7f7f7 !important;border-left-color: #ededed !important;border-left-style: solid !important;border-right-color: #ededed !important;border-right-style: solid !important;border-top-color: #ededed !important;border-top-style: solid !important;border-bottom-color: #ededed !important;border-bottom-style: solid !important;}&#8221;][vc_column width=&#8221;1\/3&#8243;]<figure class=\"vcex-image vcex-module wpex-text-left\"><div class=\"vcex-image-inner wpex-relative wpex-w-100\"><img loading=\"lazy\" class=\"vcex-image-img wpex-align-middle wpex-w-100\" decoding=\"async\" src=\"https:\/\/www.viesmat.com\/wp-content\/uploads\/2020\/09\/clic_mat0-400x250.jpg\" alt=\"\" width=\"400\" height=\"250\"><\/div><\/figure>[\/vc_column][vc_column width=&#8221;2\/3&#8243; css=&#8221;.vc_custom_1601148012062{padding-top: 20px !important;padding-right: 20px !important;padding-left: 20px !important;}&#8221;][vc_column_text]<strong>CLIC MAT:<\/strong><br \/>\n90x90cm. en 14mm.<br \/>\nFons obert[\/vc_column_text]<div class=\"vc_custom_1603741591805 wpex-clr\"><a href=\"https:\/\/www.viesmat.com\/ca\/producte\/rajoles-clic-mat-i-clic-top\/\" class=\"vcex-button theme-button inline\"><span class=\"vcex-button-inner theme-button-inner wpex-flex wpex-flex-wrap wpex-items-center wpex-justify-center\">Veure caracter\u00edstiques<\/span><\/a><\/div> [\/vc_column][\/vc_row][vc_row column_spacing=&#8221;0px&#8221; remove_bottom_col_margin=&#8221;true&#8221; css=&#8221;.vc_custom_1601155469679{margin-top: 20px !important;border-top-width: 1px !important;border-right-width: 1px !important;border-bottom-width: 1px !important;border-left-width: 1px !important;padding-top: 20px !important;padding-right: 20px !important;padding-bottom: 20px !important;padding-left: 20px !important;background-color: #f7f7f7 !important;border-left-color: #ededed !important;border-left-style: solid !important;border-right-color: #ededed !important;border-right-style: solid !important;border-top-color: #ededed !important;border-top-style: solid !important;border-bottom-color: #ededed !important;border-bottom-style: solid !important;}&#8221;][vc_column width=&#8221;1\/3&#8243;]<figure class=\"vcex-image vcex-module wpex-text-left\"><div class=\"vcex-image-inner wpex-relative wpex-w-100\"><img loading=\"lazy\" class=\"vcex-image-img wpex-align-middle wpex-w-100\" decoding=\"async\" src=\"https:\/\/www.viesmat.com\/wp-content\/uploads\/2020\/09\/clic_top0-400x250.jpg\" alt=\"\" width=\"400\" height=\"250\"><\/div><\/figure>[\/vc_column][vc_column width=&#8221;2\/3&#8243; css=&#8221;.vc_custom_1601148012062{padding-top: 20px !important;padding-right: 20px !important;padding-left: 20px !important;}&#8221;][vc_column_text]<strong>CLIC TOP:<\/strong><br \/>\n90x90cm. en 14mm.<br \/>\nFons tancat[\/vc_column_text]<div class=\"vc_custom_1603741633350 wpex-clr\"><a href=\"https:\/\/www.viesmat.com\/ca\/producte\/rajoles-clic-mat-i-clic-top\/\" class=\"vcex-button theme-button inline\"><span class=\"vcex-button-inner theme-button-inner wpex-flex wpex-flex-wrap wpex-items-center wpex-justify-center\">Veure caracter\u00edstiques<\/span><\/a><\/div> [\/vc_column][\/vc_row][vc_row column_spacing=&#8221;0px&#8221; remove_bottom_col_margin=&#8221;true&#8221; css=&#8221;.vc_custom_1601155469679{margin-top: 20px !important;border-top-width: 1px !important;border-right-width: 1px !important;border-bottom-width: 1px !important;border-left-width: 1px !important;padding-top: 20px !important;padding-right: 20px !important;padding-bottom: 20px !important;padding-left: 20px !important;background-color: #f7f7f7 !important;border-left-color: #ededed !important;border-left-style: solid !important;border-right-color: #ededed !important;border-right-style: solid !important;border-top-color: #ededed !important;border-top-style: solid !important;border-bottom-color: #ededed !important;border-bottom-style: solid !important;}&#8221;][vc_column width=&#8221;1\/3&#8243;]<figure class=\"vcex-image vcex-module wpex-text-left\"><div class=\"vcex-image-inner wpex-relative wpex-w-100\"><img loading=\"lazy\" class=\"vcex-image-img wpex-align-middle wpex-w-100\" decoding=\"async\" src=\"https:\/\/www.viesmat.com\/wp-content\/uploads\/2020\/09\/picos16mm-1-400x250.jpg\" alt=\"\" width=\"400\" height=\"250\"><\/div><\/figure>[\/vc_column][vc_column width=&#8221;2\/3&#8243; css=&#8221;.vc_custom_1601148012062{padding-top: 20px !important;padding-right: 20px !important;padding-left: 20px !important;}&#8221;][vc_column_text]<strong>CATIFA PUES CAUTX\u00da:<\/strong><br \/>\nRotllo 8x1mt. en 16mm.[\/vc_column_text]<div class=\"vc_custom_1603741670557 wpex-clr\"><a href=\"https:\/\/www.viesmat.com\/ca\/producte\/catifa-de-goma-pues\/\" class=\"vcex-button theme-button inline\"><span class=\"vcex-button-inner theme-button-inner wpex-flex wpex-flex-wrap wpex-items-center wpex-justify-center\">Veure caracter\u00edstiques<\/span><\/a><\/div> [\/vc_column][\/vc_row]\n<\/div>","protected":false},"excerpt":{"rendered":"<p>[vc_row][vc_column][vc_column_text]Catifes ergon\u00f2miques per reduir el cansament i la fatiga. Catifes industrials per a qualsevol situaci\u00f3. Veure MODELS STANDARD:[\/vc_column_text][\/vc_column][\/vc_row][vc_row column_spacing=&#8221;0px&#8221; remove_bottom_col_margin=&#8221;true&#8221; css=&#8221;.vc_custom_1601147962096{border-top-width: 1px !important;border-right-width: 1px !important;border-bottom-width: 1px !important;border-left-width: 1px !important;padding-top: 20px !important;padding-right: 20px !important;padding-bottom: 20px !important;padding-left: 20px !important;background-color: #f7f7f7 !important;border-left-color: #ededed !important;border-left-style: solid !important;border-right-color: #ededed !important;border-right-style: solid !important;border-top-color: #ededed !important;border-top-style: solid !important;border-bottom-color: #ededed !important;border-bottom-style: solid !important;}&#8221;][vc_column&hellip;<\/p>\n","protected":false},"featured_media":1280,"template":"","meta":[],"product_brand":[],"product_cat":[52],"product_tag":[],"class_list":{"0":"post-809","1":"product","2":"type-product","3":"status-publish","4":"has-post-thumbnail","6":"product_cat-terres-especials","7":"entry","8":"has-media","10":"first","11":"instock","12":"shipping-taxable","13":"purchasable","14":"product-type-simple"},"yoast_head":"<!-- This site is optimized with the Yoast SEO plugin v27.4 - https:\/\/yoast.com\/product\/yoast-seo-wordpress\/ -->\n<title>Catifes antifatiga i catifes ergon\u00f2miques | VIESMAT<\/title>\n<meta name=\"description\" content=\"Les catifes de cautx\u00fa antifatiga (ergon\u00f2miques) s\u00f3n una excel\u00b7lent mesura preventiva per evitar lesions laborals.\" \/>\n<meta name=\"robots\" content=\"index, follow, max-snippet:-1, max-image-preview:large, max-video-preview:-1\" \/>\n<link rel=\"canonical\" href=\"https:\/\/www.viesmat.com\/ca\/producte\/catifes-antifatiga\/\" \/>\n<meta property=\"og:locale\" content=\"ca_ES\" \/>\n<meta property=\"og:type\" content=\"article\" \/>\n<meta property=\"og:title\" content=\"Catifes antifatiga i catifes ergon\u00f2miques | VIESMAT\" \/>\n<meta property=\"og:description\" content=\"Les catifes de cautx\u00fa antifatiga (ergon\u00f2miques) s\u00f3n una excel\u00b7lent mesura preventiva per evitar lesions laborals.\" \/>\n<meta property=\"og:url\" content=\"https:\/\/www.viesmat.com\/ca\/producte\/catifes-antifatiga\/\" \/>\n<meta property=\"og:site_name\" content=\"VIESMAT\" \/>\n<meta property=\"article:publisher\" content=\"https:\/\/www.facebook.com\/viesmat\" \/>\n<meta property=\"article:modified_time\" content=\"2023-02-26T12:51:54+00:00\" \/>\n<meta property=\"og:image\" content=\"https:\/\/www.viesmat.com\/wp-content\/uploads\/2020\/09\/confort31-1.jpg\" \/>\n\t<meta property=\"og:image:width\" content=\"400\" \/>\n\t<meta property=\"og:image:height\" content=\"250\" \/>\n\t<meta property=\"og:image:type\" content=\"image\/jpeg\" \/>\n<meta name=\"twitter:card\" content=\"summary_large_image\" \/>\n<meta name=\"twitter:label1\" content=\"Temps estimat de lectura\" \/>\n\t<meta name=\"twitter:data1\" content=\"4 minuts\" \/>\n<script type=\"application\/ld+json\" class=\"yoast-schema-graph\">{\"@context\":\"https:\\\/\\\/schema.org\",\"@graph\":[{\"@type\":\"WebPage\",\"@id\":\"https:\\\/\\\/www.viesmat.com\\\/ca\\\/producte\\\/catifes-antifatiga\\\/\",\"url\":\"https:\\\/\\\/www.viesmat.com\\\/ca\\\/producte\\\/catifes-antifatiga\\\/\",\"name\":\"Catifes antifatiga i catifes ergon\u00f2miques | VIESMAT\",\"isPartOf\":{\"@id\":\"https:\\\/\\\/www.viesmat.com\\\/#website\"},\"primaryImageOfPage\":{\"@id\":\"https:\\\/\\\/www.viesmat.com\\\/ca\\\/producte\\\/catifes-antifatiga\\\/#primaryimage\"},\"image\":{\"@id\":\"https:\\\/\\\/www.viesmat.com\\\/ca\\\/producte\\\/catifes-antifatiga\\\/#primaryimage\"},\"thumbnailUrl\":\"https:\\\/\\\/www.viesmat.com\\\/wp-content\\\/uploads\\\/2020\\\/09\\\/confort31-1.jpg\",\"datePublished\":\"2020-09-26T21:21:10+00:00\",\"dateModified\":\"2023-02-26T12:51:54+00:00\",\"description\":\"Les catifes de cautx\u00fa antifatiga (ergon\u00f2miques) s\u00f3n una excel\u00b7lent mesura preventiva per evitar lesions laborals.\",\"breadcrumb\":{\"@id\":\"https:\\\/\\\/www.viesmat.com\\\/ca\\\/producte\\\/catifes-antifatiga\\\/#breadcrumb\"},\"inLanguage\":\"ca\",\"potentialAction\":[{\"@type\":\"ReadAction\",\"target\":[\"https:\\\/\\\/www.viesmat.com\\\/ca\\\/producte\\\/catifes-antifatiga\\\/\"]}]},{\"@type\":\"ImageObject\",\"inLanguage\":\"ca\",\"@id\":\"https:\\\/\\\/www.viesmat.com\\\/ca\\\/producte\\\/catifes-antifatiga\\\/#primaryimage\",\"url\":\"https:\\\/\\\/www.viesmat.com\\\/wp-content\\\/uploads\\\/2020\\\/09\\\/confort31-1.jpg\",\"contentUrl\":\"https:\\\/\\\/www.viesmat.com\\\/wp-content\\\/uploads\\\/2020\\\/09\\\/confort31-1.jpg\",\"width\":400,\"height\":250},{\"@type\":\"BreadcrumbList\",\"@id\":\"https:\\\/\\\/www.viesmat.com\\\/ca\\\/producte\\\/catifes-antifatiga\\\/#breadcrumb\",\"itemListElement\":[{\"@type\":\"ListItem\",\"position\":1,\"name\":\"Home\",\"item\":\"https:\\\/\\\/www.viesmat.com\\\/ca\\\/\"},{\"@type\":\"ListItem\",\"position\":2,\"name\":\"Productes\",\"item\":\"https:\\\/\\\/www.viesmat.com\\\/productos\\\/\"},{\"@type\":\"ListItem\",\"position\":3,\"name\":\"Catifes antifatiga\"}]},{\"@type\":\"WebSite\",\"@id\":\"https:\\\/\\\/www.viesmat.com\\\/#website\",\"url\":\"https:\\\/\\\/www.viesmat.com\\\/\",\"name\":\"VIESMAT\",\"description\":\"Felpudos de entrada, pavimentos de caucho y felpudos met\u00e1licos\",\"publisher\":{\"@id\":\"https:\\\/\\\/www.viesmat.com\\\/#organization\"},\"potentialAction\":[{\"@type\":\"SearchAction\",\"target\":{\"@type\":\"EntryPoint\",\"urlTemplate\":\"https:\\\/\\\/www.viesmat.com\\\/?s={search_term_string}\"},\"query-input\":{\"@type\":\"PropertyValueSpecification\",\"valueRequired\":true,\"valueName\":\"search_term_string\"}}],\"inLanguage\":\"ca\"},{\"@type\":\"Organization\",\"@id\":\"https:\\\/\\\/www.viesmat.com\\\/#organization\",\"name\":\"Viesmat\",\"url\":\"https:\\\/\\\/www.viesmat.com\\\/\",\"logo\":{\"@type\":\"ImageObject\",\"inLanguage\":\"ca\",\"@id\":\"https:\\\/\\\/www.viesmat.com\\\/#\\\/schema\\\/logo\\\/image\\\/\",\"url\":\"https:\\\/\\\/www.viesmat.com\\\/wp-content\\\/uploads\\\/2020\\\/09\\\/logo-VIESMAT.png\",\"contentUrl\":\"https:\\\/\\\/www.viesmat.com\\\/wp-content\\\/uploads\\\/2020\\\/09\\\/logo-VIESMAT.png\",\"width\":400,\"height\":86,\"caption\":\"Viesmat\"},\"image\":{\"@id\":\"https:\\\/\\\/www.viesmat.com\\\/#\\\/schema\\\/logo\\\/image\\\/\"},\"sameAs\":[\"https:\\\/\\\/www.facebook.com\\\/viesmat\"]}]}<\/script>\n<!-- \/ Yoast SEO plugin. -->","yoast_head_json":{"title":"Catifes antifatiga i catifes ergon\u00f2miques | VIESMAT","description":"Les catifes de cautx\u00fa antifatiga (ergon\u00f2miques) s\u00f3n una excel\u00b7lent mesura preventiva per evitar lesions laborals.","robots":{"index":"index","follow":"follow","max-snippet":"max-snippet:-1","max-image-preview":"max-image-preview:large","max-video-preview":"max-video-preview:-1"},"canonical":"https:\/\/www.viesmat.com\/ca\/producte\/catifes-antifatiga\/","og_locale":"ca_ES","og_type":"article","og_title":"Catifes antifatiga i catifes ergon\u00f2miques | VIESMAT","og_description":"Les catifes de cautx\u00fa antifatiga (ergon\u00f2miques) s\u00f3n una excel\u00b7lent mesura preventiva per evitar lesions laborals.","og_url":"https:\/\/www.viesmat.com\/ca\/producte\/catifes-antifatiga\/","og_site_name":"VIESMAT","article_publisher":"https:\/\/www.facebook.com\/viesmat","article_modified_time":"2023-02-26T12:51:54+00:00","og_image":[{"width":400,"height":250,"url":"https:\/\/www.viesmat.com\/wp-content\/uploads\/2020\/09\/confort31-1.jpg","type":"image\/jpeg"}],"twitter_card":"summary_large_image","twitter_misc":{"Temps estimat de lectura":"4 minuts"},"schema":{"@context":"https:\/\/schema.org","@graph":[{"@type":"WebPage","@id":"https:\/\/www.viesmat.com\/ca\/producte\/catifes-antifatiga\/","url":"https:\/\/www.viesmat.com\/ca\/producte\/catifes-antifatiga\/","name":"Catifes antifatiga i catifes ergon\u00f2miques | VIESMAT","isPartOf":{"@id":"https:\/\/www.viesmat.com\/#website"},"primaryImageOfPage":{"@id":"https:\/\/www.viesmat.com\/ca\/producte\/catifes-antifatiga\/#primaryimage"},"image":{"@id":"https:\/\/www.viesmat.com\/ca\/producte\/catifes-antifatiga\/#primaryimage"},"thumbnailUrl":"https:\/\/www.viesmat.com\/wp-content\/uploads\/2020\/09\/confort31-1.jpg","datePublished":"2020-09-26T21:21:10+00:00","dateModified":"2023-02-26T12:51:54+00:00","description":"Les catifes de cautx\u00fa antifatiga (ergon\u00f2miques) s\u00f3n una excel\u00b7lent mesura preventiva per evitar lesions laborals.","breadcrumb":{"@id":"https:\/\/www.viesmat.com\/ca\/producte\/catifes-antifatiga\/#breadcrumb"},"inLanguage":"ca","potentialAction":[{"@type":"ReadAction","target":["https:\/\/www.viesmat.com\/ca\/producte\/catifes-antifatiga\/"]}]},{"@type":"ImageObject","inLanguage":"ca","@id":"https:\/\/www.viesmat.com\/ca\/producte\/catifes-antifatiga\/#primaryimage","url":"https:\/\/www.viesmat.com\/wp-content\/uploads\/2020\/09\/confort31-1.jpg","contentUrl":"https:\/\/www.viesmat.com\/wp-content\/uploads\/2020\/09\/confort31-1.jpg","width":400,"height":250},{"@type":"BreadcrumbList","@id":"https:\/\/www.viesmat.com\/ca\/producte\/catifes-antifatiga\/#breadcrumb","itemListElement":[{"@type":"ListItem","position":1,"name":"Home","item":"https:\/\/www.viesmat.com\/ca\/"},{"@type":"ListItem","position":2,"name":"Productes","item":"https:\/\/www.viesmat.com\/productos\/"},{"@type":"ListItem","position":3,"name":"Catifes antifatiga"}]},{"@type":"WebSite","@id":"https:\/\/www.viesmat.com\/#website","url":"https:\/\/www.viesmat.com\/","name":"VIESMAT","description":"Felpudos de entrada, pavimentos de caucho y felpudos met\u00e1licos","publisher":{"@id":"https:\/\/www.viesmat.com\/#organization"},"potentialAction":[{"@type":"SearchAction","target":{"@type":"EntryPoint","urlTemplate":"https:\/\/www.viesmat.com\/?s={search_term_string}"},"query-input":{"@type":"PropertyValueSpecification","valueRequired":true,"valueName":"search_term_string"}}],"inLanguage":"ca"},{"@type":"Organization","@id":"https:\/\/www.viesmat.com\/#organization","name":"Viesmat","url":"https:\/\/www.viesmat.com\/","logo":{"@type":"ImageObject","inLanguage":"ca","@id":"https:\/\/www.viesmat.com\/#\/schema\/logo\/image\/","url":"https:\/\/www.viesmat.com\/wp-content\/uploads\/2020\/09\/logo-VIESMAT.png","contentUrl":"https:\/\/www.viesmat.com\/wp-content\/uploads\/2020\/09\/logo-VIESMAT.png","width":400,"height":86,"caption":"Viesmat"},"image":{"@id":"https:\/\/www.viesmat.com\/#\/schema\/logo\/image\/"},"sameAs":["https:\/\/www.facebook.com\/viesmat"]}]}},"_links":{"self":[{"href":"https:\/\/www.viesmat.com\/ca\/wp-json\/wp\/v2\/product\/809","targetHints":{"allow":["GET"]}}],"collection":[{"href":"https:\/\/www.viesmat.com\/ca\/wp-json\/wp\/v2\/product"}],"about":[{"href":"https:\/\/www.viesmat.com\/ca\/wp-json\/wp\/v2\/types\/product"}],"wp:featuredmedia":[{"embeddable":true,"href":"https:\/\/www.viesmat.com\/ca\/wp-json\/wp\/v2\/media\/1280"}],"wp:attachment":[{"href":"https:\/\/www.viesmat.com\/ca\/wp-json\/wp\/v2\/media?parent=809"}],"wp:term":[{"taxonomy":"product_brand","embeddable":true,"href":"https:\/\/www.viesmat.com\/ca\/wp-json\/wp\/v2\/product_brand?post=809"},{"taxonomy":"product_cat","embeddable":true,"href":"https:\/\/www.viesmat.com\/ca\/wp-json\/wp\/v2\/product_cat?post=809"},{"taxonomy":"product_tag","embeddable":true,"href":"https:\/\/www.viesmat.com\/ca\/wp-json\/wp\/v2\/product_tag?post=809"}],"curies":[{"name":"wp","href":"https:\/\/api.w.org\/{rel}","templated":true}]}}