{"id":863,"date":"2020-09-26T11:44:50","date_gmt":"2020-09-26T11:44:50","guid":{"rendered":"https:\/\/www.viesmat.com\/producto\/losetas-de-plastico-con-agujeros\/"},"modified":"2022-09-29T17:23:48","modified_gmt":"2022-09-29T16:23:48","slug":"rajoles-de-plastic-amb-forats","status":"publish","type":"product","link":"https:\/\/www.viesmat.com\/ca\/producte\/rajoles-de-plastic-amb-forats\/","title":{"rendered":"Rajoles de pl\u00e0stic amb forats"},"content":{"rendered":"<div class=\"wpb-content-wrapper\">[vc_row][vc_column][vc_column_text]Rajoles de pl\u00e0stic per camping de f\u00e0cil muntatge i amb superf\u00edcie oberta per deixar filtrar l&#8217;aigua.<\/p>\n<p>Producte ideal per zones h\u00famides com vaixells, piscines, dutxes, spas, vestuaris, frigor\u00edfics, &#8230;[\/vc_column_text][\/vc_column][\/vc_row][vc_row column_spacing=&#8221;0px&#8221; remove_bottom_col_margin=&#8221;true&#8221; css=&#8221;.vc_custom_1601148038102{margin-top: 20px !important;border-top-width: 1px !important;border-right-width: 1px !important;border-bottom-width: 1px !important;border-left-width: 1px !important;padding-top: 20px !important;padding-right: 20px !important;padding-bottom: 20px !important;padding-left: 20px !important;background-color: #f7f7f7 !important;border-left-color: #ededed !important;border-left-style: solid !important;border-right-color: #ededed !important;border-right-style: solid !important;border-top-color: #ededed !important;border-top-style: solid !important;border-bottom-color: #ededed !important;border-bottom-style: solid !important;}&#8221;][vc_column width=&#8221;1\/3&#8243;]<figure class=\"vcex-image vcex-module wpex-text-left\"><div class=\"vcex-image-inner wpex-relative wpex-w-100\"><img loading=\"lazy\" class=\"vcex-image-img wpex-align-middle wpex-w-100\" decoding=\"async\" src=\"https:\/\/www.viesmat.com\/wp-content\/uploads\/2020\/09\/loseta_inerflex_azul-400x250.jpg\" alt=\"\" width=\"400\" height=\"250\"><\/div><\/figure>[\/vc_column][vc_column width=&#8221;2\/3&#8243; css=&#8221;.vc_custom_1601148012062{padding-top: 20px !important;padding-right: 20px !important;padding-left: 20px !important;}&#8221;][vc_column_text]<strong>Model Inerflex:<\/strong><br \/>\nS\u00f3n rajoles de polietil\u00e8 de 33,3&#215;33,3cm. en 20mm. de gruix ideal pel sector alimentari.<br \/>\nS\u00f3n rajoles d&#8217;alta qualitat i durabilitat.<\/p>\n<p>Subministre en caixes de 9 unitats (1m2)<\/p>\n<p><strong>Colors:<\/strong> Verd, Blau, Vermell, Gris, Blanc, Negre i Marr\u00f3.[\/vc_column_text][vc_single_image image=&#8221;1699&#8243;][\/vc_column][\/vc_row]\n<\/div>","protected":false},"excerpt":{"rendered":"<p>[vc_row][vc_column][vc_column_text]Rajoles de pl\u00e0stic per camping de f\u00e0cil muntatge i amb superf\u00edcie oberta per deixar filtrar l&#8217;aigua. Producte ideal per zones h\u00famides com vaixells, piscines, dutxes, spas, vestuaris, frigor\u00edfics, &#8230;[\/vc_column_text][\/vc_column][\/vc_row][vc_row column_spacing=&#8221;0px&#8221; remove_bottom_col_margin=&#8221;true&#8221; css=&#8221;.vc_custom_1601148038102{margin-top: 20px !important;border-top-width: 1px !important;border-right-width: 1px !important;border-bottom-width: 1px !important;border-left-width: 1px !important;padding-top: 20px !important;padding-right: 20px !important;padding-bottom: 20px !important;padding-left: 20px !important;background-color: #f7f7f7 !important;border-left-color: #ededed !important;border-left-style: solid&hellip;<\/p>\n","protected":false},"featured_media":1696,"template":"","meta":[],"product_brand":[],"product_cat":[48],"product_tag":[],"class_list":{"0":"post-863","1":"product","2":"type-product","3":"status-publish","4":"has-post-thumbnail","6":"product_cat-paviments-de-plastic","7":"entry","8":"has-media","10":"first","11":"instock","12":"shipping-taxable","13":"purchasable","14":"product-type-simple"},"yoast_head":"<!-- This site is optimized with the Yoast SEO plugin v27.4 - https:\/\/yoast.com\/product\/yoast-seo-wordpress\/ -->\n<title>Rajoles de pl\u00e0stic amb forats | VIESMAT<\/title>\n<meta name=\"description\" content=\"Rajoles de pl\u00e0stic amb ancoratges per a un muntatge f\u00e0cil i amb superf\u00edcie oberta per esc\u00f3rrer l&#039;aigua fora de la superf\u00edcie.\" \/>\n<meta name=\"robots\" content=\"index, follow, max-snippet:-1, max-image-preview:large, max-video-preview:-1\" \/>\n<link rel=\"canonical\" href=\"https:\/\/www.viesmat.com\/producte\/losetas-de-plastico-con-agujeros\/\" \/>\n<meta property=\"og:locale\" content=\"ca_ES\" \/>\n<meta property=\"og:type\" content=\"article\" \/>\n<meta property=\"og:title\" content=\"Rajoles de pl\u00e0stic amb forats | VIESMAT\" \/>\n<meta property=\"og:description\" content=\"Rajoles de pl\u00e0stic amb ancoratges per a un muntatge f\u00e0cil i amb superf\u00edcie oberta per esc\u00f3rrer l&#039;aigua fora de la superf\u00edcie.\" \/>\n<meta property=\"og:url\" content=\"https:\/\/www.viesmat.com\/producte\/losetas-de-plastico-con-agujeros\/\" \/>\n<meta property=\"og:site_name\" content=\"VIESMAT\" \/>\n<meta property=\"article:publisher\" content=\"https:\/\/www.facebook.com\/viesmat\" \/>\n<meta property=\"article:modified_time\" content=\"2022-09-29T16:23:48+00:00\" \/>\n<meta property=\"og:image\" content=\"https:\/\/www.viesmat.com\/wp-content\/uploads\/2020\/09\/loseta_inerflex_gris.jpg\" \/>\n\t<meta property=\"og:image:width\" content=\"890\" \/>\n\t<meta property=\"og:image:height\" content=\"575\" \/>\n\t<meta property=\"og:image:type\" content=\"image\/jpeg\" \/>\n<meta name=\"twitter:card\" content=\"summary_large_image\" \/>\n<meta name=\"twitter:label1\" content=\"Temps estimat de lectura\" \/>\n\t<meta name=\"twitter:data1\" content=\"1 minut\" \/>\n<script type=\"application\/ld+json\" class=\"yoast-schema-graph\">{\"@context\":\"https:\\\/\\\/schema.org\",\"@graph\":[{\"@type\":\"WebPage\",\"@id\":\"https:\\\/\\\/www.viesmat.com\\\/producte\\\/losetas-de-plastico-con-agujeros\\\/\",\"url\":\"https:\\\/\\\/www.viesmat.com\\\/producte\\\/losetas-de-plastico-con-agujeros\\\/\",\"name\":\"Rajoles de pl\u00e0stic amb forats | VIESMAT\",\"isPartOf\":{\"@id\":\"https:\\\/\\\/www.viesmat.com\\\/#website\"},\"primaryImageOfPage\":{\"@id\":\"https:\\\/\\\/www.viesmat.com\\\/producte\\\/losetas-de-plastico-con-agujeros\\\/#primaryimage\"},\"image\":{\"@id\":\"https:\\\/\\\/www.viesmat.com\\\/producte\\\/losetas-de-plastico-con-agujeros\\\/#primaryimage\"},\"thumbnailUrl\":\"https:\\\/\\\/www.viesmat.com\\\/wp-content\\\/uploads\\\/2020\\\/09\\\/loseta_inerflex_gris.jpg\",\"datePublished\":\"2020-09-26T11:44:50+00:00\",\"dateModified\":\"2022-09-29T16:23:48+00:00\",\"description\":\"Rajoles de pl\u00e0stic amb ancoratges per a un muntatge f\u00e0cil i amb superf\u00edcie oberta per esc\u00f3rrer l'aigua fora de la superf\u00edcie.\",\"breadcrumb\":{\"@id\":\"https:\\\/\\\/www.viesmat.com\\\/producte\\\/losetas-de-plastico-con-agujeros\\\/#breadcrumb\"},\"inLanguage\":\"ca\",\"potentialAction\":[{\"@type\":\"ReadAction\",\"target\":[\"https:\\\/\\\/www.viesmat.com\\\/producte\\\/losetas-de-plastico-con-agujeros\\\/\"]}]},{\"@type\":\"ImageObject\",\"inLanguage\":\"ca\",\"@id\":\"https:\\\/\\\/www.viesmat.com\\\/producte\\\/losetas-de-plastico-con-agujeros\\\/#primaryimage\",\"url\":\"https:\\\/\\\/www.viesmat.com\\\/wp-content\\\/uploads\\\/2020\\\/09\\\/loseta_inerflex_gris.jpg\",\"contentUrl\":\"https:\\\/\\\/www.viesmat.com\\\/wp-content\\\/uploads\\\/2020\\\/09\\\/loseta_inerflex_gris.jpg\",\"width\":890,\"height\":575},{\"@type\":\"BreadcrumbList\",\"@id\":\"https:\\\/\\\/www.viesmat.com\\\/producte\\\/losetas-de-plastico-con-agujeros\\\/#breadcrumb\",\"itemListElement\":[{\"@type\":\"ListItem\",\"position\":1,\"name\":\"Home\",\"item\":\"https:\\\/\\\/www.viesmat.com\\\/ca\\\/\"},{\"@type\":\"ListItem\",\"position\":2,\"name\":\"Productes\",\"item\":\"https:\\\/\\\/www.viesmat.com\\\/productos\\\/\"},{\"@type\":\"ListItem\",\"position\":3,\"name\":\"Rajoles de pl\u00e0stic amb forats\"}]},{\"@type\":\"WebSite\",\"@id\":\"https:\\\/\\\/www.viesmat.com\\\/#website\",\"url\":\"https:\\\/\\\/www.viesmat.com\\\/\",\"name\":\"VIESMAT\",\"description\":\"Felpudos de entrada, pavimentos de caucho y felpudos met\u00e1licos\",\"publisher\":{\"@id\":\"https:\\\/\\\/www.viesmat.com\\\/#organization\"},\"potentialAction\":[{\"@type\":\"SearchAction\",\"target\":{\"@type\":\"EntryPoint\",\"urlTemplate\":\"https:\\\/\\\/www.viesmat.com\\\/?s={search_term_string}\"},\"query-input\":{\"@type\":\"PropertyValueSpecification\",\"valueRequired\":true,\"valueName\":\"search_term_string\"}}],\"inLanguage\":\"ca\"},{\"@type\":\"Organization\",\"@id\":\"https:\\\/\\\/www.viesmat.com\\\/#organization\",\"name\":\"Viesmat\",\"url\":\"https:\\\/\\\/www.viesmat.com\\\/\",\"logo\":{\"@type\":\"ImageObject\",\"inLanguage\":\"ca\",\"@id\":\"https:\\\/\\\/www.viesmat.com\\\/#\\\/schema\\\/logo\\\/image\\\/\",\"url\":\"https:\\\/\\\/www.viesmat.com\\\/wp-content\\\/uploads\\\/2020\\\/09\\\/logo-VIESMAT.png\",\"contentUrl\":\"https:\\\/\\\/www.viesmat.com\\\/wp-content\\\/uploads\\\/2020\\\/09\\\/logo-VIESMAT.png\",\"width\":400,\"height\":86,\"caption\":\"Viesmat\"},\"image\":{\"@id\":\"https:\\\/\\\/www.viesmat.com\\\/#\\\/schema\\\/logo\\\/image\\\/\"},\"sameAs\":[\"https:\\\/\\\/www.facebook.com\\\/viesmat\"]}]}<\/script>\n<!-- \/ Yoast SEO plugin. -->","yoast_head_json":{"title":"Rajoles de pl\u00e0stic amb forats | VIESMAT","description":"Rajoles de pl\u00e0stic amb ancoratges per a un muntatge f\u00e0cil i amb superf\u00edcie oberta per esc\u00f3rrer l'aigua fora de la superf\u00edcie.","robots":{"index":"index","follow":"follow","max-snippet":"max-snippet:-1","max-image-preview":"max-image-preview:large","max-video-preview":"max-video-preview:-1"},"canonical":"https:\/\/www.viesmat.com\/producte\/losetas-de-plastico-con-agujeros\/","og_locale":"ca_ES","og_type":"article","og_title":"Rajoles de pl\u00e0stic amb forats | VIESMAT","og_description":"Rajoles de pl\u00e0stic amb ancoratges per a un muntatge f\u00e0cil i amb superf\u00edcie oberta per esc\u00f3rrer l'aigua fora de la superf\u00edcie.","og_url":"https:\/\/www.viesmat.com\/producte\/losetas-de-plastico-con-agujeros\/","og_site_name":"VIESMAT","article_publisher":"https:\/\/www.facebook.com\/viesmat","article_modified_time":"2022-09-29T16:23:48+00:00","og_image":[{"width":890,"height":575,"url":"https:\/\/www.viesmat.com\/wp-content\/uploads\/2020\/09\/loseta_inerflex_gris.jpg","type":"image\/jpeg"}],"twitter_card":"summary_large_image","twitter_misc":{"Temps estimat de lectura":"1 minut"},"schema":{"@context":"https:\/\/schema.org","@graph":[{"@type":"WebPage","@id":"https:\/\/www.viesmat.com\/producte\/losetas-de-plastico-con-agujeros\/","url":"https:\/\/www.viesmat.com\/producte\/losetas-de-plastico-con-agujeros\/","name":"Rajoles de pl\u00e0stic amb forats | VIESMAT","isPartOf":{"@id":"https:\/\/www.viesmat.com\/#website"},"primaryImageOfPage":{"@id":"https:\/\/www.viesmat.com\/producte\/losetas-de-plastico-con-agujeros\/#primaryimage"},"image":{"@id":"https:\/\/www.viesmat.com\/producte\/losetas-de-plastico-con-agujeros\/#primaryimage"},"thumbnailUrl":"https:\/\/www.viesmat.com\/wp-content\/uploads\/2020\/09\/loseta_inerflex_gris.jpg","datePublished":"2020-09-26T11:44:50+00:00","dateModified":"2022-09-29T16:23:48+00:00","description":"Rajoles de pl\u00e0stic amb ancoratges per a un muntatge f\u00e0cil i amb superf\u00edcie oberta per esc\u00f3rrer l'aigua fora de la superf\u00edcie.","breadcrumb":{"@id":"https:\/\/www.viesmat.com\/producte\/losetas-de-plastico-con-agujeros\/#breadcrumb"},"inLanguage":"ca","potentialAction":[{"@type":"ReadAction","target":["https:\/\/www.viesmat.com\/producte\/losetas-de-plastico-con-agujeros\/"]}]},{"@type":"ImageObject","inLanguage":"ca","@id":"https:\/\/www.viesmat.com\/producte\/losetas-de-plastico-con-agujeros\/#primaryimage","url":"https:\/\/www.viesmat.com\/wp-content\/uploads\/2020\/09\/loseta_inerflex_gris.jpg","contentUrl":"https:\/\/www.viesmat.com\/wp-content\/uploads\/2020\/09\/loseta_inerflex_gris.jpg","width":890,"height":575},{"@type":"BreadcrumbList","@id":"https:\/\/www.viesmat.com\/producte\/losetas-de-plastico-con-agujeros\/#breadcrumb","itemListElement":[{"@type":"ListItem","position":1,"name":"Home","item":"https:\/\/www.viesmat.com\/ca\/"},{"@type":"ListItem","position":2,"name":"Productes","item":"https:\/\/www.viesmat.com\/productos\/"},{"@type":"ListItem","position":3,"name":"Rajoles de pl\u00e0stic amb forats"}]},{"@type":"WebSite","@id":"https:\/\/www.viesmat.com\/#website","url":"https:\/\/www.viesmat.com\/","name":"VIESMAT","description":"Felpudos de entrada, pavimentos de caucho y felpudos met\u00e1licos","publisher":{"@id":"https:\/\/www.viesmat.com\/#organization"},"potentialAction":[{"@type":"SearchAction","target":{"@type":"EntryPoint","urlTemplate":"https:\/\/www.viesmat.com\/?s={search_term_string}"},"query-input":{"@type":"PropertyValueSpecification","valueRequired":true,"valueName":"search_term_string"}}],"inLanguage":"ca"},{"@type":"Organization","@id":"https:\/\/www.viesmat.com\/#organization","name":"Viesmat","url":"https:\/\/www.viesmat.com\/","logo":{"@type":"ImageObject","inLanguage":"ca","@id":"https:\/\/www.viesmat.com\/#\/schema\/logo\/image\/","url":"https:\/\/www.viesmat.com\/wp-content\/uploads\/2020\/09\/logo-VIESMAT.png","contentUrl":"https:\/\/www.viesmat.com\/wp-content\/uploads\/2020\/09\/logo-VIESMAT.png","width":400,"height":86,"caption":"Viesmat"},"image":{"@id":"https:\/\/www.viesmat.com\/#\/schema\/logo\/image\/"},"sameAs":["https:\/\/www.facebook.com\/viesmat"]}]}},"_links":{"self":[{"href":"https:\/\/www.viesmat.com\/ca\/wp-json\/wp\/v2\/product\/863","targetHints":{"allow":["GET"]}}],"collection":[{"href":"https:\/\/www.viesmat.com\/ca\/wp-json\/wp\/v2\/product"}],"about":[{"href":"https:\/\/www.viesmat.com\/ca\/wp-json\/wp\/v2\/types\/product"}],"wp:featuredmedia":[{"embeddable":true,"href":"https:\/\/www.viesmat.com\/ca\/wp-json\/wp\/v2\/media\/1696"}],"wp:attachment":[{"href":"https:\/\/www.viesmat.com\/ca\/wp-json\/wp\/v2\/media?parent=863"}],"wp:term":[{"taxonomy":"product_brand","embeddable":true,"href":"https:\/\/www.viesmat.com\/ca\/wp-json\/wp\/v2\/product_brand?post=863"},{"taxonomy":"product_cat","embeddable":true,"href":"https:\/\/www.viesmat.com\/ca\/wp-json\/wp\/v2\/product_cat?post=863"},{"taxonomy":"product_tag","embeddable":true,"href":"https:\/\/www.viesmat.com\/ca\/wp-json\/wp\/v2\/product_tag?post=863"}],"curies":[{"name":"wp","href":"https:\/\/api.w.org\/{rel}","templated":true}]}}