{"id":987,"date":"2020-10-07T10:02:15","date_gmt":"2020-10-07T10:02:15","guid":{"rendered":"https:\/\/www.viesmat.com\/producto\/rollo-moqueta-ferial\/"},"modified":"2021-12-16T12:15:17","modified_gmt":"2021-12-16T11:15:17","slug":"rotllo-moqueta-firal","status":"publish","type":"product","link":"https:\/\/www.viesmat.com\/ca\/producte\/rotllo-moqueta-firal\/","title":{"rendered":"Rotllo moqueta firal"},"content":{"rendered":"<div class=\"wpb-content-wrapper\">[vc_row][vc_column][vc_column_text]Moqueta 100% fibra de polipropil\u00e8 ideal per esdeveniments de curta durada com fires o cassaments. Possibilitat de talls de rotllos en amplada de 200cm.<\/p>\n<p><strong>Caracter\u00edstiques:<br \/>\n<\/strong><strong>MODEL<\/strong>: STANDARD<br \/>\n<strong>Classificaci\u00f3 al foc:<\/strong> M1 enganxat sobre suport incombustible. Amb cinta adhesiva de doble cara sobre suport incombustible M3 (franc\u00e9s)<br \/>\n<strong>Aspecte:<\/strong> Pla<br \/>\n<strong>Composici\u00f3:<\/strong> 100% fibra de polipropil\u00e8<br \/>\n<strong>Suport:<\/strong> L\u00e0tex<br \/>\n<strong>Impregnaci\u00f3:<\/strong> Total<br \/>\n<strong>Pes total:<\/strong> 290 g\/m2 aprox.<br \/>\n<strong>Mida rotllos:<\/strong> 60 mts. x 2 \u00f3 4 mts. aprox.<br \/>\n<strong>N\u00famero de colors:<\/strong> 35 colors<br \/>\n<strong>Utilizaci\u00f3:<\/strong> Exposici\u00f3, salons, fira de mostres<\/p>\n<p>*Posibilitat d&#8217;aplicaci\u00f3 de polietil\u00e8 de protecci\u00f3 sota comanda m\u00ednima.[\/vc_column_text][\/vc_column][\/vc_row]\n<\/div>","protected":false},"excerpt":{"rendered":"<p>[vc_row][vc_column][vc_column_text]Moqueta 100% fibra de polipropil\u00e8 ideal per esdeveniments de curta durada com fires o cassaments. Possibilitat de talls de rotllos en amplada de 200cm. Caracter\u00edstiques: MODEL: STANDARD Classificaci\u00f3 al foc: M1 enganxat sobre suport incombustible. Amb cinta adhesiva de doble cara sobre suport incombustible M3 (franc\u00e9s) Aspecte: Pla Composici\u00f3: 100% fibra de polipropil\u00e8 Suport: L\u00e0tex&hellip;<\/p>\n","protected":false},"featured_media":984,"template":"","meta":[],"product_brand":[],"product_cat":[50],"product_tag":[],"class_list":{"0":"post-987","1":"product","2":"type-product","3":"status-publish","4":"has-post-thumbnail","6":"product_cat-rotllos-moquetes","7":"entry","8":"has-media","10":"first","11":"instock","12":"shipping-taxable","13":"purchasable","14":"product-type-simple"},"yoast_head":"<!-- This site is optimized with the Yoast SEO plugin v27.4 - https:\/\/yoast.com\/product\/yoast-seo-wordpress\/ -->\n<title>Rotllo moqueta firal | VIESMAT<\/title>\n<meta name=\"description\" content=\"Moqueta 100% fibra de polipropil\u00e8 ideal per a esdeveniments de curta durada com fires o casaments. Possibilitat de talls de rotllo en amplada de 200cm.\" \/>\n<meta name=\"robots\" content=\"index, follow, max-snippet:-1, max-image-preview:large, max-video-preview:-1\" \/>\n<link rel=\"canonical\" href=\"https:\/\/www.viesmat.com\/producte\/rollo-moqueta-ferial\/\" \/>\n<meta property=\"og:locale\" content=\"ca_ES\" \/>\n<meta property=\"og:type\" content=\"article\" \/>\n<meta property=\"og:title\" content=\"Rotllo moqueta firal | VIESMAT\" \/>\n<meta property=\"og:description\" content=\"Moqueta 100% fibra de polipropil\u00e8 ideal per a esdeveniments de curta durada com fires o casaments. Possibilitat de talls de rotllo en amplada de 200cm.\" \/>\n<meta property=\"og:url\" content=\"https:\/\/www.viesmat.com\/producte\/rollo-moqueta-ferial\/\" \/>\n<meta property=\"og:site_name\" content=\"VIESMAT\" \/>\n<meta property=\"article:publisher\" content=\"https:\/\/www.facebook.com\/viesmat\" \/>\n<meta property=\"article:modified_time\" content=\"2021-12-16T11:15:17+00:00\" \/>\n<meta property=\"og:image\" content=\"https:\/\/www.viesmat.com\/wp-content\/uploads\/2020\/10\/moquetas_ferial.jpg\" \/>\n\t<meta property=\"og:image:width\" content=\"900\" \/>\n\t<meta property=\"og:image:height\" content=\"700\" \/>\n\t<meta property=\"og:image:type\" content=\"image\/jpeg\" \/>\n<meta name=\"twitter:card\" content=\"summary_large_image\" \/>\n<meta name=\"twitter:label1\" content=\"Temps estimat de lectura\" \/>\n\t<meta name=\"twitter:data1\" content=\"1 minut\" \/>\n<script type=\"application\/ld+json\" class=\"yoast-schema-graph\">{\"@context\":\"https:\\\/\\\/schema.org\",\"@graph\":[{\"@type\":\"WebPage\",\"@id\":\"https:\\\/\\\/www.viesmat.com\\\/producte\\\/rollo-moqueta-ferial\\\/\",\"url\":\"https:\\\/\\\/www.viesmat.com\\\/producte\\\/rollo-moqueta-ferial\\\/\",\"name\":\"Rotllo moqueta firal | VIESMAT\",\"isPartOf\":{\"@id\":\"https:\\\/\\\/www.viesmat.com\\\/#website\"},\"primaryImageOfPage\":{\"@id\":\"https:\\\/\\\/www.viesmat.com\\\/producte\\\/rollo-moqueta-ferial\\\/#primaryimage\"},\"image\":{\"@id\":\"https:\\\/\\\/www.viesmat.com\\\/producte\\\/rollo-moqueta-ferial\\\/#primaryimage\"},\"thumbnailUrl\":\"https:\\\/\\\/www.viesmat.com\\\/wp-content\\\/uploads\\\/2020\\\/10\\\/moquetas_ferial.jpg\",\"datePublished\":\"2020-10-07T10:02:15+00:00\",\"dateModified\":\"2021-12-16T11:15:17+00:00\",\"description\":\"Moqueta 100% fibra de polipropil\u00e8 ideal per a esdeveniments de curta durada com fires o casaments. Possibilitat de talls de rotllo en amplada de 200cm.\",\"breadcrumb\":{\"@id\":\"https:\\\/\\\/www.viesmat.com\\\/producte\\\/rollo-moqueta-ferial\\\/#breadcrumb\"},\"inLanguage\":\"ca\",\"potentialAction\":[{\"@type\":\"ReadAction\",\"target\":[\"https:\\\/\\\/www.viesmat.com\\\/producte\\\/rollo-moqueta-ferial\\\/\"]}]},{\"@type\":\"ImageObject\",\"inLanguage\":\"ca\",\"@id\":\"https:\\\/\\\/www.viesmat.com\\\/producte\\\/rollo-moqueta-ferial\\\/#primaryimage\",\"url\":\"https:\\\/\\\/www.viesmat.com\\\/wp-content\\\/uploads\\\/2020\\\/10\\\/moquetas_ferial.jpg\",\"contentUrl\":\"https:\\\/\\\/www.viesmat.com\\\/wp-content\\\/uploads\\\/2020\\\/10\\\/moquetas_ferial.jpg\",\"width\":900,\"height\":700},{\"@type\":\"BreadcrumbList\",\"@id\":\"https:\\\/\\\/www.viesmat.com\\\/producte\\\/rollo-moqueta-ferial\\\/#breadcrumb\",\"itemListElement\":[{\"@type\":\"ListItem\",\"position\":1,\"name\":\"Home\",\"item\":\"https:\\\/\\\/www.viesmat.com\\\/ca\\\/\"},{\"@type\":\"ListItem\",\"position\":2,\"name\":\"Productes\",\"item\":\"https:\\\/\\\/www.viesmat.com\\\/productos\\\/\"},{\"@type\":\"ListItem\",\"position\":3,\"name\":\"Rotllo moqueta firal\"}]},{\"@type\":\"WebSite\",\"@id\":\"https:\\\/\\\/www.viesmat.com\\\/#website\",\"url\":\"https:\\\/\\\/www.viesmat.com\\\/\",\"name\":\"VIESMAT\",\"description\":\"Felpudos de entrada, pavimentos de caucho y felpudos met\u00e1licos\",\"publisher\":{\"@id\":\"https:\\\/\\\/www.viesmat.com\\\/#organization\"},\"potentialAction\":[{\"@type\":\"SearchAction\",\"target\":{\"@type\":\"EntryPoint\",\"urlTemplate\":\"https:\\\/\\\/www.viesmat.com\\\/?s={search_term_string}\"},\"query-input\":{\"@type\":\"PropertyValueSpecification\",\"valueRequired\":true,\"valueName\":\"search_term_string\"}}],\"inLanguage\":\"ca\"},{\"@type\":\"Organization\",\"@id\":\"https:\\\/\\\/www.viesmat.com\\\/#organization\",\"name\":\"Viesmat\",\"url\":\"https:\\\/\\\/www.viesmat.com\\\/\",\"logo\":{\"@type\":\"ImageObject\",\"inLanguage\":\"ca\",\"@id\":\"https:\\\/\\\/www.viesmat.com\\\/#\\\/schema\\\/logo\\\/image\\\/\",\"url\":\"https:\\\/\\\/www.viesmat.com\\\/wp-content\\\/uploads\\\/2020\\\/09\\\/logo-VIESMAT.png\",\"contentUrl\":\"https:\\\/\\\/www.viesmat.com\\\/wp-content\\\/uploads\\\/2020\\\/09\\\/logo-VIESMAT.png\",\"width\":400,\"height\":86,\"caption\":\"Viesmat\"},\"image\":{\"@id\":\"https:\\\/\\\/www.viesmat.com\\\/#\\\/schema\\\/logo\\\/image\\\/\"},\"sameAs\":[\"https:\\\/\\\/www.facebook.com\\\/viesmat\"]}]}<\/script>\n<!-- \/ Yoast SEO plugin. -->","yoast_head_json":{"title":"Rotllo moqueta firal | VIESMAT","description":"Moqueta 100% fibra de polipropil\u00e8 ideal per a esdeveniments de curta durada com fires o casaments. Possibilitat de talls de rotllo en amplada de 200cm.","robots":{"index":"index","follow":"follow","max-snippet":"max-snippet:-1","max-image-preview":"max-image-preview:large","max-video-preview":"max-video-preview:-1"},"canonical":"https:\/\/www.viesmat.com\/producte\/rollo-moqueta-ferial\/","og_locale":"ca_ES","og_type":"article","og_title":"Rotllo moqueta firal | VIESMAT","og_description":"Moqueta 100% fibra de polipropil\u00e8 ideal per a esdeveniments de curta durada com fires o casaments. Possibilitat de talls de rotllo en amplada de 200cm.","og_url":"https:\/\/www.viesmat.com\/producte\/rollo-moqueta-ferial\/","og_site_name":"VIESMAT","article_publisher":"https:\/\/www.facebook.com\/viesmat","article_modified_time":"2021-12-16T11:15:17+00:00","og_image":[{"width":900,"height":700,"url":"https:\/\/www.viesmat.com\/wp-content\/uploads\/2020\/10\/moquetas_ferial.jpg","type":"image\/jpeg"}],"twitter_card":"summary_large_image","twitter_misc":{"Temps estimat de lectura":"1 minut"},"schema":{"@context":"https:\/\/schema.org","@graph":[{"@type":"WebPage","@id":"https:\/\/www.viesmat.com\/producte\/rollo-moqueta-ferial\/","url":"https:\/\/www.viesmat.com\/producte\/rollo-moqueta-ferial\/","name":"Rotllo moqueta firal | VIESMAT","isPartOf":{"@id":"https:\/\/www.viesmat.com\/#website"},"primaryImageOfPage":{"@id":"https:\/\/www.viesmat.com\/producte\/rollo-moqueta-ferial\/#primaryimage"},"image":{"@id":"https:\/\/www.viesmat.com\/producte\/rollo-moqueta-ferial\/#primaryimage"},"thumbnailUrl":"https:\/\/www.viesmat.com\/wp-content\/uploads\/2020\/10\/moquetas_ferial.jpg","datePublished":"2020-10-07T10:02:15+00:00","dateModified":"2021-12-16T11:15:17+00:00","description":"Moqueta 100% fibra de polipropil\u00e8 ideal per a esdeveniments de curta durada com fires o casaments. Possibilitat de talls de rotllo en amplada de 200cm.","breadcrumb":{"@id":"https:\/\/www.viesmat.com\/producte\/rollo-moqueta-ferial\/#breadcrumb"},"inLanguage":"ca","potentialAction":[{"@type":"ReadAction","target":["https:\/\/www.viesmat.com\/producte\/rollo-moqueta-ferial\/"]}]},{"@type":"ImageObject","inLanguage":"ca","@id":"https:\/\/www.viesmat.com\/producte\/rollo-moqueta-ferial\/#primaryimage","url":"https:\/\/www.viesmat.com\/wp-content\/uploads\/2020\/10\/moquetas_ferial.jpg","contentUrl":"https:\/\/www.viesmat.com\/wp-content\/uploads\/2020\/10\/moquetas_ferial.jpg","width":900,"height":700},{"@type":"BreadcrumbList","@id":"https:\/\/www.viesmat.com\/producte\/rollo-moqueta-ferial\/#breadcrumb","itemListElement":[{"@type":"ListItem","position":1,"name":"Home","item":"https:\/\/www.viesmat.com\/ca\/"},{"@type":"ListItem","position":2,"name":"Productes","item":"https:\/\/www.viesmat.com\/productos\/"},{"@type":"ListItem","position":3,"name":"Rotllo moqueta firal"}]},{"@type":"WebSite","@id":"https:\/\/www.viesmat.com\/#website","url":"https:\/\/www.viesmat.com\/","name":"VIESMAT","description":"Felpudos de entrada, pavimentos de caucho y felpudos met\u00e1licos","publisher":{"@id":"https:\/\/www.viesmat.com\/#organization"},"potentialAction":[{"@type":"SearchAction","target":{"@type":"EntryPoint","urlTemplate":"https:\/\/www.viesmat.com\/?s={search_term_string}"},"query-input":{"@type":"PropertyValueSpecification","valueRequired":true,"valueName":"search_term_string"}}],"inLanguage":"ca"},{"@type":"Organization","@id":"https:\/\/www.viesmat.com\/#organization","name":"Viesmat","url":"https:\/\/www.viesmat.com\/","logo":{"@type":"ImageObject","inLanguage":"ca","@id":"https:\/\/www.viesmat.com\/#\/schema\/logo\/image\/","url":"https:\/\/www.viesmat.com\/wp-content\/uploads\/2020\/09\/logo-VIESMAT.png","contentUrl":"https:\/\/www.viesmat.com\/wp-content\/uploads\/2020\/09\/logo-VIESMAT.png","width":400,"height":86,"caption":"Viesmat"},"image":{"@id":"https:\/\/www.viesmat.com\/#\/schema\/logo\/image\/"},"sameAs":["https:\/\/www.facebook.com\/viesmat"]}]}},"_links":{"self":[{"href":"https:\/\/www.viesmat.com\/ca\/wp-json\/wp\/v2\/product\/987","targetHints":{"allow":["GET"]}}],"collection":[{"href":"https:\/\/www.viesmat.com\/ca\/wp-json\/wp\/v2\/product"}],"about":[{"href":"https:\/\/www.viesmat.com\/ca\/wp-json\/wp\/v2\/types\/product"}],"wp:featuredmedia":[{"embeddable":true,"href":"https:\/\/www.viesmat.com\/ca\/wp-json\/wp\/v2\/media\/984"}],"wp:attachment":[{"href":"https:\/\/www.viesmat.com\/ca\/wp-json\/wp\/v2\/media?parent=987"}],"wp:term":[{"taxonomy":"product_brand","embeddable":true,"href":"https:\/\/www.viesmat.com\/ca\/wp-json\/wp\/v2\/product_brand?post=987"},{"taxonomy":"product_cat","embeddable":true,"href":"https:\/\/www.viesmat.com\/ca\/wp-json\/wp\/v2\/product_cat?post=987"},{"taxonomy":"product_tag","embeddable":true,"href":"https:\/\/www.viesmat.com\/ca\/wp-json\/wp\/v2\/product_tag?post=987"}],"curies":[{"name":"wp","href":"https:\/\/api.w.org\/{rel}","templated":true}]}}