{"id":923,"date":"2020-10-01T18:48:54","date_gmt":"2020-10-01T18:48:54","guid":{"rendered":"https:\/\/www.viesmat.com\/politica-de-privacidad\/"},"modified":"2025-11-18T13:52:17","modified_gmt":"2025-11-18T12:52:17","slug":"privacy-policy","status":"publish","type":"page","link":"https:\/\/www.viesmat.com\/en\/privacy-policy\/","title":{"rendered":"Privacy Policy"},"content":{"rendered":"<div class=\"wpb-content-wrapper\">[vc_row column_spacing=&#8221;0px&#8221; css=&#8221;.vc_custom_1600961038617{margin-bottom: 40px !important;background-position: center !important;background-repeat: no-repeat !important;background-size: cover !important;}&#8221; wpex_bg_position=&#8221;right center&#8221;][vc_column css=&#8221;.vc_custom_1600936142250{padding-right: 20px !important;}&#8221;][vc_column_text css=&#8221;&#8221;]La confidencialidad y la seguridad son valores primordiales de VIESMAT SUMINISTRADORA, S.L. y, en consecuencia, asumimos el compromiso de garantizar la privacidad del Usuario en todo momento y de no recabar informaci\u00f3n innecesaria. A continuaci\u00f3n, le proporcionamos toda la informaci\u00f3n necesaria sobre nuestra Pol\u00edtica de Privacidad en relaci\u00f3n con los datos personales que recabamos, explic\u00e1ndole:<\/p>\n<ul>\n<li>Qui\u00e9n es el responsable del tratamiento de sus datos.<\/li>\n<li>Para qu\u00e9 finalidades recabamos los datos que le solicitamos.<\/li>\n<li>Cu\u00e1l es la legitimaci\u00f3n para su tratamiento.<\/li>\n<li>Durante cu\u00e1nto tiempo los conservamos.<\/li>\n<li>A qu\u00e9 destinatarios se comunican sus datos.<\/li>\n<li>Cu\u00e1les son sus derechos y c\u00f3mo ejercerlos.<\/li>\n<\/ul>\n[\/vc_column_text]<style>.vcex-heading.vcex_69e8be4b3224c{color:#000000;font-size:23px;font-weight:500;line-height:1.3;letter-spacing:-1px;}@media (max-width:1024px){.vcex-heading.vcex_69e8be4b3224c{font-size:23px;}}@media (max-width:959px){.vcex-heading.vcex_69e8be4b3224c{font-size:18px;}}@media (max-width:767px){.vcex-heading.vcex_69e8be4b3224c{font-size:18px;}}@media (max-width:479px){.vcex-heading.vcex_69e8be4b3224c{font-size:18px;}}<\/style><h2 class=\"vcex-heading vcex-heading-plain vcex-module wpex-heading wpex-text-2xl wpex-text-left vc_custom_1605175121119 vcex_69e8be4b3224c\"><span class=\"vcex-heading-inner wpex-inline-block\">1. Responsable:<\/span><\/h2>[vc_column_text css=&#8221;&#8221;]<strong>VIESMAT SUMINISTRADORA, S.L.<\/strong><br \/>\nB66302910<br \/>\nC\/ Salvador Espriu, 2bis, ESC. A 3\u00ba 2\u00aa<br \/>\n08960 Sant Just Desvern (BARCELONA)<br \/>\n<a href=\"mailto:viesmat@viesmat.com\">viesmat@viesmat.com<\/a>[\/vc_column_text]<style>.vcex-heading.vcex_69e8be4b32f70{color:#000000;font-size:23px;font-weight:500;line-height:1.3;letter-spacing:-1px;}@media (max-width:1024px){.vcex-heading.vcex_69e8be4b32f70{font-size:23px;}}@media (max-width:959px){.vcex-heading.vcex_69e8be4b32f70{font-size:18px;}}@media (max-width:767px){.vcex-heading.vcex_69e8be4b32f70{font-size:18px;}}@media (max-width:479px){.vcex-heading.vcex_69e8be4b32f70{font-size:18px;}}<\/style><h2 class=\"vcex-heading vcex-heading-plain vcex-module wpex-heading wpex-text-2xl wpex-text-left vc_custom_1605175138996 vcex_69e8be4b32f70\"><span class=\"vcex-heading-inner wpex-inline-block\">2. Finalidades, legitimaci\u00f3n y conservaci\u00f3n de los tratamientos de los datos enviados a trav\u00e9s de:<\/span><\/h2>[vc_column_text css=&#8221;&#8221;]\n<ul>\n<li>FORMULARIO DE CONTACTO<br \/>\n<strong>Finalidad:<\/strong> Facilitarle un medio para que pueda ponerse en contacto con nosotros y contestar a sus solicitudes de informaci\u00f3n, as\u00ed como enviarle comunicaciones de nuestros productos, servicios y actividades, inclusive por medios electr\u00f3nicos (correo electr\u00f3nico, SMS, etc.), si marca la casilla de aceptaci\u00f3n.<br \/>\n<strong>Legitimaci\u00f3n:<\/strong> El consentimiento del usuario al solicitarnos informaci\u00f3n a trav\u00e9s de nuestro formulario de contacto y al marcar la casilla de aceptaci\u00f3n de env\u00edo de informaci\u00f3n.<br \/>\n<strong>Conservaci\u00f3n:<\/strong> Una vez resuelta su solicitud por medio de nuestro formulario o contestada por correo electr\u00f3nico, si no ha generado un nuevo tratamiento, y en caso de haber aceptado recibir env\u00edos comerciales, hasta que solicite la baja de los mismos.<\/li>\n<\/ul>\n<ul>\n<li>ENV\u00cdO DE CORREOS ELECTR\u00d3NICOS.<br \/>\n<strong>Finalidad:<\/strong> Contestar a sus solicitudes de informaci\u00f3n, atender sus peticiones y responder sus consultas o dudas.\u00a0\u00a0En caso de recibir su Curr\u00edculum Vitae, sus datos personales y curriculares podr\u00e1n formar parte de nuestras bases de datos para participar en nuestros procesos de selecci\u00f3n presentes y futuros.<br \/>\n<strong>Legitimaci\u00f3n:<\/strong> El consentimiento del usuario al solicitarnos informaci\u00f3n a trav\u00e9s de la direcci\u00f3n de correo electr\u00f3nico o enviarnos sus datos y CV para participar en nuestros procesos de selecci\u00f3n.<br \/>\n<strong>Conservaci\u00f3n:<\/strong> Una vez resulta contestada su petici\u00f3n por correo electr\u00f3nico, si no ha generado un nuevo tratamiento. En el caso de recibir su CV, sus datos podr\u00e1n ser conservados durante un a\u00f1o m\u00e1ximo para futuros procesos de selecci\u00f3n.<\/li>\n<\/ul>\n<p>&nbsp;<\/p>\n<p><strong>Obligaci\u00f3n de facilitarnos sus datos personales y consecuencias de no hacerlo.<\/strong><\/p>\n<p>El suministro de datos personales requiere una edad m\u00ednima de 14 a\u00f1os o, en su caso, la edad m\u00ednima que establezca la normativa de protecci\u00f3n de datos aplicable y\/o disponer de capacidad jur\u00eddica suficiente para contratar.<\/p>\n<p>Los datos personales solicitados son necesarios para gestionar sus solicitudes, darle de alta como usuario y\/o prestarle los servicios que pueda contratar, por lo que, si no nos los facilita, no podremos atenderle correctamente ni prestarle el servicio que ha solicitado.<\/p>\n<p>En todo caso, nos reservamos el derecho\u00a0de decidir sobre la incorporaci\u00f3n o no de sus datos personales y dem\u00e1s informaci\u00f3n\u00a0a nuestras bases de datos.[\/vc_column_text]<style>.vcex-heading.vcex_69e8be4b335d3{color:#000000;font-size:23px;font-weight:500;line-height:1.3;letter-spacing:-1px;}@media (max-width:1024px){.vcex-heading.vcex_69e8be4b335d3{font-size:23px;}}@media (max-width:959px){.vcex-heading.vcex_69e8be4b335d3{font-size:18px;}}@media (max-width:767px){.vcex-heading.vcex_69e8be4b335d3{font-size:18px;}}@media (max-width:479px){.vcex-heading.vcex_69e8be4b335d3{font-size:18px;}}<\/style><h2 class=\"vcex-heading vcex-heading-plain vcex-module wpex-heading wpex-text-2xl wpex-text-left vc_custom_1605175155142 vcex_69e8be4b335d3\"><span class=\"vcex-heading-inner wpex-inline-block\">3. Destinatarios de sus datos<\/span><\/h2>[vc_column_text css=&#8221;&#8221;]Sus datos son confidenciales y no se ceder\u00e1n a terceros, salvo que exista obligaci\u00f3n legal.[\/vc_column_text]<style>.vcex-heading.vcex_69e8be4b33cca{color:#000000;font-size:23px;font-weight:500;line-height:1.3;letter-spacing:-1px;}@media (max-width:1024px){.vcex-heading.vcex_69e8be4b33cca{font-size:23px;}}@media (max-width:959px){.vcex-heading.vcex_69e8be4b33cca{font-size:18px;}}@media (max-width:767px){.vcex-heading.vcex_69e8be4b33cca{font-size:18px;}}@media (max-width:479px){.vcex-heading.vcex_69e8be4b33cca{font-size:18px;}}<\/style><h2 class=\"vcex-heading vcex-heading-plain vcex-module wpex-heading wpex-text-2xl wpex-text-left vc_custom_1763469905928 vcex_69e8be4b33cca\"><span class=\"vcex-heading-inner wpex-inline-block\">4. Cookies<\/span><\/h2>[vc_column_text css=&#8221;&#8221;]Esta p\u00e1gina web \u00fanicamente utiliza cookies que permiten el funcionamiento y la prestaci\u00f3n de los servicios ofrecidos en la misma y en su caso cookies propias con la \u00fanica finalidad de medir las audiencias de esta y por tanto consideradas exentas de consentimiento. Por ello, no se requiere, de acuerdo con el art\u00edculo 22 de la Ley de Servicios de la Sociedad de la Informaci\u00f3n, su consentimiento para su instalaci\u00f3n.[\/vc_column_text]<style>.vcex-heading.vcex_69e8be4b343bd{color:#000000;font-size:23px;font-weight:500;line-height:1.3;letter-spacing:-1px;}@media (max-width:1024px){.vcex-heading.vcex_69e8be4b343bd{font-size:23px;}}@media (max-width:959px){.vcex-heading.vcex_69e8be4b343bd{font-size:18px;}}@media (max-width:767px){.vcex-heading.vcex_69e8be4b343bd{font-size:18px;}}@media (max-width:479px){.vcex-heading.vcex_69e8be4b343bd{font-size:18px;}}<\/style><h2 class=\"vcex-heading vcex-heading-plain vcex-module wpex-heading wpex-text-2xl wpex-text-left vc_custom_1763469913038 vcex_69e8be4b343bd\"><span class=\"vcex-heading-inner wpex-inline-block\">5. Derechos en relaci\u00f3n con sus datos personales<\/span><\/h2>[vc_column_text css=&#8221;&#8221;]Cualquier persona puede retirar su consentimiento en cualquier momento, cuando el mismo se haya otorgado para el tratamiento de sus datos. En ning\u00fan caso, la retirada de este consentimiento condiciona la ejecuci\u00f3n del contrato de suscripci\u00f3n o las relaciones generadas con anterioridad.<\/p>\n<p>Igualmente, puede ejercer los siguientes derechos<\/p>\n<ul>\n<li>Solicitar el acceso a sus datos personales o su rectificaci\u00f3n cuando sean inexactos.<\/li>\n<li>Solicitar su supresi\u00f3n cuando, entre otros motivos, los datos ya no sean necesarios para los fines para los que fueron recogidos.<\/li>\n<li>Solicitar la limitaci\u00f3n de su tratamiento en determinadas circunstancias.<\/li>\n<li>Solicitar la oposici\u00f3n al tratamiento de sus datos por motivos relacionados con su situaci\u00f3n particular.<\/li>\n<li>Solicitar la portabilidad de los datos en los casos previstos en la normativa.<\/li>\n<li>Otros derechos reconocidos en las normativas aplicables.<\/li>\n<\/ul>\n<p><strong>D\u00f3nde y c\u00f3mo solicitar sus Derechos:<\/strong> Mediante un escrito dirigido al responsable a su direcci\u00f3n postal o electr\u00f3nica (indicadas en el apartado A), indicando la referencia \u201cDatos Personales\u201d, especificando el derecho que se quiere ejercer y respecto a qu\u00e9 datos personales.<br \/>\nEn caso de divergencias con la empresa en relaci\u00f3n con el tratamiento de sus datos, puede presentar una reclamaci\u00f3n ante la Agencia de Protecci\u00f3n de Datos (<a href=\"http:\/\/www.agpd.es\/\" target=\"_blank\" rel=\"noopener noreferrer\">www.agpd.es<\/a>).[\/vc_column_text]<style>.vcex-heading.vcex_69e8be4b349f5{color:#000000;font-size:23px;font-weight:500;line-height:1.3;letter-spacing:-1px;}@media (max-width:1024px){.vcex-heading.vcex_69e8be4b349f5{font-size:23px;}}@media (max-width:959px){.vcex-heading.vcex_69e8be4b349f5{font-size:18px;}}@media (max-width:767px){.vcex-heading.vcex_69e8be4b349f5{font-size:18px;}}@media (max-width:479px){.vcex-heading.vcex_69e8be4b349f5{font-size:18px;}}<\/style><h2 class=\"vcex-heading vcex-heading-plain vcex-module wpex-heading wpex-text-2xl wpex-text-left vc_custom_1605177746225 vcex_69e8be4b349f5\"><span class=\"vcex-heading-inner wpex-inline-block\">6. Seguridad de sus datos personales<\/span><\/h2>[vc_column_text css=&#8221;&#8221;]Con el objetivo de salvaguardar la seguridad de sus datos personales, le informamos que hemos adoptado todas las medidas de \u00edndole t\u00e9cnica y organizativa necesarias para garantizar la seguridad de los datos personales suministrados de su alteraci\u00f3n, p\u00e9rdida y tratamientos o accesos no autorizados.[\/vc_column_text]<style>.vcex-heading.vcex_69e8be4b3504a{color:#000000;font-size:23px;font-weight:500;line-height:1.3;letter-spacing:-1px;}@media (max-width:1024px){.vcex-heading.vcex_69e8be4b3504a{font-size:23px;}}@media (max-width:959px){.vcex-heading.vcex_69e8be4b3504a{font-size:18px;}}@media (max-width:767px){.vcex-heading.vcex_69e8be4b3504a{font-size:18px;}}@media (max-width:479px){.vcex-heading.vcex_69e8be4b3504a{font-size:18px;}}<\/style><h2 class=\"vcex-heading vcex-heading-plain vcex-module wpex-heading wpex-text-2xl wpex-text-left vc_custom_1605177765353 vcex_69e8be4b3504a\"><span class=\"vcex-heading-inner wpex-inline-block\">7. Actualizaci\u00f3n de sus datos<\/span><\/h2>[vc_column_text css=&#8221;&#8221;]Es importante que para que podamos mantener sus datos personales actualizados, nos informe siempre que haya habido alguna modificaci\u00f3n en ellos, en caso contrario, no respondemos de la veracidad de los mismos.<\/p>\n<p>No nos hacemos responsables de la pol\u00edtica de privacidad respecto a los datos personales que pueda facilitar a terceros por medio de los enlaces disponibles en nuestra p\u00e1gina web.<\/p>\n<p>La presente Pol\u00edtica de Privacidad ha sido actualizada en fecha\u00a018-11-2025\u00a0y puede ser modificada para adaptarla a los cambios que se produzcan en nuestra web, as\u00ed como modificaciones legislativas o jurisprudenciales sobre datos personales que vayan apareciendo, por lo que exige su lectura, cada vez que nos facilite sus datos a trav\u00e9s de esta Web.<br \/>\n[\/vc_column_text][\/vc_column][\/vc_row]\n<\/div>","protected":false},"excerpt":{"rendered":"<p>[vc_row column_spacing=&#8221;0px&#8221; css=&#8221;.vc_custom_1600961038617{margin-bottom: 40px !important;background-position: center !important;background-repeat: no-repeat !important;background-size: cover !important;}&#8221; wpex_bg_position=&#8221;right center&#8221;][vc_column css=&#8221;.vc_custom_1600936142250{padding-right: 20px !important;}&#8221;][vc_column_text css=&#8221;&#8221;]La confidencialidad y la seguridad son valores primordiales de VIESMAT SUMINISTRADORA, S.L. y, en consecuencia, asumimos el compromiso de garantizar la privacidad del Usuario en todo momento y de no recabar informaci\u00f3n innecesaria. A continuaci\u00f3n, le proporcionamos toda la&hellip;<\/p>\n","protected":false},"author":1,"featured_media":0,"parent":0,"menu_order":0,"comment_status":"closed","ping_status":"closed","template":"","meta":{"footnotes":""},"class_list":["post-923","page","type-page","status-publish","hentry","entry","no-media"],"yoast_head":"<!-- This site is optimized with the Yoast SEO plugin v27.4 - https:\/\/yoast.com\/product\/yoast-seo-wordpress\/ -->\n<title>Privacy Policy | VIESMAT<\/title>\n<meta name=\"robots\" content=\"index, follow, max-snippet:-1, max-image-preview:large, max-video-preview:-1\" \/>\n<link rel=\"canonical\" href=\"https:\/\/www.viesmat.com\/en\/privacy-policy\/\" \/>\n<meta property=\"og:locale\" content=\"en_US\" \/>\n<meta property=\"og:type\" content=\"article\" \/>\n<meta property=\"og:title\" content=\"Privacy Policy | VIESMAT\" \/>\n<meta property=\"og:description\" content=\"[vc_row column_spacing=&#8221;0px&#8221; css=&#8221;.vc_custom_1600961038617{margin-bottom: 40px !important;background-position: center !important;background-repeat: no-repeat !important;background-size: cover !important;}&#8221; wpex_bg_position=&#8221;right center&#8221;][vc_column css=&#8221;.vc_custom_1600936142250{padding-right: 20px !important;}&#8221;][vc_column_text css=&#8221;&#8221;]La confidencialidad y la seguridad son valores primordiales de VIESMAT SUMINISTRADORA, S.L. y, en consecuencia, asumimos el compromiso de garantizar la privacidad del Usuario en todo momento y de no recabar informaci\u00f3n innecesaria. A continuaci\u00f3n, le proporcionamos toda la&hellip;\" \/>\n<meta property=\"og:url\" content=\"https:\/\/www.viesmat.com\/en\/privacy-policy\/\" \/>\n<meta property=\"og:site_name\" content=\"VIESMAT\" \/>\n<meta property=\"article:publisher\" content=\"https:\/\/www.facebook.com\/viesmat\" \/>\n<meta property=\"article:modified_time\" content=\"2025-11-18T12:52:17+00:00\" \/>\n<meta name=\"twitter:card\" content=\"summary_large_image\" \/>\n<meta name=\"twitter:label1\" content=\"Est. reading time\" \/>\n\t<meta name=\"twitter:data1\" content=\"5 minutes\" \/>\n<script type=\"application\/ld+json\" class=\"yoast-schema-graph\">{\"@context\":\"https:\\\/\\\/schema.org\",\"@graph\":[{\"@type\":\"WebPage\",\"@id\":\"https:\\\/\\\/www.viesmat.com\\\/en\\\/privacy-policy\\\/\",\"url\":\"https:\\\/\\\/www.viesmat.com\\\/en\\\/privacy-policy\\\/\",\"name\":\"Privacy Policy | VIESMAT\",\"isPartOf\":{\"@id\":\"https:\\\/\\\/www.viesmat.com\\\/#website\"},\"datePublished\":\"2020-10-01T18:48:54+00:00\",\"dateModified\":\"2025-11-18T12:52:17+00:00\",\"breadcrumb\":{\"@id\":\"https:\\\/\\\/www.viesmat.com\\\/en\\\/privacy-policy\\\/#breadcrumb\"},\"inLanguage\":\"en-US\",\"potentialAction\":[{\"@type\":\"ReadAction\",\"target\":[\"https:\\\/\\\/www.viesmat.com\\\/en\\\/privacy-policy\\\/\"]}]},{\"@type\":\"BreadcrumbList\",\"@id\":\"https:\\\/\\\/www.viesmat.com\\\/en\\\/privacy-policy\\\/#breadcrumb\",\"itemListElement\":[{\"@type\":\"ListItem\",\"position\":1,\"name\":\"Home\",\"item\":\"https:\\\/\\\/www.viesmat.com\\\/en\\\/\"},{\"@type\":\"ListItem\",\"position\":2,\"name\":\"Privacy Policy\"}]},{\"@type\":\"WebSite\",\"@id\":\"https:\\\/\\\/www.viesmat.com\\\/#website\",\"url\":\"https:\\\/\\\/www.viesmat.com\\\/\",\"name\":\"VIESMAT\",\"description\":\"Felpudos de entrada, pavimentos de caucho y felpudos met\u00e1licos\",\"publisher\":{\"@id\":\"https:\\\/\\\/www.viesmat.com\\\/#organization\"},\"potentialAction\":[{\"@type\":\"SearchAction\",\"target\":{\"@type\":\"EntryPoint\",\"urlTemplate\":\"https:\\\/\\\/www.viesmat.com\\\/?s={search_term_string}\"},\"query-input\":{\"@type\":\"PropertyValueSpecification\",\"valueRequired\":true,\"valueName\":\"search_term_string\"}}],\"inLanguage\":\"en-US\"},{\"@type\":\"Organization\",\"@id\":\"https:\\\/\\\/www.viesmat.com\\\/#organization\",\"name\":\"Viesmat\",\"url\":\"https:\\\/\\\/www.viesmat.com\\\/\",\"logo\":{\"@type\":\"ImageObject\",\"inLanguage\":\"en-US\",\"@id\":\"https:\\\/\\\/www.viesmat.com\\\/#\\\/schema\\\/logo\\\/image\\\/\",\"url\":\"https:\\\/\\\/www.viesmat.com\\\/wp-content\\\/uploads\\\/2020\\\/09\\\/logo-VIESMAT.png\",\"contentUrl\":\"https:\\\/\\\/www.viesmat.com\\\/wp-content\\\/uploads\\\/2020\\\/09\\\/logo-VIESMAT.png\",\"width\":400,\"height\":86,\"caption\":\"Viesmat\"},\"image\":{\"@id\":\"https:\\\/\\\/www.viesmat.com\\\/#\\\/schema\\\/logo\\\/image\\\/\"},\"sameAs\":[\"https:\\\/\\\/www.facebook.com\\\/viesmat\"]}]}<\/script>\n<!-- \/ Yoast SEO plugin. -->","yoast_head_json":{"title":"Privacy Policy | VIESMAT","robots":{"index":"index","follow":"follow","max-snippet":"max-snippet:-1","max-image-preview":"max-image-preview:large","max-video-preview":"max-video-preview:-1"},"canonical":"https:\/\/www.viesmat.com\/en\/privacy-policy\/","og_locale":"en_US","og_type":"article","og_title":"Privacy Policy | VIESMAT","og_description":"[vc_row column_spacing=&#8221;0px&#8221; css=&#8221;.vc_custom_1600961038617{margin-bottom: 40px !important;background-position: center !important;background-repeat: no-repeat !important;background-size: cover !important;}&#8221; wpex_bg_position=&#8221;right center&#8221;][vc_column css=&#8221;.vc_custom_1600936142250{padding-right: 20px !important;}&#8221;][vc_column_text css=&#8221;&#8221;]La confidencialidad y la seguridad son valores primordiales de VIESMAT SUMINISTRADORA, S.L. y, en consecuencia, asumimos el compromiso de garantizar la privacidad del Usuario en todo momento y de no recabar informaci\u00f3n innecesaria. A continuaci\u00f3n, le proporcionamos toda la&hellip;","og_url":"https:\/\/www.viesmat.com\/en\/privacy-policy\/","og_site_name":"VIESMAT","article_publisher":"https:\/\/www.facebook.com\/viesmat","article_modified_time":"2025-11-18T12:52:17+00:00","twitter_card":"summary_large_image","twitter_misc":{"Est. reading time":"5 minutes"},"schema":{"@context":"https:\/\/schema.org","@graph":[{"@type":"WebPage","@id":"https:\/\/www.viesmat.com\/en\/privacy-policy\/","url":"https:\/\/www.viesmat.com\/en\/privacy-policy\/","name":"Privacy Policy | VIESMAT","isPartOf":{"@id":"https:\/\/www.viesmat.com\/#website"},"datePublished":"2020-10-01T18:48:54+00:00","dateModified":"2025-11-18T12:52:17+00:00","breadcrumb":{"@id":"https:\/\/www.viesmat.com\/en\/privacy-policy\/#breadcrumb"},"inLanguage":"en-US","potentialAction":[{"@type":"ReadAction","target":["https:\/\/www.viesmat.com\/en\/privacy-policy\/"]}]},{"@type":"BreadcrumbList","@id":"https:\/\/www.viesmat.com\/en\/privacy-policy\/#breadcrumb","itemListElement":[{"@type":"ListItem","position":1,"name":"Home","item":"https:\/\/www.viesmat.com\/en\/"},{"@type":"ListItem","position":2,"name":"Privacy Policy"}]},{"@type":"WebSite","@id":"https:\/\/www.viesmat.com\/#website","url":"https:\/\/www.viesmat.com\/","name":"VIESMAT","description":"Felpudos de entrada, pavimentos de caucho y felpudos met\u00e1licos","publisher":{"@id":"https:\/\/www.viesmat.com\/#organization"},"potentialAction":[{"@type":"SearchAction","target":{"@type":"EntryPoint","urlTemplate":"https:\/\/www.viesmat.com\/?s={search_term_string}"},"query-input":{"@type":"PropertyValueSpecification","valueRequired":true,"valueName":"search_term_string"}}],"inLanguage":"en-US"},{"@type":"Organization","@id":"https:\/\/www.viesmat.com\/#organization","name":"Viesmat","url":"https:\/\/www.viesmat.com\/","logo":{"@type":"ImageObject","inLanguage":"en-US","@id":"https:\/\/www.viesmat.com\/#\/schema\/logo\/image\/","url":"https:\/\/www.viesmat.com\/wp-content\/uploads\/2020\/09\/logo-VIESMAT.png","contentUrl":"https:\/\/www.viesmat.com\/wp-content\/uploads\/2020\/09\/logo-VIESMAT.png","width":400,"height":86,"caption":"Viesmat"},"image":{"@id":"https:\/\/www.viesmat.com\/#\/schema\/logo\/image\/"},"sameAs":["https:\/\/www.facebook.com\/viesmat"]}]}},"_links":{"self":[{"href":"https:\/\/www.viesmat.com\/en\/wp-json\/wp\/v2\/pages\/923","targetHints":{"allow":["GET"]}}],"collection":[{"href":"https:\/\/www.viesmat.com\/en\/wp-json\/wp\/v2\/pages"}],"about":[{"href":"https:\/\/www.viesmat.com\/en\/wp-json\/wp\/v2\/types\/page"}],"author":[{"embeddable":true,"href":"https:\/\/www.viesmat.com\/en\/wp-json\/wp\/v2\/users\/1"}],"replies":[{"embeddable":true,"href":"https:\/\/www.viesmat.com\/en\/wp-json\/wp\/v2\/comments?post=923"}],"version-history":[{"count":12,"href":"https:\/\/www.viesmat.com\/en\/wp-json\/wp\/v2\/pages\/923\/revisions"}],"predecessor-version":[{"id":46446,"href":"https:\/\/www.viesmat.com\/en\/wp-json\/wp\/v2\/pages\/923\/revisions\/46446"}],"wp:attachment":[{"href":"https:\/\/www.viesmat.com\/en\/wp-json\/wp\/v2\/media?parent=923"}],"curies":[{"name":"wp","href":"https:\/\/api.w.org\/{rel}","templated":true}]}}