{"id":929,"date":"2020-09-04T20:33:30","date_gmt":"2020-09-04T20:33:30","guid":{"rendered":"https:\/\/www.viesmat.com\/aviso-legal\/"},"modified":"2025-11-18T18:05:24","modified_gmt":"2025-11-18T17:05:24","slug":"legal-notice","status":"publish","type":"page","link":"https:\/\/www.viesmat.com\/en\/legal-notice\/","title":{"rendered":"Legal Notice"},"content":{"rendered":"<div class=\"wpb-content-wrapper\">[vc_row][vc_column][vc_column_text css=&#8221;&#8221;]Esta p\u00e1gina Web es propiedad de VIESMAT SUMINISTRADORA, S.L., con NIF n\u00ba B66302910 y domicilio en C\/ Salvador Espriu, 2bis, ESC. A 3\u00ba 2\u00aa 08960 Sant Just Desvern ( BARCELONA ) e Inscrita en el\u00a0Registro Mercantil de Barcelona en el Tomo 44373, Folio 39, Hoja B 454222, Inscripci\u00f3n 1.<br \/>\nPara cualquier consulta o propuesta, cont\u00e1ctenos llamando al tel\u00e9fono\u00a0+34 934 733 563 o\u00a0en el e-mail <a href=\"mailto:viesmat@viesmat.com\">viesmat@viesmat.com<\/a>.<\/p>\n<p>Esta p\u00e1gina Web se rige por la normativa exclusivamente aplicable en Espa\u00f1a, quedando sometida a ella, tanto nacionales como extranjeros que utilicen esta Web.<\/p>\n<p>El acceso a nuestra p\u00e1gina Web por parte de la PERSONA USUARIA es gratuito y su uso se rige por las condiciones de uso vigentes en el momento del acceso, que rogamos lea detenidamente. Si la PERSONA USUARIA no estuviere de acuerdo con las presentes condiciones de uso, deber\u00e1 abstenerse de utilizar este portal y operar por medio del mismo, pudiendo contactar con nosotros para que le resolvamos cualquier duda en relaci\u00f3n a las mismas.<\/p>\n<p>El suministro de datos personales y la compra de productos a trav\u00e9s de nuestro portal requiere una edad m\u00ednima de\u00a014 a\u00f1os, o en su caso, disponer de capacidad jur\u00eddica suficiente para contratar.<\/p>\n<p>En cualquier momento podremos modificar la presentaci\u00f3n y configuraci\u00f3n de nuestra Web, ampliar o reducir servicios, e incluso suprimirla de la Red, as\u00ed como los servicios y contenidos prestados.[\/vc_column_text]<style>.vcex-heading.vcex_69e8be4b1ee00{color:#000000;font-size:23px;font-weight:500;line-height:1.3;letter-spacing:-1px;}@media (max-width:1024px){.vcex-heading.vcex_69e8be4b1ee00{font-size:23px;}}@media (max-width:959px){.vcex-heading.vcex_69e8be4b1ee00{font-size:18px;}}@media (max-width:767px){.vcex-heading.vcex_69e8be4b1ee00{font-size:18px;}}@media (max-width:479px){.vcex-heading.vcex_69e8be4b1ee00{font-size:18px;}}<\/style><h2 class=\"vcex-heading vcex-heading-plain vcex-module wpex-heading wpex-text-2xl wpex-text-left vc_custom_1605171522809 vcex_69e8be4b1ee00\"><span class=\"vcex-heading-inner wpex-inline-block\">A. PROPIEDAD INTELECTUAL<\/span><\/h2>[vc_column_text css=&#8221;&#8221;]Todos los contenidos, textos, im\u00e1genes, y c\u00f3digos fuente son propiedad de VIESMAT SUMINISTRADORA, S.L. o de terceros a los que se han adquirido sus derechos de explotaci\u00f3n, y est\u00e1n protegidos por los derechos de Propiedad Intelectual e Industrial.<\/p>\n<p>La PERSONA USUARIA \u00fanicamente tiene derecho a un uso privado de los mismos, sin \u00e1nimo de lucro, y necesita autorizaci\u00f3n expresa para modificarlos, reproducirlos, explotarlos, distribuirlos o ejercer cualquier derecho perteneciente a su titular.<\/p>\n<p>VIESMAT SUMINISTRADORA, S.L. es una marca registrada, y est\u00e1 prohibida su reproducci\u00f3n, imitaci\u00f3n, utilizaci\u00f3n o inserci\u00f3n de estas marcas sin nuestra debida autorizaci\u00f3n.<\/p>\n<p>El establecimiento de enlaces a nuestro portal no confiere ning\u00fan derecho sobre el mismo. Asimismo, el simple hecho de establecer un enlace a nuestra p\u00e1gina web no da derecho a otorgarse la categor\u00eda de colaborador o socio.<\/p>\n<p>VIESMAT SUMINISTRADORA, S.L. queda exonerado de responsabilidad por cualquier reclamaci\u00f3n respecto a los derechos de propiedad intelectual de los art\u00edculos e im\u00e1genes publicadas por terceros en su portal.<\/p>\n<p>Est\u00e1 absolutamente prohibida la imitaci\u00f3n ya sea total o parcial de nuestro portal o el establecimiento de enlaces a nuestra p\u00e1gina web sin la autorizaci\u00f3n previa de VIESMAT SUMINISTRADORA, S.L.[\/vc_column_text]<style>.vcex-heading.vcex_69e8be4b1f6ca{color:#000000;font-size:23px;font-weight:500;line-height:1.3;letter-spacing:-1px;}@media (max-width:1024px){.vcex-heading.vcex_69e8be4b1f6ca{font-size:23px;}}@media (max-width:959px){.vcex-heading.vcex_69e8be4b1f6ca{font-size:18px;}}@media (max-width:767px){.vcex-heading.vcex_69e8be4b1f6ca{font-size:18px;}}@media (max-width:479px){.vcex-heading.vcex_69e8be4b1f6ca{font-size:18px;}}<\/style><h2 class=\"vcex-heading vcex-heading-plain vcex-module wpex-heading wpex-text-2xl wpex-text-left vc_custom_1605171556992 vcex_69e8be4b1f6ca\"><span class=\"vcex-heading-inner wpex-inline-block\">B. CONDICIONES DE ACCESO Y USO<\/span><\/h2>[vc_column_text css=&#8221;&#8221;]El acceso a nuestra p\u00e1gina Web es gratuito y no exige suscripci\u00f3n o registro previo. Sin embargo, determinados servicios son de acceso restringido a determinadas PERSONAS USUARIAS y requieren haber realizado un proceso de registro y\/o la identificaci\u00f3n mediante contrase\u00f1as. Estos servicios quedar\u00e1n debidamente identificados en la Web.<\/p>\n<p>El env\u00edo de datos personales implica la aceptaci\u00f3n expresa por parte de la PERSONA USUARIA de nuestra pol\u00edtica de privacidad.<br \/>\nLa PERSONA USUARIA debe acceder a nuestra p\u00e1gina Web conforme a la buena fe, las normas de orden p\u00fablico y a las presentes Condiciones Generales de uso. El acceso a nuestro sitio Web se realiza bajo la propia y exclusiva responsabilidad de la PERSONA USUARIA, que responder\u00e1 en todo caso de los da\u00f1os y perjuicios que pueda causar a terceros o a nosotros mismos.<\/p>\n<p>La PERSONA USUARIA tiene expresamente prohibida la utilizaci\u00f3n y obtenci\u00f3n de los servicios, productos y contenidos ofrecidos en la presente p\u00e1gina web, por procedimientos distintos a los estipulados en las presentes condiciones de uso y, en su caso, en las condiciones particulares que regulen la adquisici\u00f3n de determinados productos.<\/p>\n<p>La PERSONA USUARIA tiene prohibido cualquier tipo de acci\u00f3n sobre nuestro portal que origine una excesiva sobrecarga de funcionamiento a nuestros sistemas inform\u00e1ticos, as\u00ed como la introducci\u00f3n de virus, o instalaci\u00f3n de robots, o software que altere el normal funcionamiento de nuestra web, o en definitiva pueda causar da\u00f1os a nuestros sistemas inform\u00e1ticos.<\/p>\n<p>Teniendo en cuenta la dificultad de control respecto a la informaci\u00f3n, contenidos y servicios que contengan p\u00e1ginas web de terceros disponibles desde nuestra p\u00e1gina web, le comunicamos que VIESMAT SUMINISTRADORA, S.L., no se hace responsable de los mismos, sin perjuicio de que intentar\u00e1, en la medida de lo posible, velar por su legalidad.<\/p>\n<p>VIESMAT SUMINISTRADORA, S.L. se reserva el derecho a dar de baja a cualquier PERSONA USUARIA que la organizaci\u00f3n entienda que ha vulnerado las condiciones que rigen el uso de nuestra p\u00e1gina web. Asimismo, se reserva el derecho de ejercitar las acciones legales oportunas contra aquellos que vulneren las presentes condiciones generales de uso.[\/vc_column_text]<style>.vcex-heading.vcex_69e8be4b1fd77{color:#000000;font-size:23px;font-weight:500;line-height:1.3;letter-spacing:-1px;}@media (max-width:1024px){.vcex-heading.vcex_69e8be4b1fd77{font-size:23px;}}@media (max-width:959px){.vcex-heading.vcex_69e8be4b1fd77{font-size:18px;}}@media (max-width:767px){.vcex-heading.vcex_69e8be4b1fd77{font-size:18px;}}@media (max-width:479px){.vcex-heading.vcex_69e8be4b1fd77{font-size:18px;}}<\/style><h2 class=\"vcex-heading vcex-heading-plain vcex-module wpex-heading wpex-text-2xl wpex-text-left vc_custom_1605171587175 vcex_69e8be4b1fd77\"><span class=\"vcex-heading-inner wpex-inline-block\">C. POL\u00cdTICA DE PRIVACIDAD<\/span><\/h2>[vc_column_text css=&#8221;&#8221;]La confidencialidad y la seguridad son valores primordiales de VIESMAT SUMINISTRADORA, S.L. y, en consecuencia, asumimos el compromiso de garantizar la privacidad de la PERSONA USUARIA en todo momento y de no recabar informaci\u00f3n innecesaria.<\/p>\n<p>El suministro de datos personales a trav\u00e9s de nuestro portal requiere una edad m\u00ednima de\u00a014 a\u00f1os\u00a0y la aceptaci\u00f3n expresa de nuestra <a href=\"https:\/\/www.viesmat.com\/en\/privacy-policy\/\"><u>Pol\u00edtica de Privacidad<\/u><\/a>.[\/vc_column_text]<style>.vcex-heading.vcex_69e8be4b20406{color:#000000;font-size:23px;font-weight:500;line-height:1.3;letter-spacing:-1px;}@media (max-width:1024px){.vcex-heading.vcex_69e8be4b20406{font-size:23px;}}@media (max-width:959px){.vcex-heading.vcex_69e8be4b20406{font-size:18px;}}@media (max-width:767px){.vcex-heading.vcex_69e8be4b20406{font-size:18px;}}@media (max-width:479px){.vcex-heading.vcex_69e8be4b20406{font-size:18px;}}<\/style><h2 class=\"vcex-heading vcex-heading-plain vcex-module wpex-heading wpex-text-2xl wpex-text-left vc_custom_1605171636470 vcex_69e8be4b20406\"><span class=\"vcex-heading-inner wpex-inline-block\">D. RESPONSABILIDADES<\/span><\/h2>[vc_column_text css=&#8221;&#8221;]Al poner a disposici\u00f3n de la PERSONA USUARIA esta p\u00e1gina Web queremos ofrecerle un servicio de calidad, utilizando la m\u00e1xima diligencia en la prestaci\u00f3n del mismo, as\u00ed como en los medios tecnol\u00f3gicos utilizados. No obstante, VIESMAT SUMINISTRADORA, S.L. no garantiza que la disponibilidad del servicio sea continua e ininterrumpida, por circunstancias originadas por problemas en la red de Internet, aver\u00edas en los dispositivos inform\u00e1ticos u otras circunstancias imprevisibles, de manera que la PERSONA USUARIA acepta soportar dentro de unos l\u00edmites razonables estas circunstancias.<\/p>\n<p>Esta p\u00e1gina web, salvo lo regulado, en su caso, por algunas condiciones de uso espec\u00edficas, es puramente informativa y de presentaci\u00f3n corporativa de nuestros productos y servicios, por lo que VIESMAT SUMINISTRADORA, S.L. no se responsabiliza por las expectativas de cualquier tipo que pueda generar a la PERSONA USUARIA.<\/p>\n<p>Todo lo referente a nuestra p\u00e1gina web, se rige exclusivamente por las leyes espa\u00f1olas. En el caso de que se produzca cualquier tipo de discrepancia o diferencia entre las partes en relaci\u00f3n con la interpretaci\u00f3n y contenido de la presente p\u00e1gina web, todas las partes se someten a los Juzgados y Tribunales que legalmente correspondan.[\/vc_column_text]<style>.vcex-heading.vcex_69e8be4b20a82{color:#000000;font-size:23px;font-weight:500;line-height:1.3;letter-spacing:-1px;}@media (max-width:1024px){.vcex-heading.vcex_69e8be4b20a82{font-size:23px;}}@media (max-width:959px){.vcex-heading.vcex_69e8be4b20a82{font-size:18px;}}@media (max-width:767px){.vcex-heading.vcex_69e8be4b20a82{font-size:18px;}}@media (max-width:479px){.vcex-heading.vcex_69e8be4b20a82{font-size:18px;}}<\/style><h2 class=\"vcex-heading vcex-heading-plain vcex-module wpex-heading wpex-text-2xl wpex-text-left vc_custom_1605171872122 vcex_69e8be4b20a82\"><span class=\"vcex-heading-inner wpex-inline-block\">E. VIGENCIA DE LAS CONDICIONES GENERALES DE ACCESO A LA WEB<\/span><\/h2>[vc_column_text css=&#8221;&#8221;]Las presentes Condiciones Generales de Uso han sido modificadas con fecha\u00a0dd\/mm\/aaaa. En cualquier momento podemos proceder a su modificaci\u00f3n: por favor, compruebe la fecha de emisi\u00f3n en cada ocasi\u00f3n en que se conecte a nuestra p\u00e1gina Web y as\u00ed tendr\u00e1 la certeza de que no se ha producido modificaci\u00f3n alguna que le afecte.<\/p>\n<p>Para cualquier cuesti\u00f3n respecto a las Condiciones de Uso de nuestra p\u00e1gina web, puede ponerse en contacto con nosotros en los datos arriba indicados, o con Lant Abogados en <a href=\"mailto:info@lant-abogados.com\">info@lant-abogados.com<\/a> o en <a href=\"http:\/\/www.lant-abogados.com\/\" target=\"_blank\" rel=\"noopener noreferrer\">www.lant-abogados.com<\/a>.[\/vc_column_text][\/vc_column][\/vc_row]\n<\/div>","protected":false},"excerpt":{"rendered":"<p>[vc_row][vc_column][vc_column_text css=&#8221;&#8221;]Esta p\u00e1gina Web es propiedad de VIESMAT SUMINISTRADORA, S.L., con NIF n\u00ba B66302910 y domicilio en C\/ Salvador Espriu, 2bis, ESC. A 3\u00ba 2\u00aa 08960 Sant Just Desvern ( BARCELONA ) e Inscrita en el\u00a0Registro Mercantil de Barcelona en el Tomo 44373, Folio 39, Hoja B 454222, Inscripci\u00f3n 1. Para cualquier consulta o propuesta,&hellip;<\/p>\n","protected":false},"author":1,"featured_media":0,"parent":0,"menu_order":0,"comment_status":"closed","ping_status":"open","template":"","meta":{"footnotes":""},"class_list":["post-929","page","type-page","status-publish","hentry","entry","no-media"],"yoast_head":"<!-- This site is optimized with the Yoast SEO plugin v27.4 - https:\/\/yoast.com\/product\/yoast-seo-wordpress\/ -->\n<title>Legal Notice | VIESMAT<\/title>\n<meta name=\"robots\" content=\"index, follow, max-snippet:-1, max-image-preview:large, max-video-preview:-1\" \/>\n<link rel=\"canonical\" href=\"https:\/\/www.viesmat.com\/en\/legal-notice\/\" \/>\n<meta property=\"og:locale\" content=\"en_US\" \/>\n<meta property=\"og:type\" content=\"article\" \/>\n<meta property=\"og:title\" content=\"Legal Notice | VIESMAT\" \/>\n<meta property=\"og:description\" content=\"[vc_row][vc_column][vc_column_text css=&#8221;&#8221;]Esta p\u00e1gina Web es propiedad de VIESMAT SUMINISTRADORA, S.L., con NIF n\u00ba B66302910 y domicilio en C\/ Salvador Espriu, 2bis, ESC. A 3\u00ba 2\u00aa 08960 Sant Just Desvern ( BARCELONA ) e Inscrita en el\u00a0Registro Mercantil de Barcelona en el Tomo 44373, Folio 39, Hoja B 454222, Inscripci\u00f3n 1. Para cualquier consulta o propuesta,&hellip;\" \/>\n<meta property=\"og:url\" content=\"https:\/\/www.viesmat.com\/en\/legal-notice\/\" \/>\n<meta property=\"og:site_name\" content=\"VIESMAT\" \/>\n<meta property=\"article:publisher\" content=\"https:\/\/www.facebook.com\/viesmat\" \/>\n<meta property=\"article:modified_time\" content=\"2025-11-18T17:05:24+00:00\" \/>\n<meta name=\"twitter:card\" content=\"summary_large_image\" \/>\n<meta name=\"twitter:label1\" content=\"Est. reading time\" \/>\n\t<meta name=\"twitter:data1\" content=\"6 minutes\" \/>\n<script type=\"application\/ld+json\" class=\"yoast-schema-graph\">{\"@context\":\"https:\\\/\\\/schema.org\",\"@graph\":[{\"@type\":\"WebPage\",\"@id\":\"https:\\\/\\\/www.viesmat.com\\\/en\\\/legal-notice\\\/\",\"url\":\"https:\\\/\\\/www.viesmat.com\\\/en\\\/legal-notice\\\/\",\"name\":\"Legal Notice | VIESMAT\",\"isPartOf\":{\"@id\":\"https:\\\/\\\/www.viesmat.com\\\/#website\"},\"datePublished\":\"2020-09-04T20:33:30+00:00\",\"dateModified\":\"2025-11-18T17:05:24+00:00\",\"breadcrumb\":{\"@id\":\"https:\\\/\\\/www.viesmat.com\\\/en\\\/legal-notice\\\/#breadcrumb\"},\"inLanguage\":\"en-US\",\"potentialAction\":[{\"@type\":\"ReadAction\",\"target\":[\"https:\\\/\\\/www.viesmat.com\\\/en\\\/legal-notice\\\/\"]}]},{\"@type\":\"BreadcrumbList\",\"@id\":\"https:\\\/\\\/www.viesmat.com\\\/en\\\/legal-notice\\\/#breadcrumb\",\"itemListElement\":[{\"@type\":\"ListItem\",\"position\":1,\"name\":\"Home\",\"item\":\"https:\\\/\\\/www.viesmat.com\\\/en\\\/\"},{\"@type\":\"ListItem\",\"position\":2,\"name\":\"Legal Notice\"}]},{\"@type\":\"WebSite\",\"@id\":\"https:\\\/\\\/www.viesmat.com\\\/#website\",\"url\":\"https:\\\/\\\/www.viesmat.com\\\/\",\"name\":\"VIESMAT\",\"description\":\"Felpudos de entrada, pavimentos de caucho y felpudos met\u00e1licos\",\"publisher\":{\"@id\":\"https:\\\/\\\/www.viesmat.com\\\/#organization\"},\"potentialAction\":[{\"@type\":\"SearchAction\",\"target\":{\"@type\":\"EntryPoint\",\"urlTemplate\":\"https:\\\/\\\/www.viesmat.com\\\/?s={search_term_string}\"},\"query-input\":{\"@type\":\"PropertyValueSpecification\",\"valueRequired\":true,\"valueName\":\"search_term_string\"}}],\"inLanguage\":\"en-US\"},{\"@type\":\"Organization\",\"@id\":\"https:\\\/\\\/www.viesmat.com\\\/#organization\",\"name\":\"Viesmat\",\"url\":\"https:\\\/\\\/www.viesmat.com\\\/\",\"logo\":{\"@type\":\"ImageObject\",\"inLanguage\":\"en-US\",\"@id\":\"https:\\\/\\\/www.viesmat.com\\\/#\\\/schema\\\/logo\\\/image\\\/\",\"url\":\"https:\\\/\\\/www.viesmat.com\\\/wp-content\\\/uploads\\\/2020\\\/09\\\/logo-VIESMAT.png\",\"contentUrl\":\"https:\\\/\\\/www.viesmat.com\\\/wp-content\\\/uploads\\\/2020\\\/09\\\/logo-VIESMAT.png\",\"width\":400,\"height\":86,\"caption\":\"Viesmat\"},\"image\":{\"@id\":\"https:\\\/\\\/www.viesmat.com\\\/#\\\/schema\\\/logo\\\/image\\\/\"},\"sameAs\":[\"https:\\\/\\\/www.facebook.com\\\/viesmat\"]}]}<\/script>\n<!-- \/ Yoast SEO plugin. -->","yoast_head_json":{"title":"Legal Notice | VIESMAT","robots":{"index":"index","follow":"follow","max-snippet":"max-snippet:-1","max-image-preview":"max-image-preview:large","max-video-preview":"max-video-preview:-1"},"canonical":"https:\/\/www.viesmat.com\/en\/legal-notice\/","og_locale":"en_US","og_type":"article","og_title":"Legal Notice | VIESMAT","og_description":"[vc_row][vc_column][vc_column_text css=&#8221;&#8221;]Esta p\u00e1gina Web es propiedad de VIESMAT SUMINISTRADORA, S.L., con NIF n\u00ba B66302910 y domicilio en C\/ Salvador Espriu, 2bis, ESC. A 3\u00ba 2\u00aa 08960 Sant Just Desvern ( BARCELONA ) e Inscrita en el\u00a0Registro Mercantil de Barcelona en el Tomo 44373, Folio 39, Hoja B 454222, Inscripci\u00f3n 1. Para cualquier consulta o propuesta,&hellip;","og_url":"https:\/\/www.viesmat.com\/en\/legal-notice\/","og_site_name":"VIESMAT","article_publisher":"https:\/\/www.facebook.com\/viesmat","article_modified_time":"2025-11-18T17:05:24+00:00","twitter_card":"summary_large_image","twitter_misc":{"Est. reading time":"6 minutes"},"schema":{"@context":"https:\/\/schema.org","@graph":[{"@type":"WebPage","@id":"https:\/\/www.viesmat.com\/en\/legal-notice\/","url":"https:\/\/www.viesmat.com\/en\/legal-notice\/","name":"Legal Notice | VIESMAT","isPartOf":{"@id":"https:\/\/www.viesmat.com\/#website"},"datePublished":"2020-09-04T20:33:30+00:00","dateModified":"2025-11-18T17:05:24+00:00","breadcrumb":{"@id":"https:\/\/www.viesmat.com\/en\/legal-notice\/#breadcrumb"},"inLanguage":"en-US","potentialAction":[{"@type":"ReadAction","target":["https:\/\/www.viesmat.com\/en\/legal-notice\/"]}]},{"@type":"BreadcrumbList","@id":"https:\/\/www.viesmat.com\/en\/legal-notice\/#breadcrumb","itemListElement":[{"@type":"ListItem","position":1,"name":"Home","item":"https:\/\/www.viesmat.com\/en\/"},{"@type":"ListItem","position":2,"name":"Legal Notice"}]},{"@type":"WebSite","@id":"https:\/\/www.viesmat.com\/#website","url":"https:\/\/www.viesmat.com\/","name":"VIESMAT","description":"Felpudos de entrada, pavimentos de caucho y felpudos met\u00e1licos","publisher":{"@id":"https:\/\/www.viesmat.com\/#organization"},"potentialAction":[{"@type":"SearchAction","target":{"@type":"EntryPoint","urlTemplate":"https:\/\/www.viesmat.com\/?s={search_term_string}"},"query-input":{"@type":"PropertyValueSpecification","valueRequired":true,"valueName":"search_term_string"}}],"inLanguage":"en-US"},{"@type":"Organization","@id":"https:\/\/www.viesmat.com\/#organization","name":"Viesmat","url":"https:\/\/www.viesmat.com\/","logo":{"@type":"ImageObject","inLanguage":"en-US","@id":"https:\/\/www.viesmat.com\/#\/schema\/logo\/image\/","url":"https:\/\/www.viesmat.com\/wp-content\/uploads\/2020\/09\/logo-VIESMAT.png","contentUrl":"https:\/\/www.viesmat.com\/wp-content\/uploads\/2020\/09\/logo-VIESMAT.png","width":400,"height":86,"caption":"Viesmat"},"image":{"@id":"https:\/\/www.viesmat.com\/#\/schema\/logo\/image\/"},"sameAs":["https:\/\/www.facebook.com\/viesmat"]}]}},"_links":{"self":[{"href":"https:\/\/www.viesmat.com\/en\/wp-json\/wp\/v2\/pages\/929","targetHints":{"allow":["GET"]}}],"collection":[{"href":"https:\/\/www.viesmat.com\/en\/wp-json\/wp\/v2\/pages"}],"about":[{"href":"https:\/\/www.viesmat.com\/en\/wp-json\/wp\/v2\/types\/page"}],"author":[{"embeddable":true,"href":"https:\/\/www.viesmat.com\/en\/wp-json\/wp\/v2\/users\/1"}],"replies":[{"embeddable":true,"href":"https:\/\/www.viesmat.com\/en\/wp-json\/wp\/v2\/comments?post=929"}],"version-history":[{"count":12,"href":"https:\/\/www.viesmat.com\/en\/wp-json\/wp\/v2\/pages\/929\/revisions"}],"predecessor-version":[{"id":46452,"href":"https:\/\/www.viesmat.com\/en\/wp-json\/wp\/v2\/pages\/929\/revisions\/46452"}],"wp:attachment":[{"href":"https:\/\/www.viesmat.com\/en\/wp-json\/wp\/v2\/media?parent=929"}],"curies":[{"name":"wp","href":"https:\/\/api.w.org\/{rel}","templated":true}]}}