{"id":46473,"date":"2026-04-19T10:45:41","date_gmt":"2026-04-19T09:45:41","guid":{"rendered":"https:\/\/www.viesmat.com\/?post_type=product&#038;p=46473"},"modified":"2026-04-19T12:05:48","modified_gmt":"2026-04-19T11:05:48","slug":"pvc_zig_zag","status":"publish","type":"product","link":"https:\/\/www.viesmat.com\/en\/product\/pvc_zig_zag\/","title":{"rendered":"PVC ZIG ZAG"},"content":{"rendered":"<div class=\"wpb-content-wrapper\">[vc_row][vc_column][vc_column_text css=&#8221;&#8221;]Rollo <span class=\"Y2IQFc\" lang=\"ca\">en estructura oberta de vinil tipus Zig Zag amb m\u00faltiples aplicacions: ideal per a zones humides com vestuaris, piscines, balnearis, centres de wellness, terres ind\u00fastria aliment\u00e0ria i entrades.<\/span><\/p>\n<p><span class=\"Y2IQFc\" lang=\"ca\">Aquesta catifa de reixeta es subministra en rotllo flexible, permeable a l&#8217;aigua i molt f\u00e0cil de netejar.<\/span><\/p>\n<p>F\u00e0cil de tallar a mida i de la m\u00e0xima qualitat.<\/p>\n<p><strong>Material:<\/strong> Vinil<br \/>\n<strong>Mida:<\/strong> 15&#215;1,20mt.<br \/>\n<strong>Espessor: <\/strong>5mm. (<u>+<\/u>0,01mm.)<br \/>\n<strong>Pes: <\/strong>3,8 Kg\/m2<br \/>\n<strong>Estructura:<\/strong> Fons Obert<br \/>\n<strong>Colors:<\/strong> Negre, Gris i Blau[\/vc_column_text][\/vc_column][\/vc_row][vc_row][vc_column width=&#8221;1\/3&#8243;]<figure class=\"vcex-image vcex-module wpex-text-left\"><div class=\"vcex-image-inner wpex-relative wpex-inline-block\"><img width=\"450\" height=\"450\" src=\"https:\/\/www.viesmat.com\/wp-content\/uploads\/2026\/04\/zigzag_black_4.jpg\" class=\"vcex-image-img wpex-align-middle\" alt=\"\" loading=\"lazy\" decoding=\"async\" srcset=\"https:\/\/www.viesmat.com\/wp-content\/uploads\/2026\/04\/zigzag_black_4.jpg 450w, https:\/\/www.viesmat.com\/wp-content\/uploads\/2026\/04\/zigzag_black_4-300x300.jpg 300w, https:\/\/www.viesmat.com\/wp-content\/uploads\/2026\/04\/zigzag_black_4-150x150.jpg 150w, https:\/\/www.viesmat.com\/wp-content\/uploads\/2026\/04\/zigzag_black_4-100x100.jpg 100w\" sizes=\"auto, (max-width: 450px) 100vw, 450px\" \/><\/div><\/figure><figure class=\"vcex-image vcex-module\"><div class=\"vcex-image-inner wpex-relative wpex-inline-block\"><img width=\"450\" height=\"450\" src=\"https:\/\/www.viesmat.com\/wp-content\/uploads\/2026\/04\/zigzag_black_3.jpg\" class=\"vcex-image-img wpex-align-middle\" alt=\"\" loading=\"lazy\" decoding=\"async\" srcset=\"https:\/\/www.viesmat.com\/wp-content\/uploads\/2026\/04\/zigzag_black_3.jpg 450w, https:\/\/www.viesmat.com\/wp-content\/uploads\/2026\/04\/zigzag_black_3-300x300.jpg 300w, https:\/\/www.viesmat.com\/wp-content\/uploads\/2026\/04\/zigzag_black_3-150x150.jpg 150w, https:\/\/www.viesmat.com\/wp-content\/uploads\/2026\/04\/zigzag_black_3-100x100.jpg 100w\" sizes=\"auto, (max-width: 450px) 100vw, 450px\" \/><\/div><\/figure>[\/vc_column][vc_column width=&#8221;1\/3&#8243;]<figure class=\"vcex-image vcex-module wpex-text-left\"><div class=\"vcex-image-inner wpex-relative wpex-inline-block\"><img width=\"450\" height=\"450\" src=\"https:\/\/www.viesmat.com\/wp-content\/uploads\/2026\/04\/zigzag_grey_4.jpg\" class=\"vcex-image-img wpex-align-middle\" alt=\"\" loading=\"lazy\" decoding=\"async\" srcset=\"https:\/\/www.viesmat.com\/wp-content\/uploads\/2026\/04\/zigzag_grey_4.jpg 450w, https:\/\/www.viesmat.com\/wp-content\/uploads\/2026\/04\/zigzag_grey_4-300x300.jpg 300w, https:\/\/www.viesmat.com\/wp-content\/uploads\/2026\/04\/zigzag_grey_4-150x150.jpg 150w, https:\/\/www.viesmat.com\/wp-content\/uploads\/2026\/04\/zigzag_grey_4-100x100.jpg 100w\" sizes=\"auto, (max-width: 450px) 100vw, 450px\" \/><\/div><\/figure><figure class=\"vcex-image vcex-module\"><div class=\"vcex-image-inner wpex-relative wpex-inline-block\"><img width=\"450\" height=\"450\" src=\"https:\/\/www.viesmat.com\/wp-content\/uploads\/2026\/04\/zigzag_grey_3.jpg\" class=\"vcex-image-img wpex-align-middle\" alt=\"\" loading=\"lazy\" decoding=\"async\" srcset=\"https:\/\/www.viesmat.com\/wp-content\/uploads\/2026\/04\/zigzag_grey_3.jpg 450w, https:\/\/www.viesmat.com\/wp-content\/uploads\/2026\/04\/zigzag_grey_3-300x300.jpg 300w, https:\/\/www.viesmat.com\/wp-content\/uploads\/2026\/04\/zigzag_grey_3-150x150.jpg 150w, https:\/\/www.viesmat.com\/wp-content\/uploads\/2026\/04\/zigzag_grey_3-100x100.jpg 100w\" sizes=\"auto, (max-width: 450px) 100vw, 450px\" \/><\/div><\/figure>[\/vc_column][vc_column width=&#8221;1\/3&#8243;]<figure class=\"vcex-image vcex-module wpex-text-left\"><div class=\"vcex-image-inner wpex-relative wpex-inline-block\"><img width=\"450\" height=\"450\" src=\"https:\/\/www.viesmat.com\/wp-content\/uploads\/2026\/04\/zigzag_blue_4.jpg\" class=\"vcex-image-img wpex-align-middle\" alt=\"\" loading=\"lazy\" decoding=\"async\" srcset=\"https:\/\/www.viesmat.com\/wp-content\/uploads\/2026\/04\/zigzag_blue_4.jpg 450w, https:\/\/www.viesmat.com\/wp-content\/uploads\/2026\/04\/zigzag_blue_4-300x300.jpg 300w, https:\/\/www.viesmat.com\/wp-content\/uploads\/2026\/04\/zigzag_blue_4-150x150.jpg 150w, https:\/\/www.viesmat.com\/wp-content\/uploads\/2026\/04\/zigzag_blue_4-100x100.jpg 100w\" sizes=\"auto, (max-width: 450px) 100vw, 450px\" \/><\/div><\/figure><figure class=\"vcex-image vcex-module\"><div class=\"vcex-image-inner wpex-relative wpex-inline-block\"><img width=\"450\" height=\"450\" src=\"https:\/\/www.viesmat.com\/wp-content\/uploads\/2026\/04\/zigzag_blue_3.jpeg\" class=\"vcex-image-img wpex-align-middle\" alt=\"\" loading=\"lazy\" decoding=\"async\" srcset=\"https:\/\/www.viesmat.com\/wp-content\/uploads\/2026\/04\/zigzag_blue_3.jpeg 450w, https:\/\/www.viesmat.com\/wp-content\/uploads\/2026\/04\/zigzag_blue_3-300x300.jpeg 300w, https:\/\/www.viesmat.com\/wp-content\/uploads\/2026\/04\/zigzag_blue_3-150x150.jpeg 150w, https:\/\/www.viesmat.com\/wp-content\/uploads\/2026\/04\/zigzag_blue_3-100x100.jpeg 100w\" sizes=\"auto, (max-width: 450px) 100vw, 450px\" \/><\/div><\/figure>[\/vc_column][\/vc_row]\n<\/div>","protected":false},"excerpt":{"rendered":"<p>[vc_row][vc_column][vc_column_text css=&#8221;&#8221;]Rollo en estructura oberta de vinil tipus Zig Zag amb m\u00faltiples aplicacions: ideal per a zones humides com vestuaris, piscines, balnearis, centres de wellness, terres ind\u00fastria aliment\u00e0ria i entrades. Aquesta catifa de reixeta es subministra en rotllo flexible, permeable a l&#8217;aigua i molt f\u00e0cil de netejar. F\u00e0cil de tallar a mida i de la&hellip;<\/p>\n","protected":false},"featured_media":46467,"template":"","meta":[],"product_brand":[],"product_cat":[53,49],"product_tag":[],"class_list":{"0":"post-46473","1":"product","2":"type-product","3":"status-publish","4":"has-post-thumbnail","6":"product_cat-specialist-mats","7":"product_cat-plastic-flooring","8":"entry","9":"has-media","11":"first","12":"instock","13":"shipping-taxable","14":"purchasable","15":"product-type-simple"},"yoast_head":"<!-- This site is optimized with the Yoast SEO plugin v27.4 - https:\/\/yoast.com\/product\/yoast-seo-wordpress\/ -->\n<title>PVC ZIG ZAG | VIESMAT<\/title>\n<meta name=\"robots\" content=\"index, follow, max-snippet:-1, max-image-preview:large, max-video-preview:-1\" \/>\n<link rel=\"canonical\" href=\"https:\/\/www.viesmat.com\/en\/product\/pvc_zig_zag\/\" \/>\n<meta property=\"og:locale\" content=\"en_US\" \/>\n<meta property=\"og:type\" content=\"article\" \/>\n<meta property=\"og:title\" content=\"PVC ZIG ZAG | VIESMAT\" \/>\n<meta property=\"og:description\" content=\"[vc_row][vc_column][vc_column_text css=&#8221;&#8221;]Rollo en estructura oberta de vinil tipus Zig Zag amb m\u00faltiples aplicacions: ideal per a zones humides com vestuaris, piscines, balnearis, centres de wellness, terres ind\u00fastria aliment\u00e0ria i entrades. Aquesta catifa de reixeta es subministra en rotllo flexible, permeable a l&#8217;aigua i molt f\u00e0cil de netejar. F\u00e0cil de tallar a mida i de la&hellip;\" \/>\n<meta property=\"og:url\" content=\"https:\/\/www.viesmat.com\/en\/product\/pvc_zig_zag\/\" \/>\n<meta property=\"og:site_name\" content=\"VIESMAT\" \/>\n<meta property=\"article:publisher\" content=\"https:\/\/www.facebook.com\/viesmat\" \/>\n<meta property=\"article:modified_time\" content=\"2026-04-19T11:05:48+00:00\" \/>\n<meta property=\"og:image\" content=\"https:\/\/www.viesmat.com\/wp-content\/uploads\/2026\/03\/zigzag_blue_0-1-1024x602.png\" \/>\n\t<meta property=\"og:image:width\" content=\"1024\" \/>\n\t<meta property=\"og:image:height\" content=\"602\" \/>\n\t<meta property=\"og:image:type\" content=\"image\/png\" \/>\n<meta name=\"twitter:card\" content=\"summary_large_image\" \/>\n<meta name=\"twitter:label1\" content=\"Est. reading time\" \/>\n\t<meta name=\"twitter:data1\" content=\"1 minute\" \/>\n<script type=\"application\/ld+json\" class=\"yoast-schema-graph\">{\"@context\":\"https:\\\/\\\/schema.org\",\"@graph\":[{\"@type\":\"WebPage\",\"@id\":\"https:\\\/\\\/www.viesmat.com\\\/en\\\/product\\\/pvc_zig_zag\\\/\",\"url\":\"https:\\\/\\\/www.viesmat.com\\\/en\\\/product\\\/pvc_zig_zag\\\/\",\"name\":\"PVC ZIG ZAG | VIESMAT\",\"isPartOf\":{\"@id\":\"https:\\\/\\\/www.viesmat.com\\\/#website\"},\"primaryImageOfPage\":{\"@id\":\"https:\\\/\\\/www.viesmat.com\\\/en\\\/product\\\/pvc_zig_zag\\\/#primaryimage\"},\"image\":{\"@id\":\"https:\\\/\\\/www.viesmat.com\\\/en\\\/product\\\/pvc_zig_zag\\\/#primaryimage\"},\"thumbnailUrl\":\"https:\\\/\\\/www.viesmat.com\\\/wp-content\\\/uploads\\\/2026\\\/03\\\/zigzag_blue_0-1.png\",\"datePublished\":\"2026-04-19T09:45:41+00:00\",\"dateModified\":\"2026-04-19T11:05:48+00:00\",\"breadcrumb\":{\"@id\":\"https:\\\/\\\/www.viesmat.com\\\/en\\\/product\\\/pvc_zig_zag\\\/#breadcrumb\"},\"inLanguage\":\"en-US\",\"potentialAction\":[{\"@type\":\"ReadAction\",\"target\":[\"https:\\\/\\\/www.viesmat.com\\\/en\\\/product\\\/pvc_zig_zag\\\/\"]}]},{\"@type\":\"ImageObject\",\"inLanguage\":\"en-US\",\"@id\":\"https:\\\/\\\/www.viesmat.com\\\/en\\\/product\\\/pvc_zig_zag\\\/#primaryimage\",\"url\":\"https:\\\/\\\/www.viesmat.com\\\/wp-content\\\/uploads\\\/2026\\\/03\\\/zigzag_blue_0-1.png\",\"contentUrl\":\"https:\\\/\\\/www.viesmat.com\\\/wp-content\\\/uploads\\\/2026\\\/03\\\/zigzag_blue_0-1.png\",\"width\":1700,\"height\":1000},{\"@type\":\"BreadcrumbList\",\"@id\":\"https:\\\/\\\/www.viesmat.com\\\/en\\\/product\\\/pvc_zig_zag\\\/#breadcrumb\",\"itemListElement\":[{\"@type\":\"ListItem\",\"position\":1,\"name\":\"Home\",\"item\":\"https:\\\/\\\/www.viesmat.com\\\/en\\\/\"},{\"@type\":\"ListItem\",\"position\":2,\"name\":\"Products\",\"item\":\"https:\\\/\\\/www.viesmat.com\\\/en\\\/products\\\/\"},{\"@type\":\"ListItem\",\"position\":3,\"name\":\"PVC ZIG ZAG\"}]},{\"@type\":\"WebSite\",\"@id\":\"https:\\\/\\\/www.viesmat.com\\\/#website\",\"url\":\"https:\\\/\\\/www.viesmat.com\\\/\",\"name\":\"VIESMAT\",\"description\":\"Felpudos de entrada, pavimentos de caucho y felpudos met\u00e1licos\",\"publisher\":{\"@id\":\"https:\\\/\\\/www.viesmat.com\\\/#organization\"},\"potentialAction\":[{\"@type\":\"SearchAction\",\"target\":{\"@type\":\"EntryPoint\",\"urlTemplate\":\"https:\\\/\\\/www.viesmat.com\\\/?s={search_term_string}\"},\"query-input\":{\"@type\":\"PropertyValueSpecification\",\"valueRequired\":true,\"valueName\":\"search_term_string\"}}],\"inLanguage\":\"en-US\"},{\"@type\":\"Organization\",\"@id\":\"https:\\\/\\\/www.viesmat.com\\\/#organization\",\"name\":\"Viesmat\",\"url\":\"https:\\\/\\\/www.viesmat.com\\\/\",\"logo\":{\"@type\":\"ImageObject\",\"inLanguage\":\"en-US\",\"@id\":\"https:\\\/\\\/www.viesmat.com\\\/#\\\/schema\\\/logo\\\/image\\\/\",\"url\":\"https:\\\/\\\/www.viesmat.com\\\/wp-content\\\/uploads\\\/2020\\\/09\\\/logo-VIESMAT.png\",\"contentUrl\":\"https:\\\/\\\/www.viesmat.com\\\/wp-content\\\/uploads\\\/2020\\\/09\\\/logo-VIESMAT.png\",\"width\":400,\"height\":86,\"caption\":\"Viesmat\"},\"image\":{\"@id\":\"https:\\\/\\\/www.viesmat.com\\\/#\\\/schema\\\/logo\\\/image\\\/\"},\"sameAs\":[\"https:\\\/\\\/www.facebook.com\\\/viesmat\"]}]}<\/script>\n<!-- \/ Yoast SEO plugin. -->","yoast_head_json":{"title":"PVC ZIG ZAG | VIESMAT","robots":{"index":"index","follow":"follow","max-snippet":"max-snippet:-1","max-image-preview":"max-image-preview:large","max-video-preview":"max-video-preview:-1"},"canonical":"https:\/\/www.viesmat.com\/en\/product\/pvc_zig_zag\/","og_locale":"en_US","og_type":"article","og_title":"PVC ZIG ZAG | VIESMAT","og_description":"[vc_row][vc_column][vc_column_text css=&#8221;&#8221;]Rollo en estructura oberta de vinil tipus Zig Zag amb m\u00faltiples aplicacions: ideal per a zones humides com vestuaris, piscines, balnearis, centres de wellness, terres ind\u00fastria aliment\u00e0ria i entrades. Aquesta catifa de reixeta es subministra en rotllo flexible, permeable a l&#8217;aigua i molt f\u00e0cil de netejar. F\u00e0cil de tallar a mida i de la&hellip;","og_url":"https:\/\/www.viesmat.com\/en\/product\/pvc_zig_zag\/","og_site_name":"VIESMAT","article_publisher":"https:\/\/www.facebook.com\/viesmat","article_modified_time":"2026-04-19T11:05:48+00:00","og_image":[{"width":1024,"height":602,"url":"https:\/\/www.viesmat.com\/wp-content\/uploads\/2026\/03\/zigzag_blue_0-1-1024x602.png","type":"image\/png"}],"twitter_card":"summary_large_image","twitter_misc":{"Est. reading time":"1 minute"},"schema":{"@context":"https:\/\/schema.org","@graph":[{"@type":"WebPage","@id":"https:\/\/www.viesmat.com\/en\/product\/pvc_zig_zag\/","url":"https:\/\/www.viesmat.com\/en\/product\/pvc_zig_zag\/","name":"PVC ZIG ZAG | VIESMAT","isPartOf":{"@id":"https:\/\/www.viesmat.com\/#website"},"primaryImageOfPage":{"@id":"https:\/\/www.viesmat.com\/en\/product\/pvc_zig_zag\/#primaryimage"},"image":{"@id":"https:\/\/www.viesmat.com\/en\/product\/pvc_zig_zag\/#primaryimage"},"thumbnailUrl":"https:\/\/www.viesmat.com\/wp-content\/uploads\/2026\/03\/zigzag_blue_0-1.png","datePublished":"2026-04-19T09:45:41+00:00","dateModified":"2026-04-19T11:05:48+00:00","breadcrumb":{"@id":"https:\/\/www.viesmat.com\/en\/product\/pvc_zig_zag\/#breadcrumb"},"inLanguage":"en-US","potentialAction":[{"@type":"ReadAction","target":["https:\/\/www.viesmat.com\/en\/product\/pvc_zig_zag\/"]}]},{"@type":"ImageObject","inLanguage":"en-US","@id":"https:\/\/www.viesmat.com\/en\/product\/pvc_zig_zag\/#primaryimage","url":"https:\/\/www.viesmat.com\/wp-content\/uploads\/2026\/03\/zigzag_blue_0-1.png","contentUrl":"https:\/\/www.viesmat.com\/wp-content\/uploads\/2026\/03\/zigzag_blue_0-1.png","width":1700,"height":1000},{"@type":"BreadcrumbList","@id":"https:\/\/www.viesmat.com\/en\/product\/pvc_zig_zag\/#breadcrumb","itemListElement":[{"@type":"ListItem","position":1,"name":"Home","item":"https:\/\/www.viesmat.com\/en\/"},{"@type":"ListItem","position":2,"name":"Products","item":"https:\/\/www.viesmat.com\/en\/products\/"},{"@type":"ListItem","position":3,"name":"PVC ZIG ZAG"}]},{"@type":"WebSite","@id":"https:\/\/www.viesmat.com\/#website","url":"https:\/\/www.viesmat.com\/","name":"VIESMAT","description":"Felpudos de entrada, pavimentos de caucho y felpudos met\u00e1licos","publisher":{"@id":"https:\/\/www.viesmat.com\/#organization"},"potentialAction":[{"@type":"SearchAction","target":{"@type":"EntryPoint","urlTemplate":"https:\/\/www.viesmat.com\/?s={search_term_string}"},"query-input":{"@type":"PropertyValueSpecification","valueRequired":true,"valueName":"search_term_string"}}],"inLanguage":"en-US"},{"@type":"Organization","@id":"https:\/\/www.viesmat.com\/#organization","name":"Viesmat","url":"https:\/\/www.viesmat.com\/","logo":{"@type":"ImageObject","inLanguage":"en-US","@id":"https:\/\/www.viesmat.com\/#\/schema\/logo\/image\/","url":"https:\/\/www.viesmat.com\/wp-content\/uploads\/2020\/09\/logo-VIESMAT.png","contentUrl":"https:\/\/www.viesmat.com\/wp-content\/uploads\/2020\/09\/logo-VIESMAT.png","width":400,"height":86,"caption":"Viesmat"},"image":{"@id":"https:\/\/www.viesmat.com\/#\/schema\/logo\/image\/"},"sameAs":["https:\/\/www.facebook.com\/viesmat"]}]}},"_links":{"self":[{"href":"https:\/\/www.viesmat.com\/en\/wp-json\/wp\/v2\/product\/46473","targetHints":{"allow":["GET"]}}],"collection":[{"href":"https:\/\/www.viesmat.com\/en\/wp-json\/wp\/v2\/product"}],"about":[{"href":"https:\/\/www.viesmat.com\/en\/wp-json\/wp\/v2\/types\/product"}],"wp:featuredmedia":[{"embeddable":true,"href":"https:\/\/www.viesmat.com\/en\/wp-json\/wp\/v2\/media\/46467"}],"wp:attachment":[{"href":"https:\/\/www.viesmat.com\/en\/wp-json\/wp\/v2\/media?parent=46473"}],"wp:term":[{"taxonomy":"product_brand","embeddable":true,"href":"https:\/\/www.viesmat.com\/en\/wp-json\/wp\/v2\/product_brand?post=46473"},{"taxonomy":"product_cat","embeddable":true,"href":"https:\/\/www.viesmat.com\/en\/wp-json\/wp\/v2\/product_cat?post=46473"},{"taxonomy":"product_tag","embeddable":true,"href":"https:\/\/www.viesmat.com\/en\/wp-json\/wp\/v2\/product_tag?post=46473"}],"curies":[{"name":"wp","href":"https:\/\/api.w.org\/{rel}","templated":true}]}}