{"id":670,"date":"2020-09-24T21:42:50","date_gmt":"2020-09-24T21:42:50","guid":{"rendered":"https:\/\/www.viesmat.com\/producto\/felpudo-metalico-personalizado\/"},"modified":"2020-10-06T17:15:13","modified_gmt":"2020-10-06T17:15:13","slug":"aluminium-logo-mat","status":"publish","type":"product","link":"https:\/\/www.viesmat.com\/en\/product\/aluminium-logo-mat\/","title":{"rendered":"Aluminium logo mat"},"content":{"rendered":"<div class=\"wpb-content-wrapper\">[vc_row][vc_column][vc_column_text]Personalizaci\u00f3n de felpudos met\u00e1licos en espesor de 12, 17 y 22mm. en acabado en alfombra textil de Nylon.<\/p>\n<p>Para solicitar presupuesto, \u00fanicamente necesitamos nos env\u00eden por mail la imagen en jpg y la medida. Una vez confirmado el pedido, les enviamos siempre un boceto para que nos lo puedan confirmar previa a su entrada en producci\u00f3n.<\/p>\n<p><strong>Colores disponibles:<\/strong><br \/>\n<img loading=\"lazy\" decoding=\"async\" class=\"alignnone wp-image-215 size-full\" src=\"https:\/\/www.viesmat.com\/wp-content\/uploads\/2020\/09\/clean_logo_colours.jpg\" alt=\"\" width=\"273\" height=\"362\" srcset=\"https:\/\/www.viesmat.com\/wp-content\/uploads\/2020\/09\/clean_logo_colours.jpg 273w, https:\/\/www.viesmat.com\/wp-content\/uploads\/2020\/09\/clean_logo_colours-226x300.jpg 226w\" sizes=\"auto, (max-width: 273px) 100vw, 273px\" \/>[\/vc_column_text][\/vc_column][\/vc_row]\n<\/div>","protected":false},"excerpt":{"rendered":"<p>[vc_row][vc_column][vc_column_text]Personalizaci\u00f3n de felpudos met\u00e1licos en espesor de 12, 17 y 22mm. en acabado en alfombra textil de Nylon. Para solicitar presupuesto, \u00fanicamente necesitamos nos env\u00eden por mail la imagen en jpg y la medida. Una vez confirmado el pedido, les enviamos siempre un boceto para que nos lo puedan confirmar previa a su entrada en&hellip;<\/p>\n","protected":false},"featured_media":672,"template":"","meta":[],"product_brand":[],"product_cat":[39,45],"product_tag":[],"class_list":{"0":"post-670","1":"product","2":"type-product","3":"status-publish","4":"has-post-thumbnail","6":"product_cat-entrance-matting","7":"product_cat-custom-logo-mats","8":"entry","9":"has-media","11":"first","12":"instock","13":"shipping-taxable","14":"purchasable","15":"product-type-simple"},"yoast_head":"<!-- This site is optimized with the Yoast SEO plugin v27.4 - https:\/\/yoast.com\/product\/yoast-seo-wordpress\/ -->\n<title>Aluminium logo mat | VIESMAT<\/title>\n<meta name=\"robots\" content=\"index, follow, max-snippet:-1, max-image-preview:large, max-video-preview:-1\" \/>\n<link rel=\"canonical\" href=\"https:\/\/www.viesmat.com\/en\/product\/aluminium-logo-mat\/\" \/>\n<meta property=\"og:locale\" content=\"en_US\" \/>\n<meta property=\"og:type\" content=\"article\" \/>\n<meta property=\"og:title\" content=\"Aluminium logo mat | VIESMAT\" \/>\n<meta property=\"og:description\" content=\"[vc_row][vc_column][vc_column_text]Personalizaci\u00f3n de felpudos met\u00e1licos en espesor de 12, 17 y 22mm. en acabado en alfombra textil de Nylon. Para solicitar presupuesto, \u00fanicamente necesitamos nos env\u00eden por mail la imagen en jpg y la medida. Una vez confirmado el pedido, les enviamos siempre un boceto para que nos lo puedan confirmar previa a su entrada en&hellip;\" \/>\n<meta property=\"og:url\" content=\"https:\/\/www.viesmat.com\/en\/product\/aluminium-logo-mat\/\" \/>\n<meta property=\"og:site_name\" content=\"VIESMAT\" \/>\n<meta property=\"article:publisher\" content=\"https:\/\/www.facebook.com\/viesmat\" \/>\n<meta property=\"article:modified_time\" content=\"2020-10-06T17:15:13+00:00\" \/>\n<meta property=\"og:image\" content=\"https:\/\/www.viesmat.com\/wp-content\/uploads\/2020\/09\/clean_logo1.jpg\" \/>\n\t<meta property=\"og:image:width\" content=\"390\" \/>\n\t<meta property=\"og:image:height\" content=\"234\" \/>\n\t<meta property=\"og:image:type\" content=\"image\/jpeg\" \/>\n<meta name=\"twitter:card\" content=\"summary_large_image\" \/>\n<script type=\"application\/ld+json\" class=\"yoast-schema-graph\">{\"@context\":\"https:\\\/\\\/schema.org\",\"@graph\":[{\"@type\":\"WebPage\",\"@id\":\"https:\\\/\\\/www.viesmat.com\\\/en\\\/product\\\/aluminium-logo-mat\\\/\",\"url\":\"https:\\\/\\\/www.viesmat.com\\\/en\\\/product\\\/aluminium-logo-mat\\\/\",\"name\":\"Aluminium logo mat | VIESMAT\",\"isPartOf\":{\"@id\":\"https:\\\/\\\/www.viesmat.com\\\/#website\"},\"primaryImageOfPage\":{\"@id\":\"https:\\\/\\\/www.viesmat.com\\\/en\\\/product\\\/aluminium-logo-mat\\\/#primaryimage\"},\"image\":{\"@id\":\"https:\\\/\\\/www.viesmat.com\\\/en\\\/product\\\/aluminium-logo-mat\\\/#primaryimage\"},\"thumbnailUrl\":\"https:\\\/\\\/www.viesmat.com\\\/wp-content\\\/uploads\\\/2020\\\/09\\\/clean_logo1.jpg\",\"datePublished\":\"2020-09-24T21:42:50+00:00\",\"dateModified\":\"2020-10-06T17:15:13+00:00\",\"breadcrumb\":{\"@id\":\"https:\\\/\\\/www.viesmat.com\\\/en\\\/product\\\/aluminium-logo-mat\\\/#breadcrumb\"},\"inLanguage\":\"en-US\",\"potentialAction\":[{\"@type\":\"ReadAction\",\"target\":[\"https:\\\/\\\/www.viesmat.com\\\/en\\\/product\\\/aluminium-logo-mat\\\/\"]}]},{\"@type\":\"ImageObject\",\"inLanguage\":\"en-US\",\"@id\":\"https:\\\/\\\/www.viesmat.com\\\/en\\\/product\\\/aluminium-logo-mat\\\/#primaryimage\",\"url\":\"https:\\\/\\\/www.viesmat.com\\\/wp-content\\\/uploads\\\/2020\\\/09\\\/clean_logo1.jpg\",\"contentUrl\":\"https:\\\/\\\/www.viesmat.com\\\/wp-content\\\/uploads\\\/2020\\\/09\\\/clean_logo1.jpg\",\"width\":390,\"height\":234},{\"@type\":\"BreadcrumbList\",\"@id\":\"https:\\\/\\\/www.viesmat.com\\\/en\\\/product\\\/aluminium-logo-mat\\\/#breadcrumb\",\"itemListElement\":[{\"@type\":\"ListItem\",\"position\":1,\"name\":\"Home\",\"item\":\"https:\\\/\\\/www.viesmat.com\\\/en\\\/\"},{\"@type\":\"ListItem\",\"position\":2,\"name\":\"Products\",\"item\":\"https:\\\/\\\/www.viesmat.com\\\/en\\\/products\\\/\"},{\"@type\":\"ListItem\",\"position\":3,\"name\":\"Aluminium logo mat\"}]},{\"@type\":\"WebSite\",\"@id\":\"https:\\\/\\\/www.viesmat.com\\\/#website\",\"url\":\"https:\\\/\\\/www.viesmat.com\\\/\",\"name\":\"VIESMAT\",\"description\":\"Felpudos de entrada, pavimentos de caucho y felpudos met\u00e1licos\",\"publisher\":{\"@id\":\"https:\\\/\\\/www.viesmat.com\\\/#organization\"},\"potentialAction\":[{\"@type\":\"SearchAction\",\"target\":{\"@type\":\"EntryPoint\",\"urlTemplate\":\"https:\\\/\\\/www.viesmat.com\\\/?s={search_term_string}\"},\"query-input\":{\"@type\":\"PropertyValueSpecification\",\"valueRequired\":true,\"valueName\":\"search_term_string\"}}],\"inLanguage\":\"en-US\"},{\"@type\":\"Organization\",\"@id\":\"https:\\\/\\\/www.viesmat.com\\\/#organization\",\"name\":\"Viesmat\",\"url\":\"https:\\\/\\\/www.viesmat.com\\\/\",\"logo\":{\"@type\":\"ImageObject\",\"inLanguage\":\"en-US\",\"@id\":\"https:\\\/\\\/www.viesmat.com\\\/#\\\/schema\\\/logo\\\/image\\\/\",\"url\":\"https:\\\/\\\/www.viesmat.com\\\/wp-content\\\/uploads\\\/2020\\\/09\\\/logo-VIESMAT.png\",\"contentUrl\":\"https:\\\/\\\/www.viesmat.com\\\/wp-content\\\/uploads\\\/2020\\\/09\\\/logo-VIESMAT.png\",\"width\":400,\"height\":86,\"caption\":\"Viesmat\"},\"image\":{\"@id\":\"https:\\\/\\\/www.viesmat.com\\\/#\\\/schema\\\/logo\\\/image\\\/\"},\"sameAs\":[\"https:\\\/\\\/www.facebook.com\\\/viesmat\"]}]}<\/script>\n<!-- \/ Yoast SEO plugin. -->","yoast_head_json":{"title":"Aluminium logo mat | VIESMAT","robots":{"index":"index","follow":"follow","max-snippet":"max-snippet:-1","max-image-preview":"max-image-preview:large","max-video-preview":"max-video-preview:-1"},"canonical":"https:\/\/www.viesmat.com\/en\/product\/aluminium-logo-mat\/","og_locale":"en_US","og_type":"article","og_title":"Aluminium logo mat | VIESMAT","og_description":"[vc_row][vc_column][vc_column_text]Personalizaci\u00f3n de felpudos met\u00e1licos en espesor de 12, 17 y 22mm. en acabado en alfombra textil de Nylon. Para solicitar presupuesto, \u00fanicamente necesitamos nos env\u00eden por mail la imagen en jpg y la medida. Una vez confirmado el pedido, les enviamos siempre un boceto para que nos lo puedan confirmar previa a su entrada en&hellip;","og_url":"https:\/\/www.viesmat.com\/en\/product\/aluminium-logo-mat\/","og_site_name":"VIESMAT","article_publisher":"https:\/\/www.facebook.com\/viesmat","article_modified_time":"2020-10-06T17:15:13+00:00","og_image":[{"width":390,"height":234,"url":"https:\/\/www.viesmat.com\/wp-content\/uploads\/2020\/09\/clean_logo1.jpg","type":"image\/jpeg"}],"twitter_card":"summary_large_image","schema":{"@context":"https:\/\/schema.org","@graph":[{"@type":"WebPage","@id":"https:\/\/www.viesmat.com\/en\/product\/aluminium-logo-mat\/","url":"https:\/\/www.viesmat.com\/en\/product\/aluminium-logo-mat\/","name":"Aluminium logo mat | VIESMAT","isPartOf":{"@id":"https:\/\/www.viesmat.com\/#website"},"primaryImageOfPage":{"@id":"https:\/\/www.viesmat.com\/en\/product\/aluminium-logo-mat\/#primaryimage"},"image":{"@id":"https:\/\/www.viesmat.com\/en\/product\/aluminium-logo-mat\/#primaryimage"},"thumbnailUrl":"https:\/\/www.viesmat.com\/wp-content\/uploads\/2020\/09\/clean_logo1.jpg","datePublished":"2020-09-24T21:42:50+00:00","dateModified":"2020-10-06T17:15:13+00:00","breadcrumb":{"@id":"https:\/\/www.viesmat.com\/en\/product\/aluminium-logo-mat\/#breadcrumb"},"inLanguage":"en-US","potentialAction":[{"@type":"ReadAction","target":["https:\/\/www.viesmat.com\/en\/product\/aluminium-logo-mat\/"]}]},{"@type":"ImageObject","inLanguage":"en-US","@id":"https:\/\/www.viesmat.com\/en\/product\/aluminium-logo-mat\/#primaryimage","url":"https:\/\/www.viesmat.com\/wp-content\/uploads\/2020\/09\/clean_logo1.jpg","contentUrl":"https:\/\/www.viesmat.com\/wp-content\/uploads\/2020\/09\/clean_logo1.jpg","width":390,"height":234},{"@type":"BreadcrumbList","@id":"https:\/\/www.viesmat.com\/en\/product\/aluminium-logo-mat\/#breadcrumb","itemListElement":[{"@type":"ListItem","position":1,"name":"Home","item":"https:\/\/www.viesmat.com\/en\/"},{"@type":"ListItem","position":2,"name":"Products","item":"https:\/\/www.viesmat.com\/en\/products\/"},{"@type":"ListItem","position":3,"name":"Aluminium logo mat"}]},{"@type":"WebSite","@id":"https:\/\/www.viesmat.com\/#website","url":"https:\/\/www.viesmat.com\/","name":"VIESMAT","description":"Felpudos de entrada, pavimentos de caucho y felpudos met\u00e1licos","publisher":{"@id":"https:\/\/www.viesmat.com\/#organization"},"potentialAction":[{"@type":"SearchAction","target":{"@type":"EntryPoint","urlTemplate":"https:\/\/www.viesmat.com\/?s={search_term_string}"},"query-input":{"@type":"PropertyValueSpecification","valueRequired":true,"valueName":"search_term_string"}}],"inLanguage":"en-US"},{"@type":"Organization","@id":"https:\/\/www.viesmat.com\/#organization","name":"Viesmat","url":"https:\/\/www.viesmat.com\/","logo":{"@type":"ImageObject","inLanguage":"en-US","@id":"https:\/\/www.viesmat.com\/#\/schema\/logo\/image\/","url":"https:\/\/www.viesmat.com\/wp-content\/uploads\/2020\/09\/logo-VIESMAT.png","contentUrl":"https:\/\/www.viesmat.com\/wp-content\/uploads\/2020\/09\/logo-VIESMAT.png","width":400,"height":86,"caption":"Viesmat"},"image":{"@id":"https:\/\/www.viesmat.com\/#\/schema\/logo\/image\/"},"sameAs":["https:\/\/www.facebook.com\/viesmat"]}]}},"_links":{"self":[{"href":"https:\/\/www.viesmat.com\/en\/wp-json\/wp\/v2\/product\/670","targetHints":{"allow":["GET"]}}],"collection":[{"href":"https:\/\/www.viesmat.com\/en\/wp-json\/wp\/v2\/product"}],"about":[{"href":"https:\/\/www.viesmat.com\/en\/wp-json\/wp\/v2\/types\/product"}],"wp:featuredmedia":[{"embeddable":true,"href":"https:\/\/www.viesmat.com\/en\/wp-json\/wp\/v2\/media\/672"}],"wp:attachment":[{"href":"https:\/\/www.viesmat.com\/en\/wp-json\/wp\/v2\/media?parent=670"}],"wp:term":[{"taxonomy":"product_brand","embeddable":true,"href":"https:\/\/www.viesmat.com\/en\/wp-json\/wp\/v2\/product_brand?post=670"},{"taxonomy":"product_cat","embeddable":true,"href":"https:\/\/www.viesmat.com\/en\/wp-json\/wp\/v2\/product_cat?post=670"},{"taxonomy":"product_tag","embeddable":true,"href":"https:\/\/www.viesmat.com\/en\/wp-json\/wp\/v2\/product_tag?post=670"}],"curies":[{"name":"wp","href":"https:\/\/api.w.org\/{rel}","templated":true}]}}