{"id":675,"date":"2020-09-24T21:37:03","date_gmt":"2020-09-24T21:37:03","guid":{"rendered":"https:\/\/www.viesmat.com\/producto\/alfombra-de-coco-natural-personalizada\/"},"modified":"2020-10-17T18:26:48","modified_gmt":"2020-10-17T18:26:48","slug":"coir-logo-mat","status":"publish","type":"product","link":"https:\/\/www.viesmat.com\/en\/product\/coir-logo-mat\/","title":{"rendered":"Coir logo mat"},"content":{"rendered":"<div class=\"wpb-content-wrapper\">[vc_row][vc_column][vc_column_text]Las alfombras de coco de 17mm. y de 20mm. de grosor pueden personalizarse tintando un logotipo o dibujo que se quiera sobre la fibra. La impregnaci\u00f3n del tintado sobre la fibra de coco es de unos 3mm. aprox.<\/p>\n<p>No hay cantidad m\u00ednima de producci\u00f3n y se realizan en todas las medidas hasta un ancho m\u00e1ximo de 200cm.<\/p>\n<p><img loading=\"lazy\" decoding=\"async\" class=\"alignnone wp-image-481 \" src=\"https:\/\/www.viesmat.com\/wp-content\/uploads\/2020\/09\/coco-1.jpg\" alt=\"\" width=\"371\" height=\"289\" srcset=\"https:\/\/www.viesmat.com\/wp-content\/uploads\/2020\/09\/coco-1.jpg 900w, https:\/\/www.viesmat.com\/wp-content\/uploads\/2020\/09\/coco-1-300x233.jpg 300w, https:\/\/www.viesmat.com\/wp-content\/uploads\/2020\/09\/coco-1-768x597.jpg 768w, https:\/\/www.viesmat.com\/wp-content\/uploads\/2020\/09\/coco-1-600x467.jpg 600w\" sizes=\"auto, (max-width: 371px) 100vw, 371px\" \/> <img loading=\"lazy\" decoding=\"async\" class=\"alignnone wp-image-1205 \" src=\"https:\/\/www.viesmat.com\/wp-content\/uploads\/2020\/09\/cocosophie-scaled.jpg\" alt=\"\" width=\"514\" height=\"289\" srcset=\"https:\/\/www.viesmat.com\/wp-content\/uploads\/2020\/09\/cocosophie-scaled.jpg 2560w, https:\/\/www.viesmat.com\/wp-content\/uploads\/2020\/09\/cocosophie-300x168.jpg 300w, https:\/\/www.viesmat.com\/wp-content\/uploads\/2020\/09\/cocosophie-1024x573.jpg 1024w, https:\/\/www.viesmat.com\/wp-content\/uploads\/2020\/09\/cocosophie-768x430.jpg 768w, https:\/\/www.viesmat.com\/wp-content\/uploads\/2020\/09\/cocosophie-2048x1146.jpg 2048w, https:\/\/www.viesmat.com\/wp-content\/uploads\/2020\/09\/cocosophie-600x336.jpg 600w\" sizes=\"auto, (max-width: 514px) 100vw, 514px\" \/>[\/vc_column_text][\/vc_column][\/vc_row]\n<\/div>","protected":false},"excerpt":{"rendered":"<p>[vc_row][vc_column][vc_column_text]Las alfombras de coco de 17mm. y de 20mm. de grosor pueden personalizarse tintando un logotipo o dibujo que se quiera sobre la fibra. La impregnaci\u00f3n del tintado sobre la fibra de coco es de unos 3mm. aprox. No hay cantidad m\u00ednima de producci\u00f3n y se realizan en todas las medidas hasta un ancho m\u00e1ximo&hellip;<\/p>\n","protected":false},"featured_media":676,"template":"","meta":[],"product_brand":[],"product_cat":[39,45],"product_tag":[],"class_list":{"0":"post-675","1":"product","2":"type-product","3":"status-publish","4":"has-post-thumbnail","6":"product_cat-entrance-matting","7":"product_cat-custom-logo-mats","8":"entry","9":"has-media","11":"first","12":"instock","13":"shipping-taxable","14":"purchasable","15":"product-type-simple"},"yoast_head":"<!-- This site is optimized with the Yoast SEO plugin v27.4 - https:\/\/yoast.com\/product\/yoast-seo-wordpress\/ -->\n<title>Coir logo mat | VIESMAT<\/title>\n<meta name=\"robots\" content=\"index, follow, max-snippet:-1, max-image-preview:large, max-video-preview:-1\" \/>\n<link rel=\"canonical\" href=\"https:\/\/www.viesmat.com\/en\/product\/coir-logo-mat\/\" \/>\n<meta property=\"og:locale\" content=\"en_US\" \/>\n<meta property=\"og:type\" content=\"article\" \/>\n<meta property=\"og:title\" content=\"Coir logo mat | VIESMAT\" \/>\n<meta property=\"og:description\" content=\"[vc_row][vc_column][vc_column_text]Las alfombras de coco de 17mm. y de 20mm. de grosor pueden personalizarse tintando un logotipo o dibujo que se quiera sobre la fibra. La impregnaci\u00f3n del tintado sobre la fibra de coco es de unos 3mm. aprox. No hay cantidad m\u00ednima de producci\u00f3n y se realizan en todas las medidas hasta un ancho m\u00e1ximo&hellip;\" \/>\n<meta property=\"og:url\" content=\"https:\/\/www.viesmat.com\/en\/product\/coir-logo-mat\/\" \/>\n<meta property=\"og:site_name\" content=\"VIESMAT\" \/>\n<meta property=\"article:publisher\" content=\"https:\/\/www.facebook.com\/viesmat\" \/>\n<meta property=\"article:modified_time\" content=\"2020-10-17T18:26:48+00:00\" \/>\n<meta property=\"og:image\" content=\"https:\/\/www.viesmat.com\/wp-content\/uploads\/2020\/09\/coco_3.jpg\" \/>\n\t<meta property=\"og:image:width\" content=\"533\" \/>\n\t<meta property=\"og:image:height\" content=\"271\" \/>\n\t<meta property=\"og:image:type\" content=\"image\/jpeg\" \/>\n<meta name=\"twitter:card\" content=\"summary_large_image\" \/>\n<script type=\"application\/ld+json\" class=\"yoast-schema-graph\">{\"@context\":\"https:\\\/\\\/schema.org\",\"@graph\":[{\"@type\":\"WebPage\",\"@id\":\"https:\\\/\\\/www.viesmat.com\\\/en\\\/product\\\/coir-logo-mat\\\/\",\"url\":\"https:\\\/\\\/www.viesmat.com\\\/en\\\/product\\\/coir-logo-mat\\\/\",\"name\":\"Coir logo mat | VIESMAT\",\"isPartOf\":{\"@id\":\"https:\\\/\\\/www.viesmat.com\\\/#website\"},\"primaryImageOfPage\":{\"@id\":\"https:\\\/\\\/www.viesmat.com\\\/en\\\/product\\\/coir-logo-mat\\\/#primaryimage\"},\"image\":{\"@id\":\"https:\\\/\\\/www.viesmat.com\\\/en\\\/product\\\/coir-logo-mat\\\/#primaryimage\"},\"thumbnailUrl\":\"https:\\\/\\\/www.viesmat.com\\\/wp-content\\\/uploads\\\/2020\\\/09\\\/coco_3.jpg\",\"datePublished\":\"2020-09-24T21:37:03+00:00\",\"dateModified\":\"2020-10-17T18:26:48+00:00\",\"breadcrumb\":{\"@id\":\"https:\\\/\\\/www.viesmat.com\\\/en\\\/product\\\/coir-logo-mat\\\/#breadcrumb\"},\"inLanguage\":\"en-US\",\"potentialAction\":[{\"@type\":\"ReadAction\",\"target\":[\"https:\\\/\\\/www.viesmat.com\\\/en\\\/product\\\/coir-logo-mat\\\/\"]}]},{\"@type\":\"ImageObject\",\"inLanguage\":\"en-US\",\"@id\":\"https:\\\/\\\/www.viesmat.com\\\/en\\\/product\\\/coir-logo-mat\\\/#primaryimage\",\"url\":\"https:\\\/\\\/www.viesmat.com\\\/wp-content\\\/uploads\\\/2020\\\/09\\\/coco_3.jpg\",\"contentUrl\":\"https:\\\/\\\/www.viesmat.com\\\/wp-content\\\/uploads\\\/2020\\\/09\\\/coco_3.jpg\",\"width\":533,\"height\":271},{\"@type\":\"BreadcrumbList\",\"@id\":\"https:\\\/\\\/www.viesmat.com\\\/en\\\/product\\\/coir-logo-mat\\\/#breadcrumb\",\"itemListElement\":[{\"@type\":\"ListItem\",\"position\":1,\"name\":\"Home\",\"item\":\"https:\\\/\\\/www.viesmat.com\\\/en\\\/\"},{\"@type\":\"ListItem\",\"position\":2,\"name\":\"Products\",\"item\":\"https:\\\/\\\/www.viesmat.com\\\/en\\\/products\\\/\"},{\"@type\":\"ListItem\",\"position\":3,\"name\":\"Coir logo mat\"}]},{\"@type\":\"WebSite\",\"@id\":\"https:\\\/\\\/www.viesmat.com\\\/#website\",\"url\":\"https:\\\/\\\/www.viesmat.com\\\/\",\"name\":\"VIESMAT\",\"description\":\"Felpudos de entrada, pavimentos de caucho y felpudos met\u00e1licos\",\"publisher\":{\"@id\":\"https:\\\/\\\/www.viesmat.com\\\/#organization\"},\"potentialAction\":[{\"@type\":\"SearchAction\",\"target\":{\"@type\":\"EntryPoint\",\"urlTemplate\":\"https:\\\/\\\/www.viesmat.com\\\/?s={search_term_string}\"},\"query-input\":{\"@type\":\"PropertyValueSpecification\",\"valueRequired\":true,\"valueName\":\"search_term_string\"}}],\"inLanguage\":\"en-US\"},{\"@type\":\"Organization\",\"@id\":\"https:\\\/\\\/www.viesmat.com\\\/#organization\",\"name\":\"Viesmat\",\"url\":\"https:\\\/\\\/www.viesmat.com\\\/\",\"logo\":{\"@type\":\"ImageObject\",\"inLanguage\":\"en-US\",\"@id\":\"https:\\\/\\\/www.viesmat.com\\\/#\\\/schema\\\/logo\\\/image\\\/\",\"url\":\"https:\\\/\\\/www.viesmat.com\\\/wp-content\\\/uploads\\\/2020\\\/09\\\/logo-VIESMAT.png\",\"contentUrl\":\"https:\\\/\\\/www.viesmat.com\\\/wp-content\\\/uploads\\\/2020\\\/09\\\/logo-VIESMAT.png\",\"width\":400,\"height\":86,\"caption\":\"Viesmat\"},\"image\":{\"@id\":\"https:\\\/\\\/www.viesmat.com\\\/#\\\/schema\\\/logo\\\/image\\\/\"},\"sameAs\":[\"https:\\\/\\\/www.facebook.com\\\/viesmat\"]}]}<\/script>\n<!-- \/ Yoast SEO plugin. -->","yoast_head_json":{"title":"Coir logo mat | VIESMAT","robots":{"index":"index","follow":"follow","max-snippet":"max-snippet:-1","max-image-preview":"max-image-preview:large","max-video-preview":"max-video-preview:-1"},"canonical":"https:\/\/www.viesmat.com\/en\/product\/coir-logo-mat\/","og_locale":"en_US","og_type":"article","og_title":"Coir logo mat | VIESMAT","og_description":"[vc_row][vc_column][vc_column_text]Las alfombras de coco de 17mm. y de 20mm. de grosor pueden personalizarse tintando un logotipo o dibujo que se quiera sobre la fibra. La impregnaci\u00f3n del tintado sobre la fibra de coco es de unos 3mm. aprox. No hay cantidad m\u00ednima de producci\u00f3n y se realizan en todas las medidas hasta un ancho m\u00e1ximo&hellip;","og_url":"https:\/\/www.viesmat.com\/en\/product\/coir-logo-mat\/","og_site_name":"VIESMAT","article_publisher":"https:\/\/www.facebook.com\/viesmat","article_modified_time":"2020-10-17T18:26:48+00:00","og_image":[{"width":533,"height":271,"url":"https:\/\/www.viesmat.com\/wp-content\/uploads\/2020\/09\/coco_3.jpg","type":"image\/jpeg"}],"twitter_card":"summary_large_image","schema":{"@context":"https:\/\/schema.org","@graph":[{"@type":"WebPage","@id":"https:\/\/www.viesmat.com\/en\/product\/coir-logo-mat\/","url":"https:\/\/www.viesmat.com\/en\/product\/coir-logo-mat\/","name":"Coir logo mat | VIESMAT","isPartOf":{"@id":"https:\/\/www.viesmat.com\/#website"},"primaryImageOfPage":{"@id":"https:\/\/www.viesmat.com\/en\/product\/coir-logo-mat\/#primaryimage"},"image":{"@id":"https:\/\/www.viesmat.com\/en\/product\/coir-logo-mat\/#primaryimage"},"thumbnailUrl":"https:\/\/www.viesmat.com\/wp-content\/uploads\/2020\/09\/coco_3.jpg","datePublished":"2020-09-24T21:37:03+00:00","dateModified":"2020-10-17T18:26:48+00:00","breadcrumb":{"@id":"https:\/\/www.viesmat.com\/en\/product\/coir-logo-mat\/#breadcrumb"},"inLanguage":"en-US","potentialAction":[{"@type":"ReadAction","target":["https:\/\/www.viesmat.com\/en\/product\/coir-logo-mat\/"]}]},{"@type":"ImageObject","inLanguage":"en-US","@id":"https:\/\/www.viesmat.com\/en\/product\/coir-logo-mat\/#primaryimage","url":"https:\/\/www.viesmat.com\/wp-content\/uploads\/2020\/09\/coco_3.jpg","contentUrl":"https:\/\/www.viesmat.com\/wp-content\/uploads\/2020\/09\/coco_3.jpg","width":533,"height":271},{"@type":"BreadcrumbList","@id":"https:\/\/www.viesmat.com\/en\/product\/coir-logo-mat\/#breadcrumb","itemListElement":[{"@type":"ListItem","position":1,"name":"Home","item":"https:\/\/www.viesmat.com\/en\/"},{"@type":"ListItem","position":2,"name":"Products","item":"https:\/\/www.viesmat.com\/en\/products\/"},{"@type":"ListItem","position":3,"name":"Coir logo mat"}]},{"@type":"WebSite","@id":"https:\/\/www.viesmat.com\/#website","url":"https:\/\/www.viesmat.com\/","name":"VIESMAT","description":"Felpudos de entrada, pavimentos de caucho y felpudos met\u00e1licos","publisher":{"@id":"https:\/\/www.viesmat.com\/#organization"},"potentialAction":[{"@type":"SearchAction","target":{"@type":"EntryPoint","urlTemplate":"https:\/\/www.viesmat.com\/?s={search_term_string}"},"query-input":{"@type":"PropertyValueSpecification","valueRequired":true,"valueName":"search_term_string"}}],"inLanguage":"en-US"},{"@type":"Organization","@id":"https:\/\/www.viesmat.com\/#organization","name":"Viesmat","url":"https:\/\/www.viesmat.com\/","logo":{"@type":"ImageObject","inLanguage":"en-US","@id":"https:\/\/www.viesmat.com\/#\/schema\/logo\/image\/","url":"https:\/\/www.viesmat.com\/wp-content\/uploads\/2020\/09\/logo-VIESMAT.png","contentUrl":"https:\/\/www.viesmat.com\/wp-content\/uploads\/2020\/09\/logo-VIESMAT.png","width":400,"height":86,"caption":"Viesmat"},"image":{"@id":"https:\/\/www.viesmat.com\/#\/schema\/logo\/image\/"},"sameAs":["https:\/\/www.facebook.com\/viesmat"]}]}},"_links":{"self":[{"href":"https:\/\/www.viesmat.com\/en\/wp-json\/wp\/v2\/product\/675","targetHints":{"allow":["GET"]}}],"collection":[{"href":"https:\/\/www.viesmat.com\/en\/wp-json\/wp\/v2\/product"}],"about":[{"href":"https:\/\/www.viesmat.com\/en\/wp-json\/wp\/v2\/types\/product"}],"wp:featuredmedia":[{"embeddable":true,"href":"https:\/\/www.viesmat.com\/en\/wp-json\/wp\/v2\/media\/676"}],"wp:attachment":[{"href":"https:\/\/www.viesmat.com\/en\/wp-json\/wp\/v2\/media?parent=675"}],"wp:term":[{"taxonomy":"product_brand","embeddable":true,"href":"https:\/\/www.viesmat.com\/en\/wp-json\/wp\/v2\/product_brand?post=675"},{"taxonomy":"product_cat","embeddable":true,"href":"https:\/\/www.viesmat.com\/en\/wp-json\/wp\/v2\/product_cat?post=675"},{"taxonomy":"product_tag","embeddable":true,"href":"https:\/\/www.viesmat.com\/en\/wp-json\/wp\/v2\/product_tag?post=675"}],"curies":[{"name":"wp","href":"https:\/\/api.w.org\/{rel}","templated":true}]}}