{"id":945,"date":"2020-09-14T14:37:38","date_gmt":"2020-09-14T14:37:38","guid":{"rendered":"https:\/\/www.viesmat.com\/inicio\/"},"modified":"2025-11-12T00:15:28","modified_gmt":"2025-11-11T23:15:28","slug":"inicio","status":"publish","type":"page","link":"https:\/\/www.viesmat.com\/pt-pt\/","title":{"rendered":"Inicio"},"content":{"rendered":"<div class=\"wpb-content-wrapper\">[vc_row content_placement=&#8221;middle&#8221; remove_bottom_col_margin=&#8221;true&#8221; css=&#8221;.vc_custom_1601639233479{margin-top: 40px !important;padding-top: 40px !important;padding-right: 40px !important;padding-bottom: 40px !important;padding-left: 40px !important;background-image: url(https:\/\/www.viesmat.com\/wp-content\/uploads\/2020\/09\/bg.jpg?id=63) !important;background-position: center !important;background-repeat: no-repeat !important;background-size: cover !important;}&#8221; wpex_bg_position=&#8221;right center&#8221; el_class=&#8221;slide-home&#8221;][vc_column]<style>.vcex-heading.vcex_69edeb37f211b{width:800px;color:#000000;font-size:34px;font-weight:500;line-height:1.1;letter-spacing:-1px;}@media (max-width:1024px){.vcex-heading.vcex_69edeb37f211b{font-size:34px;}}@media (max-width:959px){.vcex-heading.vcex_69edeb37f211b{font-size:34px;}}@media (max-width:767px){.vcex-heading.vcex_69edeb37f211b{font-size:28px;}}@media (max-width:479px){.vcex-heading.vcex_69edeb37f211b{font-size:28px;}}<\/style><h1 class=\"vcex-heading vcex-heading-plain vcex-module wpex-heading wpex-text-2xl wpex-text-left wpex-max-w-100 wpex-mr-auto vcex_69edeb37f211b\"><span class=\"vcex-heading-inner wpex-inline-block\">FABRICA\u00c7\u00c3O E DISTRIBUI\u00c7\u00c3O DE TODOS OS TIPOS DE TAPETES DE ENTRADA E PAVIMENTOS EM BORRACHA<\/span><\/h1><div class=\"vcex-spacing wpex-w-100 wpex-clear\" style=\"height:15px;\"><\/div>[vc_row_inner content_placement=&#8221;bottom&#8221; gap=&#8221;30&#8243;][vc_column_inner offset=&#8221;vc_col-lg-8 vc_col-md-6 vc_col-xs-12&#8243;][vc_column_text align=&#8221;left&#8221; width=&#8221;650&#8243;]<strong>Tapetes de Entrada Interior ou Exterior de elevada qualidade para qualquer situa\u00e7\u00e3o e em qualquer medida:<\/strong> tapetes metalicos, tapetes tecnicos aluminio, tapetes personalizados, tapetes de cairos, tapetes esparguete (spaghetty), tapetes borracha, texteis, capachos em borracha reciclada&#8230; Borracha pitonada. Tapetes industriais. Tapetes Anti-Fadiga. Pavimento vinilico pitonado.<\/p>\n<p>Solu\u00e7oes mais adaptadas para a sus Empresa em Tapetes e Alcatifas: entradas, balneario, industria, gin\u00e1sio<\/p>\n<p><strong>Pavimentos em borracha:<\/strong> canelado, estriado, moeda, reciclado, folhas de borracha, alveolar, pavimento aglomerado borracha parques infantis.[\/vc_column_text]<div class=\"vcex-spacing wpex-w-100 wpex-clear\"><\/div><style>.vcex-button.vcex_69edeb37f3aaf:hover{background:#e37405!important;}.vcex-button.vcex_69edeb37f3aaf{font-weight:500;text-transform:uppercase;}<\/style><a href=\"https:\/\/www.viesmat.com\/pt-pt\/contacto\/\" class=\"vcex-button theme-button flat inline vcex_69edeb37f3aaf\"><span class=\"vcex-button-inner theme-button-inner wpex-flex wpex-flex-wrap wpex-items-center wpex-justify-center\">PEDIDO DE OR\u00c7AMENTO<\/span><\/a> [\/vc_column_inner][vc_column_inner offset=&#8221;vc_col-lg-4 vc_col-md-6 vc_col-xs-12&#8243;]<figure class=\"vcex-image vcex-module wpex-text-center\"><div class=\"vcex-image-inner wpex-relative wpex-w-100\"><img width=\"368\" height=\"250\" src=\"https:\/\/www.viesmat.com\/wp-content\/uploads\/2020\/09\/viesmatgif.gif\" class=\"vcex-image-img wpex-align-middle wpex-w-100\" alt=\"\" loading=\"lazy\" decoding=\"async\" \/><\/div><\/figure>[\/vc_column_inner][\/vc_row_inner][\/vc_column][\/vc_row][vc_row css=&#8221;.vc_custom_1601026754591{margin-top: 70px !important;}&#8221;][vc_column width=&#8221;1\/2&#8243;]<style>.vcex-image-banner.vcex_69edeb3805166 .vcex-ib-content-wrap{padding-block-start:300px;padding-block-end:40px;padding-inline-start:0px;}.vcex-image-banner.vcex_69edeb3805166 .vcex-ib-overlay-bg{background-color:#000000;opacity:0.4;}.vcex-image-banner.vcex_69edeb3805166 .vcex-ib-title{font-weight:700;}<\/style><a class=\"vcex-module vcex-image-banner vcex-image-banner-has-link wpex-no-underline wpex-flex wpex-flex-col wpex-w-100 wpex-justify-center wpex-relative wpex-overflow-hidden wpex-bg-gray-900 wpex-text-white wpex-hover-text-white wpex-text-left vcex-h-zoom wpex-isolate banner-home destacat vcex_69edeb3805166\" href=\"https:\/\/www.viesmat.com\/pt-pt\/categoria-produto\/tapetes-de-entrada\/\"><span class=\"vcex-ib-img wpex-block wpex-transition-all wpex-duration-500 wpex-bg-cover wpex-absolute wpex-inset-0\" style=\"background-image:url(https:\/\/www.viesmat.com\/wp-content\/uploads\/2020\/09\/entrada-rizo.jpg);background-position:center center;\"><\/span><div class=\"vcex-ib-content-wrap wpex-w-100 wpex-transition-all wpex-duration-500 wpex-py-100 wpex-px-40 wpex-relative\"><div class=\"vcex-ib-content wpex-mr-auto\"><h2 class=\"vcex-ib-title wpex-heading wpex-inherit-color-important\">Tapetes de entrada<\/h2><\/div><\/div><\/a>[\/vc_column][vc_column width=&#8221;1\/2&#8243;]<style>.vcex-image-banner.vcex_69edeb380997c .vcex-ib-content-wrap{padding-block-start:300px;padding-block-end:40px;padding-inline-start:0px;}.vcex-image-banner.vcex_69edeb380997c .vcex-ib-overlay-bg{background-color:#000000;opacity:0.4;}.vcex-image-banner.vcex_69edeb380997c .vcex-ib-title{font-weight:700;}<\/style><a class=\"vcex-module vcex-image-banner vcex-image-banner-has-link wpex-no-underline wpex-flex wpex-flex-col wpex-w-100 wpex-justify-center wpex-relative wpex-overflow-hidden wpex-bg-gray-900 wpex-text-white wpex-hover-text-white wpex-text-left vcex-h-zoom wpex-isolate banner-home destacat vcex_69edeb380997c\" href=\"https:\/\/www.viesmat.com\/pt-pt\/categoria-produto\/pavimentos-em-borracha\/\"><span class=\"vcex-ib-img wpex-block wpex-transition-all wpex-duration-500 wpex-bg-cover wpex-absolute wpex-inset-0\" style=\"background-image:url(https:\/\/www.viesmat.com\/wp-content\/uploads\/2020\/09\/circulos-caucho-1.jpg);background-position:center center;\"><\/span><div class=\"vcex-ib-content-wrap wpex-w-100 wpex-transition-all wpex-duration-500 wpex-py-100 wpex-px-40 wpex-relative\"><div class=\"vcex-ib-content wpex-mr-auto\"><h2 class=\"vcex-ib-title wpex-heading wpex-inherit-color-important\">Pavimentos em borracha<\/h2><\/div><\/div><\/a>[\/vc_column][\/vc_row][vc_row equal_height=&#8221;yes&#8221; css=&#8221;.vc_custom_1762902894504{margin-top: 0px !important;margin-bottom: 70px !important;}&#8221;][vc_column width=&#8221;1\/2&#8243; offset=&#8221;vc_col-lg-3 vc_col-md-6 vc_col-xs-12&#8243;]<style>.vcex-image-banner.vcex_69edeb380cc5a .vcex-ib-content-wrap{padding-block-start:300px;padding-inline-start:0px;}.vcex-image-banner.vcex_69edeb380cc5a .vcex-ib-overlay-bg{background-color:#000000;opacity:0.4;}.vcex-image-banner.vcex_69edeb380cc5a .vcex-ib-title{font-weight:700;}<\/style><a class=\"vcex-module vcex-image-banner vcex-fill-column vcex-image-banner-has-link wpex-no-underline wpex-flex wpex-flex-col wpex-w-100 wpex-justify-center wpex-relative wpex-overflow-hidden wpex-bg-gray-900 wpex-text-white wpex-hover-text-white wpex-text-left vcex-h-zoom wpex-isolate banner-home vcex_69edeb380cc5a\" href=\"https:\/\/www.viesmat.com\/pt-pt\/categoria-produto\/tapetes-de-entrada\/tapetes-personalizados-com-logotipo\/\"><span class=\"vcex-ib-img wpex-block wpex-transition-all wpex-duration-500 wpex-bg-cover wpex-absolute wpex-inset-0\" style=\"background-image:url(https:\/\/www.viesmat.com\/wp-content\/uploads\/2020\/12\/starbu.jpg);background-position:center center;\"><\/span><div class=\"vcex-ib-content-wrap wpex-w-100 wpex-transition-all wpex-duration-500 wpex-py-100 wpex-px-40 wpex-relative\"><div class=\"vcex-ib-content wpex-mr-auto\"><h2 class=\"vcex-ib-title wpex-heading wpex-inherit-color-important\">Tapetes personalizados<\/h2><\/div><\/div><\/a>[\/vc_column][vc_column width=&#8221;1\/2&#8243; offset=&#8221;vc_col-lg-3 vc_col-md-6 vc_col-xs-12&#8243;]<style>.vcex-image-banner.vcex_69edeb3811664 .vcex-ib-content-wrap{padding-block-start:300px;padding-inline-start:0px;}.vcex-image-banner.vcex_69edeb3811664 .vcex-ib-overlay-bg{background-color:#000000;opacity:0.4;}.vcex-image-banner.vcex_69edeb3811664 .vcex-ib-title{padding-block-end:0px;font-weight:700;}<\/style><a class=\"vcex-module vcex-image-banner vcex-fill-column vcex-image-banner-has-link wpex-no-underline wpex-flex wpex-flex-col wpex-w-100 wpex-justify-center wpex-relative wpex-overflow-hidden wpex-bg-gray-900 wpex-text-white wpex-hover-text-white wpex-text-left vcex-h-zoom wpex-isolate banner-home vcex_69edeb3811664\" href=\"https:\/\/www.viesmat.com\/pt-pt\/categoria-produto\/pavimentos-especiais\/\"><span class=\"vcex-ib-img wpex-block wpex-transition-all wpex-duration-500 wpex-bg-cover wpex-absolute wpex-inset-0\" style=\"background-image:url(https:\/\/www.viesmat.com\/wp-content\/uploads\/2020\/09\/suelos_especiales.jpg);background-position:center center;\"><\/span><div class=\"vcex-ib-content-wrap wpex-w-100 wpex-transition-all wpex-duration-500 wpex-py-100 wpex-px-40 wpex-relative\"><div class=\"vcex-ib-content wpex-mr-auto\"><h2 class=\"vcex-ib-title wpex-heading wpex-inherit-color-important\">Pavimentos especiais<\/h2><div class=\"vcex-ib-caption wpex-text-lg wpex-last-mb-0\">Neve, tapetes desinfetantes, cavalari\u00e7as, anti-fadiga<\/div><\/div><\/div><\/a>[\/vc_column][vc_column width=&#8221;1\/2&#8243; offset=&#8221;vc_col-lg-3 vc_col-md-6 vc_col-xs-12&#8243;]<style>.vcex-image-banner.vcex_69edeb3814ab1 .vcex-ib-content-wrap{padding-block-start:300px;padding-inline-start:0px;}.vcex-image-banner.vcex_69edeb3814ab1 .vcex-ib-overlay-bg{background-color:#000000;opacity:0.4;}.vcex-image-banner.vcex_69edeb3814ab1 .vcex-ib-title{font-weight:700;}<\/style><a class=\"vcex-module vcex-image-banner vcex-fill-column vcex-image-banner-has-link wpex-no-underline wpex-flex wpex-flex-col wpex-w-100 wpex-justify-center wpex-relative wpex-overflow-hidden wpex-bg-gray-900 wpex-text-white wpex-hover-text-white wpex-text-left vcex-h-zoom wpex-isolate banner-home vcex_69edeb3814ab1\" href=\"https:\/\/www.viesmat.com\/pt-pt\/categoria-produto\/pavimentos-em-plastico\/\"><span class=\"vcex-ib-img wpex-block wpex-transition-all wpex-duration-500 wpex-bg-cover wpex-absolute wpex-inset-0\" style=\"background-image:url(https:\/\/www.viesmat.com\/wp-content\/uploads\/2020\/09\/home5.jpg);background-position:center center;\"><\/span><div class=\"vcex-ib-content-wrap wpex-w-100 wpex-transition-all wpex-duration-500 wpex-py-100 wpex-px-40 wpex-relative\"><div class=\"vcex-ib-content wpex-mr-auto\"><h2 class=\"vcex-ib-title wpex-heading wpex-inherit-color-important\">Pavimentos em plastico<\/h2><\/div><\/div><\/a>[\/vc_column][vc_column width=&#8221;1\/2&#8243; offset=&#8221;vc_col-lg-3 vc_col-md-6 vc_col-xs-12&#8243;]<style>.vcex-image-banner.vcex_69edeb3817925 .vcex-ib-content-wrap{padding-block-start:300px;padding-inline-start:0px;}.vcex-image-banner.vcex_69edeb3817925 .vcex-ib-overlay-bg{background-color:#000000;opacity:0.4;}.vcex-image-banner.vcex_69edeb3817925 .vcex-ib-title{font-weight:700;}<\/style><a class=\"vcex-module vcex-image-banner vcex-fill-column vcex-image-banner-has-link wpex-no-underline wpex-flex wpex-flex-col wpex-w-100 wpex-justify-center wpex-relative wpex-overflow-hidden wpex-bg-gray-900 wpex-text-white wpex-hover-text-white wpex-text-left vcex-h-zoom wpex-isolate banner-home vcex_69edeb3817925\" href=\"https:\/\/www.viesmat.com\/pt-pt\/categoria-produto\/alcatifas\/\"><span class=\"vcex-ib-img wpex-block wpex-transition-all wpex-duration-500 wpex-bg-cover wpex-absolute wpex-inset-0\" style=\"background-image:url(https:\/\/www.viesmat.com\/wp-content\/uploads\/2020\/09\/home4.jpg);background-position:center center;\"><\/span><div class=\"vcex-ib-content-wrap wpex-w-100 wpex-transition-all wpex-duration-500 wpex-py-100 wpex-px-40 wpex-relative\"><div class=\"vcex-ib-content wpex-mr-auto\"><h2 class=\"vcex-ib-title wpex-heading wpex-inherit-color-important\">Alcatifas<\/h2><\/div><\/div><\/a>[\/vc_column][\/vc_row]\n<\/div>","protected":false},"excerpt":{"rendered":"<p>[vc_row content_placement=&#8221;middle&#8221; remove_bottom_col_margin=&#8221;true&#8221; css=&#8221;.vc_custom_1601639233479{margin-top: 40px !important;padding-top: 40px !important;padding-right: 40px !important;padding-bottom: 40px !important;padding-left: 40px !important;background-image: url(https:\/\/www.viesmat.com\/wp-content\/uploads\/2020\/09\/bg.jpg?id=63) !important;background-position: center !important;background-repeat: no-repeat !important;background-size: cover !important;}&#8221; wpex_bg_position=&#8221;right center&#8221; el_class=&#8221;slide-home&#8221;][vc_column][vc_row_inner content_placement=&#8221;bottom&#8221; gap=&#8221;30&#8243;][vc_column_inner offset=&#8221;vc_col-lg-8 vc_col-md-6 vc_col-xs-12&#8243;][vc_column_text align=&#8221;left&#8221; width=&#8221;650&#8243;]Tapetes de Entrada Interior ou Exterior de elevada qualidade para qualquer situa\u00e7\u00e3o e em qualquer medida: tapetes metalicos, tapetes tecnicos aluminio, tapetes personalizados, tapetes&hellip;<\/p>\n","protected":false},"author":1,"featured_media":0,"parent":0,"menu_order":0,"comment_status":"closed","ping_status":"closed","template":"","meta":{"footnotes":""},"class_list":["post-945","page","type-page","status-publish","hentry","entry","no-media"],"yoast_head":"<!-- This site is optimized with the Yoast SEO plugin v27.4 - https:\/\/yoast.com\/product\/yoast-seo-wordpress\/ -->\n<title>Tapetes de entrada e Pavimentos em Borracha | Viesmat<\/title>\n<meta name=\"description\" content=\"Fabrica\u00e7\u00e3o e distribui\u00e7\u00e3o de todos os tipos de tapetes de entrada e pavimentos em borracha. Velocidade m\u00e1xima e qualidade garantida!\" \/>\n<meta name=\"robots\" content=\"index, follow, max-snippet:-1, max-image-preview:large, max-video-preview:-1\" \/>\n<link rel=\"canonical\" href=\"https:\/\/www.viesmat.com\/pt-pt\/\" \/>\n<meta property=\"og:locale\" content=\"pt_PT\" \/>\n<meta property=\"og:type\" content=\"article\" \/>\n<meta property=\"og:title\" content=\"Tapetes de entrada e Pavimentos em Borracha | Viesmat\" \/>\n<meta property=\"og:description\" content=\"Fabrica\u00e7\u00e3o e distribui\u00e7\u00e3o de todos os tipos de tapetes de entrada e pavimentos em borracha. Velocidade m\u00e1xima e qualidade garantida!\" \/>\n<meta property=\"og:url\" content=\"https:\/\/www.viesmat.com\/pt-pt\/\" \/>\n<meta property=\"og:site_name\" content=\"VIESMAT\" \/>\n<meta property=\"article:publisher\" content=\"https:\/\/www.facebook.com\/viesmat\" \/>\n<meta property=\"article:modified_time\" content=\"2025-11-11T23:15:28+00:00\" \/>\n<meta name=\"twitter:card\" content=\"summary_large_image\" \/>\n<meta name=\"twitter:label1\" content=\"Tempo estimado de leitura\" \/>\n\t<meta name=\"twitter:data1\" content=\"3 minutos\" \/>\n<script type=\"application\/ld+json\" class=\"yoast-schema-graph\">{\"@context\":\"https:\\\/\\\/schema.org\",\"@graph\":[{\"@type\":\"WebPage\",\"@id\":\"https:\\\/\\\/www.viesmat.com\\\/pt-pt\\\/\",\"url\":\"https:\\\/\\\/www.viesmat.com\\\/pt-pt\\\/\",\"name\":\"Tapetes de entrada e Pavimentos em Borracha | Viesmat\",\"isPartOf\":{\"@id\":\"https:\\\/\\\/www.viesmat.com\\\/#website\"},\"datePublished\":\"2020-09-14T14:37:38+00:00\",\"dateModified\":\"2025-11-11T23:15:28+00:00\",\"description\":\"Fabrica\u00e7\u00e3o e distribui\u00e7\u00e3o de todos os tipos de tapetes de entrada e pavimentos em borracha. Velocidade m\u00e1xima e qualidade garantida!\",\"breadcrumb\":{\"@id\":\"https:\\\/\\\/www.viesmat.com\\\/pt-pt\\\/#breadcrumb\"},\"inLanguage\":\"pt-PT\",\"potentialAction\":[{\"@type\":\"ReadAction\",\"target\":[\"https:\\\/\\\/www.viesmat.com\\\/pt-pt\\\/\"]}]},{\"@type\":\"BreadcrumbList\",\"@id\":\"https:\\\/\\\/www.viesmat.com\\\/pt-pt\\\/#breadcrumb\",\"itemListElement\":[{\"@type\":\"ListItem\",\"position\":1,\"name\":\"Home\",\"item\":\"https:\\\/\\\/www.viesmat.com\\\/pt-pt\\\/\"},{\"@type\":\"ListItem\",\"position\":2,\"name\":\"Inicio\"}]},{\"@type\":\"WebSite\",\"@id\":\"https:\\\/\\\/www.viesmat.com\\\/#website\",\"url\":\"https:\\\/\\\/www.viesmat.com\\\/\",\"name\":\"VIESMAT\",\"description\":\"Felpudos de entrada, pavimentos de caucho y felpudos met\u00e1licos\",\"publisher\":{\"@id\":\"https:\\\/\\\/www.viesmat.com\\\/#organization\"},\"potentialAction\":[{\"@type\":\"SearchAction\",\"target\":{\"@type\":\"EntryPoint\",\"urlTemplate\":\"https:\\\/\\\/www.viesmat.com\\\/?s={search_term_string}\"},\"query-input\":{\"@type\":\"PropertyValueSpecification\",\"valueRequired\":true,\"valueName\":\"search_term_string\"}}],\"inLanguage\":\"pt-PT\"},{\"@type\":\"Organization\",\"@id\":\"https:\\\/\\\/www.viesmat.com\\\/#organization\",\"name\":\"Viesmat\",\"url\":\"https:\\\/\\\/www.viesmat.com\\\/\",\"logo\":{\"@type\":\"ImageObject\",\"inLanguage\":\"pt-PT\",\"@id\":\"https:\\\/\\\/www.viesmat.com\\\/#\\\/schema\\\/logo\\\/image\\\/\",\"url\":\"https:\\\/\\\/www.viesmat.com\\\/wp-content\\\/uploads\\\/2020\\\/09\\\/logo-VIESMAT.png\",\"contentUrl\":\"https:\\\/\\\/www.viesmat.com\\\/wp-content\\\/uploads\\\/2020\\\/09\\\/logo-VIESMAT.png\",\"width\":400,\"height\":86,\"caption\":\"Viesmat\"},\"image\":{\"@id\":\"https:\\\/\\\/www.viesmat.com\\\/#\\\/schema\\\/logo\\\/image\\\/\"},\"sameAs\":[\"https:\\\/\\\/www.facebook.com\\\/viesmat\"]}]}<\/script>\n<!-- \/ Yoast SEO plugin. -->","yoast_head_json":{"title":"Tapetes de entrada e Pavimentos em Borracha | Viesmat","description":"Fabrica\u00e7\u00e3o e distribui\u00e7\u00e3o de todos os tipos de tapetes de entrada e pavimentos em borracha. Velocidade m\u00e1xima e qualidade garantida!","robots":{"index":"index","follow":"follow","max-snippet":"max-snippet:-1","max-image-preview":"max-image-preview:large","max-video-preview":"max-video-preview:-1"},"canonical":"https:\/\/www.viesmat.com\/pt-pt\/","og_locale":"pt_PT","og_type":"article","og_title":"Tapetes de entrada e Pavimentos em Borracha | Viesmat","og_description":"Fabrica\u00e7\u00e3o e distribui\u00e7\u00e3o de todos os tipos de tapetes de entrada e pavimentos em borracha. Velocidade m\u00e1xima e qualidade garantida!","og_url":"https:\/\/www.viesmat.com\/pt-pt\/","og_site_name":"VIESMAT","article_publisher":"https:\/\/www.facebook.com\/viesmat","article_modified_time":"2025-11-11T23:15:28+00:00","twitter_card":"summary_large_image","twitter_misc":{"Tempo estimado de leitura":"3 minutos"},"schema":{"@context":"https:\/\/schema.org","@graph":[{"@type":"WebPage","@id":"https:\/\/www.viesmat.com\/pt-pt\/","url":"https:\/\/www.viesmat.com\/pt-pt\/","name":"Tapetes de entrada e Pavimentos em Borracha | Viesmat","isPartOf":{"@id":"https:\/\/www.viesmat.com\/#website"},"datePublished":"2020-09-14T14:37:38+00:00","dateModified":"2025-11-11T23:15:28+00:00","description":"Fabrica\u00e7\u00e3o e distribui\u00e7\u00e3o de todos os tipos de tapetes de entrada e pavimentos em borracha. Velocidade m\u00e1xima e qualidade garantida!","breadcrumb":{"@id":"https:\/\/www.viesmat.com\/pt-pt\/#breadcrumb"},"inLanguage":"pt-PT","potentialAction":[{"@type":"ReadAction","target":["https:\/\/www.viesmat.com\/pt-pt\/"]}]},{"@type":"BreadcrumbList","@id":"https:\/\/www.viesmat.com\/pt-pt\/#breadcrumb","itemListElement":[{"@type":"ListItem","position":1,"name":"Home","item":"https:\/\/www.viesmat.com\/pt-pt\/"},{"@type":"ListItem","position":2,"name":"Inicio"}]},{"@type":"WebSite","@id":"https:\/\/www.viesmat.com\/#website","url":"https:\/\/www.viesmat.com\/","name":"VIESMAT","description":"Felpudos de entrada, pavimentos de caucho y felpudos met\u00e1licos","publisher":{"@id":"https:\/\/www.viesmat.com\/#organization"},"potentialAction":[{"@type":"SearchAction","target":{"@type":"EntryPoint","urlTemplate":"https:\/\/www.viesmat.com\/?s={search_term_string}"},"query-input":{"@type":"PropertyValueSpecification","valueRequired":true,"valueName":"search_term_string"}}],"inLanguage":"pt-PT"},{"@type":"Organization","@id":"https:\/\/www.viesmat.com\/#organization","name":"Viesmat","url":"https:\/\/www.viesmat.com\/","logo":{"@type":"ImageObject","inLanguage":"pt-PT","@id":"https:\/\/www.viesmat.com\/#\/schema\/logo\/image\/","url":"https:\/\/www.viesmat.com\/wp-content\/uploads\/2020\/09\/logo-VIESMAT.png","contentUrl":"https:\/\/www.viesmat.com\/wp-content\/uploads\/2020\/09\/logo-VIESMAT.png","width":400,"height":86,"caption":"Viesmat"},"image":{"@id":"https:\/\/www.viesmat.com\/#\/schema\/logo\/image\/"},"sameAs":["https:\/\/www.facebook.com\/viesmat"]}]}},"_links":{"self":[{"href":"https:\/\/www.viesmat.com\/pt-pt\/wp-json\/wp\/v2\/pages\/945","targetHints":{"allow":["GET"]}}],"collection":[{"href":"https:\/\/www.viesmat.com\/pt-pt\/wp-json\/wp\/v2\/pages"}],"about":[{"href":"https:\/\/www.viesmat.com\/pt-pt\/wp-json\/wp\/v2\/types\/page"}],"author":[{"embeddable":true,"href":"https:\/\/www.viesmat.com\/pt-pt\/wp-json\/wp\/v2\/users\/1"}],"replies":[{"embeddable":true,"href":"https:\/\/www.viesmat.com\/pt-pt\/wp-json\/wp\/v2\/comments?post=945"}],"version-history":[{"count":12,"href":"https:\/\/www.viesmat.com\/pt-pt\/wp-json\/wp\/v2\/pages\/945\/revisions"}],"predecessor-version":[{"id":46426,"href":"https:\/\/www.viesmat.com\/pt-pt\/wp-json\/wp\/v2\/pages\/945\/revisions\/46426"}],"wp:attachment":[{"href":"https:\/\/www.viesmat.com\/pt-pt\/wp-json\/wp\/v2\/media?parent=945"}],"curies":[{"name":"wp","href":"https:\/\/api.w.org\/{rel}","templated":true}]}}