{"id":964,"date":"2020-09-14T14:34:57","date_gmt":"2020-09-14T14:34:57","guid":{"rendered":"https:\/\/www.viesmat.com\/quienes-somos\/"},"modified":"2021-09-17T11:09:01","modified_gmt":"2021-09-17T10:09:01","slug":"quem-somos","status":"publish","type":"page","link":"https:\/\/www.viesmat.com\/pt-pt\/quem-somos\/","title":{"rendered":"Quem somos"},"content":{"rendered":"<div class=\"wpb-content-wrapper\">[vc_row column_spacing=&#8221;0px&#8221; css=&#8221;.vc_custom_1600961038617{margin-bottom: 40px !important;background-position: center !important;background-repeat: no-repeat !important;background-size: cover !important;}&#8221; wpex_bg_position=&#8221;right center&#8221;][vc_column width=&#8221;2\/3&#8243; css=&#8221;.vc_custom_1600936142250{padding-right: 20px !important;}&#8221;]<style>.vcex-heading.vcex_69edec5b6e1f3{width:850px;color:#000000;font-size:23px;font-weight:500;line-height:1.3;letter-spacing:-1px;}@media (max-width:1024px){.vcex-heading.vcex_69edec5b6e1f3{font-size:23px;}}@media (max-width:959px){.vcex-heading.vcex_69edec5b6e1f3{font-size:18px;}}@media (max-width:767px){.vcex-heading.vcex_69edec5b6e1f3{font-size:18px;}}@media (max-width:479px){.vcex-heading.vcex_69edec5b6e1f3{font-size:18px;}}<\/style><h2 class=\"vcex-heading vcex-heading-plain vcex-module wpex-heading wpex-text-2xl wpex-text-left wpex-max-w-100 wpex-mr-auto vcex_69edec5b6e1f3\"><span class=\"vcex-heading-inner wpex-inline-block\">Somos uma empresa com larga experi\u00eancia no sector da decora\u00e7\u00e3o, constru\u00e7\u00e3o, publicidade, materiais de higiene e limpeza, onde oferecemos produtos tanto para empresas como para o lar.<\/span><\/h2><div class=\"vcex-spacing wpex-w-100 wpex-clear\"><\/div>[vc_column_text]Nossos produtos t\u00eam a garantia de oferecer a melhor rela\u00e7\u00e3o custo-benef\u00edcio.<\/p>\n<p>O objetivo \u00e9 satisfazer todas as necessidades dos nossos clientes, aconselhando-os de forma profissional e pr\u00f3xima; e tamb\u00e9m fornecendo um fornecimento imediato em toda a Europa de produtos padr\u00e3o com a garantia VIESMAT.<\/p>\n<p>Estoque permanente.[\/vc_column_text]<div class=\"vcex-spacing wpex-w-100 wpex-clear\"><\/div><figure class=\"vcex-image vcex-module wpex-text-center\"><div class=\"vcex-image-inner wpex-relative wpex-inline-block\"><img width=\"331\" height=\"297\" src=\"https:\/\/www.viesmat.com\/wp-content\/uploads\/2021\/03\/showroom2.jpg\" class=\"vcex-image-img wpex-align-middle\" alt=\"\" loading=\"lazy\" decoding=\"async\" srcset=\"https:\/\/www.viesmat.com\/wp-content\/uploads\/2021\/03\/showroom2.jpg 331w, https:\/\/www.viesmat.com\/wp-content\/uploads\/2021\/03\/showroom2-300x269.jpg 300w\" sizes=\"auto, (max-width: 331px) 100vw, 331px\" \/><\/div><\/figure><div class=\"vcex-spacing wpex-w-100 wpex-clear\"><\/div><style>.vcex-button.vcex_69edec5b70d2e:hover{background:#e37405!important;}.vcex-button.vcex_69edec5b70d2e{font-weight:500;text-transform:uppercase;}<\/style><a href=\"https:\/\/www.viesmat.com\/pt-pt\/contacto\/\" class=\"vcex-button theme-button flat inline vcex_69edec5b70d2e\"><span class=\"vcex-button-inner theme-button-inner wpex-flex wpex-flex-wrap wpex-items-center wpex-justify-center\">Localiza\u00e7\u00e3o<\/span><\/a> [\/vc_column][vc_column width=&#8221;1\/3&#8243;]<figure class=\"vcex-image vcex-module wpex-text-center\"><div class=\"vcex-image-inner wpex-relative wpex-inline-block\"><img width=\"331\" height=\"419\" src=\"https:\/\/www.viesmat.com\/wp-content\/uploads\/2020\/09\/collage.png\" class=\"vcex-image-img wpex-align-middle\" alt=\"\" loading=\"lazy\" decoding=\"async\" srcset=\"https:\/\/www.viesmat.com\/wp-content\/uploads\/2020\/09\/collage.png 331w, https:\/\/www.viesmat.com\/wp-content\/uploads\/2020\/09\/collage-237x300.png 237w\" sizes=\"auto, (max-width: 331px) 100vw, 331px\" \/><\/div><\/figure>[\/vc_column][\/vc_row]\n<\/div>","protected":false},"excerpt":{"rendered":"<p>[vc_row column_spacing=&#8221;0px&#8221; css=&#8221;.vc_custom_1600961038617{margin-bottom: 40px !important;background-position: center !important;background-repeat: no-repeat !important;background-size: cover !important;}&#8221; wpex_bg_position=&#8221;right center&#8221;][vc_column width=&#8221;2\/3&#8243; css=&#8221;.vc_custom_1600936142250{padding-right: 20px !important;}&#8221;][vc_column_text]Nossos produtos t\u00eam a garantia de oferecer a melhor rela\u00e7\u00e3o custo-benef\u00edcio. O objetivo \u00e9 satisfazer todas as necessidades dos nossos clientes, aconselhando-os de forma profissional e pr\u00f3xima; e tamb\u00e9m fornecendo um fornecimento imediato em toda a Europa de produtos&hellip;<\/p>\n","protected":false},"author":1,"featured_media":0,"parent":0,"menu_order":0,"comment_status":"closed","ping_status":"closed","template":"","meta":{"footnotes":""},"class_list":["post-964","page","type-page","status-publish","hentry","entry","no-media"],"yoast_head":"<!-- This site is optimized with the Yoast SEO plugin v27.4 - https:\/\/yoast.com\/product\/yoast-seo-wordpress\/ -->\n<title>Quem somos | VIESMAT<\/title>\n<meta name=\"description\" content=\"Somos uma empresa com larga experi\u00eancia no sector da decora\u00e7\u00e3o, constru\u00e7\u00e3o, publicidade, materiais de higiene e limpeza.\" \/>\n<meta name=\"robots\" content=\"index, follow, max-snippet:-1, max-image-preview:large, max-video-preview:-1\" \/>\n<link rel=\"canonical\" href=\"https:\/\/www.viesmat.com\/quienes-somos\/\" \/>\n<meta property=\"og:locale\" content=\"pt_PT\" \/>\n<meta property=\"og:type\" content=\"article\" \/>\n<meta property=\"og:title\" content=\"Quem somos | VIESMAT\" \/>\n<meta property=\"og:description\" content=\"Somos uma empresa com larga experi\u00eancia no sector da decora\u00e7\u00e3o, constru\u00e7\u00e3o, publicidade, materiais de higiene e limpeza.\" \/>\n<meta property=\"og:url\" content=\"https:\/\/www.viesmat.com\/quienes-somos\/\" \/>\n<meta property=\"og:site_name\" content=\"VIESMAT\" \/>\n<meta property=\"article:publisher\" content=\"https:\/\/www.facebook.com\/viesmat\" \/>\n<meta property=\"article:modified_time\" content=\"2021-09-17T10:09:01+00:00\" \/>\n<meta name=\"twitter:card\" content=\"summary_large_image\" \/>\n<meta name=\"twitter:label1\" content=\"Tempo estimado de leitura\" \/>\n\t<meta name=\"twitter:data1\" content=\"1 minuto\" \/>\n<script type=\"application\/ld+json\" class=\"yoast-schema-graph\">{\"@context\":\"https:\\\/\\\/schema.org\",\"@graph\":[{\"@type\":\"WebPage\",\"@id\":\"https:\\\/\\\/www.viesmat.com\\\/quienes-somos\\\/\",\"url\":\"https:\\\/\\\/www.viesmat.com\\\/quienes-somos\\\/\",\"name\":\"Quem somos | VIESMAT\",\"isPartOf\":{\"@id\":\"https:\\\/\\\/www.viesmat.com\\\/#website\"},\"datePublished\":\"2020-09-14T14:34:57+00:00\",\"dateModified\":\"2021-09-17T10:09:01+00:00\",\"description\":\"Somos uma empresa com larga experi\u00eancia no sector da decora\u00e7\u00e3o, constru\u00e7\u00e3o, publicidade, materiais de higiene e limpeza.\",\"breadcrumb\":{\"@id\":\"https:\\\/\\\/www.viesmat.com\\\/quienes-somos\\\/#breadcrumb\"},\"inLanguage\":\"pt-PT\",\"potentialAction\":[{\"@type\":\"ReadAction\",\"target\":[\"https:\\\/\\\/www.viesmat.com\\\/quienes-somos\\\/\"]}]},{\"@type\":\"BreadcrumbList\",\"@id\":\"https:\\\/\\\/www.viesmat.com\\\/quienes-somos\\\/#breadcrumb\",\"itemListElement\":[{\"@type\":\"ListItem\",\"position\":1,\"name\":\"Home\",\"item\":\"https:\\\/\\\/www.viesmat.com\\\/pt-pt\\\/\"},{\"@type\":\"ListItem\",\"position\":2,\"name\":\"Quem somos\"}]},{\"@type\":\"WebSite\",\"@id\":\"https:\\\/\\\/www.viesmat.com\\\/#website\",\"url\":\"https:\\\/\\\/www.viesmat.com\\\/\",\"name\":\"VIESMAT\",\"description\":\"Felpudos de entrada, pavimentos de caucho y felpudos met\u00e1licos\",\"publisher\":{\"@id\":\"https:\\\/\\\/www.viesmat.com\\\/#organization\"},\"potentialAction\":[{\"@type\":\"SearchAction\",\"target\":{\"@type\":\"EntryPoint\",\"urlTemplate\":\"https:\\\/\\\/www.viesmat.com\\\/?s={search_term_string}\"},\"query-input\":{\"@type\":\"PropertyValueSpecification\",\"valueRequired\":true,\"valueName\":\"search_term_string\"}}],\"inLanguage\":\"pt-PT\"},{\"@type\":\"Organization\",\"@id\":\"https:\\\/\\\/www.viesmat.com\\\/#organization\",\"name\":\"Viesmat\",\"url\":\"https:\\\/\\\/www.viesmat.com\\\/\",\"logo\":{\"@type\":\"ImageObject\",\"inLanguage\":\"pt-PT\",\"@id\":\"https:\\\/\\\/www.viesmat.com\\\/#\\\/schema\\\/logo\\\/image\\\/\",\"url\":\"https:\\\/\\\/www.viesmat.com\\\/wp-content\\\/uploads\\\/2020\\\/09\\\/logo-VIESMAT.png\",\"contentUrl\":\"https:\\\/\\\/www.viesmat.com\\\/wp-content\\\/uploads\\\/2020\\\/09\\\/logo-VIESMAT.png\",\"width\":400,\"height\":86,\"caption\":\"Viesmat\"},\"image\":{\"@id\":\"https:\\\/\\\/www.viesmat.com\\\/#\\\/schema\\\/logo\\\/image\\\/\"},\"sameAs\":[\"https:\\\/\\\/www.facebook.com\\\/viesmat\"]}]}<\/script>\n<!-- \/ Yoast SEO plugin. -->","yoast_head_json":{"title":"Quem somos | VIESMAT","description":"Somos uma empresa com larga experi\u00eancia no sector da decora\u00e7\u00e3o, constru\u00e7\u00e3o, publicidade, materiais de higiene e limpeza.","robots":{"index":"index","follow":"follow","max-snippet":"max-snippet:-1","max-image-preview":"max-image-preview:large","max-video-preview":"max-video-preview:-1"},"canonical":"https:\/\/www.viesmat.com\/quienes-somos\/","og_locale":"pt_PT","og_type":"article","og_title":"Quem somos | VIESMAT","og_description":"Somos uma empresa com larga experi\u00eancia no sector da decora\u00e7\u00e3o, constru\u00e7\u00e3o, publicidade, materiais de higiene e limpeza.","og_url":"https:\/\/www.viesmat.com\/quienes-somos\/","og_site_name":"VIESMAT","article_publisher":"https:\/\/www.facebook.com\/viesmat","article_modified_time":"2021-09-17T10:09:01+00:00","twitter_card":"summary_large_image","twitter_misc":{"Tempo estimado de leitura":"1 minuto"},"schema":{"@context":"https:\/\/schema.org","@graph":[{"@type":"WebPage","@id":"https:\/\/www.viesmat.com\/quienes-somos\/","url":"https:\/\/www.viesmat.com\/quienes-somos\/","name":"Quem somos | VIESMAT","isPartOf":{"@id":"https:\/\/www.viesmat.com\/#website"},"datePublished":"2020-09-14T14:34:57+00:00","dateModified":"2021-09-17T10:09:01+00:00","description":"Somos uma empresa com larga experi\u00eancia no sector da decora\u00e7\u00e3o, constru\u00e7\u00e3o, publicidade, materiais de higiene e limpeza.","breadcrumb":{"@id":"https:\/\/www.viesmat.com\/quienes-somos\/#breadcrumb"},"inLanguage":"pt-PT","potentialAction":[{"@type":"ReadAction","target":["https:\/\/www.viesmat.com\/quienes-somos\/"]}]},{"@type":"BreadcrumbList","@id":"https:\/\/www.viesmat.com\/quienes-somos\/#breadcrumb","itemListElement":[{"@type":"ListItem","position":1,"name":"Home","item":"https:\/\/www.viesmat.com\/pt-pt\/"},{"@type":"ListItem","position":2,"name":"Quem somos"}]},{"@type":"WebSite","@id":"https:\/\/www.viesmat.com\/#website","url":"https:\/\/www.viesmat.com\/","name":"VIESMAT","description":"Felpudos de entrada, pavimentos de caucho y felpudos met\u00e1licos","publisher":{"@id":"https:\/\/www.viesmat.com\/#organization"},"potentialAction":[{"@type":"SearchAction","target":{"@type":"EntryPoint","urlTemplate":"https:\/\/www.viesmat.com\/?s={search_term_string}"},"query-input":{"@type":"PropertyValueSpecification","valueRequired":true,"valueName":"search_term_string"}}],"inLanguage":"pt-PT"},{"@type":"Organization","@id":"https:\/\/www.viesmat.com\/#organization","name":"Viesmat","url":"https:\/\/www.viesmat.com\/","logo":{"@type":"ImageObject","inLanguage":"pt-PT","@id":"https:\/\/www.viesmat.com\/#\/schema\/logo\/image\/","url":"https:\/\/www.viesmat.com\/wp-content\/uploads\/2020\/09\/logo-VIESMAT.png","contentUrl":"https:\/\/www.viesmat.com\/wp-content\/uploads\/2020\/09\/logo-VIESMAT.png","width":400,"height":86,"caption":"Viesmat"},"image":{"@id":"https:\/\/www.viesmat.com\/#\/schema\/logo\/image\/"},"sameAs":["https:\/\/www.facebook.com\/viesmat"]}]}},"_links":{"self":[{"href":"https:\/\/www.viesmat.com\/pt-pt\/wp-json\/wp\/v2\/pages\/964","targetHints":{"allow":["GET"]}}],"collection":[{"href":"https:\/\/www.viesmat.com\/pt-pt\/wp-json\/wp\/v2\/pages"}],"about":[{"href":"https:\/\/www.viesmat.com\/pt-pt\/wp-json\/wp\/v2\/types\/page"}],"author":[{"embeddable":true,"href":"https:\/\/www.viesmat.com\/pt-pt\/wp-json\/wp\/v2\/users\/1"}],"replies":[{"embeddable":true,"href":"https:\/\/www.viesmat.com\/pt-pt\/wp-json\/wp\/v2\/comments?post=964"}],"version-history":[{"count":5,"href":"https:\/\/www.viesmat.com\/pt-pt\/wp-json\/wp\/v2\/pages\/964\/revisions"}],"predecessor-version":[{"id":1607,"href":"https:\/\/www.viesmat.com\/pt-pt\/wp-json\/wp\/v2\/pages\/964\/revisions\/1607"}],"wp:attachment":[{"href":"https:\/\/www.viesmat.com\/pt-pt\/wp-json\/wp\/v2\/media?parent=964"}],"curies":[{"name":"wp","href":"https:\/\/api.w.org\/{rel}","templated":true}]}}