{"id":1036,"date":"2020-09-24T22:39:17","date_gmt":"2020-09-24T22:39:17","guid":{"rendered":"https:\/\/www.viesmat.com\/producto\/losetas-caucho-reciclado-parques-infantiles\/"},"modified":"2023-05-30T10:53:22","modified_gmt":"2023-05-30T09:53:22","slug":"placas-em-borracha-recicladas-de-pneu-para-parques-infantis","status":"publish","type":"product","link":"https:\/\/www.viesmat.com\/pt-pt\/produto\/placas-em-borracha-recicladas-de-pneu-para-parques-infantis\/","title":{"rendered":"Placas em borracha recicladas de pneu para parques infantis"},"content":{"rendered":"<div class=\"wpb-content-wrapper\">[vc_row][vc_column][vc_column_text]Piso 100% de Granulado de Borracha de Pneu Reciclado. Dispon\u00edvel em v\u00e1rias cores e formatos<\/p>\n<p><strong>Dimens\u00f5es:<\/strong> 100x50cm. &#8211; 20mm., 30mm., 40mm. e 60mm.<br \/>\n<strong>Core:<\/strong> Vermelho, Verde e Preto<\/p>\n<p><img loading=\"lazy\" decoding=\"async\" class=\"alignnone wp-image-247 size-full\" src=\"https:\/\/www.viesmat.com\/wp-content\/uploads\/2020\/09\/safety-floor.jpg\" alt=\"\" width=\"350\" height=\"160\" srcset=\"https:\/\/www.viesmat.com\/wp-content\/uploads\/2020\/09\/safety-floor.jpg 350w, https:\/\/www.viesmat.com\/wp-content\/uploads\/2020\/09\/safety-floor-300x137.jpg 300w\" sizes=\"auto, (max-width: 350px) 100vw, 350px\" \/><br \/>\n<img loading=\"lazy\" decoding=\"async\" class=\"alignnone wp-image-245\" src=\"https:\/\/www.viesmat.com\/wp-content\/uploads\/2020\/09\/loseta_caucho_reciclado.jpg\" alt=\"\" width=\"215\" height=\"193\" \/> <img loading=\"lazy\" decoding=\"async\" class=\"alignnone wp-image-243\" src=\"https:\/\/www.viesmat.com\/wp-content\/uploads\/2020\/09\/parque.jpg\" alt=\"\" width=\"244\" height=\"193\" \/><\/p>\n<p><img loading=\"lazy\" decoding=\"async\" class=\"alignnone wp-image-248 size-full\" src=\"https:\/\/www.viesmat.com\/wp-content\/uploads\/2020\/09\/suelos-caucho-gimnasio.jpg\" alt=\"\" width=\"413\" height=\"232\" srcset=\"https:\/\/www.viesmat.com\/wp-content\/uploads\/2020\/09\/suelos-caucho-gimnasio.jpg 413w, https:\/\/www.viesmat.com\/wp-content\/uploads\/2020\/09\/suelos-caucho-gimnasio-300x169.jpg 300w\" sizes=\"auto, (max-width: 413px) 100vw, 413px\" \/>[\/vc_column_text][\/vc_column][\/vc_row]\n<\/div>","protected":false},"excerpt":{"rendered":"<p>[vc_row][vc_column][vc_column_text]Piso 100% de Granulado de Borracha de Pneu Reciclado. Dispon\u00edvel em v\u00e1rias cores e formatos Dimens\u00f5es: 100x50cm. &#8211; 20mm., 30mm., 40mm. e 60mm. Core: Vermelho, Verde e Preto [\/vc_column_text][\/vc_column][\/vc_row]<\/p>\n","protected":false},"featured_media":1038,"template":"","meta":[],"product_brand":[],"product_cat":[66],"product_tag":[],"class_list":{"0":"post-1036","1":"product","2":"type-product","3":"status-publish","4":"has-post-thumbnail","6":"product_cat-pavimentos-em-borracha","7":"entry","8":"has-media","10":"first","11":"instock","12":"shipping-taxable","13":"purchasable","14":"product-type-simple"},"yoast_head":"<!-- This site is optimized with the Yoast SEO plugin v27.4 - https:\/\/yoast.com\/product\/yoast-seo-wordpress\/ -->\n<title>Placas em borracha recicladas de pneu para parques infantis | VIESMAT<\/title>\n<meta name=\"description\" content=\"Piso 100% de Granulado de Borracha de Pneu Reciclado. Dispon\u00edvel em v\u00e1rias cores e formatos\" \/>\n<meta name=\"robots\" content=\"index, follow, max-snippet:-1, max-image-preview:large, max-video-preview:-1\" \/>\n<link rel=\"canonical\" href=\"https:\/\/www.viesmat.com\/produto\/losetas-caucho-reciclado-parques-infantiles\/\" \/>\n<meta property=\"og:locale\" content=\"pt_PT\" \/>\n<meta property=\"og:type\" content=\"article\" \/>\n<meta property=\"og:title\" content=\"Placas em borracha recicladas de pneu para parques infantis | VIESMAT\" \/>\n<meta property=\"og:description\" content=\"Piso 100% de Granulado de Borracha de Pneu Reciclado. Dispon\u00edvel em v\u00e1rias cores e formatos\" \/>\n<meta property=\"og:url\" content=\"https:\/\/www.viesmat.com\/produto\/losetas-caucho-reciclado-parques-infantiles\/\" \/>\n<meta property=\"og:site_name\" content=\"VIESMAT\" \/>\n<meta property=\"article:publisher\" content=\"https:\/\/www.facebook.com\/viesmat\" \/>\n<meta property=\"article:modified_time\" content=\"2023-05-30T09:53:22+00:00\" \/>\n<meta property=\"og:image\" content=\"https:\/\/www.viesmat.com\/wp-content\/uploads\/2020\/09\/losetacaucho.jpg\" \/>\n\t<meta property=\"og:image:width\" content=\"900\" \/>\n\t<meta property=\"og:image:height\" content=\"700\" \/>\n\t<meta property=\"og:image:type\" content=\"image\/jpeg\" \/>\n<meta name=\"twitter:card\" content=\"summary_large_image\" \/>\n<script type=\"application\/ld+json\" class=\"yoast-schema-graph\">{\"@context\":\"https:\\\/\\\/schema.org\",\"@graph\":[{\"@type\":\"WebPage\",\"@id\":\"https:\\\/\\\/www.viesmat.com\\\/produto\\\/losetas-caucho-reciclado-parques-infantiles\\\/\",\"url\":\"https:\\\/\\\/www.viesmat.com\\\/produto\\\/losetas-caucho-reciclado-parques-infantiles\\\/\",\"name\":\"Placas em borracha recicladas de pneu para parques infantis | VIESMAT\",\"isPartOf\":{\"@id\":\"https:\\\/\\\/www.viesmat.com\\\/#website\"},\"primaryImageOfPage\":{\"@id\":\"https:\\\/\\\/www.viesmat.com\\\/produto\\\/losetas-caucho-reciclado-parques-infantiles\\\/#primaryimage\"},\"image\":{\"@id\":\"https:\\\/\\\/www.viesmat.com\\\/produto\\\/losetas-caucho-reciclado-parques-infantiles\\\/#primaryimage\"},\"thumbnailUrl\":\"https:\\\/\\\/www.viesmat.com\\\/wp-content\\\/uploads\\\/2020\\\/09\\\/losetacaucho.jpg\",\"datePublished\":\"2020-09-24T22:39:17+00:00\",\"dateModified\":\"2023-05-30T09:53:22+00:00\",\"description\":\"Piso 100% de Granulado de Borracha de Pneu Reciclado. Dispon\u00edvel em v\u00e1rias cores e formatos\",\"breadcrumb\":{\"@id\":\"https:\\\/\\\/www.viesmat.com\\\/produto\\\/losetas-caucho-reciclado-parques-infantiles\\\/#breadcrumb\"},\"inLanguage\":\"pt-PT\",\"potentialAction\":[{\"@type\":\"ReadAction\",\"target\":[\"https:\\\/\\\/www.viesmat.com\\\/produto\\\/losetas-caucho-reciclado-parques-infantiles\\\/\"]}]},{\"@type\":\"ImageObject\",\"inLanguage\":\"pt-PT\",\"@id\":\"https:\\\/\\\/www.viesmat.com\\\/produto\\\/losetas-caucho-reciclado-parques-infantiles\\\/#primaryimage\",\"url\":\"https:\\\/\\\/www.viesmat.com\\\/wp-content\\\/uploads\\\/2020\\\/09\\\/losetacaucho.jpg\",\"contentUrl\":\"https:\\\/\\\/www.viesmat.com\\\/wp-content\\\/uploads\\\/2020\\\/09\\\/losetacaucho.jpg\",\"width\":900,\"height\":700},{\"@type\":\"BreadcrumbList\",\"@id\":\"https:\\\/\\\/www.viesmat.com\\\/produto\\\/losetas-caucho-reciclado-parques-infantiles\\\/#breadcrumb\",\"itemListElement\":[{\"@type\":\"ListItem\",\"position\":1,\"name\":\"Home\",\"item\":\"https:\\\/\\\/www.viesmat.com\\\/pt-pt\\\/\"},{\"@type\":\"ListItem\",\"position\":2,\"name\":\"Produtos\",\"item\":\"https:\\\/\\\/www.viesmat.com\\\/productos\\\/\"},{\"@type\":\"ListItem\",\"position\":3,\"name\":\"Placas em borracha recicladas de pneu para parques infantis\"}]},{\"@type\":\"WebSite\",\"@id\":\"https:\\\/\\\/www.viesmat.com\\\/#website\",\"url\":\"https:\\\/\\\/www.viesmat.com\\\/\",\"name\":\"VIESMAT\",\"description\":\"Felpudos de entrada, pavimentos de caucho y felpudos met\u00e1licos\",\"publisher\":{\"@id\":\"https:\\\/\\\/www.viesmat.com\\\/#organization\"},\"potentialAction\":[{\"@type\":\"SearchAction\",\"target\":{\"@type\":\"EntryPoint\",\"urlTemplate\":\"https:\\\/\\\/www.viesmat.com\\\/?s={search_term_string}\"},\"query-input\":{\"@type\":\"PropertyValueSpecification\",\"valueRequired\":true,\"valueName\":\"search_term_string\"}}],\"inLanguage\":\"pt-PT\"},{\"@type\":\"Organization\",\"@id\":\"https:\\\/\\\/www.viesmat.com\\\/#organization\",\"name\":\"Viesmat\",\"url\":\"https:\\\/\\\/www.viesmat.com\\\/\",\"logo\":{\"@type\":\"ImageObject\",\"inLanguage\":\"pt-PT\",\"@id\":\"https:\\\/\\\/www.viesmat.com\\\/#\\\/schema\\\/logo\\\/image\\\/\",\"url\":\"https:\\\/\\\/www.viesmat.com\\\/wp-content\\\/uploads\\\/2020\\\/09\\\/logo-VIESMAT.png\",\"contentUrl\":\"https:\\\/\\\/www.viesmat.com\\\/wp-content\\\/uploads\\\/2020\\\/09\\\/logo-VIESMAT.png\",\"width\":400,\"height\":86,\"caption\":\"Viesmat\"},\"image\":{\"@id\":\"https:\\\/\\\/www.viesmat.com\\\/#\\\/schema\\\/logo\\\/image\\\/\"},\"sameAs\":[\"https:\\\/\\\/www.facebook.com\\\/viesmat\"]}]}<\/script>\n<!-- \/ Yoast SEO plugin. -->","yoast_head_json":{"title":"Placas em borracha recicladas de pneu para parques infantis | VIESMAT","description":"Piso 100% de Granulado de Borracha de Pneu Reciclado. Dispon\u00edvel em v\u00e1rias cores e formatos","robots":{"index":"index","follow":"follow","max-snippet":"max-snippet:-1","max-image-preview":"max-image-preview:large","max-video-preview":"max-video-preview:-1"},"canonical":"https:\/\/www.viesmat.com\/produto\/losetas-caucho-reciclado-parques-infantiles\/","og_locale":"pt_PT","og_type":"article","og_title":"Placas em borracha recicladas de pneu para parques infantis | VIESMAT","og_description":"Piso 100% de Granulado de Borracha de Pneu Reciclado. Dispon\u00edvel em v\u00e1rias cores e formatos","og_url":"https:\/\/www.viesmat.com\/produto\/losetas-caucho-reciclado-parques-infantiles\/","og_site_name":"VIESMAT","article_publisher":"https:\/\/www.facebook.com\/viesmat","article_modified_time":"2023-05-30T09:53:22+00:00","og_image":[{"width":900,"height":700,"url":"https:\/\/www.viesmat.com\/wp-content\/uploads\/2020\/09\/losetacaucho.jpg","type":"image\/jpeg"}],"twitter_card":"summary_large_image","schema":{"@context":"https:\/\/schema.org","@graph":[{"@type":"WebPage","@id":"https:\/\/www.viesmat.com\/produto\/losetas-caucho-reciclado-parques-infantiles\/","url":"https:\/\/www.viesmat.com\/produto\/losetas-caucho-reciclado-parques-infantiles\/","name":"Placas em borracha recicladas de pneu para parques infantis | VIESMAT","isPartOf":{"@id":"https:\/\/www.viesmat.com\/#website"},"primaryImageOfPage":{"@id":"https:\/\/www.viesmat.com\/produto\/losetas-caucho-reciclado-parques-infantiles\/#primaryimage"},"image":{"@id":"https:\/\/www.viesmat.com\/produto\/losetas-caucho-reciclado-parques-infantiles\/#primaryimage"},"thumbnailUrl":"https:\/\/www.viesmat.com\/wp-content\/uploads\/2020\/09\/losetacaucho.jpg","datePublished":"2020-09-24T22:39:17+00:00","dateModified":"2023-05-30T09:53:22+00:00","description":"Piso 100% de Granulado de Borracha de Pneu Reciclado. Dispon\u00edvel em v\u00e1rias cores e formatos","breadcrumb":{"@id":"https:\/\/www.viesmat.com\/produto\/losetas-caucho-reciclado-parques-infantiles\/#breadcrumb"},"inLanguage":"pt-PT","potentialAction":[{"@type":"ReadAction","target":["https:\/\/www.viesmat.com\/produto\/losetas-caucho-reciclado-parques-infantiles\/"]}]},{"@type":"ImageObject","inLanguage":"pt-PT","@id":"https:\/\/www.viesmat.com\/produto\/losetas-caucho-reciclado-parques-infantiles\/#primaryimage","url":"https:\/\/www.viesmat.com\/wp-content\/uploads\/2020\/09\/losetacaucho.jpg","contentUrl":"https:\/\/www.viesmat.com\/wp-content\/uploads\/2020\/09\/losetacaucho.jpg","width":900,"height":700},{"@type":"BreadcrumbList","@id":"https:\/\/www.viesmat.com\/produto\/losetas-caucho-reciclado-parques-infantiles\/#breadcrumb","itemListElement":[{"@type":"ListItem","position":1,"name":"Home","item":"https:\/\/www.viesmat.com\/pt-pt\/"},{"@type":"ListItem","position":2,"name":"Produtos","item":"https:\/\/www.viesmat.com\/productos\/"},{"@type":"ListItem","position":3,"name":"Placas em borracha recicladas de pneu para parques infantis"}]},{"@type":"WebSite","@id":"https:\/\/www.viesmat.com\/#website","url":"https:\/\/www.viesmat.com\/","name":"VIESMAT","description":"Felpudos de entrada, pavimentos de caucho y felpudos met\u00e1licos","publisher":{"@id":"https:\/\/www.viesmat.com\/#organization"},"potentialAction":[{"@type":"SearchAction","target":{"@type":"EntryPoint","urlTemplate":"https:\/\/www.viesmat.com\/?s={search_term_string}"},"query-input":{"@type":"PropertyValueSpecification","valueRequired":true,"valueName":"search_term_string"}}],"inLanguage":"pt-PT"},{"@type":"Organization","@id":"https:\/\/www.viesmat.com\/#organization","name":"Viesmat","url":"https:\/\/www.viesmat.com\/","logo":{"@type":"ImageObject","inLanguage":"pt-PT","@id":"https:\/\/www.viesmat.com\/#\/schema\/logo\/image\/","url":"https:\/\/www.viesmat.com\/wp-content\/uploads\/2020\/09\/logo-VIESMAT.png","contentUrl":"https:\/\/www.viesmat.com\/wp-content\/uploads\/2020\/09\/logo-VIESMAT.png","width":400,"height":86,"caption":"Viesmat"},"image":{"@id":"https:\/\/www.viesmat.com\/#\/schema\/logo\/image\/"},"sameAs":["https:\/\/www.facebook.com\/viesmat"]}]}},"_links":{"self":[{"href":"https:\/\/www.viesmat.com\/pt-pt\/wp-json\/wp\/v2\/product\/1036","targetHints":{"allow":["GET"]}}],"collection":[{"href":"https:\/\/www.viesmat.com\/pt-pt\/wp-json\/wp\/v2\/product"}],"about":[{"href":"https:\/\/www.viesmat.com\/pt-pt\/wp-json\/wp\/v2\/types\/product"}],"wp:featuredmedia":[{"embeddable":true,"href":"https:\/\/www.viesmat.com\/pt-pt\/wp-json\/wp\/v2\/media\/1038"}],"wp:attachment":[{"href":"https:\/\/www.viesmat.com\/pt-pt\/wp-json\/wp\/v2\/media?parent=1036"}],"wp:term":[{"taxonomy":"product_brand","embeddable":true,"href":"https:\/\/www.viesmat.com\/pt-pt\/wp-json\/wp\/v2\/product_brand?post=1036"},{"taxonomy":"product_cat","embeddable":true,"href":"https:\/\/www.viesmat.com\/pt-pt\/wp-json\/wp\/v2\/product_cat?post=1036"},{"taxonomy":"product_tag","embeddable":true,"href":"https:\/\/www.viesmat.com\/pt-pt\/wp-json\/wp\/v2\/product_tag?post=1036"}],"curies":[{"name":"wp","href":"https:\/\/api.w.org\/{rel}","templated":true}]}}