{"id":1039,"date":"2020-09-24T22:31:17","date_gmt":"2020-09-24T22:31:17","guid":{"rendered":"https:\/\/www.viesmat.com\/producto\/losetas-clic-mat-y-clic-top\/"},"modified":"2020-10-17T14:06:42","modified_gmt":"2020-10-17T14:06:42","slug":"tapete-borracha-clic","status":"publish","type":"product","link":"https:\/\/www.viesmat.com\/pt-pt\/produto\/tapete-borracha-clic\/","title":{"rendered":"Tapete borracha clic"},"content":{"rendered":"<div class=\"wpb-content-wrapper\">[vc_row][vc_column][vc_column_text]Adequado para trabalhos de higiene em cozinhas profissionais, ind\u00fastrias, e embarca\u00e7\u00f5es de pesca.<\/p>\n<p>Superf\u00edcie antiderrapante e anti fadiga que oferece uma grande ader\u00eancia mesmo quando exposto a humidade.<\/p>\n<p>Reduz o risco de trope\u00e7ar, dada a sua firmeza e resist\u00eancia, e impede o desenvolvimento de bact\u00e9rias e fungos.<\/p>\n<p><strong>CLIC MAT:<\/strong> 90x90cm. en 14mm. &#8211; Fundo aberto<\/p>\n<p><img loading=\"lazy\" decoding=\"async\" class=\"alignnone wp-image-1183 \" src=\"https:\/\/www.viesmat.com\/wp-content\/uploads\/2020\/09\/clic_mat0.jpg\" alt=\"\" width=\"275\" height=\"275\" srcset=\"https:\/\/www.viesmat.com\/wp-content\/uploads\/2020\/09\/clic_mat0.jpg 650w, https:\/\/www.viesmat.com\/wp-content\/uploads\/2020\/09\/clic_mat0-300x300.jpg 300w, https:\/\/www.viesmat.com\/wp-content\/uploads\/2020\/09\/clic_mat0-150x150.jpg 150w, https:\/\/www.viesmat.com\/wp-content\/uploads\/2020\/09\/clic_mat0-600x600.jpg 600w, https:\/\/www.viesmat.com\/wp-content\/uploads\/2020\/09\/clic_mat0-100x100.jpg 100w\" sizes=\"auto, (max-width: 275px) 100vw, 275px\" \/><\/p>\n<p><strong>CLIC TOP:<\/strong> 90x90cm. en 14mm. &#8211; Fundo Fechado<\/p>\n<p><img loading=\"lazy\" decoding=\"async\" class=\"alignnone wp-image-1179 \" src=\"https:\/\/www.viesmat.com\/wp-content\/uploads\/2020\/09\/clic_top0.jpg\" alt=\"\" width=\"275\" height=\"275\" srcset=\"https:\/\/www.viesmat.com\/wp-content\/uploads\/2020\/09\/clic_top0.jpg 650w, https:\/\/www.viesmat.com\/wp-content\/uploads\/2020\/09\/clic_top0-300x300.jpg 300w, https:\/\/www.viesmat.com\/wp-content\/uploads\/2020\/09\/clic_top0-150x150.jpg 150w, https:\/\/www.viesmat.com\/wp-content\/uploads\/2020\/09\/clic_top0-600x600.jpg 600w, https:\/\/www.viesmat.com\/wp-content\/uploads\/2020\/09\/clic_top0-100x100.jpg 100w\" sizes=\"auto, (max-width: 275px) 100vw, 275px\" \/>[\/vc_column_text][\/vc_column][\/vc_row]\n<\/div>","protected":false},"excerpt":{"rendered":"<p>[vc_row][vc_column][vc_column_text]Adequado para trabalhos de higiene em cozinhas profissionais, ind\u00fastrias, e embarca\u00e7\u00f5es de pesca. Superf\u00edcie antiderrapante e anti fadiga que oferece uma grande ader\u00eancia mesmo quando exposto a humidade. Reduz o risco de trope\u00e7ar, dada a sua firmeza e resist\u00eancia, e impede o desenvolvimento de bact\u00e9rias e fungos. CLIC MAT: 90x90cm. en 14mm. &#8211; Fundo aberto&hellip;<\/p>\n","protected":false},"featured_media":1041,"template":"","meta":[],"product_brand":[],"product_cat":[66],"product_tag":[],"class_list":{"0":"post-1039","1":"product","2":"type-product","3":"status-publish","4":"has-post-thumbnail","6":"product_cat-pavimentos-em-borracha","7":"entry","8":"has-media","10":"first","11":"instock","12":"shipping-taxable","13":"purchasable","14":"product-type-simple"},"yoast_head":"<!-- This site is optimized with the Yoast SEO plugin v27.4 - https:\/\/yoast.com\/product\/yoast-seo-wordpress\/ -->\n<title>Tapete borracha clic | VIESMAT<\/title>\n<meta name=\"robots\" content=\"index, follow, max-snippet:-1, max-image-preview:large, max-video-preview:-1\" \/>\n<link rel=\"canonical\" href=\"https:\/\/www.viesmat.com\/produto\/losetas-clic-mat-y-clic-top\/\" \/>\n<meta property=\"og:locale\" content=\"pt_PT\" \/>\n<meta property=\"og:type\" content=\"article\" \/>\n<meta property=\"og:title\" content=\"Tapete borracha clic | VIESMAT\" \/>\n<meta property=\"og:description\" content=\"[vc_row][vc_column][vc_column_text]Adequado para trabalhos de higiene em cozinhas profissionais, ind\u00fastrias, e embarca\u00e7\u00f5es de pesca. Superf\u00edcie antiderrapante e anti fadiga que oferece uma grande ader\u00eancia mesmo quando exposto a humidade. Reduz o risco de trope\u00e7ar, dada a sua firmeza e resist\u00eancia, e impede o desenvolvimento de bact\u00e9rias e fungos. CLIC MAT: 90x90cm. en 14mm. &#8211; Fundo aberto&hellip;\" \/>\n<meta property=\"og:url\" content=\"https:\/\/www.viesmat.com\/produto\/losetas-clic-mat-y-clic-top\/\" \/>\n<meta property=\"og:site_name\" content=\"VIESMAT\" \/>\n<meta property=\"article:publisher\" content=\"https:\/\/www.facebook.com\/viesmat\" \/>\n<meta property=\"article:modified_time\" content=\"2020-10-17T14:06:42+00:00\" \/>\n<meta property=\"og:image\" content=\"https:\/\/www.viesmat.com\/wp-content\/uploads\/2020\/09\/clic-mat.jpg\" \/>\n\t<meta property=\"og:image:width\" content=\"900\" \/>\n\t<meta property=\"og:image:height\" content=\"700\" \/>\n\t<meta property=\"og:image:type\" content=\"image\/jpeg\" \/>\n<meta name=\"twitter:card\" content=\"summary_large_image\" \/>\n<script type=\"application\/ld+json\" class=\"yoast-schema-graph\">{\"@context\":\"https:\\\/\\\/schema.org\",\"@graph\":[{\"@type\":\"WebPage\",\"@id\":\"https:\\\/\\\/www.viesmat.com\\\/produto\\\/losetas-clic-mat-y-clic-top\\\/\",\"url\":\"https:\\\/\\\/www.viesmat.com\\\/produto\\\/losetas-clic-mat-y-clic-top\\\/\",\"name\":\"Tapete borracha clic | VIESMAT\",\"isPartOf\":{\"@id\":\"https:\\\/\\\/www.viesmat.com\\\/#website\"},\"primaryImageOfPage\":{\"@id\":\"https:\\\/\\\/www.viesmat.com\\\/produto\\\/losetas-clic-mat-y-clic-top\\\/#primaryimage\"},\"image\":{\"@id\":\"https:\\\/\\\/www.viesmat.com\\\/produto\\\/losetas-clic-mat-y-clic-top\\\/#primaryimage\"},\"thumbnailUrl\":\"https:\\\/\\\/www.viesmat.com\\\/wp-content\\\/uploads\\\/2020\\\/09\\\/clic-mat.jpg\",\"datePublished\":\"2020-09-24T22:31:17+00:00\",\"dateModified\":\"2020-10-17T14:06:42+00:00\",\"breadcrumb\":{\"@id\":\"https:\\\/\\\/www.viesmat.com\\\/produto\\\/losetas-clic-mat-y-clic-top\\\/#breadcrumb\"},\"inLanguage\":\"pt-PT\",\"potentialAction\":[{\"@type\":\"ReadAction\",\"target\":[\"https:\\\/\\\/www.viesmat.com\\\/produto\\\/losetas-clic-mat-y-clic-top\\\/\"]}]},{\"@type\":\"ImageObject\",\"inLanguage\":\"pt-PT\",\"@id\":\"https:\\\/\\\/www.viesmat.com\\\/produto\\\/losetas-clic-mat-y-clic-top\\\/#primaryimage\",\"url\":\"https:\\\/\\\/www.viesmat.com\\\/wp-content\\\/uploads\\\/2020\\\/09\\\/clic-mat.jpg\",\"contentUrl\":\"https:\\\/\\\/www.viesmat.com\\\/wp-content\\\/uploads\\\/2020\\\/09\\\/clic-mat.jpg\",\"width\":900,\"height\":700},{\"@type\":\"BreadcrumbList\",\"@id\":\"https:\\\/\\\/www.viesmat.com\\\/produto\\\/losetas-clic-mat-y-clic-top\\\/#breadcrumb\",\"itemListElement\":[{\"@type\":\"ListItem\",\"position\":1,\"name\":\"Home\",\"item\":\"https:\\\/\\\/www.viesmat.com\\\/pt-pt\\\/\"},{\"@type\":\"ListItem\",\"position\":2,\"name\":\"Produtos\",\"item\":\"https:\\\/\\\/www.viesmat.com\\\/productos\\\/\"},{\"@type\":\"ListItem\",\"position\":3,\"name\":\"Tapete borracha clic\"}]},{\"@type\":\"WebSite\",\"@id\":\"https:\\\/\\\/www.viesmat.com\\\/#website\",\"url\":\"https:\\\/\\\/www.viesmat.com\\\/\",\"name\":\"VIESMAT\",\"description\":\"Felpudos de entrada, pavimentos de caucho y felpudos met\u00e1licos\",\"publisher\":{\"@id\":\"https:\\\/\\\/www.viesmat.com\\\/#organization\"},\"potentialAction\":[{\"@type\":\"SearchAction\",\"target\":{\"@type\":\"EntryPoint\",\"urlTemplate\":\"https:\\\/\\\/www.viesmat.com\\\/?s={search_term_string}\"},\"query-input\":{\"@type\":\"PropertyValueSpecification\",\"valueRequired\":true,\"valueName\":\"search_term_string\"}}],\"inLanguage\":\"pt-PT\"},{\"@type\":\"Organization\",\"@id\":\"https:\\\/\\\/www.viesmat.com\\\/#organization\",\"name\":\"Viesmat\",\"url\":\"https:\\\/\\\/www.viesmat.com\\\/\",\"logo\":{\"@type\":\"ImageObject\",\"inLanguage\":\"pt-PT\",\"@id\":\"https:\\\/\\\/www.viesmat.com\\\/#\\\/schema\\\/logo\\\/image\\\/\",\"url\":\"https:\\\/\\\/www.viesmat.com\\\/wp-content\\\/uploads\\\/2020\\\/09\\\/logo-VIESMAT.png\",\"contentUrl\":\"https:\\\/\\\/www.viesmat.com\\\/wp-content\\\/uploads\\\/2020\\\/09\\\/logo-VIESMAT.png\",\"width\":400,\"height\":86,\"caption\":\"Viesmat\"},\"image\":{\"@id\":\"https:\\\/\\\/www.viesmat.com\\\/#\\\/schema\\\/logo\\\/image\\\/\"},\"sameAs\":[\"https:\\\/\\\/www.facebook.com\\\/viesmat\"]}]}<\/script>\n<!-- \/ Yoast SEO plugin. -->","yoast_head_json":{"title":"Tapete borracha clic | VIESMAT","robots":{"index":"index","follow":"follow","max-snippet":"max-snippet:-1","max-image-preview":"max-image-preview:large","max-video-preview":"max-video-preview:-1"},"canonical":"https:\/\/www.viesmat.com\/produto\/losetas-clic-mat-y-clic-top\/","og_locale":"pt_PT","og_type":"article","og_title":"Tapete borracha clic | VIESMAT","og_description":"[vc_row][vc_column][vc_column_text]Adequado para trabalhos de higiene em cozinhas profissionais, ind\u00fastrias, e embarca\u00e7\u00f5es de pesca. Superf\u00edcie antiderrapante e anti fadiga que oferece uma grande ader\u00eancia mesmo quando exposto a humidade. Reduz o risco de trope\u00e7ar, dada a sua firmeza e resist\u00eancia, e impede o desenvolvimento de bact\u00e9rias e fungos. CLIC MAT: 90x90cm. en 14mm. &#8211; Fundo aberto&hellip;","og_url":"https:\/\/www.viesmat.com\/produto\/losetas-clic-mat-y-clic-top\/","og_site_name":"VIESMAT","article_publisher":"https:\/\/www.facebook.com\/viesmat","article_modified_time":"2020-10-17T14:06:42+00:00","og_image":[{"width":900,"height":700,"url":"https:\/\/www.viesmat.com\/wp-content\/uploads\/2020\/09\/clic-mat.jpg","type":"image\/jpeg"}],"twitter_card":"summary_large_image","schema":{"@context":"https:\/\/schema.org","@graph":[{"@type":"WebPage","@id":"https:\/\/www.viesmat.com\/produto\/losetas-clic-mat-y-clic-top\/","url":"https:\/\/www.viesmat.com\/produto\/losetas-clic-mat-y-clic-top\/","name":"Tapete borracha clic | VIESMAT","isPartOf":{"@id":"https:\/\/www.viesmat.com\/#website"},"primaryImageOfPage":{"@id":"https:\/\/www.viesmat.com\/produto\/losetas-clic-mat-y-clic-top\/#primaryimage"},"image":{"@id":"https:\/\/www.viesmat.com\/produto\/losetas-clic-mat-y-clic-top\/#primaryimage"},"thumbnailUrl":"https:\/\/www.viesmat.com\/wp-content\/uploads\/2020\/09\/clic-mat.jpg","datePublished":"2020-09-24T22:31:17+00:00","dateModified":"2020-10-17T14:06:42+00:00","breadcrumb":{"@id":"https:\/\/www.viesmat.com\/produto\/losetas-clic-mat-y-clic-top\/#breadcrumb"},"inLanguage":"pt-PT","potentialAction":[{"@type":"ReadAction","target":["https:\/\/www.viesmat.com\/produto\/losetas-clic-mat-y-clic-top\/"]}]},{"@type":"ImageObject","inLanguage":"pt-PT","@id":"https:\/\/www.viesmat.com\/produto\/losetas-clic-mat-y-clic-top\/#primaryimage","url":"https:\/\/www.viesmat.com\/wp-content\/uploads\/2020\/09\/clic-mat.jpg","contentUrl":"https:\/\/www.viesmat.com\/wp-content\/uploads\/2020\/09\/clic-mat.jpg","width":900,"height":700},{"@type":"BreadcrumbList","@id":"https:\/\/www.viesmat.com\/produto\/losetas-clic-mat-y-clic-top\/#breadcrumb","itemListElement":[{"@type":"ListItem","position":1,"name":"Home","item":"https:\/\/www.viesmat.com\/pt-pt\/"},{"@type":"ListItem","position":2,"name":"Produtos","item":"https:\/\/www.viesmat.com\/productos\/"},{"@type":"ListItem","position":3,"name":"Tapete borracha clic"}]},{"@type":"WebSite","@id":"https:\/\/www.viesmat.com\/#website","url":"https:\/\/www.viesmat.com\/","name":"VIESMAT","description":"Felpudos de entrada, pavimentos de caucho y felpudos met\u00e1licos","publisher":{"@id":"https:\/\/www.viesmat.com\/#organization"},"potentialAction":[{"@type":"SearchAction","target":{"@type":"EntryPoint","urlTemplate":"https:\/\/www.viesmat.com\/?s={search_term_string}"},"query-input":{"@type":"PropertyValueSpecification","valueRequired":true,"valueName":"search_term_string"}}],"inLanguage":"pt-PT"},{"@type":"Organization","@id":"https:\/\/www.viesmat.com\/#organization","name":"Viesmat","url":"https:\/\/www.viesmat.com\/","logo":{"@type":"ImageObject","inLanguage":"pt-PT","@id":"https:\/\/www.viesmat.com\/#\/schema\/logo\/image\/","url":"https:\/\/www.viesmat.com\/wp-content\/uploads\/2020\/09\/logo-VIESMAT.png","contentUrl":"https:\/\/www.viesmat.com\/wp-content\/uploads\/2020\/09\/logo-VIESMAT.png","width":400,"height":86,"caption":"Viesmat"},"image":{"@id":"https:\/\/www.viesmat.com\/#\/schema\/logo\/image\/"},"sameAs":["https:\/\/www.facebook.com\/viesmat"]}]}},"_links":{"self":[{"href":"https:\/\/www.viesmat.com\/pt-pt\/wp-json\/wp\/v2\/product\/1039","targetHints":{"allow":["GET"]}}],"collection":[{"href":"https:\/\/www.viesmat.com\/pt-pt\/wp-json\/wp\/v2\/product"}],"about":[{"href":"https:\/\/www.viesmat.com\/pt-pt\/wp-json\/wp\/v2\/types\/product"}],"wp:featuredmedia":[{"embeddable":true,"href":"https:\/\/www.viesmat.com\/pt-pt\/wp-json\/wp\/v2\/media\/1041"}],"wp:attachment":[{"href":"https:\/\/www.viesmat.com\/pt-pt\/wp-json\/wp\/v2\/media?parent=1039"}],"wp:term":[{"taxonomy":"product_brand","embeddable":true,"href":"https:\/\/www.viesmat.com\/pt-pt\/wp-json\/wp\/v2\/product_brand?post=1039"},{"taxonomy":"product_cat","embeddable":true,"href":"https:\/\/www.viesmat.com\/pt-pt\/wp-json\/wp\/v2\/product_cat?post=1039"},{"taxonomy":"product_tag","embeddable":true,"href":"https:\/\/www.viesmat.com\/pt-pt\/wp-json\/wp\/v2\/product_tag?post=1039"}],"curies":[{"name":"wp","href":"https:\/\/api.w.org\/{rel}","templated":true}]}}