{"id":1058,"date":"2020-09-24T21:52:06","date_gmt":"2020-09-24T21:52:06","guid":{"rendered":"https:\/\/www.viesmat.com\/producto\/loseta-caucho-reciclado-neumatico-avion-tire-tiles\/"},"modified":"2020-11-01T16:08:18","modified_gmt":"2020-11-01T16:08:18","slug":"ladrilhos-em-borracha-reciclada-tire-tiles","status":"publish","type":"product","link":"https:\/\/www.viesmat.com\/pt-pt\/produto\/ladrilhos-em-borracha-reciclada-tire-tiles\/","title":{"rendered":"Ladrilhos em borracha reciclada \u00abTire Tiles\u00bb"},"content":{"rendered":"<div class=\"wpb-content-wrapper\">[vc_row][vc_column][vc_column_text]Tapete borracha recicladas (pneu de avi\u00e3o) especialmente refor\u00e7adas com fibras de nylon tem um efeito absorvente.<\/p>\n<p><img loading=\"lazy\" decoding=\"async\" class=\"alignnone wp-image-221 size-full\" src=\"https:\/\/www.viesmat.com\/wp-content\/uploads\/2020\/09\/tire_tiles.jpg\" alt=\"\" width=\"287\" height=\"215\" \/><\/p>\n<p><strong>MEDIDA LADRILHO TIRE TILES:<\/strong> 305x305mm.<br \/>\n<strong>ESPESSURA:<\/strong> 12mm. aprox.<br \/>\n<strong>PESO TOTAL APROX:<\/strong> 9880 g\/m2 (Caixa: 23 Kg)<br \/>\n<strong>MATERIAL:<\/strong> 100% material de ter reciclado de pneus<br \/>\n<strong>CORE:<\/strong> Conglomerado de varios cores<br \/>\n<strong>INSTALA\u00c7\u00c3O:<\/strong> Cola de Epoxi de 2 componentes<br \/>\n<strong>PROVIS\u00c3O:<\/strong> Caixas completas de 25 unidades (2,32 m2)[\/vc_column_text][\/vc_column][\/vc_row]\n<\/div>","protected":false},"excerpt":{"rendered":"<p>[vc_row][vc_column][vc_column_text]Tapete borracha recicladas (pneu de avi\u00e3o) especialmente refor\u00e7adas com fibras de nylon tem um efeito absorvente. MEDIDA LADRILHO TIRE TILES: 305x305mm. ESPESSURA: 12mm. aprox. PESO TOTAL APROX: 9880 g\/m2 (Caixa: 23 Kg) MATERIAL: 100% material de ter reciclado de pneus CORE: Conglomerado de varios cores INSTALA\u00c7\u00c3O: Cola de Epoxi de 2 componentes PROVIS\u00c3O: Caixas completas&hellip;<\/p>\n","protected":false},"featured_media":1060,"template":"","meta":[],"product_brand":[],"product_cat":[67,68],"product_tag":[],"class_list":{"0":"post-1058","1":"product","2":"type-product","3":"status-publish","4":"has-post-thumbnail","6":"product_cat-tapetes-de-entrada","7":"product_cat-tapetes-por-medida","8":"entry","9":"has-media","11":"first","12":"instock","13":"shipping-taxable","14":"purchasable","15":"product-type-simple"},"yoast_head":"<!-- This site is optimized with the Yoast SEO plugin v27.4 - https:\/\/yoast.com\/product\/yoast-seo-wordpress\/ -->\n<title>Ladrilhos em borracha reciclada \u00abTire Tiles\u00bb | VIESMAT<\/title>\n<meta name=\"description\" content=\"Tapete borracha recicladas (pneu de avi\u00e3o) especialmente refor\u00e7adas com fibras de nylon tem um efeito absorvente.\" \/>\n<meta name=\"robots\" content=\"index, follow, max-snippet:-1, max-image-preview:large, max-video-preview:-1\" \/>\n<link rel=\"canonical\" href=\"https:\/\/www.viesmat.com\/produto\/loseta-caucho-reciclado-neumatico-avion-tire-tiles\/\" \/>\n<meta property=\"og:locale\" content=\"pt_PT\" \/>\n<meta property=\"og:type\" content=\"article\" \/>\n<meta property=\"og:title\" content=\"Ladrilhos em borracha reciclada \u00abTire Tiles\u00bb | VIESMAT\" \/>\n<meta property=\"og:description\" content=\"Tapete borracha recicladas (pneu de avi\u00e3o) especialmente refor\u00e7adas com fibras de nylon tem um efeito absorvente.\" \/>\n<meta property=\"og:url\" content=\"https:\/\/www.viesmat.com\/produto\/loseta-caucho-reciclado-neumatico-avion-tire-tiles\/\" \/>\n<meta property=\"og:site_name\" content=\"VIESMAT\" \/>\n<meta property=\"article:publisher\" content=\"https:\/\/www.facebook.com\/viesmat\" \/>\n<meta property=\"article:modified_time\" content=\"2020-11-01T16:08:18+00:00\" \/>\n<meta property=\"og:image\" content=\"https:\/\/www.viesmat.com\/wp-content\/uploads\/2020\/09\/tire-tiles.jpg\" \/>\n\t<meta property=\"og:image:width\" content=\"900\" \/>\n\t<meta property=\"og:image:height\" content=\"700\" \/>\n\t<meta property=\"og:image:type\" content=\"image\/jpeg\" \/>\n<meta name=\"twitter:card\" content=\"summary_large_image\" \/>\n<script type=\"application\/ld+json\" class=\"yoast-schema-graph\">{\"@context\":\"https:\\\/\\\/schema.org\",\"@graph\":[{\"@type\":\"WebPage\",\"@id\":\"https:\\\/\\\/www.viesmat.com\\\/produto\\\/loseta-caucho-reciclado-neumatico-avion-tire-tiles\\\/\",\"url\":\"https:\\\/\\\/www.viesmat.com\\\/produto\\\/loseta-caucho-reciclado-neumatico-avion-tire-tiles\\\/\",\"name\":\"Ladrilhos em borracha reciclada \u00abTire Tiles\u00bb | VIESMAT\",\"isPartOf\":{\"@id\":\"https:\\\/\\\/www.viesmat.com\\\/#website\"},\"primaryImageOfPage\":{\"@id\":\"https:\\\/\\\/www.viesmat.com\\\/produto\\\/loseta-caucho-reciclado-neumatico-avion-tire-tiles\\\/#primaryimage\"},\"image\":{\"@id\":\"https:\\\/\\\/www.viesmat.com\\\/produto\\\/loseta-caucho-reciclado-neumatico-avion-tire-tiles\\\/#primaryimage\"},\"thumbnailUrl\":\"https:\\\/\\\/www.viesmat.com\\\/wp-content\\\/uploads\\\/2020\\\/09\\\/tire-tiles.jpg\",\"datePublished\":\"2020-09-24T21:52:06+00:00\",\"dateModified\":\"2020-11-01T16:08:18+00:00\",\"description\":\"Tapete borracha recicladas (pneu de avi\u00e3o) especialmente refor\u00e7adas com fibras de nylon tem um efeito absorvente.\",\"breadcrumb\":{\"@id\":\"https:\\\/\\\/www.viesmat.com\\\/produto\\\/loseta-caucho-reciclado-neumatico-avion-tire-tiles\\\/#breadcrumb\"},\"inLanguage\":\"pt-PT\",\"potentialAction\":[{\"@type\":\"ReadAction\",\"target\":[\"https:\\\/\\\/www.viesmat.com\\\/produto\\\/loseta-caucho-reciclado-neumatico-avion-tire-tiles\\\/\"]}]},{\"@type\":\"ImageObject\",\"inLanguage\":\"pt-PT\",\"@id\":\"https:\\\/\\\/www.viesmat.com\\\/produto\\\/loseta-caucho-reciclado-neumatico-avion-tire-tiles\\\/#primaryimage\",\"url\":\"https:\\\/\\\/www.viesmat.com\\\/wp-content\\\/uploads\\\/2020\\\/09\\\/tire-tiles.jpg\",\"contentUrl\":\"https:\\\/\\\/www.viesmat.com\\\/wp-content\\\/uploads\\\/2020\\\/09\\\/tire-tiles.jpg\",\"width\":900,\"height\":700},{\"@type\":\"BreadcrumbList\",\"@id\":\"https:\\\/\\\/www.viesmat.com\\\/produto\\\/loseta-caucho-reciclado-neumatico-avion-tire-tiles\\\/#breadcrumb\",\"itemListElement\":[{\"@type\":\"ListItem\",\"position\":1,\"name\":\"Home\",\"item\":\"https:\\\/\\\/www.viesmat.com\\\/pt-pt\\\/\"},{\"@type\":\"ListItem\",\"position\":2,\"name\":\"Produtos\",\"item\":\"https:\\\/\\\/www.viesmat.com\\\/productos\\\/\"},{\"@type\":\"ListItem\",\"position\":3,\"name\":\"Ladrilhos em borracha reciclada \u00abTire Tiles\u00bb\"}]},{\"@type\":\"WebSite\",\"@id\":\"https:\\\/\\\/www.viesmat.com\\\/#website\",\"url\":\"https:\\\/\\\/www.viesmat.com\\\/\",\"name\":\"VIESMAT\",\"description\":\"Felpudos de entrada, pavimentos de caucho y felpudos met\u00e1licos\",\"publisher\":{\"@id\":\"https:\\\/\\\/www.viesmat.com\\\/#organization\"},\"potentialAction\":[{\"@type\":\"SearchAction\",\"target\":{\"@type\":\"EntryPoint\",\"urlTemplate\":\"https:\\\/\\\/www.viesmat.com\\\/?s={search_term_string}\"},\"query-input\":{\"@type\":\"PropertyValueSpecification\",\"valueRequired\":true,\"valueName\":\"search_term_string\"}}],\"inLanguage\":\"pt-PT\"},{\"@type\":\"Organization\",\"@id\":\"https:\\\/\\\/www.viesmat.com\\\/#organization\",\"name\":\"Viesmat\",\"url\":\"https:\\\/\\\/www.viesmat.com\\\/\",\"logo\":{\"@type\":\"ImageObject\",\"inLanguage\":\"pt-PT\",\"@id\":\"https:\\\/\\\/www.viesmat.com\\\/#\\\/schema\\\/logo\\\/image\\\/\",\"url\":\"https:\\\/\\\/www.viesmat.com\\\/wp-content\\\/uploads\\\/2020\\\/09\\\/logo-VIESMAT.png\",\"contentUrl\":\"https:\\\/\\\/www.viesmat.com\\\/wp-content\\\/uploads\\\/2020\\\/09\\\/logo-VIESMAT.png\",\"width\":400,\"height\":86,\"caption\":\"Viesmat\"},\"image\":{\"@id\":\"https:\\\/\\\/www.viesmat.com\\\/#\\\/schema\\\/logo\\\/image\\\/\"},\"sameAs\":[\"https:\\\/\\\/www.facebook.com\\\/viesmat\"]}]}<\/script>\n<!-- \/ Yoast SEO plugin. -->","yoast_head_json":{"title":"Ladrilhos em borracha reciclada \u00abTire Tiles\u00bb | VIESMAT","description":"Tapete borracha recicladas (pneu de avi\u00e3o) especialmente refor\u00e7adas com fibras de nylon tem um efeito absorvente.","robots":{"index":"index","follow":"follow","max-snippet":"max-snippet:-1","max-image-preview":"max-image-preview:large","max-video-preview":"max-video-preview:-1"},"canonical":"https:\/\/www.viesmat.com\/produto\/loseta-caucho-reciclado-neumatico-avion-tire-tiles\/","og_locale":"pt_PT","og_type":"article","og_title":"Ladrilhos em borracha reciclada \u00abTire Tiles\u00bb | VIESMAT","og_description":"Tapete borracha recicladas (pneu de avi\u00e3o) especialmente refor\u00e7adas com fibras de nylon tem um efeito absorvente.","og_url":"https:\/\/www.viesmat.com\/produto\/loseta-caucho-reciclado-neumatico-avion-tire-tiles\/","og_site_name":"VIESMAT","article_publisher":"https:\/\/www.facebook.com\/viesmat","article_modified_time":"2020-11-01T16:08:18+00:00","og_image":[{"width":900,"height":700,"url":"https:\/\/www.viesmat.com\/wp-content\/uploads\/2020\/09\/tire-tiles.jpg","type":"image\/jpeg"}],"twitter_card":"summary_large_image","schema":{"@context":"https:\/\/schema.org","@graph":[{"@type":"WebPage","@id":"https:\/\/www.viesmat.com\/produto\/loseta-caucho-reciclado-neumatico-avion-tire-tiles\/","url":"https:\/\/www.viesmat.com\/produto\/loseta-caucho-reciclado-neumatico-avion-tire-tiles\/","name":"Ladrilhos em borracha reciclada \u00abTire Tiles\u00bb | VIESMAT","isPartOf":{"@id":"https:\/\/www.viesmat.com\/#website"},"primaryImageOfPage":{"@id":"https:\/\/www.viesmat.com\/produto\/loseta-caucho-reciclado-neumatico-avion-tire-tiles\/#primaryimage"},"image":{"@id":"https:\/\/www.viesmat.com\/produto\/loseta-caucho-reciclado-neumatico-avion-tire-tiles\/#primaryimage"},"thumbnailUrl":"https:\/\/www.viesmat.com\/wp-content\/uploads\/2020\/09\/tire-tiles.jpg","datePublished":"2020-09-24T21:52:06+00:00","dateModified":"2020-11-01T16:08:18+00:00","description":"Tapete borracha recicladas (pneu de avi\u00e3o) especialmente refor\u00e7adas com fibras de nylon tem um efeito absorvente.","breadcrumb":{"@id":"https:\/\/www.viesmat.com\/produto\/loseta-caucho-reciclado-neumatico-avion-tire-tiles\/#breadcrumb"},"inLanguage":"pt-PT","potentialAction":[{"@type":"ReadAction","target":["https:\/\/www.viesmat.com\/produto\/loseta-caucho-reciclado-neumatico-avion-tire-tiles\/"]}]},{"@type":"ImageObject","inLanguage":"pt-PT","@id":"https:\/\/www.viesmat.com\/produto\/loseta-caucho-reciclado-neumatico-avion-tire-tiles\/#primaryimage","url":"https:\/\/www.viesmat.com\/wp-content\/uploads\/2020\/09\/tire-tiles.jpg","contentUrl":"https:\/\/www.viesmat.com\/wp-content\/uploads\/2020\/09\/tire-tiles.jpg","width":900,"height":700},{"@type":"BreadcrumbList","@id":"https:\/\/www.viesmat.com\/produto\/loseta-caucho-reciclado-neumatico-avion-tire-tiles\/#breadcrumb","itemListElement":[{"@type":"ListItem","position":1,"name":"Home","item":"https:\/\/www.viesmat.com\/pt-pt\/"},{"@type":"ListItem","position":2,"name":"Produtos","item":"https:\/\/www.viesmat.com\/productos\/"},{"@type":"ListItem","position":3,"name":"Ladrilhos em borracha reciclada \u00abTire Tiles\u00bb"}]},{"@type":"WebSite","@id":"https:\/\/www.viesmat.com\/#website","url":"https:\/\/www.viesmat.com\/","name":"VIESMAT","description":"Felpudos de entrada, pavimentos de caucho y felpudos met\u00e1licos","publisher":{"@id":"https:\/\/www.viesmat.com\/#organization"},"potentialAction":[{"@type":"SearchAction","target":{"@type":"EntryPoint","urlTemplate":"https:\/\/www.viesmat.com\/?s={search_term_string}"},"query-input":{"@type":"PropertyValueSpecification","valueRequired":true,"valueName":"search_term_string"}}],"inLanguage":"pt-PT"},{"@type":"Organization","@id":"https:\/\/www.viesmat.com\/#organization","name":"Viesmat","url":"https:\/\/www.viesmat.com\/","logo":{"@type":"ImageObject","inLanguage":"pt-PT","@id":"https:\/\/www.viesmat.com\/#\/schema\/logo\/image\/","url":"https:\/\/www.viesmat.com\/wp-content\/uploads\/2020\/09\/logo-VIESMAT.png","contentUrl":"https:\/\/www.viesmat.com\/wp-content\/uploads\/2020\/09\/logo-VIESMAT.png","width":400,"height":86,"caption":"Viesmat"},"image":{"@id":"https:\/\/www.viesmat.com\/#\/schema\/logo\/image\/"},"sameAs":["https:\/\/www.facebook.com\/viesmat"]}]}},"_links":{"self":[{"href":"https:\/\/www.viesmat.com\/pt-pt\/wp-json\/wp\/v2\/product\/1058","targetHints":{"allow":["GET"]}}],"collection":[{"href":"https:\/\/www.viesmat.com\/pt-pt\/wp-json\/wp\/v2\/product"}],"about":[{"href":"https:\/\/www.viesmat.com\/pt-pt\/wp-json\/wp\/v2\/types\/product"}],"wp:featuredmedia":[{"embeddable":true,"href":"https:\/\/www.viesmat.com\/pt-pt\/wp-json\/wp\/v2\/media\/1060"}],"wp:attachment":[{"href":"https:\/\/www.viesmat.com\/pt-pt\/wp-json\/wp\/v2\/media?parent=1058"}],"wp:term":[{"taxonomy":"product_brand","embeddable":true,"href":"https:\/\/www.viesmat.com\/pt-pt\/wp-json\/wp\/v2\/product_brand?post=1058"},{"taxonomy":"product_cat","embeddable":true,"href":"https:\/\/www.viesmat.com\/pt-pt\/wp-json\/wp\/v2\/product_cat?post=1058"},{"taxonomy":"product_tag","embeddable":true,"href":"https:\/\/www.viesmat.com\/pt-pt\/wp-json\/wp\/v2\/product_tag?post=1058"}],"curies":[{"name":"wp","href":"https:\/\/api.w.org\/{rel}","templated":true}]}}