{"id":1061,"date":"2020-09-24T21:47:01","date_gmt":"2020-09-24T21:47:01","guid":{"rendered":"https:\/\/www.viesmat.com\/producto\/alfombra-de-goma-personalizada\/"},"modified":"2020-10-07T12:39:37","modified_gmt":"2020-10-07T12:39:37","slug":"tapete-borracha-personalizado","status":"publish","type":"product","link":"https:\/\/www.viesmat.com\/pt-pt\/produto\/tapete-borracha-personalizado\/","title":{"rendered":"Tapete borracha personalizado"},"content":{"rendered":"<div class=\"wpb-content-wrapper\">[vc_row][vc_column][vc_column_text]Alfombras de caucho 100% nitr\u00edlicas para introducir im\u00e1genes fotogr\u00e1ficas en material termopl\u00e1stico y moldeadas en la goma.<\/p>\n<p>Son totalmente resistentes a agentes qu\u00edmicos, grasas y aceites.<\/p>\n<p><strong><img loading=\"lazy\" decoding=\"async\" class=\"alignnone size-full wp-image-219\" src=\"https:\/\/www.viesmat.com\/wp-content\/uploads\/2020\/09\/alfombra-caucho-logo.jpg\" alt=\"\" width=\"511\" height=\"242\" srcset=\"https:\/\/www.viesmat.com\/wp-content\/uploads\/2020\/09\/alfombra-caucho-logo.jpg 511w, https:\/\/www.viesmat.com\/wp-content\/uploads\/2020\/09\/alfombra-caucho-logo-300x142.jpg 300w\" sizes=\"auto, (max-width: 511px) 100vw, 511px\" \/><\/strong><\/p>\n<p><strong>Medidas:<\/strong><br \/>\n75x85cm. (medida m\u00e1xima del logo de 50x60cm.)<br \/>\n85x150cm. (medida m\u00e1xima del logo de 60x120cm.)<br \/>\n115x180cm. (medida m\u00e1xima del logo de 90x125cm.)<\/p>\n<p><strong>Peso total:<\/strong><br \/>\n4 kg\/m2 &#8211; Espesor: 4mm.[\/vc_column_text][\/vc_column][\/vc_row]\n<\/div>","protected":false},"excerpt":{"rendered":"<p>[vc_row][vc_column][vc_column_text]Alfombras de caucho 100% nitr\u00edlicas para introducir im\u00e1genes fotogr\u00e1ficas en material termopl\u00e1stico y moldeadas en la goma. Son totalmente resistentes a agentes qu\u00edmicos, grasas y aceites. Medidas: 75x85cm. (medida m\u00e1xima del logo de 50x60cm.) 85x150cm. (medida m\u00e1xima del logo de 60x120cm.) 115x180cm. (medida m\u00e1xima del logo de 90x125cm.) Peso total: 4 kg\/m2 &#8211; Espesor: 4mm.[\/vc_column_text][\/vc_column][\/vc_row]<\/p>\n","protected":false},"featured_media":1062,"template":"","meta":[],"product_brand":[],"product_cat":[67,69],"product_tag":[],"class_list":{"0":"post-1061","1":"product","2":"type-product","3":"status-publish","4":"has-post-thumbnail","6":"product_cat-tapetes-de-entrada","7":"product_cat-tapetes-personalizados-com-logotipo","8":"entry","9":"has-media","11":"first","12":"instock","13":"shipping-taxable","14":"purchasable","15":"product-type-simple"},"yoast_head":"<!-- This site is optimized with the Yoast SEO plugin v27.4 - https:\/\/yoast.com\/product\/yoast-seo-wordpress\/ -->\n<title>Tapete borracha personalizado | VIESMAT<\/title>\n<meta name=\"robots\" content=\"index, follow, max-snippet:-1, max-image-preview:large, max-video-preview:-1\" \/>\n<link rel=\"canonical\" href=\"https:\/\/www.viesmat.com\/produto\/alfombra-de-goma-personalizada\/\" \/>\n<meta property=\"og:locale\" content=\"pt_PT\" \/>\n<meta property=\"og:type\" content=\"article\" \/>\n<meta property=\"og:title\" content=\"Tapete borracha personalizado | VIESMAT\" \/>\n<meta property=\"og:description\" content=\"[vc_row][vc_column][vc_column_text]Alfombras de caucho 100% nitr\u00edlicas para introducir im\u00e1genes fotogr\u00e1ficas en material termopl\u00e1stico y moldeadas en la goma. Son totalmente resistentes a agentes qu\u00edmicos, grasas y aceites. Medidas: 75x85cm. (medida m\u00e1xima del logo de 50x60cm.) 85x150cm. (medida m\u00e1xima del logo de 60x120cm.) 115x180cm. (medida m\u00e1xima del logo de 90x125cm.) Peso total: 4 kg\/m2 &#8211; Espesor: 4mm.[\/vc_column_text][\/vc_column][\/vc_row]\" \/>\n<meta property=\"og:url\" content=\"https:\/\/www.viesmat.com\/produto\/alfombra-de-goma-personalizada\/\" \/>\n<meta property=\"og:site_name\" content=\"VIESMAT\" \/>\n<meta property=\"article:publisher\" content=\"https:\/\/www.facebook.com\/viesmat\" \/>\n<meta property=\"article:modified_time\" content=\"2020-10-07T12:39:37+00:00\" \/>\n<meta property=\"og:image\" content=\"https:\/\/www.viesmat.com\/wp-content\/uploads\/2020\/09\/hamburger.jpg\" \/>\n\t<meta property=\"og:image:width\" content=\"454\" \/>\n\t<meta property=\"og:image:height\" content=\"306\" \/>\n\t<meta property=\"og:image:type\" content=\"image\/jpeg\" \/>\n<meta name=\"twitter:card\" content=\"summary_large_image\" \/>\n<script type=\"application\/ld+json\" class=\"yoast-schema-graph\">{\"@context\":\"https:\\\/\\\/schema.org\",\"@graph\":[{\"@type\":\"WebPage\",\"@id\":\"https:\\\/\\\/www.viesmat.com\\\/produto\\\/alfombra-de-goma-personalizada\\\/\",\"url\":\"https:\\\/\\\/www.viesmat.com\\\/produto\\\/alfombra-de-goma-personalizada\\\/\",\"name\":\"Tapete borracha personalizado | VIESMAT\",\"isPartOf\":{\"@id\":\"https:\\\/\\\/www.viesmat.com\\\/#website\"},\"primaryImageOfPage\":{\"@id\":\"https:\\\/\\\/www.viesmat.com\\\/produto\\\/alfombra-de-goma-personalizada\\\/#primaryimage\"},\"image\":{\"@id\":\"https:\\\/\\\/www.viesmat.com\\\/produto\\\/alfombra-de-goma-personalizada\\\/#primaryimage\"},\"thumbnailUrl\":\"https:\\\/\\\/www.viesmat.com\\\/wp-content\\\/uploads\\\/2020\\\/09\\\/hamburger.jpg\",\"datePublished\":\"2020-09-24T21:47:01+00:00\",\"dateModified\":\"2020-10-07T12:39:37+00:00\",\"breadcrumb\":{\"@id\":\"https:\\\/\\\/www.viesmat.com\\\/produto\\\/alfombra-de-goma-personalizada\\\/#breadcrumb\"},\"inLanguage\":\"pt-PT\",\"potentialAction\":[{\"@type\":\"ReadAction\",\"target\":[\"https:\\\/\\\/www.viesmat.com\\\/produto\\\/alfombra-de-goma-personalizada\\\/\"]}]},{\"@type\":\"ImageObject\",\"inLanguage\":\"pt-PT\",\"@id\":\"https:\\\/\\\/www.viesmat.com\\\/produto\\\/alfombra-de-goma-personalizada\\\/#primaryimage\",\"url\":\"https:\\\/\\\/www.viesmat.com\\\/wp-content\\\/uploads\\\/2020\\\/09\\\/hamburger.jpg\",\"contentUrl\":\"https:\\\/\\\/www.viesmat.com\\\/wp-content\\\/uploads\\\/2020\\\/09\\\/hamburger.jpg\",\"width\":454,\"height\":306},{\"@type\":\"BreadcrumbList\",\"@id\":\"https:\\\/\\\/www.viesmat.com\\\/produto\\\/alfombra-de-goma-personalizada\\\/#breadcrumb\",\"itemListElement\":[{\"@type\":\"ListItem\",\"position\":1,\"name\":\"Home\",\"item\":\"https:\\\/\\\/www.viesmat.com\\\/pt-pt\\\/\"},{\"@type\":\"ListItem\",\"position\":2,\"name\":\"Produtos\",\"item\":\"https:\\\/\\\/www.viesmat.com\\\/productos\\\/\"},{\"@type\":\"ListItem\",\"position\":3,\"name\":\"Tapete borracha personalizado\"}]},{\"@type\":\"WebSite\",\"@id\":\"https:\\\/\\\/www.viesmat.com\\\/#website\",\"url\":\"https:\\\/\\\/www.viesmat.com\\\/\",\"name\":\"VIESMAT\",\"description\":\"Felpudos de entrada, pavimentos de caucho y felpudos met\u00e1licos\",\"publisher\":{\"@id\":\"https:\\\/\\\/www.viesmat.com\\\/#organization\"},\"potentialAction\":[{\"@type\":\"SearchAction\",\"target\":{\"@type\":\"EntryPoint\",\"urlTemplate\":\"https:\\\/\\\/www.viesmat.com\\\/?s={search_term_string}\"},\"query-input\":{\"@type\":\"PropertyValueSpecification\",\"valueRequired\":true,\"valueName\":\"search_term_string\"}}],\"inLanguage\":\"pt-PT\"},{\"@type\":\"Organization\",\"@id\":\"https:\\\/\\\/www.viesmat.com\\\/#organization\",\"name\":\"Viesmat\",\"url\":\"https:\\\/\\\/www.viesmat.com\\\/\",\"logo\":{\"@type\":\"ImageObject\",\"inLanguage\":\"pt-PT\",\"@id\":\"https:\\\/\\\/www.viesmat.com\\\/#\\\/schema\\\/logo\\\/image\\\/\",\"url\":\"https:\\\/\\\/www.viesmat.com\\\/wp-content\\\/uploads\\\/2020\\\/09\\\/logo-VIESMAT.png\",\"contentUrl\":\"https:\\\/\\\/www.viesmat.com\\\/wp-content\\\/uploads\\\/2020\\\/09\\\/logo-VIESMAT.png\",\"width\":400,\"height\":86,\"caption\":\"Viesmat\"},\"image\":{\"@id\":\"https:\\\/\\\/www.viesmat.com\\\/#\\\/schema\\\/logo\\\/image\\\/\"},\"sameAs\":[\"https:\\\/\\\/www.facebook.com\\\/viesmat\"]}]}<\/script>\n<!-- \/ Yoast SEO plugin. -->","yoast_head_json":{"title":"Tapete borracha personalizado | VIESMAT","robots":{"index":"index","follow":"follow","max-snippet":"max-snippet:-1","max-image-preview":"max-image-preview:large","max-video-preview":"max-video-preview:-1"},"canonical":"https:\/\/www.viesmat.com\/produto\/alfombra-de-goma-personalizada\/","og_locale":"pt_PT","og_type":"article","og_title":"Tapete borracha personalizado | VIESMAT","og_description":"[vc_row][vc_column][vc_column_text]Alfombras de caucho 100% nitr\u00edlicas para introducir im\u00e1genes fotogr\u00e1ficas en material termopl\u00e1stico y moldeadas en la goma. Son totalmente resistentes a agentes qu\u00edmicos, grasas y aceites. Medidas: 75x85cm. (medida m\u00e1xima del logo de 50x60cm.) 85x150cm. (medida m\u00e1xima del logo de 60x120cm.) 115x180cm. (medida m\u00e1xima del logo de 90x125cm.) Peso total: 4 kg\/m2 &#8211; Espesor: 4mm.[\/vc_column_text][\/vc_column][\/vc_row]","og_url":"https:\/\/www.viesmat.com\/produto\/alfombra-de-goma-personalizada\/","og_site_name":"VIESMAT","article_publisher":"https:\/\/www.facebook.com\/viesmat","article_modified_time":"2020-10-07T12:39:37+00:00","og_image":[{"width":454,"height":306,"url":"https:\/\/www.viesmat.com\/wp-content\/uploads\/2020\/09\/hamburger.jpg","type":"image\/jpeg"}],"twitter_card":"summary_large_image","schema":{"@context":"https:\/\/schema.org","@graph":[{"@type":"WebPage","@id":"https:\/\/www.viesmat.com\/produto\/alfombra-de-goma-personalizada\/","url":"https:\/\/www.viesmat.com\/produto\/alfombra-de-goma-personalizada\/","name":"Tapete borracha personalizado | VIESMAT","isPartOf":{"@id":"https:\/\/www.viesmat.com\/#website"},"primaryImageOfPage":{"@id":"https:\/\/www.viesmat.com\/produto\/alfombra-de-goma-personalizada\/#primaryimage"},"image":{"@id":"https:\/\/www.viesmat.com\/produto\/alfombra-de-goma-personalizada\/#primaryimage"},"thumbnailUrl":"https:\/\/www.viesmat.com\/wp-content\/uploads\/2020\/09\/hamburger.jpg","datePublished":"2020-09-24T21:47:01+00:00","dateModified":"2020-10-07T12:39:37+00:00","breadcrumb":{"@id":"https:\/\/www.viesmat.com\/produto\/alfombra-de-goma-personalizada\/#breadcrumb"},"inLanguage":"pt-PT","potentialAction":[{"@type":"ReadAction","target":["https:\/\/www.viesmat.com\/produto\/alfombra-de-goma-personalizada\/"]}]},{"@type":"ImageObject","inLanguage":"pt-PT","@id":"https:\/\/www.viesmat.com\/produto\/alfombra-de-goma-personalizada\/#primaryimage","url":"https:\/\/www.viesmat.com\/wp-content\/uploads\/2020\/09\/hamburger.jpg","contentUrl":"https:\/\/www.viesmat.com\/wp-content\/uploads\/2020\/09\/hamburger.jpg","width":454,"height":306},{"@type":"BreadcrumbList","@id":"https:\/\/www.viesmat.com\/produto\/alfombra-de-goma-personalizada\/#breadcrumb","itemListElement":[{"@type":"ListItem","position":1,"name":"Home","item":"https:\/\/www.viesmat.com\/pt-pt\/"},{"@type":"ListItem","position":2,"name":"Produtos","item":"https:\/\/www.viesmat.com\/productos\/"},{"@type":"ListItem","position":3,"name":"Tapete borracha personalizado"}]},{"@type":"WebSite","@id":"https:\/\/www.viesmat.com\/#website","url":"https:\/\/www.viesmat.com\/","name":"VIESMAT","description":"Felpudos de entrada, pavimentos de caucho y felpudos met\u00e1licos","publisher":{"@id":"https:\/\/www.viesmat.com\/#organization"},"potentialAction":[{"@type":"SearchAction","target":{"@type":"EntryPoint","urlTemplate":"https:\/\/www.viesmat.com\/?s={search_term_string}"},"query-input":{"@type":"PropertyValueSpecification","valueRequired":true,"valueName":"search_term_string"}}],"inLanguage":"pt-PT"},{"@type":"Organization","@id":"https:\/\/www.viesmat.com\/#organization","name":"Viesmat","url":"https:\/\/www.viesmat.com\/","logo":{"@type":"ImageObject","inLanguage":"pt-PT","@id":"https:\/\/www.viesmat.com\/#\/schema\/logo\/image\/","url":"https:\/\/www.viesmat.com\/wp-content\/uploads\/2020\/09\/logo-VIESMAT.png","contentUrl":"https:\/\/www.viesmat.com\/wp-content\/uploads\/2020\/09\/logo-VIESMAT.png","width":400,"height":86,"caption":"Viesmat"},"image":{"@id":"https:\/\/www.viesmat.com\/#\/schema\/logo\/image\/"},"sameAs":["https:\/\/www.facebook.com\/viesmat"]}]}},"_links":{"self":[{"href":"https:\/\/www.viesmat.com\/pt-pt\/wp-json\/wp\/v2\/product\/1061","targetHints":{"allow":["GET"]}}],"collection":[{"href":"https:\/\/www.viesmat.com\/pt-pt\/wp-json\/wp\/v2\/product"}],"about":[{"href":"https:\/\/www.viesmat.com\/pt-pt\/wp-json\/wp\/v2\/types\/product"}],"wp:featuredmedia":[{"embeddable":true,"href":"https:\/\/www.viesmat.com\/pt-pt\/wp-json\/wp\/v2\/media\/1062"}],"wp:attachment":[{"href":"https:\/\/www.viesmat.com\/pt-pt\/wp-json\/wp\/v2\/media?parent=1061"}],"wp:term":[{"taxonomy":"product_brand","embeddable":true,"href":"https:\/\/www.viesmat.com\/pt-pt\/wp-json\/wp\/v2\/product_brand?post=1061"},{"taxonomy":"product_cat","embeddable":true,"href":"https:\/\/www.viesmat.com\/pt-pt\/wp-json\/wp\/v2\/product_cat?post=1061"},{"taxonomy":"product_tag","embeddable":true,"href":"https:\/\/www.viesmat.com\/pt-pt\/wp-json\/wp\/v2\/product_tag?post=1061"}],"curies":[{"name":"wp","href":"https:\/\/api.w.org\/{rel}","templated":true}]}}