{"id":1068,"date":"2020-09-24T21:01:21","date_gmt":"2020-09-24T21:01:21","guid":{"rendered":"https:\/\/www.viesmat.com\/producto\/alfombra-de-rizo-de-vinilo-personalizado\/"},"modified":"2020-11-01T15:41:13","modified_gmt":"2020-11-01T15:41:13","slug":"tapete-de-vinil-personalizado","status":"publish","type":"product","link":"https:\/\/www.viesmat.com\/pt-pt\/produto\/tapete-de-vinil-personalizado\/","title":{"rendered":"Tapete de vinil personalizado"},"content":{"rendered":"<div class=\"wpb-content-wrapper\">[vc_row][vc_column][vc_column_text]Dadas as suas caracter\u00edsticas, os tapetes Spaghetti Personalizado representam uma solu\u00e7\u00e3o ideal para lojas, restaurantes, bares, escrit\u00f3rios, hot\u00e9is ou qualquer outro espa\u00e7o que receba um n\u00famero significativo de visitantes.<\/p>\n<p><img loading=\"lazy\" decoding=\"async\" class=\"alignnone wp-image-210 size-full\" src=\"https:\/\/www.viesmat.com\/wp-content\/uploads\/2020\/09\/rizo_gris.jpg\" alt=\"\" width=\"237\" height=\"156\" \/><img loading=\"lazy\" decoding=\"async\" class=\"alignnone wp-image-183\" src=\"https:\/\/www.viesmat.com\/wp-content\/uploads\/2020\/09\/rizo_vinilo2.jpg\" alt=\"\" width=\"275\" height=\"156\" srcset=\"https:\/\/www.viesmat.com\/wp-content\/uploads\/2020\/09\/rizo_vinilo2.jpg 328w, https:\/\/www.viesmat.com\/wp-content\/uploads\/2020\/09\/rizo_vinilo2-300x170.jpg 300w\" sizes=\"auto, (max-width: 275px) 100vw, 275px\" \/><br \/>\n<img loading=\"lazy\" decoding=\"async\" class=\"alignnone wp-image-182\" src=\"https:\/\/www.viesmat.com\/wp-content\/uploads\/2020\/09\/primor.jpg\" alt=\"\" width=\"512\" height=\"288\" srcset=\"https:\/\/www.viesmat.com\/wp-content\/uploads\/2020\/09\/primor.jpg 413w, https:\/\/www.viesmat.com\/wp-content\/uploads\/2020\/09\/primor-300x169.jpg 300w\" sizes=\"auto, (max-width: 512px) 100vw, 512px\" \/><\/p>\n<p>CORES:<br \/>\n<img loading=\"lazy\" decoding=\"async\" class=\"alignnone size-full wp-image-211\" src=\"https:\/\/www.viesmat.com\/wp-content\/uploads\/2020\/09\/colores_rizo.jpg\" alt=\"\" width=\"606\" height=\"43\" srcset=\"https:\/\/www.viesmat.com\/wp-content\/uploads\/2020\/09\/colores_rizo.jpg 606w, https:\/\/www.viesmat.com\/wp-content\/uploads\/2020\/09\/colores_rizo-600x43.jpg 600w, https:\/\/www.viesmat.com\/wp-content\/uploads\/2020\/09\/colores_rizo-300x21.jpg 300w\" sizes=\"auto, (max-width: 606px) 100vw, 606px\" \/>[\/vc_column_text][\/vc_column][\/vc_row]\n<\/div>","protected":false},"excerpt":{"rendered":"<p>[vc_row][vc_column][vc_column_text]Dadas as suas caracter\u00edsticas, os tapetes Spaghetti Personalizado representam uma solu\u00e7\u00e3o ideal para lojas, restaurantes, bares, escrit\u00f3rios, hot\u00e9is ou qualquer outro espa\u00e7o que receba um n\u00famero significativo de visitantes. CORES: [\/vc_column_text][\/vc_column][\/vc_row]<\/p>\n","protected":false},"featured_media":1070,"template":"","meta":[],"product_brand":[],"product_cat":[67,69],"product_tag":[],"class_list":{"0":"post-1068","1":"product","2":"type-product","3":"status-publish","4":"has-post-thumbnail","6":"product_cat-tapetes-de-entrada","7":"product_cat-tapetes-personalizados-com-logotipo","8":"entry","9":"has-media","11":"first","12":"instock","13":"shipping-taxable","14":"purchasable","15":"product-type-simple"},"yoast_head":"<!-- This site is optimized with the Yoast SEO plugin v27.4 - https:\/\/yoast.com\/product\/yoast-seo-wordpress\/ -->\n<title>Tapete de vinil personalizado | VIESMAT<\/title>\n<meta name=\"description\" content=\"Dadas as suas caracter\u00edsticas, os tapetes Spaghetti Personalizado representam uma solu\u00e7\u00e3o ideal para lojas, restaurantes, bares e hot\u00e9is\" \/>\n<meta name=\"robots\" content=\"index, follow, max-snippet:-1, max-image-preview:large, max-video-preview:-1\" \/>\n<link rel=\"canonical\" href=\"https:\/\/www.viesmat.com\/produto\/alfombra-de-rizo-de-vinilo-personalizado\/\" \/>\n<meta property=\"og:locale\" content=\"pt_PT\" \/>\n<meta property=\"og:type\" content=\"article\" \/>\n<meta property=\"og:title\" content=\"Tapete de vinil personalizado | VIESMAT\" \/>\n<meta property=\"og:description\" content=\"Dadas as suas caracter\u00edsticas, os tapetes Spaghetti Personalizado representam uma solu\u00e7\u00e3o ideal para lojas, restaurantes, bares e hot\u00e9is\" \/>\n<meta property=\"og:url\" content=\"https:\/\/www.viesmat.com\/produto\/alfombra-de-rizo-de-vinilo-personalizado\/\" \/>\n<meta property=\"og:site_name\" content=\"VIESMAT\" \/>\n<meta property=\"article:publisher\" content=\"https:\/\/www.facebook.com\/viesmat\" \/>\n<meta property=\"article:modified_time\" content=\"2020-11-01T15:41:13+00:00\" \/>\n<meta property=\"og:image\" content=\"https:\/\/www.viesmat.com\/wp-content\/uploads\/2020\/09\/primor-1.jpg\" \/>\n\t<meta property=\"og:image:width\" content=\"900\" \/>\n\t<meta property=\"og:image:height\" content=\"700\" \/>\n\t<meta property=\"og:image:type\" content=\"image\/jpeg\" \/>\n<meta name=\"twitter:card\" content=\"summary_large_image\" \/>\n<script type=\"application\/ld+json\" class=\"yoast-schema-graph\">{\"@context\":\"https:\\\/\\\/schema.org\",\"@graph\":[{\"@type\":\"WebPage\",\"@id\":\"https:\\\/\\\/www.viesmat.com\\\/produto\\\/alfombra-de-rizo-de-vinilo-personalizado\\\/\",\"url\":\"https:\\\/\\\/www.viesmat.com\\\/produto\\\/alfombra-de-rizo-de-vinilo-personalizado\\\/\",\"name\":\"Tapete de vinil personalizado | VIESMAT\",\"isPartOf\":{\"@id\":\"https:\\\/\\\/www.viesmat.com\\\/#website\"},\"primaryImageOfPage\":{\"@id\":\"https:\\\/\\\/www.viesmat.com\\\/produto\\\/alfombra-de-rizo-de-vinilo-personalizado\\\/#primaryimage\"},\"image\":{\"@id\":\"https:\\\/\\\/www.viesmat.com\\\/produto\\\/alfombra-de-rizo-de-vinilo-personalizado\\\/#primaryimage\"},\"thumbnailUrl\":\"https:\\\/\\\/www.viesmat.com\\\/wp-content\\\/uploads\\\/2020\\\/09\\\/primor-1.jpg\",\"datePublished\":\"2020-09-24T21:01:21+00:00\",\"dateModified\":\"2020-11-01T15:41:13+00:00\",\"description\":\"Dadas as suas caracter\u00edsticas, os tapetes Spaghetti Personalizado representam uma solu\u00e7\u00e3o ideal para lojas, restaurantes, bares e hot\u00e9is\",\"breadcrumb\":{\"@id\":\"https:\\\/\\\/www.viesmat.com\\\/produto\\\/alfombra-de-rizo-de-vinilo-personalizado\\\/#breadcrumb\"},\"inLanguage\":\"pt-PT\",\"potentialAction\":[{\"@type\":\"ReadAction\",\"target\":[\"https:\\\/\\\/www.viesmat.com\\\/produto\\\/alfombra-de-rizo-de-vinilo-personalizado\\\/\"]}]},{\"@type\":\"ImageObject\",\"inLanguage\":\"pt-PT\",\"@id\":\"https:\\\/\\\/www.viesmat.com\\\/produto\\\/alfombra-de-rizo-de-vinilo-personalizado\\\/#primaryimage\",\"url\":\"https:\\\/\\\/www.viesmat.com\\\/wp-content\\\/uploads\\\/2020\\\/09\\\/primor-1.jpg\",\"contentUrl\":\"https:\\\/\\\/www.viesmat.com\\\/wp-content\\\/uploads\\\/2020\\\/09\\\/primor-1.jpg\",\"width\":900,\"height\":700},{\"@type\":\"BreadcrumbList\",\"@id\":\"https:\\\/\\\/www.viesmat.com\\\/produto\\\/alfombra-de-rizo-de-vinilo-personalizado\\\/#breadcrumb\",\"itemListElement\":[{\"@type\":\"ListItem\",\"position\":1,\"name\":\"Home\",\"item\":\"https:\\\/\\\/www.viesmat.com\\\/pt-pt\\\/\"},{\"@type\":\"ListItem\",\"position\":2,\"name\":\"Produtos\",\"item\":\"https:\\\/\\\/www.viesmat.com\\\/productos\\\/\"},{\"@type\":\"ListItem\",\"position\":3,\"name\":\"Tapete de vinil personalizado\"}]},{\"@type\":\"WebSite\",\"@id\":\"https:\\\/\\\/www.viesmat.com\\\/#website\",\"url\":\"https:\\\/\\\/www.viesmat.com\\\/\",\"name\":\"VIESMAT\",\"description\":\"Felpudos de entrada, pavimentos de caucho y felpudos met\u00e1licos\",\"publisher\":{\"@id\":\"https:\\\/\\\/www.viesmat.com\\\/#organization\"},\"potentialAction\":[{\"@type\":\"SearchAction\",\"target\":{\"@type\":\"EntryPoint\",\"urlTemplate\":\"https:\\\/\\\/www.viesmat.com\\\/?s={search_term_string}\"},\"query-input\":{\"@type\":\"PropertyValueSpecification\",\"valueRequired\":true,\"valueName\":\"search_term_string\"}}],\"inLanguage\":\"pt-PT\"},{\"@type\":\"Organization\",\"@id\":\"https:\\\/\\\/www.viesmat.com\\\/#organization\",\"name\":\"Viesmat\",\"url\":\"https:\\\/\\\/www.viesmat.com\\\/\",\"logo\":{\"@type\":\"ImageObject\",\"inLanguage\":\"pt-PT\",\"@id\":\"https:\\\/\\\/www.viesmat.com\\\/#\\\/schema\\\/logo\\\/image\\\/\",\"url\":\"https:\\\/\\\/www.viesmat.com\\\/wp-content\\\/uploads\\\/2020\\\/09\\\/logo-VIESMAT.png\",\"contentUrl\":\"https:\\\/\\\/www.viesmat.com\\\/wp-content\\\/uploads\\\/2020\\\/09\\\/logo-VIESMAT.png\",\"width\":400,\"height\":86,\"caption\":\"Viesmat\"},\"image\":{\"@id\":\"https:\\\/\\\/www.viesmat.com\\\/#\\\/schema\\\/logo\\\/image\\\/\"},\"sameAs\":[\"https:\\\/\\\/www.facebook.com\\\/viesmat\"]}]}<\/script>\n<!-- \/ Yoast SEO plugin. -->","yoast_head_json":{"title":"Tapete de vinil personalizado | VIESMAT","description":"Dadas as suas caracter\u00edsticas, os tapetes Spaghetti Personalizado representam uma solu\u00e7\u00e3o ideal para lojas, restaurantes, bares e hot\u00e9is","robots":{"index":"index","follow":"follow","max-snippet":"max-snippet:-1","max-image-preview":"max-image-preview:large","max-video-preview":"max-video-preview:-1"},"canonical":"https:\/\/www.viesmat.com\/produto\/alfombra-de-rizo-de-vinilo-personalizado\/","og_locale":"pt_PT","og_type":"article","og_title":"Tapete de vinil personalizado | VIESMAT","og_description":"Dadas as suas caracter\u00edsticas, os tapetes Spaghetti Personalizado representam uma solu\u00e7\u00e3o ideal para lojas, restaurantes, bares e hot\u00e9is","og_url":"https:\/\/www.viesmat.com\/produto\/alfombra-de-rizo-de-vinilo-personalizado\/","og_site_name":"VIESMAT","article_publisher":"https:\/\/www.facebook.com\/viesmat","article_modified_time":"2020-11-01T15:41:13+00:00","og_image":[{"width":900,"height":700,"url":"https:\/\/www.viesmat.com\/wp-content\/uploads\/2020\/09\/primor-1.jpg","type":"image\/jpeg"}],"twitter_card":"summary_large_image","schema":{"@context":"https:\/\/schema.org","@graph":[{"@type":"WebPage","@id":"https:\/\/www.viesmat.com\/produto\/alfombra-de-rizo-de-vinilo-personalizado\/","url":"https:\/\/www.viesmat.com\/produto\/alfombra-de-rizo-de-vinilo-personalizado\/","name":"Tapete de vinil personalizado | VIESMAT","isPartOf":{"@id":"https:\/\/www.viesmat.com\/#website"},"primaryImageOfPage":{"@id":"https:\/\/www.viesmat.com\/produto\/alfombra-de-rizo-de-vinilo-personalizado\/#primaryimage"},"image":{"@id":"https:\/\/www.viesmat.com\/produto\/alfombra-de-rizo-de-vinilo-personalizado\/#primaryimage"},"thumbnailUrl":"https:\/\/www.viesmat.com\/wp-content\/uploads\/2020\/09\/primor-1.jpg","datePublished":"2020-09-24T21:01:21+00:00","dateModified":"2020-11-01T15:41:13+00:00","description":"Dadas as suas caracter\u00edsticas, os tapetes Spaghetti Personalizado representam uma solu\u00e7\u00e3o ideal para lojas, restaurantes, bares e hot\u00e9is","breadcrumb":{"@id":"https:\/\/www.viesmat.com\/produto\/alfombra-de-rizo-de-vinilo-personalizado\/#breadcrumb"},"inLanguage":"pt-PT","potentialAction":[{"@type":"ReadAction","target":["https:\/\/www.viesmat.com\/produto\/alfombra-de-rizo-de-vinilo-personalizado\/"]}]},{"@type":"ImageObject","inLanguage":"pt-PT","@id":"https:\/\/www.viesmat.com\/produto\/alfombra-de-rizo-de-vinilo-personalizado\/#primaryimage","url":"https:\/\/www.viesmat.com\/wp-content\/uploads\/2020\/09\/primor-1.jpg","contentUrl":"https:\/\/www.viesmat.com\/wp-content\/uploads\/2020\/09\/primor-1.jpg","width":900,"height":700},{"@type":"BreadcrumbList","@id":"https:\/\/www.viesmat.com\/produto\/alfombra-de-rizo-de-vinilo-personalizado\/#breadcrumb","itemListElement":[{"@type":"ListItem","position":1,"name":"Home","item":"https:\/\/www.viesmat.com\/pt-pt\/"},{"@type":"ListItem","position":2,"name":"Produtos","item":"https:\/\/www.viesmat.com\/productos\/"},{"@type":"ListItem","position":3,"name":"Tapete de vinil personalizado"}]},{"@type":"WebSite","@id":"https:\/\/www.viesmat.com\/#website","url":"https:\/\/www.viesmat.com\/","name":"VIESMAT","description":"Felpudos de entrada, pavimentos de caucho y felpudos met\u00e1licos","publisher":{"@id":"https:\/\/www.viesmat.com\/#organization"},"potentialAction":[{"@type":"SearchAction","target":{"@type":"EntryPoint","urlTemplate":"https:\/\/www.viesmat.com\/?s={search_term_string}"},"query-input":{"@type":"PropertyValueSpecification","valueRequired":true,"valueName":"search_term_string"}}],"inLanguage":"pt-PT"},{"@type":"Organization","@id":"https:\/\/www.viesmat.com\/#organization","name":"Viesmat","url":"https:\/\/www.viesmat.com\/","logo":{"@type":"ImageObject","inLanguage":"pt-PT","@id":"https:\/\/www.viesmat.com\/#\/schema\/logo\/image\/","url":"https:\/\/www.viesmat.com\/wp-content\/uploads\/2020\/09\/logo-VIESMAT.png","contentUrl":"https:\/\/www.viesmat.com\/wp-content\/uploads\/2020\/09\/logo-VIESMAT.png","width":400,"height":86,"caption":"Viesmat"},"image":{"@id":"https:\/\/www.viesmat.com\/#\/schema\/logo\/image\/"},"sameAs":["https:\/\/www.facebook.com\/viesmat"]}]}},"_links":{"self":[{"href":"https:\/\/www.viesmat.com\/pt-pt\/wp-json\/wp\/v2\/product\/1068","targetHints":{"allow":["GET"]}}],"collection":[{"href":"https:\/\/www.viesmat.com\/pt-pt\/wp-json\/wp\/v2\/product"}],"about":[{"href":"https:\/\/www.viesmat.com\/pt-pt\/wp-json\/wp\/v2\/types\/product"}],"wp:featuredmedia":[{"embeddable":true,"href":"https:\/\/www.viesmat.com\/pt-pt\/wp-json\/wp\/v2\/media\/1070"}],"wp:attachment":[{"href":"https:\/\/www.viesmat.com\/pt-pt\/wp-json\/wp\/v2\/media?parent=1068"}],"wp:term":[{"taxonomy":"product_brand","embeddable":true,"href":"https:\/\/www.viesmat.com\/pt-pt\/wp-json\/wp\/v2\/product_brand?post=1068"},{"taxonomy":"product_cat","embeddable":true,"href":"https:\/\/www.viesmat.com\/pt-pt\/wp-json\/wp\/v2\/product_cat?post=1068"},{"taxonomy":"product_tag","embeddable":true,"href":"https:\/\/www.viesmat.com\/pt-pt\/wp-json\/wp\/v2\/product_tag?post=1068"}],"curies":[{"name":"wp","href":"https:\/\/api.w.org\/{rel}","templated":true}]}}