{"id":1071,"date":"2020-09-24T20:47:53","date_gmt":"2020-09-24T20:47:53","guid":{"rendered":"https:\/\/www.viesmat.com\/producto\/alfombra-textil-de-polipropileno-rombo\/"},"modified":"2021-05-05T09:19:57","modified_gmt":"2021-05-05T08:19:57","slug":"tapete-polipropileno-rombo","status":"publish","type":"product","link":"https:\/\/www.viesmat.com\/pt-pt\/produto\/tapete-polipropileno-rombo\/","title":{"rendered":"Tapete polipropileno rombo"},"content":{"rendered":"<div class=\"wpb-content-wrapper\">[vc_row][vc_column][vc_column_text]Tapete de entrada em fibra 100% polipropileno com elevada resist\u00eancia ao desgaste e extraordin\u00e1ria capacidade de absor\u00e7\u00e3o de humidade.<\/p>\n<p><strong>Caracter\u00edsticas tecnicas:<\/strong><br \/>\n<strong>Estrutura da superf\u00edcie:<\/strong> Filamentos entrela\u00e7ados com losangos salientes<br \/>\n<strong>Composi\u00e7\u00e3o:<\/strong> 100% polipropileno<br \/>\n<strong>Suporte:<\/strong> PVC<br \/>\n<strong>Tamanho do rolo:<\/strong> 21 x 2 mt. (+ 5%)<br \/>\n<strong>Espessura:<\/strong> 11 mm. (+ 5%)<br \/>\n<strong>Peso total:<\/strong> 2.810 g \/ m\u00b2 (+ 5%)<br \/>\n<strong>Dorso:<\/strong> liso<br \/>\n<strong>Fogo:<\/strong> N\u00e3o \u00e9 resistente ao fogo.<br \/>\n<strong>Limpeza:<\/strong> \u00e1gua corrente sob press\u00e3o e aspirador<\/p>\n<p><strong>Caracter\u00edsticas adicionais:<\/strong><br \/>\nPossibilidade de fazer logotipos<br \/>\nPossibilidade de cortes de rolos personalizados.<\/p>\n<p><strong>Cores:<\/strong><br \/>\n<img loading=\"lazy\" decoding=\"async\" class=\"alignnone wp-image-1629 size-full\" src=\"https:\/\/www.viesmat.com\/wp-content\/uploads\/2020\/09\/rombo-1.jpg\" alt=\"\" width=\"616\" height=\"623\" srcset=\"https:\/\/www.viesmat.com\/wp-content\/uploads\/2020\/09\/rombo-1.jpg 616w, https:\/\/www.viesmat.com\/wp-content\/uploads\/2020\/09\/rombo-1-297x300.jpg 297w, https:\/\/www.viesmat.com\/wp-content\/uploads\/2020\/09\/rombo-1-600x607.jpg 600w, https:\/\/www.viesmat.com\/wp-content\/uploads\/2020\/09\/rombo-1-100x100.jpg 100w\" sizes=\"auto, (max-width: 616px) 100vw, 616px\" \/>[\/vc_column_text][\/vc_column][\/vc_row]\n<\/div>","protected":false},"excerpt":{"rendered":"<p>[vc_row][vc_column][vc_column_text]Tapete de entrada em fibra 100% polipropileno com elevada resist\u00eancia ao desgaste e extraordin\u00e1ria capacidade de absor\u00e7\u00e3o de humidade. Caracter\u00edsticas tecnicas: Estrutura da superf\u00edcie: Filamentos entrela\u00e7ados com losangos salientes Composi\u00e7\u00e3o: 100% polipropileno Suporte: PVC Tamanho do rolo: 21 x 2 mt. (+ 5%) Espessura: 11 mm. (+ 5%) Peso total: 2.810 g \/ m\u00b2 (+&hellip;<\/p>\n","protected":false},"featured_media":1073,"template":"","meta":[],"product_brand":[],"product_cat":[67,68,70,62],"product_tag":[],"class_list":{"0":"post-1071","1":"product","2":"type-product","3":"status-publish","4":"has-post-thumbnail","6":"product_cat-tapetes-de-entrada","7":"product_cat-tapetes-por-medida","8":"product_cat-tapetes-textil-absorventes","9":"product_cat-alcatifas","10":"entry","11":"has-media","13":"first","14":"instock","15":"shipping-taxable","16":"purchasable","17":"product-type-simple"},"yoast_head":"<!-- This site is optimized with the Yoast SEO plugin v27.4 - https:\/\/yoast.com\/product\/yoast-seo-wordpress\/ -->\n<title>Tapete polipropileno rombo | VIESMAT<\/title>\n<meta name=\"robots\" content=\"index, follow, max-snippet:-1, max-image-preview:large, max-video-preview:-1\" \/>\n<link rel=\"canonical\" href=\"https:\/\/www.viesmat.com\/pt-pt\/produto\/tapete-polipropileno-rombo\/\" \/>\n<meta property=\"og:locale\" content=\"pt_PT\" \/>\n<meta property=\"og:type\" content=\"article\" \/>\n<meta property=\"og:title\" content=\"Tapete polipropileno rombo | VIESMAT\" \/>\n<meta property=\"og:description\" content=\"[vc_row][vc_column][vc_column_text]Tapete de entrada em fibra 100% polipropileno com elevada resist\u00eancia ao desgaste e extraordin\u00e1ria capacidade de absor\u00e7\u00e3o de humidade. Caracter\u00edsticas tecnicas: Estrutura da superf\u00edcie: Filamentos entrela\u00e7ados com losangos salientes Composi\u00e7\u00e3o: 100% polipropileno Suporte: PVC Tamanho do rolo: 21 x 2 mt. (+ 5%) Espessura: 11 mm. (+ 5%) Peso total: 2.810 g \/ m\u00b2 (+&hellip;\" \/>\n<meta property=\"og:url\" content=\"https:\/\/www.viesmat.com\/pt-pt\/produto\/tapete-polipropileno-rombo\/\" \/>\n<meta property=\"og:site_name\" content=\"VIESMAT\" \/>\n<meta property=\"article:publisher\" content=\"https:\/\/www.facebook.com\/viesmat\" \/>\n<meta property=\"article:modified_time\" content=\"2021-05-05T08:19:57+00:00\" \/>\n<meta property=\"og:image\" content=\"https:\/\/www.viesmat.com\/wp-content\/uploads\/2020\/09\/rombo.jpg\" \/>\n\t<meta property=\"og:image:width\" content=\"900\" \/>\n\t<meta property=\"og:image:height\" content=\"700\" \/>\n\t<meta property=\"og:image:type\" content=\"image\/jpeg\" \/>\n<meta name=\"twitter:card\" content=\"summary_large_image\" \/>\n<script type=\"application\/ld+json\" class=\"yoast-schema-graph\">{\"@context\":\"https:\\\/\\\/schema.org\",\"@graph\":[{\"@type\":\"WebPage\",\"@id\":\"https:\\\/\\\/www.viesmat.com\\\/pt-pt\\\/produto\\\/tapete-polipropileno-rombo\\\/\",\"url\":\"https:\\\/\\\/www.viesmat.com\\\/pt-pt\\\/produto\\\/tapete-polipropileno-rombo\\\/\",\"name\":\"Tapete polipropileno rombo | VIESMAT\",\"isPartOf\":{\"@id\":\"https:\\\/\\\/www.viesmat.com\\\/#website\"},\"primaryImageOfPage\":{\"@id\":\"https:\\\/\\\/www.viesmat.com\\\/pt-pt\\\/produto\\\/tapete-polipropileno-rombo\\\/#primaryimage\"},\"image\":{\"@id\":\"https:\\\/\\\/www.viesmat.com\\\/pt-pt\\\/produto\\\/tapete-polipropileno-rombo\\\/#primaryimage\"},\"thumbnailUrl\":\"https:\\\/\\\/www.viesmat.com\\\/wp-content\\\/uploads\\\/2020\\\/09\\\/rombo.jpg\",\"datePublished\":\"2020-09-24T20:47:53+00:00\",\"dateModified\":\"2021-05-05T08:19:57+00:00\",\"breadcrumb\":{\"@id\":\"https:\\\/\\\/www.viesmat.com\\\/pt-pt\\\/produto\\\/tapete-polipropileno-rombo\\\/#breadcrumb\"},\"inLanguage\":\"pt-PT\",\"potentialAction\":[{\"@type\":\"ReadAction\",\"target\":[\"https:\\\/\\\/www.viesmat.com\\\/pt-pt\\\/produto\\\/tapete-polipropileno-rombo\\\/\"]}]},{\"@type\":\"ImageObject\",\"inLanguage\":\"pt-PT\",\"@id\":\"https:\\\/\\\/www.viesmat.com\\\/pt-pt\\\/produto\\\/tapete-polipropileno-rombo\\\/#primaryimage\",\"url\":\"https:\\\/\\\/www.viesmat.com\\\/wp-content\\\/uploads\\\/2020\\\/09\\\/rombo.jpg\",\"contentUrl\":\"https:\\\/\\\/www.viesmat.com\\\/wp-content\\\/uploads\\\/2020\\\/09\\\/rombo.jpg\",\"width\":900,\"height\":700},{\"@type\":\"BreadcrumbList\",\"@id\":\"https:\\\/\\\/www.viesmat.com\\\/pt-pt\\\/produto\\\/tapete-polipropileno-rombo\\\/#breadcrumb\",\"itemListElement\":[{\"@type\":\"ListItem\",\"position\":1,\"name\":\"Home\",\"item\":\"https:\\\/\\\/www.viesmat.com\\\/pt-pt\\\/\"},{\"@type\":\"ListItem\",\"position\":2,\"name\":\"Produtos\",\"item\":\"https:\\\/\\\/www.viesmat.com\\\/productos\\\/\"},{\"@type\":\"ListItem\",\"position\":3,\"name\":\"Tapete polipropileno rombo\"}]},{\"@type\":\"WebSite\",\"@id\":\"https:\\\/\\\/www.viesmat.com\\\/#website\",\"url\":\"https:\\\/\\\/www.viesmat.com\\\/\",\"name\":\"VIESMAT\",\"description\":\"Felpudos de entrada, pavimentos de caucho y felpudos met\u00e1licos\",\"publisher\":{\"@id\":\"https:\\\/\\\/www.viesmat.com\\\/#organization\"},\"potentialAction\":[{\"@type\":\"SearchAction\",\"target\":{\"@type\":\"EntryPoint\",\"urlTemplate\":\"https:\\\/\\\/www.viesmat.com\\\/?s={search_term_string}\"},\"query-input\":{\"@type\":\"PropertyValueSpecification\",\"valueRequired\":true,\"valueName\":\"search_term_string\"}}],\"inLanguage\":\"pt-PT\"},{\"@type\":\"Organization\",\"@id\":\"https:\\\/\\\/www.viesmat.com\\\/#organization\",\"name\":\"Viesmat\",\"url\":\"https:\\\/\\\/www.viesmat.com\\\/\",\"logo\":{\"@type\":\"ImageObject\",\"inLanguage\":\"pt-PT\",\"@id\":\"https:\\\/\\\/www.viesmat.com\\\/#\\\/schema\\\/logo\\\/image\\\/\",\"url\":\"https:\\\/\\\/www.viesmat.com\\\/wp-content\\\/uploads\\\/2020\\\/09\\\/logo-VIESMAT.png\",\"contentUrl\":\"https:\\\/\\\/www.viesmat.com\\\/wp-content\\\/uploads\\\/2020\\\/09\\\/logo-VIESMAT.png\",\"width\":400,\"height\":86,\"caption\":\"Viesmat\"},\"image\":{\"@id\":\"https:\\\/\\\/www.viesmat.com\\\/#\\\/schema\\\/logo\\\/image\\\/\"},\"sameAs\":[\"https:\\\/\\\/www.facebook.com\\\/viesmat\"]}]}<\/script>\n<!-- \/ Yoast SEO plugin. -->","yoast_head_json":{"title":"Tapete polipropileno rombo | VIESMAT","robots":{"index":"index","follow":"follow","max-snippet":"max-snippet:-1","max-image-preview":"max-image-preview:large","max-video-preview":"max-video-preview:-1"},"canonical":"https:\/\/www.viesmat.com\/pt-pt\/produto\/tapete-polipropileno-rombo\/","og_locale":"pt_PT","og_type":"article","og_title":"Tapete polipropileno rombo | VIESMAT","og_description":"[vc_row][vc_column][vc_column_text]Tapete de entrada em fibra 100% polipropileno com elevada resist\u00eancia ao desgaste e extraordin\u00e1ria capacidade de absor\u00e7\u00e3o de humidade. Caracter\u00edsticas tecnicas: Estrutura da superf\u00edcie: Filamentos entrela\u00e7ados com losangos salientes Composi\u00e7\u00e3o: 100% polipropileno Suporte: PVC Tamanho do rolo: 21 x 2 mt. (+ 5%) Espessura: 11 mm. (+ 5%) Peso total: 2.810 g \/ m\u00b2 (+&hellip;","og_url":"https:\/\/www.viesmat.com\/pt-pt\/produto\/tapete-polipropileno-rombo\/","og_site_name":"VIESMAT","article_publisher":"https:\/\/www.facebook.com\/viesmat","article_modified_time":"2021-05-05T08:19:57+00:00","og_image":[{"width":900,"height":700,"url":"https:\/\/www.viesmat.com\/wp-content\/uploads\/2020\/09\/rombo.jpg","type":"image\/jpeg"}],"twitter_card":"summary_large_image","schema":{"@context":"https:\/\/schema.org","@graph":[{"@type":"WebPage","@id":"https:\/\/www.viesmat.com\/pt-pt\/produto\/tapete-polipropileno-rombo\/","url":"https:\/\/www.viesmat.com\/pt-pt\/produto\/tapete-polipropileno-rombo\/","name":"Tapete polipropileno rombo | VIESMAT","isPartOf":{"@id":"https:\/\/www.viesmat.com\/#website"},"primaryImageOfPage":{"@id":"https:\/\/www.viesmat.com\/pt-pt\/produto\/tapete-polipropileno-rombo\/#primaryimage"},"image":{"@id":"https:\/\/www.viesmat.com\/pt-pt\/produto\/tapete-polipropileno-rombo\/#primaryimage"},"thumbnailUrl":"https:\/\/www.viesmat.com\/wp-content\/uploads\/2020\/09\/rombo.jpg","datePublished":"2020-09-24T20:47:53+00:00","dateModified":"2021-05-05T08:19:57+00:00","breadcrumb":{"@id":"https:\/\/www.viesmat.com\/pt-pt\/produto\/tapete-polipropileno-rombo\/#breadcrumb"},"inLanguage":"pt-PT","potentialAction":[{"@type":"ReadAction","target":["https:\/\/www.viesmat.com\/pt-pt\/produto\/tapete-polipropileno-rombo\/"]}]},{"@type":"ImageObject","inLanguage":"pt-PT","@id":"https:\/\/www.viesmat.com\/pt-pt\/produto\/tapete-polipropileno-rombo\/#primaryimage","url":"https:\/\/www.viesmat.com\/wp-content\/uploads\/2020\/09\/rombo.jpg","contentUrl":"https:\/\/www.viesmat.com\/wp-content\/uploads\/2020\/09\/rombo.jpg","width":900,"height":700},{"@type":"BreadcrumbList","@id":"https:\/\/www.viesmat.com\/pt-pt\/produto\/tapete-polipropileno-rombo\/#breadcrumb","itemListElement":[{"@type":"ListItem","position":1,"name":"Home","item":"https:\/\/www.viesmat.com\/pt-pt\/"},{"@type":"ListItem","position":2,"name":"Produtos","item":"https:\/\/www.viesmat.com\/productos\/"},{"@type":"ListItem","position":3,"name":"Tapete polipropileno rombo"}]},{"@type":"WebSite","@id":"https:\/\/www.viesmat.com\/#website","url":"https:\/\/www.viesmat.com\/","name":"VIESMAT","description":"Felpudos de entrada, pavimentos de caucho y felpudos met\u00e1licos","publisher":{"@id":"https:\/\/www.viesmat.com\/#organization"},"potentialAction":[{"@type":"SearchAction","target":{"@type":"EntryPoint","urlTemplate":"https:\/\/www.viesmat.com\/?s={search_term_string}"},"query-input":{"@type":"PropertyValueSpecification","valueRequired":true,"valueName":"search_term_string"}}],"inLanguage":"pt-PT"},{"@type":"Organization","@id":"https:\/\/www.viesmat.com\/#organization","name":"Viesmat","url":"https:\/\/www.viesmat.com\/","logo":{"@type":"ImageObject","inLanguage":"pt-PT","@id":"https:\/\/www.viesmat.com\/#\/schema\/logo\/image\/","url":"https:\/\/www.viesmat.com\/wp-content\/uploads\/2020\/09\/logo-VIESMAT.png","contentUrl":"https:\/\/www.viesmat.com\/wp-content\/uploads\/2020\/09\/logo-VIESMAT.png","width":400,"height":86,"caption":"Viesmat"},"image":{"@id":"https:\/\/www.viesmat.com\/#\/schema\/logo\/image\/"},"sameAs":["https:\/\/www.facebook.com\/viesmat"]}]}},"_links":{"self":[{"href":"https:\/\/www.viesmat.com\/pt-pt\/wp-json\/wp\/v2\/product\/1071","targetHints":{"allow":["GET"]}}],"collection":[{"href":"https:\/\/www.viesmat.com\/pt-pt\/wp-json\/wp\/v2\/product"}],"about":[{"href":"https:\/\/www.viesmat.com\/pt-pt\/wp-json\/wp\/v2\/types\/product"}],"wp:featuredmedia":[{"embeddable":true,"href":"https:\/\/www.viesmat.com\/pt-pt\/wp-json\/wp\/v2\/media\/1073"}],"wp:attachment":[{"href":"https:\/\/www.viesmat.com\/pt-pt\/wp-json\/wp\/v2\/media?parent=1071"}],"wp:term":[{"taxonomy":"product_brand","embeddable":true,"href":"https:\/\/www.viesmat.com\/pt-pt\/wp-json\/wp\/v2\/product_brand?post=1071"},{"taxonomy":"product_cat","embeddable":true,"href":"https:\/\/www.viesmat.com\/pt-pt\/wp-json\/wp\/v2\/product_cat?post=1071"},{"taxonomy":"product_tag","embeddable":true,"href":"https:\/\/www.viesmat.com\/pt-pt\/wp-json\/wp\/v2\/product_tag?post=1071"}],"curies":[{"name":"wp","href":"https:\/\/api.w.org\/{rel}","templated":true}]}}