{"id":1074,"date":"2020-09-24T20:42:37","date_gmt":"2020-09-24T20:42:37","guid":{"rendered":"https:\/\/www.viesmat.com\/producto\/alfombra-textil-base-caucho-personalizada\/"},"modified":"2020-12-30T18:22:00","modified_gmt":"2020-12-30T17:22:00","slug":"tapete-textil-personalizado","status":"publish","type":"product","link":"https:\/\/www.viesmat.com\/pt-pt\/produto\/tapete-textil-personalizado\/","title":{"rendered":"Tapete textil personalizado"},"content":{"rendered":"<div class=\"wpb-content-wrapper\">[vc_row][vc_column][vc_column_text]Tapete t\u00eaxtil personalizado com base de borracha de qualidade de m\u00e1ximo que permite uma roupa suja peri\u00f3dica (tanto em lavadora de roupa como secando) para sempre manter a melhor imagem e ir eliminar o s\u00f3lido retiveram sujeira.<\/p>\n<p>Desenvolvidos especialmente para interiores, s\u00e3o fabricados com Nylon e base de borracha resistente a qu\u00edmicos, gordura e \u00f3leos, que lhe confere uma resist\u00eancia e durabilidade extrema.<\/p>\n<p>De f\u00e1cil limpeza, torna-se pr\u00e1tico mesmo em locais de elevado tr\u00e1fego.<\/p>\n<p><strong>Dimens\u00f5es:<br \/>\n<\/strong>60 x 85 cm.<br \/>\n75 x 85 cm.<br \/>\n85 x 115 cm.<br \/>\n85 x 150 cm.<br \/>\n85 x 300 cm.<br \/>\n115 x 180 cm.<br \/>\n115 x 200 cm.<br \/>\n115 x 240 cm.<br \/>\n115 x 300 cm.<br \/>\n150 x 200 cm.<br \/>\n150 x 240 cm.<br \/>\n150 x 300 cm.<br \/>\n200 x 200 cm.<br \/>\n200 x 300 cm.<\/p>\n<p><strong>Consulte outras medidas<\/strong>[\/vc_column_text]<figure class=\"vcex-image vcex-module\"><div class=\"vcex-image-inner wpex-relative wpex-inline-block vc_custom_1602080380990\"><a href=\"https:\/\/www.viesmat.com\/wp-content\/uploads\/2020\/09\/alfombra_textil_secante-1.jpg\" class=\"wpex-lightbox\"><img loading=\"lazy\" class=\"vcex-image-img wpex-align-middle\" decoding=\"async\" src=\"https:\/\/www.viesmat.com\/wp-content\/uploads\/2020\/09\/alfombra_textil_secante-1-500x389.jpg\" alt=\"\" srcset=\"https:\/\/www.viesmat.com\/wp-content\/uploads\/2020\/09\/alfombra_textil_secante-1-500x389.jpg 500w, https:\/\/www.viesmat.com\/wp-content\/uploads\/2020\/09\/alfombra_textil_secante-1-300x233.jpg 300w, https:\/\/www.viesmat.com\/wp-content\/uploads\/2020\/09\/alfombra_textil_secante-1-768x597.jpg 768w, https:\/\/www.viesmat.com\/wp-content\/uploads\/2020\/09\/alfombra_textil_secante-1-600x467.jpg 600w, https:\/\/www.viesmat.com\/wp-content\/uploads\/2020\/09\/alfombra_textil_secante-1.jpg 900w\" width=\"500\" height=\"389\"><\/a><\/div><\/figure>[vc_column_text]<strong>Cores: <\/strong>66 cores[\/vc_column_text]<figure class=\"vcex-image vcex-module\"><div class=\"vcex-image-inner wpex-relative wpex-inline-block vc_custom_1602080389901\"><a href=\"https:\/\/www.viesmat.com\/wp-content\/uploads\/2020\/09\/paleta-colores.jpg\" class=\"wpex-lightbox\"><img loading=\"lazy\" class=\"vcex-image-img wpex-align-middle\" decoding=\"async\" src=\"https:\/\/www.viesmat.com\/wp-content\/uploads\/2020\/09\/paleta-colores-500x639.jpg\" alt=\"\" srcset=\"https:\/\/www.viesmat.com\/wp-content\/uploads\/2020\/09\/paleta-colores-500x639.jpg 500w, https:\/\/www.viesmat.com\/wp-content\/uploads\/2020\/09\/paleta-colores-801x1024.jpg 801w, https:\/\/www.viesmat.com\/wp-content\/uploads\/2020\/09\/paleta-colores-768x981.jpg 768w, https:\/\/www.viesmat.com\/wp-content\/uploads\/2020\/09\/paleta-colores-600x767.jpg 600w, https:\/\/www.viesmat.com\/wp-content\/uploads\/2020\/09\/paleta-colores.jpg 846w\" width=\"500\" height=\"639\"><\/a><\/div><\/figure><div class=\"vc_custom_1604245705680 wpex-clr\"><a href=\"https:\/\/www.viesmat.com\/wp-content\/uploads\/2020\/10\/Ficha-Tecnica-Alfombra-Textil-Secante.pdf\" class=\"vcex-button theme-button inline\" target=\"_blank\" rel=\"noopener noreferrer\"><span class=\"vcex-button-inner theme-button-inner wpex-flex wpex-flex-wrap wpex-items-center wpex-justify-center\">FICHA T\u00c9CNICA<\/span><\/a><\/div> <figure class=\"vcex-image vcex-module\"><div class=\"vcex-image-inner wpex-relative wpex-inline-block vc_custom_1608577748182\"><a href=\"https:\/\/www.viesmat.com\/wp-content\/uploads\/2020\/12\/starbu.jpg\" class=\"wpex-lightbox\"><img loading=\"lazy\" class=\"vcex-image-img wpex-align-middle\" decoding=\"async\" src=\"https:\/\/www.viesmat.com\/wp-content\/uploads\/2020\/12\/starbu-500x270.jpg\" alt=\"\" srcset=\"https:\/\/www.viesmat.com\/wp-content\/uploads\/2020\/12\/starbu-500x270.jpg 500w, https:\/\/www.viesmat.com\/wp-content\/uploads\/2020\/12\/starbu-300x162.jpg 300w, https:\/\/www.viesmat.com\/wp-content\/uploads\/2020\/12\/starbu-768x414.jpg 768w, https:\/\/www.viesmat.com\/wp-content\/uploads\/2020\/12\/starbu-600x324.jpg 600w, https:\/\/www.viesmat.com\/wp-content\/uploads\/2020\/12\/starbu.jpg 868w\" width=\"500\" height=\"270\"><\/a><\/div><\/figure>[\/vc_column][\/vc_row]\n<\/div>","protected":false},"excerpt":{"rendered":"<p>[vc_row][vc_column][vc_column_text]Tapete t\u00eaxtil personalizado com base de borracha de qualidade de m\u00e1ximo que permite uma roupa suja peri\u00f3dica (tanto em lavadora de roupa como secando) para sempre manter a melhor imagem e ir eliminar o s\u00f3lido retiveram sujeira. Desenvolvidos especialmente para interiores, s\u00e3o fabricados com Nylon e base de borracha resistente a qu\u00edmicos, gordura e \u00f3leos,&hellip;<\/p>\n","protected":false},"featured_media":1076,"template":"","meta":[],"product_brand":[],"product_cat":[67,69,70],"product_tag":[],"class_list":{"0":"post-1074","1":"product","2":"type-product","3":"status-publish","4":"has-post-thumbnail","6":"product_cat-tapetes-de-entrada","7":"product_cat-tapetes-personalizados-com-logotipo","8":"product_cat-tapetes-textil-absorventes","9":"entry","10":"has-media","12":"first","13":"instock","14":"shipping-taxable","15":"purchasable","16":"product-type-simple"},"yoast_head":"<!-- This site is optimized with the Yoast SEO plugin v27.4 - https:\/\/yoast.com\/product\/yoast-seo-wordpress\/ -->\n<title>Tapete textil personalizado | VIESMAT<\/title>\n<meta name=\"description\" content=\"Tapete t\u00eaxtil personalizado com base de borracha de qualidade de m\u00e1ximo que permite uma roupa suja peri\u00f3dica para sempre manter a melhor imagem\" \/>\n<meta name=\"robots\" content=\"index, follow, max-snippet:-1, max-image-preview:large, max-video-preview:-1\" \/>\n<link rel=\"canonical\" href=\"https:\/\/www.viesmat.com\/produto\/alfombra-textil-base-caucho-personalizada\/\" \/>\n<meta property=\"og:locale\" content=\"pt_PT\" \/>\n<meta property=\"og:type\" content=\"article\" \/>\n<meta property=\"og:title\" content=\"Tapete textil personalizado | VIESMAT\" \/>\n<meta property=\"og:description\" content=\"Tapete t\u00eaxtil personalizado com base de borracha de qualidade de m\u00e1ximo que permite uma roupa suja peri\u00f3dica para sempre manter a melhor imagem\" \/>\n<meta property=\"og:url\" content=\"https:\/\/www.viesmat.com\/produto\/alfombra-textil-base-caucho-personalizada\/\" \/>\n<meta property=\"og:site_name\" content=\"VIESMAT\" \/>\n<meta property=\"article:publisher\" content=\"https:\/\/www.facebook.com\/viesmat\" \/>\n<meta property=\"article:modified_time\" content=\"2020-12-30T17:22:00+00:00\" \/>\n<meta property=\"og:image\" content=\"https:\/\/www.viesmat.com\/wp-content\/uploads\/2020\/09\/vans.jpg\" \/>\n\t<meta property=\"og:image:width\" content=\"900\" \/>\n\t<meta property=\"og:image:height\" content=\"700\" \/>\n\t<meta property=\"og:image:type\" content=\"image\/jpeg\" \/>\n<meta name=\"twitter:card\" content=\"summary_large_image\" \/>\n<meta name=\"twitter:label1\" content=\"Tempo estimado de leitura\" \/>\n\t<meta name=\"twitter:data1\" content=\"1 minuto\" \/>\n<script type=\"application\/ld+json\" class=\"yoast-schema-graph\">{\"@context\":\"https:\\\/\\\/schema.org\",\"@graph\":[{\"@type\":\"WebPage\",\"@id\":\"https:\\\/\\\/www.viesmat.com\\\/produto\\\/alfombra-textil-base-caucho-personalizada\\\/\",\"url\":\"https:\\\/\\\/www.viesmat.com\\\/produto\\\/alfombra-textil-base-caucho-personalizada\\\/\",\"name\":\"Tapete textil personalizado | VIESMAT\",\"isPartOf\":{\"@id\":\"https:\\\/\\\/www.viesmat.com\\\/#website\"},\"primaryImageOfPage\":{\"@id\":\"https:\\\/\\\/www.viesmat.com\\\/produto\\\/alfombra-textil-base-caucho-personalizada\\\/#primaryimage\"},\"image\":{\"@id\":\"https:\\\/\\\/www.viesmat.com\\\/produto\\\/alfombra-textil-base-caucho-personalizada\\\/#primaryimage\"},\"thumbnailUrl\":\"https:\\\/\\\/www.viesmat.com\\\/wp-content\\\/uploads\\\/2020\\\/09\\\/vans.jpg\",\"datePublished\":\"2020-09-24T20:42:37+00:00\",\"dateModified\":\"2020-12-30T17:22:00+00:00\",\"description\":\"Tapete t\u00eaxtil personalizado com base de borracha de qualidade de m\u00e1ximo que permite uma roupa suja peri\u00f3dica para sempre manter a melhor imagem\",\"breadcrumb\":{\"@id\":\"https:\\\/\\\/www.viesmat.com\\\/produto\\\/alfombra-textil-base-caucho-personalizada\\\/#breadcrumb\"},\"inLanguage\":\"pt-PT\",\"potentialAction\":[{\"@type\":\"ReadAction\",\"target\":[\"https:\\\/\\\/www.viesmat.com\\\/produto\\\/alfombra-textil-base-caucho-personalizada\\\/\"]}]},{\"@type\":\"ImageObject\",\"inLanguage\":\"pt-PT\",\"@id\":\"https:\\\/\\\/www.viesmat.com\\\/produto\\\/alfombra-textil-base-caucho-personalizada\\\/#primaryimage\",\"url\":\"https:\\\/\\\/www.viesmat.com\\\/wp-content\\\/uploads\\\/2020\\\/09\\\/vans.jpg\",\"contentUrl\":\"https:\\\/\\\/www.viesmat.com\\\/wp-content\\\/uploads\\\/2020\\\/09\\\/vans.jpg\",\"width\":900,\"height\":700},{\"@type\":\"BreadcrumbList\",\"@id\":\"https:\\\/\\\/www.viesmat.com\\\/produto\\\/alfombra-textil-base-caucho-personalizada\\\/#breadcrumb\",\"itemListElement\":[{\"@type\":\"ListItem\",\"position\":1,\"name\":\"Home\",\"item\":\"https:\\\/\\\/www.viesmat.com\\\/pt-pt\\\/\"},{\"@type\":\"ListItem\",\"position\":2,\"name\":\"Produtos\",\"item\":\"https:\\\/\\\/www.viesmat.com\\\/productos\\\/\"},{\"@type\":\"ListItem\",\"position\":3,\"name\":\"Tapete textil personalizado\"}]},{\"@type\":\"WebSite\",\"@id\":\"https:\\\/\\\/www.viesmat.com\\\/#website\",\"url\":\"https:\\\/\\\/www.viesmat.com\\\/\",\"name\":\"VIESMAT\",\"description\":\"Felpudos de entrada, pavimentos de caucho y felpudos met\u00e1licos\",\"publisher\":{\"@id\":\"https:\\\/\\\/www.viesmat.com\\\/#organization\"},\"potentialAction\":[{\"@type\":\"SearchAction\",\"target\":{\"@type\":\"EntryPoint\",\"urlTemplate\":\"https:\\\/\\\/www.viesmat.com\\\/?s={search_term_string}\"},\"query-input\":{\"@type\":\"PropertyValueSpecification\",\"valueRequired\":true,\"valueName\":\"search_term_string\"}}],\"inLanguage\":\"pt-PT\"},{\"@type\":\"Organization\",\"@id\":\"https:\\\/\\\/www.viesmat.com\\\/#organization\",\"name\":\"Viesmat\",\"url\":\"https:\\\/\\\/www.viesmat.com\\\/\",\"logo\":{\"@type\":\"ImageObject\",\"inLanguage\":\"pt-PT\",\"@id\":\"https:\\\/\\\/www.viesmat.com\\\/#\\\/schema\\\/logo\\\/image\\\/\",\"url\":\"https:\\\/\\\/www.viesmat.com\\\/wp-content\\\/uploads\\\/2020\\\/09\\\/logo-VIESMAT.png\",\"contentUrl\":\"https:\\\/\\\/www.viesmat.com\\\/wp-content\\\/uploads\\\/2020\\\/09\\\/logo-VIESMAT.png\",\"width\":400,\"height\":86,\"caption\":\"Viesmat\"},\"image\":{\"@id\":\"https:\\\/\\\/www.viesmat.com\\\/#\\\/schema\\\/logo\\\/image\\\/\"},\"sameAs\":[\"https:\\\/\\\/www.facebook.com\\\/viesmat\"]}]}<\/script>\n<!-- \/ Yoast SEO plugin. -->","yoast_head_json":{"title":"Tapete textil personalizado | VIESMAT","description":"Tapete t\u00eaxtil personalizado com base de borracha de qualidade de m\u00e1ximo que permite uma roupa suja peri\u00f3dica para sempre manter a melhor imagem","robots":{"index":"index","follow":"follow","max-snippet":"max-snippet:-1","max-image-preview":"max-image-preview:large","max-video-preview":"max-video-preview:-1"},"canonical":"https:\/\/www.viesmat.com\/produto\/alfombra-textil-base-caucho-personalizada\/","og_locale":"pt_PT","og_type":"article","og_title":"Tapete textil personalizado | VIESMAT","og_description":"Tapete t\u00eaxtil personalizado com base de borracha de qualidade de m\u00e1ximo que permite uma roupa suja peri\u00f3dica para sempre manter a melhor imagem","og_url":"https:\/\/www.viesmat.com\/produto\/alfombra-textil-base-caucho-personalizada\/","og_site_name":"VIESMAT","article_publisher":"https:\/\/www.facebook.com\/viesmat","article_modified_time":"2020-12-30T17:22:00+00:00","og_image":[{"width":900,"height":700,"url":"https:\/\/www.viesmat.com\/wp-content\/uploads\/2020\/09\/vans.jpg","type":"image\/jpeg"}],"twitter_card":"summary_large_image","twitter_misc":{"Tempo estimado de leitura":"1 minuto"},"schema":{"@context":"https:\/\/schema.org","@graph":[{"@type":"WebPage","@id":"https:\/\/www.viesmat.com\/produto\/alfombra-textil-base-caucho-personalizada\/","url":"https:\/\/www.viesmat.com\/produto\/alfombra-textil-base-caucho-personalizada\/","name":"Tapete textil personalizado | VIESMAT","isPartOf":{"@id":"https:\/\/www.viesmat.com\/#website"},"primaryImageOfPage":{"@id":"https:\/\/www.viesmat.com\/produto\/alfombra-textil-base-caucho-personalizada\/#primaryimage"},"image":{"@id":"https:\/\/www.viesmat.com\/produto\/alfombra-textil-base-caucho-personalizada\/#primaryimage"},"thumbnailUrl":"https:\/\/www.viesmat.com\/wp-content\/uploads\/2020\/09\/vans.jpg","datePublished":"2020-09-24T20:42:37+00:00","dateModified":"2020-12-30T17:22:00+00:00","description":"Tapete t\u00eaxtil personalizado com base de borracha de qualidade de m\u00e1ximo que permite uma roupa suja peri\u00f3dica para sempre manter a melhor imagem","breadcrumb":{"@id":"https:\/\/www.viesmat.com\/produto\/alfombra-textil-base-caucho-personalizada\/#breadcrumb"},"inLanguage":"pt-PT","potentialAction":[{"@type":"ReadAction","target":["https:\/\/www.viesmat.com\/produto\/alfombra-textil-base-caucho-personalizada\/"]}]},{"@type":"ImageObject","inLanguage":"pt-PT","@id":"https:\/\/www.viesmat.com\/produto\/alfombra-textil-base-caucho-personalizada\/#primaryimage","url":"https:\/\/www.viesmat.com\/wp-content\/uploads\/2020\/09\/vans.jpg","contentUrl":"https:\/\/www.viesmat.com\/wp-content\/uploads\/2020\/09\/vans.jpg","width":900,"height":700},{"@type":"BreadcrumbList","@id":"https:\/\/www.viesmat.com\/produto\/alfombra-textil-base-caucho-personalizada\/#breadcrumb","itemListElement":[{"@type":"ListItem","position":1,"name":"Home","item":"https:\/\/www.viesmat.com\/pt-pt\/"},{"@type":"ListItem","position":2,"name":"Produtos","item":"https:\/\/www.viesmat.com\/productos\/"},{"@type":"ListItem","position":3,"name":"Tapete textil personalizado"}]},{"@type":"WebSite","@id":"https:\/\/www.viesmat.com\/#website","url":"https:\/\/www.viesmat.com\/","name":"VIESMAT","description":"Felpudos de entrada, pavimentos de caucho y felpudos met\u00e1licos","publisher":{"@id":"https:\/\/www.viesmat.com\/#organization"},"potentialAction":[{"@type":"SearchAction","target":{"@type":"EntryPoint","urlTemplate":"https:\/\/www.viesmat.com\/?s={search_term_string}"},"query-input":{"@type":"PropertyValueSpecification","valueRequired":true,"valueName":"search_term_string"}}],"inLanguage":"pt-PT"},{"@type":"Organization","@id":"https:\/\/www.viesmat.com\/#organization","name":"Viesmat","url":"https:\/\/www.viesmat.com\/","logo":{"@type":"ImageObject","inLanguage":"pt-PT","@id":"https:\/\/www.viesmat.com\/#\/schema\/logo\/image\/","url":"https:\/\/www.viesmat.com\/wp-content\/uploads\/2020\/09\/logo-VIESMAT.png","contentUrl":"https:\/\/www.viesmat.com\/wp-content\/uploads\/2020\/09\/logo-VIESMAT.png","width":400,"height":86,"caption":"Viesmat"},"image":{"@id":"https:\/\/www.viesmat.com\/#\/schema\/logo\/image\/"},"sameAs":["https:\/\/www.facebook.com\/viesmat"]}]}},"_links":{"self":[{"href":"https:\/\/www.viesmat.com\/pt-pt\/wp-json\/wp\/v2\/product\/1074","targetHints":{"allow":["GET"]}}],"collection":[{"href":"https:\/\/www.viesmat.com\/pt-pt\/wp-json\/wp\/v2\/product"}],"about":[{"href":"https:\/\/www.viesmat.com\/pt-pt\/wp-json\/wp\/v2\/types\/product"}],"wp:featuredmedia":[{"embeddable":true,"href":"https:\/\/www.viesmat.com\/pt-pt\/wp-json\/wp\/v2\/media\/1076"}],"wp:attachment":[{"href":"https:\/\/www.viesmat.com\/pt-pt\/wp-json\/wp\/v2\/media?parent=1074"}],"wp:term":[{"taxonomy":"product_brand","embeddable":true,"href":"https:\/\/www.viesmat.com\/pt-pt\/wp-json\/wp\/v2\/product_brand?post=1074"},{"taxonomy":"product_cat","embeddable":true,"href":"https:\/\/www.viesmat.com\/pt-pt\/wp-json\/wp\/v2\/product_cat?post=1074"},{"taxonomy":"product_tag","embeddable":true,"href":"https:\/\/www.viesmat.com\/pt-pt\/wp-json\/wp\/v2\/product_tag?post=1074"}],"curies":[{"name":"wp","href":"https:\/\/api.w.org\/{rel}","templated":true}]}}