{"id":1090,"date":"2020-09-24T18:21:55","date_gmt":"2020-09-24T18:21:55","guid":{"rendered":"https:\/\/www.viesmat.com\/producto\/alfombra-de-rizo-de-vinilo\/"},"modified":"2020-11-02T16:08:02","modified_gmt":"2020-11-02T16:08:02","slug":"tapete-vinil-esparguete-spaghetti","status":"publish","type":"product","link":"https:\/\/www.viesmat.com\/pt-pt\/produto\/tapete-vinil-esparguete-spaghetti\/","title":{"rendered":"Tapete vinil esparguete \/ spaghetti"},"content":{"rendered":"<div class=\"wpb-content-wrapper\">[vc_row][vc_column][vc_column_text]Tapetes de PVC em forma de esparguete. Produto constitu\u00eddo de vinil entrela\u00e7ado com base tamb\u00e9m de vinil (tramas inseridas\/fundidas no costado).<\/p>\n<p>O tapete vinil tem como principal utiliza\u00e7\u00e3o servir como barreira de conten\u00e7\u00e3o de sujeiras em \u00e1reas onde exista grande tr\u00e1fego de pessoas. Isto impede que a sujeira seja \u201ccarregada\u201d para o interior do ambiente.<\/p>\n<p>A sujidade e os detritos depositam-se por baixo do tapete, facilitando a sua limpeza, evitando assim que estes passem para o interior do edif\u00edcio.<\/p>\n<p>Material dur\u00e1vel e flex\u00edvel, resistente aos raios UV, comportando-se eficazmente em diferentes climas ou em qualquer superf\u00edcie.<\/p>\n<p><strong>Cores:<\/strong> Preto, cinza, castanho, vermelho e azul<\/p>\n<p><img loading=\"lazy\" decoding=\"async\" class=\"alignnone wp-image-510\" src=\"https:\/\/www.viesmat.com\/wp-content\/uploads\/2020\/09\/rizo-negro.jpg\" alt=\"\" width=\"90\" height=\"90\" srcset=\"https:\/\/www.viesmat.com\/wp-content\/uploads\/2020\/09\/rizo-negro.jpg 330w, https:\/\/www.viesmat.com\/wp-content\/uploads\/2020\/09\/rizo-negro-300x300.jpg 300w, https:\/\/www.viesmat.com\/wp-content\/uploads\/2020\/09\/rizo-negro-150x150.jpg 150w, https:\/\/www.viesmat.com\/wp-content\/uploads\/2020\/09\/rizo-negro-100x100.jpg 100w\" sizes=\"auto, (max-width: 90px) 100vw, 90px\" \/><img loading=\"lazy\" decoding=\"async\" class=\"alignnone wp-image-512\" src=\"https:\/\/www.viesmat.com\/wp-content\/uploads\/2020\/09\/rizo-gris-1.jpg\" alt=\"\" width=\"90\" height=\"90\" srcset=\"https:\/\/www.viesmat.com\/wp-content\/uploads\/2020\/09\/rizo-gris-1.jpg 330w, https:\/\/www.viesmat.com\/wp-content\/uploads\/2020\/09\/rizo-gris-1-300x300.jpg 300w, https:\/\/www.viesmat.com\/wp-content\/uploads\/2020\/09\/rizo-gris-1-150x150.jpg 150w, https:\/\/www.viesmat.com\/wp-content\/uploads\/2020\/09\/rizo-gris-1-100x100.jpg 100w, https:\/\/www.viesmat.com\/wp-content\/uploads\/2020\/09\/rizo-gris-1-80x80.jpg 80w\" sizes=\"auto, (max-width: 90px) 100vw, 90px\" \/><img loading=\"lazy\" decoding=\"async\" class=\"alignnone wp-image-513\" src=\"https:\/\/www.viesmat.com\/wp-content\/uploads\/2020\/09\/rizo-marron.jpg\" alt=\"\" width=\"90\" height=\"90\" srcset=\"https:\/\/www.viesmat.com\/wp-content\/uploads\/2020\/09\/rizo-marron.jpg 330w, https:\/\/www.viesmat.com\/wp-content\/uploads\/2020\/09\/rizo-marron-300x300.jpg 300w, https:\/\/www.viesmat.com\/wp-content\/uploads\/2020\/09\/rizo-marron-150x150.jpg 150w, https:\/\/www.viesmat.com\/wp-content\/uploads\/2020\/09\/rizo-marron-100x100.jpg 100w\" sizes=\"auto, (max-width: 90px) 100vw, 90px\" \/><img loading=\"lazy\" decoding=\"async\" class=\"alignnone wp-image-511\" src=\"https:\/\/www.viesmat.com\/wp-content\/uploads\/2020\/09\/rizo-azul.jpg\" alt=\"\" width=\"90\" height=\"90\" srcset=\"https:\/\/www.viesmat.com\/wp-content\/uploads\/2020\/09\/rizo-azul.jpg 330w, https:\/\/www.viesmat.com\/wp-content\/uploads\/2020\/09\/rizo-azul-300x300.jpg 300w, https:\/\/www.viesmat.com\/wp-content\/uploads\/2020\/09\/rizo-azul-150x150.jpg 150w, https:\/\/www.viesmat.com\/wp-content\/uploads\/2020\/09\/rizo-azul-100x100.jpg 100w\" sizes=\"auto, (max-width: 90px) 100vw, 90px\" \/><img loading=\"lazy\" decoding=\"async\" class=\"alignnone wp-image-514\" src=\"https:\/\/www.viesmat.com\/wp-content\/uploads\/2020\/09\/rizo-rojo.jpg\" alt=\"\" width=\"90\" height=\"90\" srcset=\"https:\/\/www.viesmat.com\/wp-content\/uploads\/2020\/09\/rizo-rojo.jpg 330w, https:\/\/www.viesmat.com\/wp-content\/uploads\/2020\/09\/rizo-rojo-300x300.jpg 300w, https:\/\/www.viesmat.com\/wp-content\/uploads\/2020\/09\/rizo-rojo-150x150.jpg 150w, https:\/\/www.viesmat.com\/wp-content\/uploads\/2020\/09\/rizo-rojo-100x100.jpg 100w\" sizes=\"auto, (max-width: 90px) 100vw, 90px\" \/>[\/vc_column_text][\/vc_column][\/vc_row][vc_row column_spacing=&#8221;0px&#8221; remove_bottom_col_margin=&#8221;true&#8221; css=&#8221;.vc_custom_1601148038102{margin-top: 20px !important;border-top-width: 1px !important;border-right-width: 1px !important;border-bottom-width: 1px !important;border-left-width: 1px !important;padding-top: 20px !important;padding-right: 20px !important;padding-bottom: 20px !important;padding-left: 20px !important;background-color: #f7f7f7 !important;border-left-color: #ededed !important;border-left-style: solid !important;border-right-color: #ededed !important;border-right-style: solid !important;border-top-color: #ededed !important;border-top-style: solid !important;border-bottom-color: #ededed !important;border-bottom-style: solid !important;}&#8221;][vc_column width=&#8221;1\/3&#8243;]<figure class=\"vcex-image vcex-module wpex-text-left\"><div class=\"vcex-image-inner wpex-relative wpex-w-100\"><a href=\"https:\/\/www.viesmat.com\/wp-content\/uploads\/2020\/09\/rizo-sin-base.jpg\" class=\"wpex-lightbox\"><img loading=\"lazy\" class=\"vcex-image-img wpex-align-middle wpex-w-100\" decoding=\"async\" src=\"https:\/\/www.viesmat.com\/wp-content\/uploads\/2020\/09\/rizo-sin-base-400x250.jpg\" alt=\"\" width=\"400\" height=\"250\"><\/a><\/div><\/figure>[\/vc_column][vc_column width=&#8221;2\/3&#8243; css=&#8221;.vc_custom_1601148012062{padding-top: 20px !important;padding-right: 20px !important;padding-left: 20px !important;}&#8221;][vc_column_text]<strong>Espessura: 14mm. sem lastro: Rolos tapete vinil 6&#215;1,20mt. e 12&#215;1,20mt.<\/strong><\/p>\n<p><strong>Cores:<\/strong> Preto, cinza, castanho, vermelho e azul[\/vc_column_text][\/vc_column][\/vc_row][vc_row column_spacing=&#8221;0px&#8221; remove_bottom_col_margin=&#8221;true&#8221; css=&#8221;.vc_custom_1601148038102{margin-top: 20px !important;border-top-width: 1px !important;border-right-width: 1px !important;border-bottom-width: 1px !important;border-left-width: 1px !important;padding-top: 20px !important;padding-right: 20px !important;padding-bottom: 20px !important;padding-left: 20px !important;background-color: #f7f7f7 !important;border-left-color: #ededed !important;border-left-style: solid !important;border-right-color: #ededed !important;border-right-style: solid !important;border-top-color: #ededed !important;border-top-style: solid !important;border-bottom-color: #ededed !important;border-bottom-style: solid !important;}&#8221;][vc_column width=&#8221;1\/3&#8243;]<figure class=\"vcex-image vcex-module wpex-text-left\"><div class=\"vcex-image-inner wpex-relative wpex-w-100\"><a href=\"https:\/\/www.viesmat.com\/wp-content\/uploads\/2020\/09\/rizo-con-base.jpg\" class=\"wpex-lightbox\"><img loading=\"lazy\" class=\"vcex-image-img wpex-align-middle wpex-w-100\" decoding=\"async\" src=\"https:\/\/www.viesmat.com\/wp-content\/uploads\/2020\/09\/rizo-con-base-400x250.jpg\" alt=\"\" width=\"400\" height=\"250\"><\/a><\/div><\/figure>[\/vc_column][vc_column width=&#8221;2\/3&#8243; css=&#8221;.vc_custom_1601148012062{padding-top: 20px !important;padding-right: 20px !important;padding-left: 20px !important;}&#8221;][vc_column_text]<strong>Espessura: 10mm. com lastro: Rolos tapete vinil 6&#215;1,20mt. e 12&#215;1,20mt.<\/strong><\/p>\n<p><strong>Cores:<\/strong> Preto, cinza e castanho[\/vc_column_text][\/vc_column][\/vc_row][vc_row column_spacing=&#8221;0px&#8221; remove_bottom_col_margin=&#8221;true&#8221; css=&#8221;.vc_custom_1601148038102{margin-top: 20px !important;border-top-width: 1px !important;border-right-width: 1px !important;border-bottom-width: 1px !important;border-left-width: 1px !important;padding-top: 20px !important;padding-right: 20px !important;padding-bottom: 20px !important;padding-left: 20px !important;background-color: #f7f7f7 !important;border-left-color: #ededed !important;border-left-style: solid !important;border-right-color: #ededed !important;border-right-style: solid !important;border-top-color: #ededed !important;border-top-style: solid !important;border-bottom-color: #ededed !important;border-bottom-style: solid !important;}&#8221;][vc_column width=&#8221;1\/3&#8243;]<figure class=\"vcex-image vcex-module wpex-text-left\"><div class=\"vcex-image-inner wpex-relative wpex-w-100\"><img loading=\"lazy\" class=\"vcex-image-img wpex-align-middle wpex-w-100\" decoding=\"async\" src=\"https:\/\/www.viesmat.com\/wp-content\/uploads\/2020\/09\/alfombra_rizo_vinilo.jpg\" alt=\"\" srcset=\"https:\/\/www.viesmat.com\/wp-content\/uploads\/2020\/09\/alfombra_rizo_vinilo.jpg 318w, https:\/\/www.viesmat.com\/wp-content\/uploads\/2020\/09\/alfombra_rizo_vinilo-300x206.jpg 300w\" width=\"318\" height=\"218\"><\/div><\/figure><figure class=\"vcex-image vcex-module wpex-text-left\"><div class=\"vcex-image-inner wpex-relative wpex-w-100\"><img loading=\"lazy\" class=\"vcex-image-img wpex-align-middle wpex-w-100\" decoding=\"async\" src=\"https:\/\/www.viesmat.com\/wp-content\/uploads\/2020\/09\/primor-1-400x250.jpg\" alt=\"\" width=\"400\" height=\"250\"><\/div><\/figure>[\/vc_column][vc_column width=&#8221;2\/3&#8243; css=&#8221;.vc_custom_1601148012062{padding-top: 20px !important;padding-right: 20px !important;padding-left: 20px !important;}&#8221;][vc_column_text]<strong>Extras:<\/strong><\/p>\n<ul>\n<li><i>Tapetes por medida<\/i><\/li>\n<li><em>Spaghetti Personalizado<\/em>: Dadas as suas caracter\u00edsticas representam uma solu\u00e7\u00e3o ideal para lojas, restaurantes, bares, escrit\u00f3rios, hot\u00e9is ou qualquer outro espa\u00e7o que receba um n\u00famero significativo de visitantes.<\/li>\n<\/ul>\n[\/vc_column_text][\/vc_column][\/vc_row]\n<\/div>","protected":false},"excerpt":{"rendered":"<p>[vc_row][vc_column][vc_column_text]Tapetes de PVC em forma de esparguete. Produto constitu\u00eddo de vinil entrela\u00e7ado com base tamb\u00e9m de vinil (tramas inseridas\/fundidas no costado). O tapete vinil tem como principal utiliza\u00e7\u00e3o servir como barreira de conten\u00e7\u00e3o de sujeiras em \u00e1reas onde exista grande tr\u00e1fego de pessoas. Isto impede que a sujeira seja \u201ccarregada\u201d para o interior do ambiente.&hellip;<\/p>\n","protected":false},"featured_media":1092,"template":"","meta":[],"product_brand":[],"product_cat":[67,68,64],"product_tag":[],"class_list":{"0":"post-1090","1":"product","2":"type-product","3":"status-publish","4":"has-post-thumbnail","6":"product_cat-tapetes-de-entrada","7":"product_cat-tapetes-por-medida","8":"product_cat-pavimentos-em-plastico","9":"entry","10":"has-media","12":"first","13":"instock","14":"shipping-taxable","15":"purchasable","16":"product-type-simple"},"yoast_head":"<!-- This site is optimized with the Yoast SEO plugin v27.4 - https:\/\/yoast.com\/product\/yoast-seo-wordpress\/ -->\n<title>Tapete vinil esparguete \/ spaghetti | VIESMAT<\/title>\n<meta name=\"description\" content=\"Tapetes de PVC em forma de esparguete. A sujidade e os detritos depositam-se por baixo do tapete, facilitando a sua limpeza.\" \/>\n<meta name=\"robots\" content=\"index, follow, max-snippet:-1, max-image-preview:large, max-video-preview:-1\" \/>\n<link rel=\"canonical\" href=\"https:\/\/www.viesmat.com\/pt-pt\/produto\/tapete-vinil-esparguete-spaghetti\/\" \/>\n<meta property=\"og:locale\" content=\"pt_PT\" \/>\n<meta property=\"og:type\" content=\"article\" \/>\n<meta property=\"og:title\" content=\"Tapete vinil esparguete \/ spaghetti | VIESMAT\" \/>\n<meta property=\"og:description\" content=\"Tapetes de PVC em forma de esparguete. A sujidade e os detritos depositam-se por baixo do tapete, facilitando a sua limpeza.\" \/>\n<meta property=\"og:url\" content=\"https:\/\/www.viesmat.com\/pt-pt\/produto\/tapete-vinil-esparguete-spaghetti\/\" \/>\n<meta property=\"og:site_name\" content=\"VIESMAT\" \/>\n<meta property=\"article:publisher\" content=\"https:\/\/www.facebook.com\/viesmat\" \/>\n<meta property=\"article:modified_time\" content=\"2020-11-02T16:08:02+00:00\" \/>\n<meta property=\"og:image\" content=\"https:\/\/www.viesmat.com\/wp-content\/uploads\/2020\/09\/rizo-gris.jpg\" \/>\n\t<meta property=\"og:image:width\" content=\"900\" \/>\n\t<meta property=\"og:image:height\" content=\"700\" \/>\n\t<meta property=\"og:image:type\" content=\"image\/jpeg\" \/>\n<meta name=\"twitter:card\" content=\"summary_large_image\" \/>\n<meta name=\"twitter:label1\" content=\"Tempo estimado de leitura\" \/>\n\t<meta name=\"twitter:data1\" content=\"3 minutos\" \/>\n<script type=\"application\/ld+json\" class=\"yoast-schema-graph\">{\"@context\":\"https:\\\/\\\/schema.org\",\"@graph\":[{\"@type\":\"WebPage\",\"@id\":\"https:\\\/\\\/www.viesmat.com\\\/pt-pt\\\/produto\\\/tapete-vinil-esparguete-spaghetti\\\/\",\"url\":\"https:\\\/\\\/www.viesmat.com\\\/pt-pt\\\/produto\\\/tapete-vinil-esparguete-spaghetti\\\/\",\"name\":\"Tapete vinil esparguete \\\/ spaghetti | VIESMAT\",\"isPartOf\":{\"@id\":\"https:\\\/\\\/www.viesmat.com\\\/#website\"},\"primaryImageOfPage\":{\"@id\":\"https:\\\/\\\/www.viesmat.com\\\/pt-pt\\\/produto\\\/tapete-vinil-esparguete-spaghetti\\\/#primaryimage\"},\"image\":{\"@id\":\"https:\\\/\\\/www.viesmat.com\\\/pt-pt\\\/produto\\\/tapete-vinil-esparguete-spaghetti\\\/#primaryimage\"},\"thumbnailUrl\":\"https:\\\/\\\/www.viesmat.com\\\/wp-content\\\/uploads\\\/2020\\\/09\\\/rizo-gris.jpg\",\"datePublished\":\"2020-09-24T18:21:55+00:00\",\"dateModified\":\"2020-11-02T16:08:02+00:00\",\"description\":\"Tapetes de PVC em forma de esparguete. A sujidade e os detritos depositam-se por baixo do tapete, facilitando a sua limpeza.\",\"breadcrumb\":{\"@id\":\"https:\\\/\\\/www.viesmat.com\\\/pt-pt\\\/produto\\\/tapete-vinil-esparguete-spaghetti\\\/#breadcrumb\"},\"inLanguage\":\"pt-PT\",\"potentialAction\":[{\"@type\":\"ReadAction\",\"target\":[\"https:\\\/\\\/www.viesmat.com\\\/pt-pt\\\/produto\\\/tapete-vinil-esparguete-spaghetti\\\/\"]}]},{\"@type\":\"ImageObject\",\"inLanguage\":\"pt-PT\",\"@id\":\"https:\\\/\\\/www.viesmat.com\\\/pt-pt\\\/produto\\\/tapete-vinil-esparguete-spaghetti\\\/#primaryimage\",\"url\":\"https:\\\/\\\/www.viesmat.com\\\/wp-content\\\/uploads\\\/2020\\\/09\\\/rizo-gris.jpg\",\"contentUrl\":\"https:\\\/\\\/www.viesmat.com\\\/wp-content\\\/uploads\\\/2020\\\/09\\\/rizo-gris.jpg\",\"width\":900,\"height\":700},{\"@type\":\"BreadcrumbList\",\"@id\":\"https:\\\/\\\/www.viesmat.com\\\/pt-pt\\\/produto\\\/tapete-vinil-esparguete-spaghetti\\\/#breadcrumb\",\"itemListElement\":[{\"@type\":\"ListItem\",\"position\":1,\"name\":\"Home\",\"item\":\"https:\\\/\\\/www.viesmat.com\\\/pt-pt\\\/\"},{\"@type\":\"ListItem\",\"position\":2,\"name\":\"Produtos\",\"item\":\"https:\\\/\\\/www.viesmat.com\\\/productos\\\/\"},{\"@type\":\"ListItem\",\"position\":3,\"name\":\"Tapete vinil esparguete \\\/ spaghetti\"}]},{\"@type\":\"WebSite\",\"@id\":\"https:\\\/\\\/www.viesmat.com\\\/#website\",\"url\":\"https:\\\/\\\/www.viesmat.com\\\/\",\"name\":\"VIESMAT\",\"description\":\"Felpudos de entrada, pavimentos de caucho y felpudos met\u00e1licos\",\"publisher\":{\"@id\":\"https:\\\/\\\/www.viesmat.com\\\/#organization\"},\"potentialAction\":[{\"@type\":\"SearchAction\",\"target\":{\"@type\":\"EntryPoint\",\"urlTemplate\":\"https:\\\/\\\/www.viesmat.com\\\/?s={search_term_string}\"},\"query-input\":{\"@type\":\"PropertyValueSpecification\",\"valueRequired\":true,\"valueName\":\"search_term_string\"}}],\"inLanguage\":\"pt-PT\"},{\"@type\":\"Organization\",\"@id\":\"https:\\\/\\\/www.viesmat.com\\\/#organization\",\"name\":\"Viesmat\",\"url\":\"https:\\\/\\\/www.viesmat.com\\\/\",\"logo\":{\"@type\":\"ImageObject\",\"inLanguage\":\"pt-PT\",\"@id\":\"https:\\\/\\\/www.viesmat.com\\\/#\\\/schema\\\/logo\\\/image\\\/\",\"url\":\"https:\\\/\\\/www.viesmat.com\\\/wp-content\\\/uploads\\\/2020\\\/09\\\/logo-VIESMAT.png\",\"contentUrl\":\"https:\\\/\\\/www.viesmat.com\\\/wp-content\\\/uploads\\\/2020\\\/09\\\/logo-VIESMAT.png\",\"width\":400,\"height\":86,\"caption\":\"Viesmat\"},\"image\":{\"@id\":\"https:\\\/\\\/www.viesmat.com\\\/#\\\/schema\\\/logo\\\/image\\\/\"},\"sameAs\":[\"https:\\\/\\\/www.facebook.com\\\/viesmat\"]}]}<\/script>\n<!-- \/ Yoast SEO plugin. -->","yoast_head_json":{"title":"Tapete vinil esparguete \/ spaghetti | VIESMAT","description":"Tapetes de PVC em forma de esparguete. A sujidade e os detritos depositam-se por baixo do tapete, facilitando a sua limpeza.","robots":{"index":"index","follow":"follow","max-snippet":"max-snippet:-1","max-image-preview":"max-image-preview:large","max-video-preview":"max-video-preview:-1"},"canonical":"https:\/\/www.viesmat.com\/pt-pt\/produto\/tapete-vinil-esparguete-spaghetti\/","og_locale":"pt_PT","og_type":"article","og_title":"Tapete vinil esparguete \/ spaghetti | VIESMAT","og_description":"Tapetes de PVC em forma de esparguete. A sujidade e os detritos depositam-se por baixo do tapete, facilitando a sua limpeza.","og_url":"https:\/\/www.viesmat.com\/pt-pt\/produto\/tapete-vinil-esparguete-spaghetti\/","og_site_name":"VIESMAT","article_publisher":"https:\/\/www.facebook.com\/viesmat","article_modified_time":"2020-11-02T16:08:02+00:00","og_image":[{"width":900,"height":700,"url":"https:\/\/www.viesmat.com\/wp-content\/uploads\/2020\/09\/rizo-gris.jpg","type":"image\/jpeg"}],"twitter_card":"summary_large_image","twitter_misc":{"Tempo estimado de leitura":"3 minutos"},"schema":{"@context":"https:\/\/schema.org","@graph":[{"@type":"WebPage","@id":"https:\/\/www.viesmat.com\/pt-pt\/produto\/tapete-vinil-esparguete-spaghetti\/","url":"https:\/\/www.viesmat.com\/pt-pt\/produto\/tapete-vinil-esparguete-spaghetti\/","name":"Tapete vinil esparguete \/ spaghetti | VIESMAT","isPartOf":{"@id":"https:\/\/www.viesmat.com\/#website"},"primaryImageOfPage":{"@id":"https:\/\/www.viesmat.com\/pt-pt\/produto\/tapete-vinil-esparguete-spaghetti\/#primaryimage"},"image":{"@id":"https:\/\/www.viesmat.com\/pt-pt\/produto\/tapete-vinil-esparguete-spaghetti\/#primaryimage"},"thumbnailUrl":"https:\/\/www.viesmat.com\/wp-content\/uploads\/2020\/09\/rizo-gris.jpg","datePublished":"2020-09-24T18:21:55+00:00","dateModified":"2020-11-02T16:08:02+00:00","description":"Tapetes de PVC em forma de esparguete. A sujidade e os detritos depositam-se por baixo do tapete, facilitando a sua limpeza.","breadcrumb":{"@id":"https:\/\/www.viesmat.com\/pt-pt\/produto\/tapete-vinil-esparguete-spaghetti\/#breadcrumb"},"inLanguage":"pt-PT","potentialAction":[{"@type":"ReadAction","target":["https:\/\/www.viesmat.com\/pt-pt\/produto\/tapete-vinil-esparguete-spaghetti\/"]}]},{"@type":"ImageObject","inLanguage":"pt-PT","@id":"https:\/\/www.viesmat.com\/pt-pt\/produto\/tapete-vinil-esparguete-spaghetti\/#primaryimage","url":"https:\/\/www.viesmat.com\/wp-content\/uploads\/2020\/09\/rizo-gris.jpg","contentUrl":"https:\/\/www.viesmat.com\/wp-content\/uploads\/2020\/09\/rizo-gris.jpg","width":900,"height":700},{"@type":"BreadcrumbList","@id":"https:\/\/www.viesmat.com\/pt-pt\/produto\/tapete-vinil-esparguete-spaghetti\/#breadcrumb","itemListElement":[{"@type":"ListItem","position":1,"name":"Home","item":"https:\/\/www.viesmat.com\/pt-pt\/"},{"@type":"ListItem","position":2,"name":"Produtos","item":"https:\/\/www.viesmat.com\/productos\/"},{"@type":"ListItem","position":3,"name":"Tapete vinil esparguete \/ spaghetti"}]},{"@type":"WebSite","@id":"https:\/\/www.viesmat.com\/#website","url":"https:\/\/www.viesmat.com\/","name":"VIESMAT","description":"Felpudos de entrada, pavimentos de caucho y felpudos met\u00e1licos","publisher":{"@id":"https:\/\/www.viesmat.com\/#organization"},"potentialAction":[{"@type":"SearchAction","target":{"@type":"EntryPoint","urlTemplate":"https:\/\/www.viesmat.com\/?s={search_term_string}"},"query-input":{"@type":"PropertyValueSpecification","valueRequired":true,"valueName":"search_term_string"}}],"inLanguage":"pt-PT"},{"@type":"Organization","@id":"https:\/\/www.viesmat.com\/#organization","name":"Viesmat","url":"https:\/\/www.viesmat.com\/","logo":{"@type":"ImageObject","inLanguage":"pt-PT","@id":"https:\/\/www.viesmat.com\/#\/schema\/logo\/image\/","url":"https:\/\/www.viesmat.com\/wp-content\/uploads\/2020\/09\/logo-VIESMAT.png","contentUrl":"https:\/\/www.viesmat.com\/wp-content\/uploads\/2020\/09\/logo-VIESMAT.png","width":400,"height":86,"caption":"Viesmat"},"image":{"@id":"https:\/\/www.viesmat.com\/#\/schema\/logo\/image\/"},"sameAs":["https:\/\/www.facebook.com\/viesmat"]}]}},"_links":{"self":[{"href":"https:\/\/www.viesmat.com\/pt-pt\/wp-json\/wp\/v2\/product\/1090","targetHints":{"allow":["GET"]}}],"collection":[{"href":"https:\/\/www.viesmat.com\/pt-pt\/wp-json\/wp\/v2\/product"}],"about":[{"href":"https:\/\/www.viesmat.com\/pt-pt\/wp-json\/wp\/v2\/types\/product"}],"wp:featuredmedia":[{"embeddable":true,"href":"https:\/\/www.viesmat.com\/pt-pt\/wp-json\/wp\/v2\/media\/1092"}],"wp:attachment":[{"href":"https:\/\/www.viesmat.com\/pt-pt\/wp-json\/wp\/v2\/media?parent=1090"}],"wp:term":[{"taxonomy":"product_brand","embeddable":true,"href":"https:\/\/www.viesmat.com\/pt-pt\/wp-json\/wp\/v2\/product_brand?post=1090"},{"taxonomy":"product_cat","embeddable":true,"href":"https:\/\/www.viesmat.com\/pt-pt\/wp-json\/wp\/v2\/product_cat?post=1090"},{"taxonomy":"product_tag","embeddable":true,"href":"https:\/\/www.viesmat.com\/pt-pt\/wp-json\/wp\/v2\/product_tag?post=1090"}],"curies":[{"name":"wp","href":"https:\/\/api.w.org\/{rel}","templated":true}]}}