{"id":1096,"date":"2020-09-24T15:28:10","date_gmt":"2020-09-24T15:28:10","guid":{"rendered":"https:\/\/www.viesmat.com\/producto\/alfombra-de-goma-pinchos\/"},"modified":"2022-10-31T11:16:23","modified_gmt":"2022-10-31T10:16:23","slug":"tapete-borracha","status":"publish","type":"product","link":"https:\/\/www.viesmat.com\/pt-pt\/produto\/tapete-borracha\/","title":{"rendered":"Tapete borracha pit\u00e3o \/ picos Felgom"},"content":{"rendered":"<div class=\"wpb-content-wrapper\">[vc_row][vc_column][vc_column_text]<img loading=\"lazy\" decoding=\"async\" class=\"alignnone size-full wp-image-1764\" src=\"https:\/\/www.viesmat.com\/wp-content\/uploads\/2020\/09\/logo_degom.jpg\" alt=\"\" width=\"300\" height=\"90\" \/><\/p>\n<p>O tapete de borracha com picos FELGOM \u00e9 um tapete de limpeza de lama ideal para uso externo como uma barreira perfeita contra lama e poeira. Tapete de borracha de alta qualidade<\/p>\n<p><strong>Rolos em borracha com picos:<\/strong><br \/>\n8x1mt. e 8&#215;1,20mt. Preto 16mm.<\/p>\n<p><strong><strong><img loading=\"lazy\" decoding=\"async\" class=\"alignnone size-full wp-image-145\" src=\"https:\/\/www.viesmat.com\/wp-content\/uploads\/2020\/09\/picos16mm.jpg\" alt=\"\" width=\"171\" height=\"138\" \/><\/strong><\/strong><\/p>\n<p>10x1mt. Preto en 11mm.<strong><strong><br \/>\n<img loading=\"lazy\" decoding=\"async\" class=\"alignnone size-full wp-image-144\" src=\"https:\/\/www.viesmat.com\/wp-content\/uploads\/2020\/09\/picos11mm.jpg\" alt=\"\" width=\"177\" height=\"138\" \/><\/strong><\/strong><\/p>\n<p>Tamb\u00e9m dispon\u00edvel em tapete de borracha cortada em rolo no tamanho desejado para ser embutido no solo.<\/p>\n<p>Exemplos de uso: entradas, \u00e1reas de trabalho, escadas de \u00f4nibus, mas tamb\u00e9m como revestimento de estantes e pisos de vans.<\/p>\n<p><img loading=\"lazy\" decoding=\"async\" class=\"alignnone wp-image-142 \" src=\"https:\/\/www.viesmat.com\/wp-content\/uploads\/2020\/09\/alfombra_pinchos.jpg\" alt=\"\" width=\"396\" height=\"223\" srcset=\"https:\/\/www.viesmat.com\/wp-content\/uploads\/2020\/09\/alfombra_pinchos.jpg 330w, https:\/\/www.viesmat.com\/wp-content\/uploads\/2020\/09\/alfombra_pinchos-300x169.jpg 300w\" sizes=\"auto, (max-width: 396px) 100vw, 396px\" \/><img loading=\"lazy\" decoding=\"async\" class=\"alignnone wp-image-1251\" src=\"https:\/\/www.viesmat.com\/wp-content\/uploads\/2020\/09\/escalera-autocar.jpg\" alt=\"suelo para autocares\" width=\"348\" height=\"223\" srcset=\"https:\/\/www.viesmat.com\/wp-content\/uploads\/2020\/09\/escalera-autocar.jpg 2304w, https:\/\/www.viesmat.com\/wp-content\/uploads\/2020\/09\/escalera-autocar-300x192.jpg 300w, https:\/\/www.viesmat.com\/wp-content\/uploads\/2020\/09\/escalera-autocar-1024x656.jpg 1024w, https:\/\/www.viesmat.com\/wp-content\/uploads\/2020\/09\/escalera-autocar-768x492.jpg 768w, https:\/\/www.viesmat.com\/wp-content\/uploads\/2020\/09\/escalera-autocar-1536x985.jpg 1536w, https:\/\/www.viesmat.com\/wp-content\/uploads\/2020\/09\/escalera-autocar-2048x1313.jpg 2048w, https:\/\/www.viesmat.com\/wp-content\/uploads\/2020\/09\/escalera-autocar-600x385.jpg 600w\" sizes=\"auto, (max-width: 348px) 100vw, 348px\" \/>[\/vc_column_text][\/vc_column][\/vc_row]\n<\/div>","protected":false},"excerpt":{"rendered":"<p>[vc_row][vc_column][vc_column_text] O tapete de borracha com picos FELGOM \u00e9 um tapete de limpeza de lama ideal para uso externo como uma barreira perfeita contra lama e poeira. Tapete de borracha de alta qualidade Rolos em borracha com picos: 8x1mt. e 8&#215;1,20mt. Preto 16mm. 10x1mt. Preto en 11mm. Tamb\u00e9m dispon\u00edvel em tapete de borracha cortada em&hellip;<\/p>\n","protected":false},"featured_media":1098,"template":"","meta":[],"product_brand":[],"product_cat":[67,68,66],"product_tag":[],"class_list":{"0":"post-1096","1":"product","2":"type-product","3":"status-publish","4":"has-post-thumbnail","6":"product_cat-tapetes-de-entrada","7":"product_cat-tapetes-por-medida","8":"product_cat-pavimentos-em-borracha","9":"entry","10":"has-media","12":"first","13":"instock","14":"shipping-taxable","15":"purchasable","16":"product-type-simple"},"yoast_head":"<!-- This site is optimized with the Yoast SEO plugin v27.4 - https:\/\/yoast.com\/product\/yoast-seo-wordpress\/ -->\n<title>Tapete borracha pit\u00e3o \/ picos Felgom | VIESMAT<\/title>\n<meta name=\"description\" content=\"Tapete entrada de borracha com picos \u00e9 um tapete de limpeza de lama ideal para uso externo como uma barreira perfeita contra lama e poeira.\" \/>\n<meta name=\"robots\" content=\"index, follow, max-snippet:-1, max-image-preview:large, max-video-preview:-1\" \/>\n<link rel=\"canonical\" href=\"https:\/\/www.viesmat.com\/pt-pt\/produto\/tapete-borracha\/\" \/>\n<meta property=\"og:locale\" content=\"pt_PT\" \/>\n<meta property=\"og:type\" content=\"article\" \/>\n<meta property=\"og:title\" content=\"Tapete borracha pit\u00e3o \/ picos Felgom | VIESMAT\" \/>\n<meta property=\"og:description\" content=\"Tapete entrada de borracha com picos \u00e9 um tapete de limpeza de lama ideal para uso externo como uma barreira perfeita contra lama e poeira.\" \/>\n<meta property=\"og:url\" content=\"https:\/\/www.viesmat.com\/pt-pt\/produto\/tapete-borracha\/\" \/>\n<meta property=\"og:site_name\" content=\"VIESMAT\" \/>\n<meta property=\"article:publisher\" content=\"https:\/\/www.facebook.com\/viesmat\" \/>\n<meta property=\"article:modified_time\" content=\"2022-10-31T10:16:23+00:00\" \/>\n<meta property=\"og:image\" content=\"https:\/\/www.viesmat.com\/wp-content\/uploads\/2020\/09\/picos16mm-1.jpg\" \/>\n\t<meta property=\"og:image:width\" content=\"900\" \/>\n\t<meta property=\"og:image:height\" content=\"700\" \/>\n\t<meta property=\"og:image:type\" content=\"image\/jpeg\" \/>\n<meta name=\"twitter:card\" content=\"summary_large_image\" \/>\n<meta name=\"twitter:label1\" content=\"Tempo estimado de leitura\" \/>\n\t<meta name=\"twitter:data1\" content=\"1 minuto\" \/>\n<script type=\"application\/ld+json\" class=\"yoast-schema-graph\">{\"@context\":\"https:\\\/\\\/schema.org\",\"@graph\":[{\"@type\":\"WebPage\",\"@id\":\"https:\\\/\\\/www.viesmat.com\\\/pt-pt\\\/produto\\\/tapete-borracha\\\/\",\"url\":\"https:\\\/\\\/www.viesmat.com\\\/pt-pt\\\/produto\\\/tapete-borracha\\\/\",\"name\":\"Tapete borracha pit\u00e3o \\\/ picos Felgom | VIESMAT\",\"isPartOf\":{\"@id\":\"https:\\\/\\\/www.viesmat.com\\\/#website\"},\"primaryImageOfPage\":{\"@id\":\"https:\\\/\\\/www.viesmat.com\\\/pt-pt\\\/produto\\\/tapete-borracha\\\/#primaryimage\"},\"image\":{\"@id\":\"https:\\\/\\\/www.viesmat.com\\\/pt-pt\\\/produto\\\/tapete-borracha\\\/#primaryimage\"},\"thumbnailUrl\":\"https:\\\/\\\/www.viesmat.com\\\/wp-content\\\/uploads\\\/2020\\\/09\\\/picos16mm-1.jpg\",\"datePublished\":\"2020-09-24T15:28:10+00:00\",\"dateModified\":\"2022-10-31T10:16:23+00:00\",\"description\":\"Tapete entrada de borracha com picos \u00e9 um tapete de limpeza de lama ideal para uso externo como uma barreira perfeita contra lama e poeira.\",\"breadcrumb\":{\"@id\":\"https:\\\/\\\/www.viesmat.com\\\/pt-pt\\\/produto\\\/tapete-borracha\\\/#breadcrumb\"},\"inLanguage\":\"pt-PT\",\"potentialAction\":[{\"@type\":\"ReadAction\",\"target\":[\"https:\\\/\\\/www.viesmat.com\\\/pt-pt\\\/produto\\\/tapete-borracha\\\/\"]}]},{\"@type\":\"ImageObject\",\"inLanguage\":\"pt-PT\",\"@id\":\"https:\\\/\\\/www.viesmat.com\\\/pt-pt\\\/produto\\\/tapete-borracha\\\/#primaryimage\",\"url\":\"https:\\\/\\\/www.viesmat.com\\\/wp-content\\\/uploads\\\/2020\\\/09\\\/picos16mm-1.jpg\",\"contentUrl\":\"https:\\\/\\\/www.viesmat.com\\\/wp-content\\\/uploads\\\/2020\\\/09\\\/picos16mm-1.jpg\",\"width\":900,\"height\":700},{\"@type\":\"BreadcrumbList\",\"@id\":\"https:\\\/\\\/www.viesmat.com\\\/pt-pt\\\/produto\\\/tapete-borracha\\\/#breadcrumb\",\"itemListElement\":[{\"@type\":\"ListItem\",\"position\":1,\"name\":\"Home\",\"item\":\"https:\\\/\\\/www.viesmat.com\\\/pt-pt\\\/\"},{\"@type\":\"ListItem\",\"position\":2,\"name\":\"Produtos\",\"item\":\"https:\\\/\\\/www.viesmat.com\\\/productos\\\/\"},{\"@type\":\"ListItem\",\"position\":3,\"name\":\"Tapete borracha pit\u00e3o \\\/ picos Felgom\"}]},{\"@type\":\"WebSite\",\"@id\":\"https:\\\/\\\/www.viesmat.com\\\/#website\",\"url\":\"https:\\\/\\\/www.viesmat.com\\\/\",\"name\":\"VIESMAT\",\"description\":\"Felpudos de entrada, pavimentos de caucho y felpudos met\u00e1licos\",\"publisher\":{\"@id\":\"https:\\\/\\\/www.viesmat.com\\\/#organization\"},\"potentialAction\":[{\"@type\":\"SearchAction\",\"target\":{\"@type\":\"EntryPoint\",\"urlTemplate\":\"https:\\\/\\\/www.viesmat.com\\\/?s={search_term_string}\"},\"query-input\":{\"@type\":\"PropertyValueSpecification\",\"valueRequired\":true,\"valueName\":\"search_term_string\"}}],\"inLanguage\":\"pt-PT\"},{\"@type\":\"Organization\",\"@id\":\"https:\\\/\\\/www.viesmat.com\\\/#organization\",\"name\":\"Viesmat\",\"url\":\"https:\\\/\\\/www.viesmat.com\\\/\",\"logo\":{\"@type\":\"ImageObject\",\"inLanguage\":\"pt-PT\",\"@id\":\"https:\\\/\\\/www.viesmat.com\\\/#\\\/schema\\\/logo\\\/image\\\/\",\"url\":\"https:\\\/\\\/www.viesmat.com\\\/wp-content\\\/uploads\\\/2020\\\/09\\\/logo-VIESMAT.png\",\"contentUrl\":\"https:\\\/\\\/www.viesmat.com\\\/wp-content\\\/uploads\\\/2020\\\/09\\\/logo-VIESMAT.png\",\"width\":400,\"height\":86,\"caption\":\"Viesmat\"},\"image\":{\"@id\":\"https:\\\/\\\/www.viesmat.com\\\/#\\\/schema\\\/logo\\\/image\\\/\"},\"sameAs\":[\"https:\\\/\\\/www.facebook.com\\\/viesmat\"]}]}<\/script>\n<!-- \/ Yoast SEO plugin. -->","yoast_head_json":{"title":"Tapete borracha pit\u00e3o \/ picos Felgom | VIESMAT","description":"Tapete entrada de borracha com picos \u00e9 um tapete de limpeza de lama ideal para uso externo como uma barreira perfeita contra lama e poeira.","robots":{"index":"index","follow":"follow","max-snippet":"max-snippet:-1","max-image-preview":"max-image-preview:large","max-video-preview":"max-video-preview:-1"},"canonical":"https:\/\/www.viesmat.com\/pt-pt\/produto\/tapete-borracha\/","og_locale":"pt_PT","og_type":"article","og_title":"Tapete borracha pit\u00e3o \/ picos Felgom | VIESMAT","og_description":"Tapete entrada de borracha com picos \u00e9 um tapete de limpeza de lama ideal para uso externo como uma barreira perfeita contra lama e poeira.","og_url":"https:\/\/www.viesmat.com\/pt-pt\/produto\/tapete-borracha\/","og_site_name":"VIESMAT","article_publisher":"https:\/\/www.facebook.com\/viesmat","article_modified_time":"2022-10-31T10:16:23+00:00","og_image":[{"width":900,"height":700,"url":"https:\/\/www.viesmat.com\/wp-content\/uploads\/2020\/09\/picos16mm-1.jpg","type":"image\/jpeg"}],"twitter_card":"summary_large_image","twitter_misc":{"Tempo estimado de leitura":"1 minuto"},"schema":{"@context":"https:\/\/schema.org","@graph":[{"@type":"WebPage","@id":"https:\/\/www.viesmat.com\/pt-pt\/produto\/tapete-borracha\/","url":"https:\/\/www.viesmat.com\/pt-pt\/produto\/tapete-borracha\/","name":"Tapete borracha pit\u00e3o \/ picos Felgom | VIESMAT","isPartOf":{"@id":"https:\/\/www.viesmat.com\/#website"},"primaryImageOfPage":{"@id":"https:\/\/www.viesmat.com\/pt-pt\/produto\/tapete-borracha\/#primaryimage"},"image":{"@id":"https:\/\/www.viesmat.com\/pt-pt\/produto\/tapete-borracha\/#primaryimage"},"thumbnailUrl":"https:\/\/www.viesmat.com\/wp-content\/uploads\/2020\/09\/picos16mm-1.jpg","datePublished":"2020-09-24T15:28:10+00:00","dateModified":"2022-10-31T10:16:23+00:00","description":"Tapete entrada de borracha com picos \u00e9 um tapete de limpeza de lama ideal para uso externo como uma barreira perfeita contra lama e poeira.","breadcrumb":{"@id":"https:\/\/www.viesmat.com\/pt-pt\/produto\/tapete-borracha\/#breadcrumb"},"inLanguage":"pt-PT","potentialAction":[{"@type":"ReadAction","target":["https:\/\/www.viesmat.com\/pt-pt\/produto\/tapete-borracha\/"]}]},{"@type":"ImageObject","inLanguage":"pt-PT","@id":"https:\/\/www.viesmat.com\/pt-pt\/produto\/tapete-borracha\/#primaryimage","url":"https:\/\/www.viesmat.com\/wp-content\/uploads\/2020\/09\/picos16mm-1.jpg","contentUrl":"https:\/\/www.viesmat.com\/wp-content\/uploads\/2020\/09\/picos16mm-1.jpg","width":900,"height":700},{"@type":"BreadcrumbList","@id":"https:\/\/www.viesmat.com\/pt-pt\/produto\/tapete-borracha\/#breadcrumb","itemListElement":[{"@type":"ListItem","position":1,"name":"Home","item":"https:\/\/www.viesmat.com\/pt-pt\/"},{"@type":"ListItem","position":2,"name":"Produtos","item":"https:\/\/www.viesmat.com\/productos\/"},{"@type":"ListItem","position":3,"name":"Tapete borracha pit\u00e3o \/ picos Felgom"}]},{"@type":"WebSite","@id":"https:\/\/www.viesmat.com\/#website","url":"https:\/\/www.viesmat.com\/","name":"VIESMAT","description":"Felpudos de entrada, pavimentos de caucho y felpudos met\u00e1licos","publisher":{"@id":"https:\/\/www.viesmat.com\/#organization"},"potentialAction":[{"@type":"SearchAction","target":{"@type":"EntryPoint","urlTemplate":"https:\/\/www.viesmat.com\/?s={search_term_string}"},"query-input":{"@type":"PropertyValueSpecification","valueRequired":true,"valueName":"search_term_string"}}],"inLanguage":"pt-PT"},{"@type":"Organization","@id":"https:\/\/www.viesmat.com\/#organization","name":"Viesmat","url":"https:\/\/www.viesmat.com\/","logo":{"@type":"ImageObject","inLanguage":"pt-PT","@id":"https:\/\/www.viesmat.com\/#\/schema\/logo\/image\/","url":"https:\/\/www.viesmat.com\/wp-content\/uploads\/2020\/09\/logo-VIESMAT.png","contentUrl":"https:\/\/www.viesmat.com\/wp-content\/uploads\/2020\/09\/logo-VIESMAT.png","width":400,"height":86,"caption":"Viesmat"},"image":{"@id":"https:\/\/www.viesmat.com\/#\/schema\/logo\/image\/"},"sameAs":["https:\/\/www.facebook.com\/viesmat"]}]}},"_links":{"self":[{"href":"https:\/\/www.viesmat.com\/pt-pt\/wp-json\/wp\/v2\/product\/1096","targetHints":{"allow":["GET"]}}],"collection":[{"href":"https:\/\/www.viesmat.com\/pt-pt\/wp-json\/wp\/v2\/product"}],"about":[{"href":"https:\/\/www.viesmat.com\/pt-pt\/wp-json\/wp\/v2\/types\/product"}],"wp:featuredmedia":[{"embeddable":true,"href":"https:\/\/www.viesmat.com\/pt-pt\/wp-json\/wp\/v2\/media\/1098"}],"wp:attachment":[{"href":"https:\/\/www.viesmat.com\/pt-pt\/wp-json\/wp\/v2\/media?parent=1096"}],"wp:term":[{"taxonomy":"product_brand","embeddable":true,"href":"https:\/\/www.viesmat.com\/pt-pt\/wp-json\/wp\/v2\/product_brand?post=1096"},{"taxonomy":"product_cat","embeddable":true,"href":"https:\/\/www.viesmat.com\/pt-pt\/wp-json\/wp\/v2\/product_cat?post=1096"},{"taxonomy":"product_tag","embeddable":true,"href":"https:\/\/www.viesmat.com\/pt-pt\/wp-json\/wp\/v2\/product_tag?post=1096"}],"curies":[{"name":"wp","href":"https:\/\/api.w.org\/{rel}","templated":true}]}}