{"id":1099,"date":"2020-09-24T11:14:45","date_gmt":"2020-09-24T11:14:45","guid":{"rendered":"https:\/\/www.viesmat.com\/producto\/felpudos-tecnicos-de-aluminio\/"},"modified":"2020-11-01T14:52:15","modified_gmt":"2020-11-01T14:52:15","slug":"tapetes-metalicos-de-aluminio","status":"publish","type":"product","link":"https:\/\/www.viesmat.com\/pt-pt\/produto\/tapetes-metalicos-de-aluminio\/","title":{"rendered":"Tapetes metalicos de alum\u00ednio"},"content":{"rendered":"<div class=\"wpb-content-wrapper\">[vc_row][vc_column][vc_column_text]Tapetes metalicos fabricados em qualquer medida com estrutura de alum\u00ednio resistente e inser\u00e7\u00f5es em PVC, escovas ou alcatifa, para maior reten\u00e7\u00e3o da sujidade e humidade trazida na sola dos sapatos. Indicados para aplica\u00e7\u00e3o mista, no interior ou exterior da sua entrada.<\/p>\n<p>Fabricante\u00a0tapetes de entrada preferido pop arquitectos construtores e manuten\u00e7\u00e3o de edif\u00edcios.<\/p>\n<p><img loading=\"lazy\" decoding=\"async\" class=\"alignleft wp-image-126 size-full\" src=\"https:\/\/www.viesmat.com\/wp-content\/uploads\/2020\/09\/felpudo-metalico.jpg\" alt=\"\" width=\"356\" height=\"185\" srcset=\"https:\/\/www.viesmat.com\/wp-content\/uploads\/2020\/09\/felpudo-metalico.jpg 356w, https:\/\/www.viesmat.com\/wp-content\/uploads\/2020\/09\/felpudo-metalico-300x156.jpg 300w\" sizes=\"auto, (max-width: 356px) 100vw, 356px\" \/><img loading=\"lazy\" decoding=\"async\" class=\"alignnone wp-image-128 size-full\" src=\"https:\/\/www.viesmat.com\/wp-content\/uploads\/2020\/09\/entrada3.jpg\" alt=\"\" width=\"325\" height=\"217\" srcset=\"https:\/\/www.viesmat.com\/wp-content\/uploads\/2020\/09\/entrada3.jpg 325w, https:\/\/www.viesmat.com\/wp-content\/uploads\/2020\/09\/entrada3-300x200.jpg 300w\" sizes=\"auto, (max-width: 325px) 100vw, 325px\" \/><\/p>\n<p><strong>Espessura:<\/strong> 12, 17, 22 e 27mm.<br \/>\n<strong>Acabado:<\/strong>\u00a0 Alcatifa, borracha e escova<br \/>\n<strong>Cores:<\/strong> Preto, cinza e castanho<\/p>\n<p>Estrutura em perfil de alum\u00ednio em cor natural e com aplica\u00e7\u00e3o de perfil de borracha embutida.<\/p>\n<p>Fabricamos por medida. Tapete metalico com envio para Portugal.<\/p>\n<p>Trabalhamos com todos os tipos de acabamentos em nossos tapetes metalicos:<\/p>\n<p><img loading=\"lazy\" decoding=\"async\" class=\"alignnone wp-image-134 size-full\" src=\"https:\/\/www.viesmat.com\/wp-content\/uploads\/2020\/09\/acabados_clean.jpg\" alt=\"\" width=\"395\" height=\"133\" srcset=\"https:\/\/www.viesmat.com\/wp-content\/uploads\/2020\/09\/acabados_clean.jpg 395w, https:\/\/www.viesmat.com\/wp-content\/uploads\/2020\/09\/acabados_clean-300x101.jpg 300w\" sizes=\"auto, (max-width: 395px) 100vw, 395px\" \/>[\/vc_column_text]<div class=\"vcex-spacing wpex-w-100 wpex-clear\"><\/div><style>.vcex-button.vcex_69edec8b1dd8f:hover{background:#e37405!important;}.vcex-button.vcex_69edec8b1dd8f{font-weight:500;text-transform:uppercase;}<\/style><a href=\"https:\/\/www.felpudosmetalicos.es\/modelos\/\" class=\"vcex-button theme-button flat inline vcex_69edec8b1dd8f\" target=\"_blank\" rel=\"noopener noreferrer\"><span class=\"vcex-button-inner theme-button-inner wpex-flex wpex-flex-wrap wpex-items-center wpex-justify-center\">M\u00e1s caracter\u00edsticas<\/span><\/a> [\/vc_column][\/vc_row]\n<\/div>","protected":false},"excerpt":{"rendered":"<p>[vc_row][vc_column][vc_column_text]Tapetes metalicos fabricados em qualquer medida com estrutura de alum\u00ednio resistente e inser\u00e7\u00f5es em PVC, escovas ou alcatifa, para maior reten\u00e7\u00e3o da sujidade e humidade trazida na sola dos sapatos. Indicados para aplica\u00e7\u00e3o mista, no interior ou exterior da sua entrada. Fabricante\u00a0tapetes de entrada preferido pop arquitectos construtores e manuten\u00e7\u00e3o de edif\u00edcios. Espessura: 12, 17,&hellip;<\/p>\n","protected":false},"featured_media":1101,"template":"","meta":[],"product_brand":[],"product_cat":[67,68],"product_tag":[],"class_list":{"0":"post-1099","1":"product","2":"type-product","3":"status-publish","4":"has-post-thumbnail","6":"product_cat-tapetes-de-entrada","7":"product_cat-tapetes-por-medida","8":"entry","9":"has-media","11":"first","12":"instock","13":"shipping-taxable","14":"purchasable","15":"product-type-simple"},"yoast_head":"<!-- This site is optimized with the Yoast SEO plugin v27.4 - https:\/\/yoast.com\/product\/yoast-seo-wordpress\/ -->\n<title>Tapetes metalicos de alum\u00ednio | VIESMAT<\/title>\n<meta name=\"description\" content=\"Tapetes metalicos fabricados em qualquer medida com estrutura de alum\u00ednio resistente e inser\u00e7\u00f5es em PVC, escovas ou alcatifa\" \/>\n<meta name=\"robots\" content=\"index, follow, max-snippet:-1, max-image-preview:large, max-video-preview:-1\" \/>\n<link rel=\"canonical\" href=\"https:\/\/www.viesmat.com\/pt-pt\/produto\/tapetes-metalicos-de-aluminio\/\" \/>\n<meta property=\"og:locale\" content=\"pt_PT\" \/>\n<meta property=\"og:type\" content=\"article\" \/>\n<meta property=\"og:title\" content=\"Tapetes metalicos de alum\u00ednio | VIESMAT\" \/>\n<meta property=\"og:description\" content=\"Tapetes metalicos fabricados em qualquer medida com estrutura de alum\u00ednio resistente e inser\u00e7\u00f5es em PVC, escovas ou alcatifa\" \/>\n<meta property=\"og:url\" content=\"https:\/\/www.viesmat.com\/pt-pt\/produto\/tapetes-metalicos-de-aluminio\/\" \/>\n<meta property=\"og:site_name\" content=\"VIESMAT\" \/>\n<meta property=\"article:publisher\" content=\"https:\/\/www.facebook.com\/viesmat\" \/>\n<meta property=\"article:modified_time\" content=\"2020-11-01T14:52:15+00:00\" \/>\n<meta property=\"og:image\" content=\"https:\/\/www.viesmat.com\/wp-content\/uploads\/2020\/09\/metalico.jpg\" \/>\n\t<meta property=\"og:image:width\" content=\"900\" \/>\n\t<meta property=\"og:image:height\" content=\"700\" \/>\n\t<meta property=\"og:image:type\" content=\"image\/jpeg\" \/>\n<meta name=\"twitter:card\" content=\"summary_large_image\" \/>\n<meta name=\"twitter:label1\" content=\"Tempo estimado de leitura\" \/>\n\t<meta name=\"twitter:data1\" content=\"1 minuto\" \/>\n<script type=\"application\/ld+json\" class=\"yoast-schema-graph\">{\"@context\":\"https:\\\/\\\/schema.org\",\"@graph\":[{\"@type\":\"WebPage\",\"@id\":\"https:\\\/\\\/www.viesmat.com\\\/pt-pt\\\/produto\\\/tapetes-metalicos-de-aluminio\\\/\",\"url\":\"https:\\\/\\\/www.viesmat.com\\\/pt-pt\\\/produto\\\/tapetes-metalicos-de-aluminio\\\/\",\"name\":\"Tapetes metalicos de alum\u00ednio | VIESMAT\",\"isPartOf\":{\"@id\":\"https:\\\/\\\/www.viesmat.com\\\/#website\"},\"primaryImageOfPage\":{\"@id\":\"https:\\\/\\\/www.viesmat.com\\\/pt-pt\\\/produto\\\/tapetes-metalicos-de-aluminio\\\/#primaryimage\"},\"image\":{\"@id\":\"https:\\\/\\\/www.viesmat.com\\\/pt-pt\\\/produto\\\/tapetes-metalicos-de-aluminio\\\/#primaryimage\"},\"thumbnailUrl\":\"https:\\\/\\\/www.viesmat.com\\\/wp-content\\\/uploads\\\/2020\\\/09\\\/metalico.jpg\",\"datePublished\":\"2020-09-24T11:14:45+00:00\",\"dateModified\":\"2020-11-01T14:52:15+00:00\",\"description\":\"Tapetes metalicos fabricados em qualquer medida com estrutura de alum\u00ednio resistente e inser\u00e7\u00f5es em PVC, escovas ou alcatifa\",\"breadcrumb\":{\"@id\":\"https:\\\/\\\/www.viesmat.com\\\/pt-pt\\\/produto\\\/tapetes-metalicos-de-aluminio\\\/#breadcrumb\"},\"inLanguage\":\"pt-PT\",\"potentialAction\":[{\"@type\":\"ReadAction\",\"target\":[\"https:\\\/\\\/www.viesmat.com\\\/pt-pt\\\/produto\\\/tapetes-metalicos-de-aluminio\\\/\"]}]},{\"@type\":\"ImageObject\",\"inLanguage\":\"pt-PT\",\"@id\":\"https:\\\/\\\/www.viesmat.com\\\/pt-pt\\\/produto\\\/tapetes-metalicos-de-aluminio\\\/#primaryimage\",\"url\":\"https:\\\/\\\/www.viesmat.com\\\/wp-content\\\/uploads\\\/2020\\\/09\\\/metalico.jpg\",\"contentUrl\":\"https:\\\/\\\/www.viesmat.com\\\/wp-content\\\/uploads\\\/2020\\\/09\\\/metalico.jpg\",\"width\":900,\"height\":700},{\"@type\":\"BreadcrumbList\",\"@id\":\"https:\\\/\\\/www.viesmat.com\\\/pt-pt\\\/produto\\\/tapetes-metalicos-de-aluminio\\\/#breadcrumb\",\"itemListElement\":[{\"@type\":\"ListItem\",\"position\":1,\"name\":\"Home\",\"item\":\"https:\\\/\\\/www.viesmat.com\\\/pt-pt\\\/\"},{\"@type\":\"ListItem\",\"position\":2,\"name\":\"Produtos\",\"item\":\"https:\\\/\\\/www.viesmat.com\\\/productos\\\/\"},{\"@type\":\"ListItem\",\"position\":3,\"name\":\"Tapetes metalicos de alum\u00ednio\"}]},{\"@type\":\"WebSite\",\"@id\":\"https:\\\/\\\/www.viesmat.com\\\/#website\",\"url\":\"https:\\\/\\\/www.viesmat.com\\\/\",\"name\":\"VIESMAT\",\"description\":\"Felpudos de entrada, pavimentos de caucho y felpudos met\u00e1licos\",\"publisher\":{\"@id\":\"https:\\\/\\\/www.viesmat.com\\\/#organization\"},\"potentialAction\":[{\"@type\":\"SearchAction\",\"target\":{\"@type\":\"EntryPoint\",\"urlTemplate\":\"https:\\\/\\\/www.viesmat.com\\\/?s={search_term_string}\"},\"query-input\":{\"@type\":\"PropertyValueSpecification\",\"valueRequired\":true,\"valueName\":\"search_term_string\"}}],\"inLanguage\":\"pt-PT\"},{\"@type\":\"Organization\",\"@id\":\"https:\\\/\\\/www.viesmat.com\\\/#organization\",\"name\":\"Viesmat\",\"url\":\"https:\\\/\\\/www.viesmat.com\\\/\",\"logo\":{\"@type\":\"ImageObject\",\"inLanguage\":\"pt-PT\",\"@id\":\"https:\\\/\\\/www.viesmat.com\\\/#\\\/schema\\\/logo\\\/image\\\/\",\"url\":\"https:\\\/\\\/www.viesmat.com\\\/wp-content\\\/uploads\\\/2020\\\/09\\\/logo-VIESMAT.png\",\"contentUrl\":\"https:\\\/\\\/www.viesmat.com\\\/wp-content\\\/uploads\\\/2020\\\/09\\\/logo-VIESMAT.png\",\"width\":400,\"height\":86,\"caption\":\"Viesmat\"},\"image\":{\"@id\":\"https:\\\/\\\/www.viesmat.com\\\/#\\\/schema\\\/logo\\\/image\\\/\"},\"sameAs\":[\"https:\\\/\\\/www.facebook.com\\\/viesmat\"]}]}<\/script>\n<!-- \/ Yoast SEO plugin. -->","yoast_head_json":{"title":"Tapetes metalicos de alum\u00ednio | VIESMAT","description":"Tapetes metalicos fabricados em qualquer medida com estrutura de alum\u00ednio resistente e inser\u00e7\u00f5es em PVC, escovas ou alcatifa","robots":{"index":"index","follow":"follow","max-snippet":"max-snippet:-1","max-image-preview":"max-image-preview:large","max-video-preview":"max-video-preview:-1"},"canonical":"https:\/\/www.viesmat.com\/pt-pt\/produto\/tapetes-metalicos-de-aluminio\/","og_locale":"pt_PT","og_type":"article","og_title":"Tapetes metalicos de alum\u00ednio | VIESMAT","og_description":"Tapetes metalicos fabricados em qualquer medida com estrutura de alum\u00ednio resistente e inser\u00e7\u00f5es em PVC, escovas ou alcatifa","og_url":"https:\/\/www.viesmat.com\/pt-pt\/produto\/tapetes-metalicos-de-aluminio\/","og_site_name":"VIESMAT","article_publisher":"https:\/\/www.facebook.com\/viesmat","article_modified_time":"2020-11-01T14:52:15+00:00","og_image":[{"width":900,"height":700,"url":"https:\/\/www.viesmat.com\/wp-content\/uploads\/2020\/09\/metalico.jpg","type":"image\/jpeg"}],"twitter_card":"summary_large_image","twitter_misc":{"Tempo estimado de leitura":"1 minuto"},"schema":{"@context":"https:\/\/schema.org","@graph":[{"@type":"WebPage","@id":"https:\/\/www.viesmat.com\/pt-pt\/produto\/tapetes-metalicos-de-aluminio\/","url":"https:\/\/www.viesmat.com\/pt-pt\/produto\/tapetes-metalicos-de-aluminio\/","name":"Tapetes metalicos de alum\u00ednio | VIESMAT","isPartOf":{"@id":"https:\/\/www.viesmat.com\/#website"},"primaryImageOfPage":{"@id":"https:\/\/www.viesmat.com\/pt-pt\/produto\/tapetes-metalicos-de-aluminio\/#primaryimage"},"image":{"@id":"https:\/\/www.viesmat.com\/pt-pt\/produto\/tapetes-metalicos-de-aluminio\/#primaryimage"},"thumbnailUrl":"https:\/\/www.viesmat.com\/wp-content\/uploads\/2020\/09\/metalico.jpg","datePublished":"2020-09-24T11:14:45+00:00","dateModified":"2020-11-01T14:52:15+00:00","description":"Tapetes metalicos fabricados em qualquer medida com estrutura de alum\u00ednio resistente e inser\u00e7\u00f5es em PVC, escovas ou alcatifa","breadcrumb":{"@id":"https:\/\/www.viesmat.com\/pt-pt\/produto\/tapetes-metalicos-de-aluminio\/#breadcrumb"},"inLanguage":"pt-PT","potentialAction":[{"@type":"ReadAction","target":["https:\/\/www.viesmat.com\/pt-pt\/produto\/tapetes-metalicos-de-aluminio\/"]}]},{"@type":"ImageObject","inLanguage":"pt-PT","@id":"https:\/\/www.viesmat.com\/pt-pt\/produto\/tapetes-metalicos-de-aluminio\/#primaryimage","url":"https:\/\/www.viesmat.com\/wp-content\/uploads\/2020\/09\/metalico.jpg","contentUrl":"https:\/\/www.viesmat.com\/wp-content\/uploads\/2020\/09\/metalico.jpg","width":900,"height":700},{"@type":"BreadcrumbList","@id":"https:\/\/www.viesmat.com\/pt-pt\/produto\/tapetes-metalicos-de-aluminio\/#breadcrumb","itemListElement":[{"@type":"ListItem","position":1,"name":"Home","item":"https:\/\/www.viesmat.com\/pt-pt\/"},{"@type":"ListItem","position":2,"name":"Produtos","item":"https:\/\/www.viesmat.com\/productos\/"},{"@type":"ListItem","position":3,"name":"Tapetes metalicos de alum\u00ednio"}]},{"@type":"WebSite","@id":"https:\/\/www.viesmat.com\/#website","url":"https:\/\/www.viesmat.com\/","name":"VIESMAT","description":"Felpudos de entrada, pavimentos de caucho y felpudos met\u00e1licos","publisher":{"@id":"https:\/\/www.viesmat.com\/#organization"},"potentialAction":[{"@type":"SearchAction","target":{"@type":"EntryPoint","urlTemplate":"https:\/\/www.viesmat.com\/?s={search_term_string}"},"query-input":{"@type":"PropertyValueSpecification","valueRequired":true,"valueName":"search_term_string"}}],"inLanguage":"pt-PT"},{"@type":"Organization","@id":"https:\/\/www.viesmat.com\/#organization","name":"Viesmat","url":"https:\/\/www.viesmat.com\/","logo":{"@type":"ImageObject","inLanguage":"pt-PT","@id":"https:\/\/www.viesmat.com\/#\/schema\/logo\/image\/","url":"https:\/\/www.viesmat.com\/wp-content\/uploads\/2020\/09\/logo-VIESMAT.png","contentUrl":"https:\/\/www.viesmat.com\/wp-content\/uploads\/2020\/09\/logo-VIESMAT.png","width":400,"height":86,"caption":"Viesmat"},"image":{"@id":"https:\/\/www.viesmat.com\/#\/schema\/logo\/image\/"},"sameAs":["https:\/\/www.facebook.com\/viesmat"]}]}},"_links":{"self":[{"href":"https:\/\/www.viesmat.com\/pt-pt\/wp-json\/wp\/v2\/product\/1099","targetHints":{"allow":["GET"]}}],"collection":[{"href":"https:\/\/www.viesmat.com\/pt-pt\/wp-json\/wp\/v2\/product"}],"about":[{"href":"https:\/\/www.viesmat.com\/pt-pt\/wp-json\/wp\/v2\/types\/product"}],"wp:featuredmedia":[{"embeddable":true,"href":"https:\/\/www.viesmat.com\/pt-pt\/wp-json\/wp\/v2\/media\/1101"}],"wp:attachment":[{"href":"https:\/\/www.viesmat.com\/pt-pt\/wp-json\/wp\/v2\/media?parent=1099"}],"wp:term":[{"taxonomy":"product_brand","embeddable":true,"href":"https:\/\/www.viesmat.com\/pt-pt\/wp-json\/wp\/v2\/product_brand?post=1099"},{"taxonomy":"product_cat","embeddable":true,"href":"https:\/\/www.viesmat.com\/pt-pt\/wp-json\/wp\/v2\/product_cat?post=1099"},{"taxonomy":"product_tag","embeddable":true,"href":"https:\/\/www.viesmat.com\/pt-pt\/wp-json\/wp\/v2\/product_tag?post=1099"}],"curies":[{"name":"wp","href":"https:\/\/api.w.org\/{rel}","templated":true}]}}