{"id":1548,"date":"2021-01-05T11:03:34","date_gmt":"2021-01-05T10:03:35","guid":{"rendered":"https:\/\/www.viesmat.com\/?post_type=product&#038;p=1548"},"modified":"2021-01-05T14:20:34","modified_gmt":"2021-01-05T13:20:34","slug":"perfil_da_escada","status":"publish","type":"product","link":"https:\/\/www.viesmat.com\/pt-pt\/produto\/perfil_da_escada\/","title":{"rendered":"Perfil da Escada"},"content":{"rendered":"<div class=\"wpb-content-wrapper\">[vc_row][vc_column][vc_column_text]Perfil da banda de rodagem para um condicionamento antiderrapante e esteticamente atraente das bordas dos degraus.<\/p>\n<p>Protetor de borda para escadas com piso de borracha SBR antiderrapante.<\/p>\n<p>Indicado tanto para decora\u00e7\u00e3o como para uso industrial.<\/p>\n<p><strong>MEDIDA:<\/strong> Rolos de 40mL<\/p>\n<p>Exemplos de uso: degraus de escada, prote\u00e7\u00e3o de canto, prote\u00e7\u00e3o de coluna de estacionamento.[\/vc_column_text][\/vc_column][\/vc_row][vc_row][vc_column width=&#8221;1\/3&#8243;][vc_single_image image=&#8221;1556&#8243;][\/vc_column][vc_column width=&#8221;1\/3&#8243;][vc_single_image image=&#8221;1560&#8243;][\/vc_column][vc_column width=&#8221;1\/3&#8243;][vc_single_image image=&#8221;1564&#8243;][\/vc_column][\/vc_row]\n<\/div>","protected":false},"excerpt":{"rendered":"<p>[vc_row][vc_column][vc_column_text]Perfil da banda de rodagem para um condicionamento antiderrapante e esteticamente atraente das bordas dos degraus. Protetor de borda para escadas com piso de borracha SBR antiderrapante. Indicado tanto para decora\u00e7\u00e3o como para uso industrial. MEDIDA: Rolos de 40mL Exemplos de uso: degraus de escada, prote\u00e7\u00e3o de canto, prote\u00e7\u00e3o de coluna de estacionamento.[\/vc_column_text][\/vc_column][\/vc_row][vc_row][vc_column width=&#8221;1\/3&#8243;][vc_single_image image=&#8221;1556&#8243;][\/vc_column][vc_column&hellip;<\/p>\n","protected":false},"featured_media":1552,"template":"","meta":[],"product_brand":[],"product_cat":[66],"product_tag":[],"class_list":{"0":"post-1548","1":"product","2":"type-product","3":"status-publish","4":"has-post-thumbnail","6":"product_cat-pavimentos-em-borracha","7":"entry","8":"has-media","10":"first","11":"instock","12":"shipping-taxable","13":"purchasable","14":"product-type-simple"},"yoast_head":"<!-- This site is optimized with the Yoast SEO plugin v27.4 - https:\/\/yoast.com\/product\/yoast-seo-wordpress\/ -->\n<title>Perfil da Escada | VIESMAT<\/title>\n<meta name=\"robots\" content=\"index, follow, max-snippet:-1, max-image-preview:large, max-video-preview:-1\" \/>\n<link rel=\"canonical\" href=\"https:\/\/www.viesmat.com\/produto\/perfil_cantonera\/\" \/>\n<meta property=\"og:locale\" content=\"pt_PT\" \/>\n<meta property=\"og:type\" content=\"article\" \/>\n<meta property=\"og:title\" content=\"Perfil da Escada | VIESMAT\" \/>\n<meta property=\"og:description\" content=\"[vc_row][vc_column][vc_column_text]Perfil da banda de rodagem para um condicionamento antiderrapante e esteticamente atraente das bordas dos degraus. Protetor de borda para escadas com piso de borracha SBR antiderrapante. Indicado tanto para decora\u00e7\u00e3o como para uso industrial. MEDIDA: Rolos de 40mL Exemplos de uso: degraus de escada, prote\u00e7\u00e3o de canto, prote\u00e7\u00e3o de coluna de estacionamento.[\/vc_column_text][\/vc_column][\/vc_row][vc_row][vc_column width=&#8221;1\/3&#8243;][vc_single_image image=&#8221;1556&#8243;][\/vc_column][vc_column&hellip;\" \/>\n<meta property=\"og:url\" content=\"https:\/\/www.viesmat.com\/produto\/perfil_cantonera\/\" \/>\n<meta property=\"og:site_name\" content=\"VIESMAT\" \/>\n<meta property=\"article:publisher\" content=\"https:\/\/www.facebook.com\/viesmat\" \/>\n<meta property=\"article:modified_time\" content=\"2021-01-05T13:20:34+00:00\" \/>\n<meta property=\"og:image\" content=\"https:\/\/www.viesmat.com\/wp-content\/uploads\/2021\/01\/perfil3.jpg\" \/>\n\t<meta property=\"og:image:width\" content=\"595\" \/>\n\t<meta property=\"og:image:height\" content=\"529\" \/>\n\t<meta property=\"og:image:type\" content=\"image\/jpeg\" \/>\n<meta name=\"twitter:card\" content=\"summary_large_image\" \/>\n<meta name=\"twitter:label1\" content=\"Tempo estimado de leitura\" \/>\n\t<meta name=\"twitter:data1\" content=\"1 minuto\" \/>\n<script type=\"application\/ld+json\" class=\"yoast-schema-graph\">{\"@context\":\"https:\\\/\\\/schema.org\",\"@graph\":[{\"@type\":\"WebPage\",\"@id\":\"https:\\\/\\\/www.viesmat.com\\\/produto\\\/perfil_cantonera\\\/\",\"url\":\"https:\\\/\\\/www.viesmat.com\\\/produto\\\/perfil_cantonera\\\/\",\"name\":\"Perfil da Escada | VIESMAT\",\"isPartOf\":{\"@id\":\"https:\\\/\\\/www.viesmat.com\\\/#website\"},\"primaryImageOfPage\":{\"@id\":\"https:\\\/\\\/www.viesmat.com\\\/produto\\\/perfil_cantonera\\\/#primaryimage\"},\"image\":{\"@id\":\"https:\\\/\\\/www.viesmat.com\\\/produto\\\/perfil_cantonera\\\/#primaryimage\"},\"thumbnailUrl\":\"https:\\\/\\\/www.viesmat.com\\\/wp-content\\\/uploads\\\/2021\\\/01\\\/perfil3.jpg\",\"datePublished\":\"2021-01-05T10:03:35+00:00\",\"dateModified\":\"2021-01-05T13:20:34+00:00\",\"breadcrumb\":{\"@id\":\"https:\\\/\\\/www.viesmat.com\\\/produto\\\/perfil_cantonera\\\/#breadcrumb\"},\"inLanguage\":\"pt-PT\",\"potentialAction\":[{\"@type\":\"ReadAction\",\"target\":[\"https:\\\/\\\/www.viesmat.com\\\/produto\\\/perfil_cantonera\\\/\"]}]},{\"@type\":\"ImageObject\",\"inLanguage\":\"pt-PT\",\"@id\":\"https:\\\/\\\/www.viesmat.com\\\/produto\\\/perfil_cantonera\\\/#primaryimage\",\"url\":\"https:\\\/\\\/www.viesmat.com\\\/wp-content\\\/uploads\\\/2021\\\/01\\\/perfil3.jpg\",\"contentUrl\":\"https:\\\/\\\/www.viesmat.com\\\/wp-content\\\/uploads\\\/2021\\\/01\\\/perfil3.jpg\",\"width\":595,\"height\":529},{\"@type\":\"BreadcrumbList\",\"@id\":\"https:\\\/\\\/www.viesmat.com\\\/produto\\\/perfil_cantonera\\\/#breadcrumb\",\"itemListElement\":[{\"@type\":\"ListItem\",\"position\":1,\"name\":\"Home\",\"item\":\"https:\\\/\\\/www.viesmat.com\\\/pt-pt\\\/\"},{\"@type\":\"ListItem\",\"position\":2,\"name\":\"Produtos\",\"item\":\"https:\\\/\\\/www.viesmat.com\\\/productos\\\/\"},{\"@type\":\"ListItem\",\"position\":3,\"name\":\"Perfil da Escada\"}]},{\"@type\":\"WebSite\",\"@id\":\"https:\\\/\\\/www.viesmat.com\\\/#website\",\"url\":\"https:\\\/\\\/www.viesmat.com\\\/\",\"name\":\"VIESMAT\",\"description\":\"Felpudos de entrada, pavimentos de caucho y felpudos met\u00e1licos\",\"publisher\":{\"@id\":\"https:\\\/\\\/www.viesmat.com\\\/#organization\"},\"potentialAction\":[{\"@type\":\"SearchAction\",\"target\":{\"@type\":\"EntryPoint\",\"urlTemplate\":\"https:\\\/\\\/www.viesmat.com\\\/?s={search_term_string}\"},\"query-input\":{\"@type\":\"PropertyValueSpecification\",\"valueRequired\":true,\"valueName\":\"search_term_string\"}}],\"inLanguage\":\"pt-PT\"},{\"@type\":\"Organization\",\"@id\":\"https:\\\/\\\/www.viesmat.com\\\/#organization\",\"name\":\"Viesmat\",\"url\":\"https:\\\/\\\/www.viesmat.com\\\/\",\"logo\":{\"@type\":\"ImageObject\",\"inLanguage\":\"pt-PT\",\"@id\":\"https:\\\/\\\/www.viesmat.com\\\/#\\\/schema\\\/logo\\\/image\\\/\",\"url\":\"https:\\\/\\\/www.viesmat.com\\\/wp-content\\\/uploads\\\/2020\\\/09\\\/logo-VIESMAT.png\",\"contentUrl\":\"https:\\\/\\\/www.viesmat.com\\\/wp-content\\\/uploads\\\/2020\\\/09\\\/logo-VIESMAT.png\",\"width\":400,\"height\":86,\"caption\":\"Viesmat\"},\"image\":{\"@id\":\"https:\\\/\\\/www.viesmat.com\\\/#\\\/schema\\\/logo\\\/image\\\/\"},\"sameAs\":[\"https:\\\/\\\/www.facebook.com\\\/viesmat\"]}]}<\/script>\n<!-- \/ Yoast SEO plugin. -->","yoast_head_json":{"title":"Perfil da Escada | VIESMAT","robots":{"index":"index","follow":"follow","max-snippet":"max-snippet:-1","max-image-preview":"max-image-preview:large","max-video-preview":"max-video-preview:-1"},"canonical":"https:\/\/www.viesmat.com\/produto\/perfil_cantonera\/","og_locale":"pt_PT","og_type":"article","og_title":"Perfil da Escada | VIESMAT","og_description":"[vc_row][vc_column][vc_column_text]Perfil da banda de rodagem para um condicionamento antiderrapante e esteticamente atraente das bordas dos degraus. Protetor de borda para escadas com piso de borracha SBR antiderrapante. Indicado tanto para decora\u00e7\u00e3o como para uso industrial. MEDIDA: Rolos de 40mL Exemplos de uso: degraus de escada, prote\u00e7\u00e3o de canto, prote\u00e7\u00e3o de coluna de estacionamento.[\/vc_column_text][\/vc_column][\/vc_row][vc_row][vc_column width=&#8221;1\/3&#8243;][vc_single_image image=&#8221;1556&#8243;][\/vc_column][vc_column&hellip;","og_url":"https:\/\/www.viesmat.com\/produto\/perfil_cantonera\/","og_site_name":"VIESMAT","article_publisher":"https:\/\/www.facebook.com\/viesmat","article_modified_time":"2021-01-05T13:20:34+00:00","og_image":[{"width":595,"height":529,"url":"https:\/\/www.viesmat.com\/wp-content\/uploads\/2021\/01\/perfil3.jpg","type":"image\/jpeg"}],"twitter_card":"summary_large_image","twitter_misc":{"Tempo estimado de leitura":"1 minuto"},"schema":{"@context":"https:\/\/schema.org","@graph":[{"@type":"WebPage","@id":"https:\/\/www.viesmat.com\/produto\/perfil_cantonera\/","url":"https:\/\/www.viesmat.com\/produto\/perfil_cantonera\/","name":"Perfil da Escada | VIESMAT","isPartOf":{"@id":"https:\/\/www.viesmat.com\/#website"},"primaryImageOfPage":{"@id":"https:\/\/www.viesmat.com\/produto\/perfil_cantonera\/#primaryimage"},"image":{"@id":"https:\/\/www.viesmat.com\/produto\/perfil_cantonera\/#primaryimage"},"thumbnailUrl":"https:\/\/www.viesmat.com\/wp-content\/uploads\/2021\/01\/perfil3.jpg","datePublished":"2021-01-05T10:03:35+00:00","dateModified":"2021-01-05T13:20:34+00:00","breadcrumb":{"@id":"https:\/\/www.viesmat.com\/produto\/perfil_cantonera\/#breadcrumb"},"inLanguage":"pt-PT","potentialAction":[{"@type":"ReadAction","target":["https:\/\/www.viesmat.com\/produto\/perfil_cantonera\/"]}]},{"@type":"ImageObject","inLanguage":"pt-PT","@id":"https:\/\/www.viesmat.com\/produto\/perfil_cantonera\/#primaryimage","url":"https:\/\/www.viesmat.com\/wp-content\/uploads\/2021\/01\/perfil3.jpg","contentUrl":"https:\/\/www.viesmat.com\/wp-content\/uploads\/2021\/01\/perfil3.jpg","width":595,"height":529},{"@type":"BreadcrumbList","@id":"https:\/\/www.viesmat.com\/produto\/perfil_cantonera\/#breadcrumb","itemListElement":[{"@type":"ListItem","position":1,"name":"Home","item":"https:\/\/www.viesmat.com\/pt-pt\/"},{"@type":"ListItem","position":2,"name":"Produtos","item":"https:\/\/www.viesmat.com\/productos\/"},{"@type":"ListItem","position":3,"name":"Perfil da Escada"}]},{"@type":"WebSite","@id":"https:\/\/www.viesmat.com\/#website","url":"https:\/\/www.viesmat.com\/","name":"VIESMAT","description":"Felpudos de entrada, pavimentos de caucho y felpudos met\u00e1licos","publisher":{"@id":"https:\/\/www.viesmat.com\/#organization"},"potentialAction":[{"@type":"SearchAction","target":{"@type":"EntryPoint","urlTemplate":"https:\/\/www.viesmat.com\/?s={search_term_string}"},"query-input":{"@type":"PropertyValueSpecification","valueRequired":true,"valueName":"search_term_string"}}],"inLanguage":"pt-PT"},{"@type":"Organization","@id":"https:\/\/www.viesmat.com\/#organization","name":"Viesmat","url":"https:\/\/www.viesmat.com\/","logo":{"@type":"ImageObject","inLanguage":"pt-PT","@id":"https:\/\/www.viesmat.com\/#\/schema\/logo\/image\/","url":"https:\/\/www.viesmat.com\/wp-content\/uploads\/2020\/09\/logo-VIESMAT.png","contentUrl":"https:\/\/www.viesmat.com\/wp-content\/uploads\/2020\/09\/logo-VIESMAT.png","width":400,"height":86,"caption":"Viesmat"},"image":{"@id":"https:\/\/www.viesmat.com\/#\/schema\/logo\/image\/"},"sameAs":["https:\/\/www.facebook.com\/viesmat"]}]}},"_links":{"self":[{"href":"https:\/\/www.viesmat.com\/pt-pt\/wp-json\/wp\/v2\/product\/1548","targetHints":{"allow":["GET"]}}],"collection":[{"href":"https:\/\/www.viesmat.com\/pt-pt\/wp-json\/wp\/v2\/product"}],"about":[{"href":"https:\/\/www.viesmat.com\/pt-pt\/wp-json\/wp\/v2\/types\/product"}],"wp:featuredmedia":[{"embeddable":true,"href":"https:\/\/www.viesmat.com\/pt-pt\/wp-json\/wp\/v2\/media\/1552"}],"wp:attachment":[{"href":"https:\/\/www.viesmat.com\/pt-pt\/wp-json\/wp\/v2\/media?parent=1548"}],"wp:term":[{"taxonomy":"product_brand","embeddable":true,"href":"https:\/\/www.viesmat.com\/pt-pt\/wp-json\/wp\/v2\/product_brand?post=1548"},{"taxonomy":"product_cat","embeddable":true,"href":"https:\/\/www.viesmat.com\/pt-pt\/wp-json\/wp\/v2\/product_cat?post=1548"},{"taxonomy":"product_tag","embeddable":true,"href":"https:\/\/www.viesmat.com\/pt-pt\/wp-json\/wp\/v2\/product_tag?post=1548"}],"curies":[{"name":"wp","href":"https:\/\/api.w.org\/{rel}","templated":true}]}}