{"id":990,"date":"2020-09-26T21:57:11","date_gmt":"2020-09-26T21:57:11","guid":{"rendered":"https:\/\/www.viesmat.com\/producto\/suelos-de-caucho-para-zonas-de-nieve\/"},"modified":"2020-10-07T13:42:46","modified_gmt":"2020-10-07T13:42:46","slug":"pavimento-borracha-para-areas-de-neve","status":"publish","type":"product","link":"https:\/\/www.viesmat.com\/pt-pt\/produto\/pavimento-borracha-para-areas-de-neve\/","title":{"rendered":"Pavimento borracha para \u00e1reas de neve"},"content":{"rendered":"<div class=\"wpb-content-wrapper\">[vc_row][vc_column][vc_column_text]Fabricante de todo tipo de pavimentos de caucho para la nieve. Suelos de caucho para zonas donde la nieve, hielo o barro son un problema.<\/p>\n<p>Los felpudos alveolares es un remedio infalible como suelo de caucho para zonas de nieve. Elegante y confortable. Pavimento de Caucho que reduce el impacto con el suelo.[\/vc_column_text][vc_row_inner css=&#8221;.vc_custom_1601157674431{margin-top: 20px !important;}&#8221;][vc_column_inner width=&#8221;1\/2&#8243;][vc_column_text]Alfombras para zonas de nieve, barro y hielo. Suelo de goma ideal para estaciones de esqu\u00ed y zonas h\u00famedas o resbaladizas de trabajo. Evacuci\u00f3n del agua por la parte inferior. Gran solidez al desgaste permitiendo un andar silencioso y descansado.<\/p>\n<p><strong>PLACA CAUCHO ALVEOLAR:<\/strong><br \/>\n150x100cm. en 22mm.<br \/>\nFondo abierto y Fondo Cerrado<\/p>\n<p><img loading=\"lazy\" decoding=\"async\" class=\"alignnone wp-image-232 size-full\" src=\"https:\/\/www.viesmat.com\/wp-content\/uploads\/2020\/09\/alveolar.jpg\" alt=\"\" width=\"263\" height=\"235\" \/><\/p>\n<p>Suministros en TODA ESPA\u00d1A.[\/vc_column_text][\/vc_column_inner][vc_column_inner width=&#8221;1\/2&#8243;]<figure class=\"vcex-image vcex-module wpex-text-left\"><div class=\"vcex-image-inner wpex-relative wpex-w-100\"><img width=\"289\" height=\"163\" src=\"https:\/\/www.viesmat.com\/wp-content\/uploads\/2020\/09\/escalera-caucho-nieve.jpg\" class=\"vcex-image-img wpex-align-middle wpex-w-100\" alt=\"\" loading=\"lazy\" decoding=\"async\" \/><\/div><\/figure><figure class=\"vcex-image vcex-module wpex-text-left\"><div class=\"vcex-image-inner wpex-relative wpex-w-100\"><img width=\"266\" height=\"200\" src=\"https:\/\/www.viesmat.com\/wp-content\/uploads\/2020\/09\/caucho-nieve.jpg\" class=\"vcex-image-img wpex-align-middle wpex-w-100\" alt=\"\" loading=\"lazy\" decoding=\"async\" srcset=\"https:\/\/www.viesmat.com\/wp-content\/uploads\/2020\/09\/caucho-nieve.jpg 266w, https:\/\/www.viesmat.com\/wp-content\/uploads\/2020\/09\/caucho-nieve-217x163.jpg 217w\" sizes=\"auto, (max-width: 266px) 100vw, 266px\" \/><\/div><\/figure><figure class=\"vcex-image vcex-module wpex-text-left\"><div class=\"vcex-image-inner wpex-relative wpex-w-100\"><img width=\"289\" height=\"163\" src=\"https:\/\/www.viesmat.com\/wp-content\/uploads\/2020\/09\/suelo-caucho-nieve.jpg\" class=\"vcex-image-img wpex-align-middle wpex-w-100\" alt=\"\" loading=\"lazy\" decoding=\"async\" \/><\/div><\/figure>[\/vc_column_inner][\/vc_row_inner][\/vc_column][\/vc_row]\n<\/div>","protected":false},"excerpt":{"rendered":"<p>[vc_row][vc_column][vc_column_text]Fabricante de todo tipo de pavimentos de caucho para la nieve. Suelos de caucho para zonas donde la nieve, hielo o barro son un problema. Los felpudos alveolares es un remedio infalible como suelo de caucho para zonas de nieve. Elegante y confortable. Pavimento de Caucho que reduce el impacto con el suelo.[\/vc_column_text][vc_row_inner css=&#8221;.vc_custom_1601157674431{margin-top: 20px&hellip;<\/p>\n","protected":false},"featured_media":992,"template":"","meta":[],"product_brand":[],"product_cat":[63],"product_tag":[],"class_list":{"0":"post-990","1":"product","2":"type-product","3":"status-publish","4":"has-post-thumbnail","6":"product_cat-pavimentos-especiais","7":"entry","8":"has-media","10":"first","11":"instock","12":"shipping-taxable","13":"purchasable","14":"product-type-simple"},"yoast_head":"<!-- This site is optimized with the Yoast SEO plugin v27.4 - https:\/\/yoast.com\/product\/yoast-seo-wordpress\/ -->\n<title>Pavimento borracha para \u00e1reas de neve | VIESMAT<\/title>\n<meta name=\"robots\" content=\"index, follow, max-snippet:-1, max-image-preview:large, max-video-preview:-1\" \/>\n<link rel=\"canonical\" href=\"https:\/\/www.viesmat.com\/produto\/suelos-de-caucho-para-zonas-de-nieve\/\" \/>\n<meta property=\"og:locale\" content=\"pt_PT\" \/>\n<meta property=\"og:type\" content=\"article\" \/>\n<meta property=\"og:title\" content=\"Pavimento borracha para \u00e1reas de neve | VIESMAT\" \/>\n<meta property=\"og:description\" content=\"[vc_row][vc_column][vc_column_text]Fabricante de todo tipo de pavimentos de caucho para la nieve. Suelos de caucho para zonas donde la nieve, hielo o barro son un problema. Los felpudos alveolares es un remedio infalible como suelo de caucho para zonas de nieve. Elegante y confortable. Pavimento de Caucho que reduce el impacto con el suelo.[\/vc_column_text][vc_row_inner css=&#8221;.vc_custom_1601157674431{margin-top: 20px&hellip;\" \/>\n<meta property=\"og:url\" content=\"https:\/\/www.viesmat.com\/produto\/suelos-de-caucho-para-zonas-de-nieve\/\" \/>\n<meta property=\"og:site_name\" content=\"VIESMAT\" \/>\n<meta property=\"article:publisher\" content=\"https:\/\/www.facebook.com\/viesmat\" \/>\n<meta property=\"article:modified_time\" content=\"2020-10-07T13:42:46+00:00\" \/>\n<meta property=\"og:image\" content=\"https:\/\/www.viesmat.com\/wp-content\/uploads\/2020\/09\/alveolar-nieve-1.jpg\" \/>\n\t<meta property=\"og:image:width\" content=\"665\" \/>\n\t<meta property=\"og:image:height\" content=\"500\" \/>\n\t<meta property=\"og:image:type\" content=\"image\/jpeg\" \/>\n<meta name=\"twitter:card\" content=\"summary_large_image\" \/>\n<meta name=\"twitter:label1\" content=\"Tempo estimado de leitura\" \/>\n\t<meta name=\"twitter:data1\" content=\"1 minuto\" \/>\n<script type=\"application\/ld+json\" class=\"yoast-schema-graph\">{\"@context\":\"https:\\\/\\\/schema.org\",\"@graph\":[{\"@type\":\"WebPage\",\"@id\":\"https:\\\/\\\/www.viesmat.com\\\/produto\\\/suelos-de-caucho-para-zonas-de-nieve\\\/\",\"url\":\"https:\\\/\\\/www.viesmat.com\\\/produto\\\/suelos-de-caucho-para-zonas-de-nieve\\\/\",\"name\":\"Pavimento borracha para \u00e1reas de neve | VIESMAT\",\"isPartOf\":{\"@id\":\"https:\\\/\\\/www.viesmat.com\\\/#website\"},\"primaryImageOfPage\":{\"@id\":\"https:\\\/\\\/www.viesmat.com\\\/produto\\\/suelos-de-caucho-para-zonas-de-nieve\\\/#primaryimage\"},\"image\":{\"@id\":\"https:\\\/\\\/www.viesmat.com\\\/produto\\\/suelos-de-caucho-para-zonas-de-nieve\\\/#primaryimage\"},\"thumbnailUrl\":\"https:\\\/\\\/www.viesmat.com\\\/wp-content\\\/uploads\\\/2020\\\/09\\\/alveolar-nieve-1.jpg\",\"datePublished\":\"2020-09-26T21:57:11+00:00\",\"dateModified\":\"2020-10-07T13:42:46+00:00\",\"breadcrumb\":{\"@id\":\"https:\\\/\\\/www.viesmat.com\\\/produto\\\/suelos-de-caucho-para-zonas-de-nieve\\\/#breadcrumb\"},\"inLanguage\":\"pt-PT\",\"potentialAction\":[{\"@type\":\"ReadAction\",\"target\":[\"https:\\\/\\\/www.viesmat.com\\\/produto\\\/suelos-de-caucho-para-zonas-de-nieve\\\/\"]}]},{\"@type\":\"ImageObject\",\"inLanguage\":\"pt-PT\",\"@id\":\"https:\\\/\\\/www.viesmat.com\\\/produto\\\/suelos-de-caucho-para-zonas-de-nieve\\\/#primaryimage\",\"url\":\"https:\\\/\\\/www.viesmat.com\\\/wp-content\\\/uploads\\\/2020\\\/09\\\/alveolar-nieve-1.jpg\",\"contentUrl\":\"https:\\\/\\\/www.viesmat.com\\\/wp-content\\\/uploads\\\/2020\\\/09\\\/alveolar-nieve-1.jpg\",\"width\":665,\"height\":500},{\"@type\":\"BreadcrumbList\",\"@id\":\"https:\\\/\\\/www.viesmat.com\\\/produto\\\/suelos-de-caucho-para-zonas-de-nieve\\\/#breadcrumb\",\"itemListElement\":[{\"@type\":\"ListItem\",\"position\":1,\"name\":\"Home\",\"item\":\"https:\\\/\\\/www.viesmat.com\\\/pt-pt\\\/\"},{\"@type\":\"ListItem\",\"position\":2,\"name\":\"Produtos\",\"item\":\"https:\\\/\\\/www.viesmat.com\\\/productos\\\/\"},{\"@type\":\"ListItem\",\"position\":3,\"name\":\"Pavimento borracha para \u00e1reas de neve\"}]},{\"@type\":\"WebSite\",\"@id\":\"https:\\\/\\\/www.viesmat.com\\\/#website\",\"url\":\"https:\\\/\\\/www.viesmat.com\\\/\",\"name\":\"VIESMAT\",\"description\":\"Felpudos de entrada, pavimentos de caucho y felpudos met\u00e1licos\",\"publisher\":{\"@id\":\"https:\\\/\\\/www.viesmat.com\\\/#organization\"},\"potentialAction\":[{\"@type\":\"SearchAction\",\"target\":{\"@type\":\"EntryPoint\",\"urlTemplate\":\"https:\\\/\\\/www.viesmat.com\\\/?s={search_term_string}\"},\"query-input\":{\"@type\":\"PropertyValueSpecification\",\"valueRequired\":true,\"valueName\":\"search_term_string\"}}],\"inLanguage\":\"pt-PT\"},{\"@type\":\"Organization\",\"@id\":\"https:\\\/\\\/www.viesmat.com\\\/#organization\",\"name\":\"Viesmat\",\"url\":\"https:\\\/\\\/www.viesmat.com\\\/\",\"logo\":{\"@type\":\"ImageObject\",\"inLanguage\":\"pt-PT\",\"@id\":\"https:\\\/\\\/www.viesmat.com\\\/#\\\/schema\\\/logo\\\/image\\\/\",\"url\":\"https:\\\/\\\/www.viesmat.com\\\/wp-content\\\/uploads\\\/2020\\\/09\\\/logo-VIESMAT.png\",\"contentUrl\":\"https:\\\/\\\/www.viesmat.com\\\/wp-content\\\/uploads\\\/2020\\\/09\\\/logo-VIESMAT.png\",\"width\":400,\"height\":86,\"caption\":\"Viesmat\"},\"image\":{\"@id\":\"https:\\\/\\\/www.viesmat.com\\\/#\\\/schema\\\/logo\\\/image\\\/\"},\"sameAs\":[\"https:\\\/\\\/www.facebook.com\\\/viesmat\"]}]}<\/script>\n<!-- \/ Yoast SEO plugin. -->","yoast_head_json":{"title":"Pavimento borracha para \u00e1reas de neve | VIESMAT","robots":{"index":"index","follow":"follow","max-snippet":"max-snippet:-1","max-image-preview":"max-image-preview:large","max-video-preview":"max-video-preview:-1"},"canonical":"https:\/\/www.viesmat.com\/produto\/suelos-de-caucho-para-zonas-de-nieve\/","og_locale":"pt_PT","og_type":"article","og_title":"Pavimento borracha para \u00e1reas de neve | VIESMAT","og_description":"[vc_row][vc_column][vc_column_text]Fabricante de todo tipo de pavimentos de caucho para la nieve. Suelos de caucho para zonas donde la nieve, hielo o barro son un problema. Los felpudos alveolares es un remedio infalible como suelo de caucho para zonas de nieve. Elegante y confortable. Pavimento de Caucho que reduce el impacto con el suelo.[\/vc_column_text][vc_row_inner css=&#8221;.vc_custom_1601157674431{margin-top: 20px&hellip;","og_url":"https:\/\/www.viesmat.com\/produto\/suelos-de-caucho-para-zonas-de-nieve\/","og_site_name":"VIESMAT","article_publisher":"https:\/\/www.facebook.com\/viesmat","article_modified_time":"2020-10-07T13:42:46+00:00","og_image":[{"width":665,"height":500,"url":"https:\/\/www.viesmat.com\/wp-content\/uploads\/2020\/09\/alveolar-nieve-1.jpg","type":"image\/jpeg"}],"twitter_card":"summary_large_image","twitter_misc":{"Tempo estimado de leitura":"1 minuto"},"schema":{"@context":"https:\/\/schema.org","@graph":[{"@type":"WebPage","@id":"https:\/\/www.viesmat.com\/produto\/suelos-de-caucho-para-zonas-de-nieve\/","url":"https:\/\/www.viesmat.com\/produto\/suelos-de-caucho-para-zonas-de-nieve\/","name":"Pavimento borracha para \u00e1reas de neve | VIESMAT","isPartOf":{"@id":"https:\/\/www.viesmat.com\/#website"},"primaryImageOfPage":{"@id":"https:\/\/www.viesmat.com\/produto\/suelos-de-caucho-para-zonas-de-nieve\/#primaryimage"},"image":{"@id":"https:\/\/www.viesmat.com\/produto\/suelos-de-caucho-para-zonas-de-nieve\/#primaryimage"},"thumbnailUrl":"https:\/\/www.viesmat.com\/wp-content\/uploads\/2020\/09\/alveolar-nieve-1.jpg","datePublished":"2020-09-26T21:57:11+00:00","dateModified":"2020-10-07T13:42:46+00:00","breadcrumb":{"@id":"https:\/\/www.viesmat.com\/produto\/suelos-de-caucho-para-zonas-de-nieve\/#breadcrumb"},"inLanguage":"pt-PT","potentialAction":[{"@type":"ReadAction","target":["https:\/\/www.viesmat.com\/produto\/suelos-de-caucho-para-zonas-de-nieve\/"]}]},{"@type":"ImageObject","inLanguage":"pt-PT","@id":"https:\/\/www.viesmat.com\/produto\/suelos-de-caucho-para-zonas-de-nieve\/#primaryimage","url":"https:\/\/www.viesmat.com\/wp-content\/uploads\/2020\/09\/alveolar-nieve-1.jpg","contentUrl":"https:\/\/www.viesmat.com\/wp-content\/uploads\/2020\/09\/alveolar-nieve-1.jpg","width":665,"height":500},{"@type":"BreadcrumbList","@id":"https:\/\/www.viesmat.com\/produto\/suelos-de-caucho-para-zonas-de-nieve\/#breadcrumb","itemListElement":[{"@type":"ListItem","position":1,"name":"Home","item":"https:\/\/www.viesmat.com\/pt-pt\/"},{"@type":"ListItem","position":2,"name":"Produtos","item":"https:\/\/www.viesmat.com\/productos\/"},{"@type":"ListItem","position":3,"name":"Pavimento borracha para \u00e1reas de neve"}]},{"@type":"WebSite","@id":"https:\/\/www.viesmat.com\/#website","url":"https:\/\/www.viesmat.com\/","name":"VIESMAT","description":"Felpudos de entrada, pavimentos de caucho y felpudos met\u00e1licos","publisher":{"@id":"https:\/\/www.viesmat.com\/#organization"},"potentialAction":[{"@type":"SearchAction","target":{"@type":"EntryPoint","urlTemplate":"https:\/\/www.viesmat.com\/?s={search_term_string}"},"query-input":{"@type":"PropertyValueSpecification","valueRequired":true,"valueName":"search_term_string"}}],"inLanguage":"pt-PT"},{"@type":"Organization","@id":"https:\/\/www.viesmat.com\/#organization","name":"Viesmat","url":"https:\/\/www.viesmat.com\/","logo":{"@type":"ImageObject","inLanguage":"pt-PT","@id":"https:\/\/www.viesmat.com\/#\/schema\/logo\/image\/","url":"https:\/\/www.viesmat.com\/wp-content\/uploads\/2020\/09\/logo-VIESMAT.png","contentUrl":"https:\/\/www.viesmat.com\/wp-content\/uploads\/2020\/09\/logo-VIESMAT.png","width":400,"height":86,"caption":"Viesmat"},"image":{"@id":"https:\/\/www.viesmat.com\/#\/schema\/logo\/image\/"},"sameAs":["https:\/\/www.facebook.com\/viesmat"]}]}},"_links":{"self":[{"href":"https:\/\/www.viesmat.com\/pt-pt\/wp-json\/wp\/v2\/product\/990","targetHints":{"allow":["GET"]}}],"collection":[{"href":"https:\/\/www.viesmat.com\/pt-pt\/wp-json\/wp\/v2\/product"}],"about":[{"href":"https:\/\/www.viesmat.com\/pt-pt\/wp-json\/wp\/v2\/types\/product"}],"wp:featuredmedia":[{"embeddable":true,"href":"https:\/\/www.viesmat.com\/pt-pt\/wp-json\/wp\/v2\/media\/992"}],"wp:attachment":[{"href":"https:\/\/www.viesmat.com\/pt-pt\/wp-json\/wp\/v2\/media?parent=990"}],"wp:term":[{"taxonomy":"product_brand","embeddable":true,"href":"https:\/\/www.viesmat.com\/pt-pt\/wp-json\/wp\/v2\/product_brand?post=990"},{"taxonomy":"product_cat","embeddable":true,"href":"https:\/\/www.viesmat.com\/pt-pt\/wp-json\/wp\/v2\/product_cat?post=990"},{"taxonomy":"product_tag","embeddable":true,"href":"https:\/\/www.viesmat.com\/pt-pt\/wp-json\/wp\/v2\/product_tag?post=990"}],"curies":[{"name":"wp","href":"https:\/\/api.w.org\/{rel}","templated":true}]}}