{"id":996,"date":"2020-09-26T19:06:46","date_gmt":"2020-09-26T19:06:46","guid":{"rendered":"https:\/\/www.viesmat.com\/producto\/alfombras-para-la-hosteleria\/"},"modified":"2020-10-07T13:44:36","modified_gmt":"2020-10-07T13:44:36","slug":"tapetes-para-restaurantes-e-cozinhas","status":"publish","type":"product","link":"https:\/\/www.viesmat.com\/pt-pt\/produto\/tapetes-para-restaurantes-e-cozinhas\/","title":{"rendered":"Tapetes para restaurantes e cozinhas"},"content":{"rendered":"<div class=\"wpb-content-wrapper\">[vc_row][vc_column][vc_column_text]Especialistas en la fabricaci\u00f3n y venta de Alfombras Antideslizantes para la hosteler\u00eda. Alfombras textiles secantes para entradas de cocinas.<\/p>\n<p>Las alfombras para hoster\u00eda VIESMAT son higi\u00e9nicas e imputrescibles y de larga durabilidad. Alfombra desinfectante.<\/p>\n<p><strong>Modelos alfombras antideslizantes para hosteler\u00eda:<\/strong>[\/vc_column_text][\/vc_column][\/vc_row][vc_row column_spacing=&#8221;0px&#8221; remove_bottom_col_margin=&#8221;true&#8221; css=&#8221;.vc_custom_1601147962096{border-top-width: 1px !important;border-right-width: 1px !important;border-bottom-width: 1px !important;border-left-width: 1px !important;padding-top: 20px !important;padding-right: 20px !important;padding-bottom: 20px !important;padding-left: 20px !important;background-color: #f7f7f7 !important;border-left-color: #ededed !important;border-left-style: solid !important;border-right-color: #ededed !important;border-right-style: solid !important;border-top-color: #ededed !important;border-top-style: solid !important;border-bottom-color: #ededed !important;border-bottom-style: solid !important;}&#8221;][vc_column width=&#8221;1\/3&#8243;]<figure class=\"vcex-image vcex-module wpex-text-left\"><div class=\"vcex-image-inner wpex-relative wpex-w-100\"><img loading=\"lazy\" class=\"vcex-image-img wpex-align-middle wpex-w-100\" decoding=\"async\" src=\"https:\/\/www.viesmat.com\/wp-content\/uploads\/2020\/09\/alfombra_alveolar2-300x250.jpg\" alt=\"\" width=\"300\" height=\"250\"><\/div><\/figure>[\/vc_column][vc_column width=&#8221;2\/3&#8243; css=&#8221;.vc_custom_1601148012062{padding-top: 20px !important;padding-right: 20px !important;padding-left: 20px !important;}&#8221;][vc_column_text]<strong>ALFOMBRA ALVEOLAR CON MARCO:<\/strong><br \/>\nAlfombra de caucho antifatiga ideal para cocinas y barras de bar.[\/vc_column_text]<div class=\"vc_custom_1601626916972 wpex-clr\"><a href=\"https:\/\/www.viesmat.com\/producto\/alfombra-alveolar-con-marco\/\" class=\"vcex-button theme-button inline\"><span class=\"vcex-button-inner theme-button-inner wpex-flex wpex-flex-wrap wpex-items-center wpex-justify-center\">Ver caracter\u00edsticas<\/span><\/a><\/div> [\/vc_column][\/vc_row][vc_row column_spacing=&#8221;0px&#8221; remove_bottom_col_margin=&#8221;true&#8221; css=&#8221;.vc_custom_1601148038102{margin-top: 20px !important;border-top-width: 1px !important;border-right-width: 1px !important;border-bottom-width: 1px !important;border-left-width: 1px !important;padding-top: 20px !important;padding-right: 20px !important;padding-bottom: 20px !important;padding-left: 20px !important;background-color: #f7f7f7 !important;border-left-color: #ededed !important;border-left-style: solid !important;border-right-color: #ededed !important;border-right-style: solid !important;border-top-color: #ededed !important;border-top-style: solid !important;border-bottom-color: #ededed !important;border-bottom-style: solid !important;}&#8221;][vc_column width=&#8221;1\/3&#8243;]<figure class=\"vcex-image vcex-module wpex-text-left\"><div class=\"vcex-image-inner wpex-relative wpex-w-100\"><img loading=\"lazy\" class=\"vcex-image-img wpex-align-middle wpex-w-100\" decoding=\"async\" src=\"https:\/\/www.viesmat.com\/wp-content\/uploads\/2020\/09\/clic_mat1.jpg\" alt=\"\" srcset=\"https:\/\/www.viesmat.com\/wp-content\/uploads\/2020\/09\/clic_mat1.jpg 146w, https:\/\/www.viesmat.com\/wp-content\/uploads\/2020\/09\/clic_mat1-100x100.jpg 100w\" width=\"146\" height=\"146\"><\/div><\/figure>[\/vc_column][vc_column width=&#8221;2\/3&#8243; css=&#8221;.vc_custom_1601148012062{padding-top: 20px !important;padding-right: 20px !important;padding-left: 20px !important;}&#8221;][vc_column_text]<strong>LOSETAS CLIC MAT y CLIC TOP:<\/strong><br \/>\nSuelos de caucho antifatiga ideal para cocinas y barras de bar.[\/vc_column_text]<div class=\"vc_custom_1601625592426 wpex-clr\"><a href=\"https:\/\/www.viesmat.com\/producto\/losetas-clic-mat-y-clic-top\/\" class=\"vcex-button theme-button inline\"><span class=\"vcex-button-inner theme-button-inner wpex-flex wpex-flex-wrap wpex-items-center wpex-justify-center\">Ver caracter\u00edsticas<\/span><\/a><\/div> [\/vc_column][\/vc_row][vc_row column_spacing=&#8221;0px&#8221; remove_bottom_col_margin=&#8221;true&#8221; css=&#8221;.vc_custom_1601148038102{margin-top: 20px !important;border-top-width: 1px !important;border-right-width: 1px !important;border-bottom-width: 1px !important;border-left-width: 1px !important;padding-top: 20px !important;padding-right: 20px !important;padding-bottom: 20px !important;padding-left: 20px !important;background-color: #f7f7f7 !important;border-left-color: #ededed !important;border-left-style: solid !important;border-right-color: #ededed !important;border-right-style: solid !important;border-top-color: #ededed !important;border-top-style: solid !important;border-bottom-color: #ededed !important;border-bottom-style: solid !important;}&#8221;][vc_column width=&#8221;1\/3&#8243;]<figure class=\"vcex-image vcex-module wpex-text-left\"><div class=\"vcex-image-inner wpex-relative wpex-w-100\"><img loading=\"lazy\" class=\"vcex-image-img wpex-align-middle wpex-w-100\" decoding=\"async\" src=\"https:\/\/www.viesmat.com\/wp-content\/uploads\/2020\/09\/maxmara-338x250.jpg\" alt=\"\" width=\"338\" height=\"250\"><\/div><\/figure>[\/vc_column][vc_column width=&#8221;2\/3&#8243; css=&#8221;.vc_custom_1601148012062{padding-top: 20px !important;padding-right: 20px !important;padding-left: 20px !important;}&#8221;][vc_column_text]<strong>ALFOMBRAS DE ENTRADA TEXTILES SECANTES:<\/strong><br \/>\nAlfombras textiles con base de caucho nitrilo o pvc ideal como alfombra interior.[\/vc_column_text]<div class=\"vc_custom_1601901635045 wpex-clr\"><a href=\"https:\/\/www.viesmat.com\/categoria-producto\/felpudos-de-entrada\/alfombra-textil-secante\/\" class=\"vcex-button theme-button inline\"><span class=\"vcex-button-inner theme-button-inner wpex-flex wpex-flex-wrap wpex-items-center wpex-justify-center\">Ver alfombras<\/span><\/a><\/div> [\/vc_column][\/vc_row][vc_row column_spacing=&#8221;0px&#8221; remove_bottom_col_margin=&#8221;true&#8221; css=&#8221;.vc_custom_1601148038102{margin-top: 20px !important;border-top-width: 1px !important;border-right-width: 1px !important;border-bottom-width: 1px !important;border-left-width: 1px !important;padding-top: 20px !important;padding-right: 20px !important;padding-bottom: 20px !important;padding-left: 20px !important;background-color: #f7f7f7 !important;border-left-color: #ededed !important;border-left-style: solid !important;border-right-color: #ededed !important;border-right-style: solid !important;border-top-color: #ededed !important;border-top-style: solid !important;border-bottom-color: #ededed !important;border-bottom-style: solid !important;}&#8221;][vc_column width=&#8221;1\/3&#8243;]<figure class=\"vcex-image vcex-module wpex-text-left\"><div class=\"vcex-image-inner wpex-relative wpex-w-100\"><img loading=\"lazy\" class=\"vcex-image-img wpex-align-middle wpex-w-100\" decoding=\"async\" src=\"https:\/\/www.viesmat.com\/wp-content\/uploads\/2020\/09\/loseta-plastico-alimentacion.jpg\" alt=\"\" width=\"224\" height=\"139\"><\/div><\/figure>[\/vc_column][vc_column width=&#8221;2\/3&#8243; css=&#8221;.vc_custom_1601148012062{padding-top: 20px !important;padding-right: 20px !important;padding-left: 20px !important;}&#8221;][vc_column_text]<strong>LOSETAS CON AGUJEROS:<\/strong><br \/>\nSuelos de Pl\u00e1stico ideales para zonas h\u00famedas o frigor\u00edficos.[\/vc_column_text]<div class=\"vc_custom_1601626968737 wpex-clr\"><a href=\"https:\/\/www.viesmat.com\/producto\/losetas-de-plastico-con-agujeros\/\" class=\"vcex-button theme-button inline\"><span class=\"vcex-button-inner theme-button-inner wpex-flex wpex-flex-wrap wpex-items-center wpex-justify-center\">Ver caracter\u00edsticas<\/span><\/a><\/div> [\/vc_column][\/vc_row]\n<\/div>","protected":false},"excerpt":{"rendered":"<p>[vc_row][vc_column][vc_column_text]Especialistas en la fabricaci\u00f3n y venta de Alfombras Antideslizantes para la hosteler\u00eda. Alfombras textiles secantes para entradas de cocinas. Las alfombras para hoster\u00eda VIESMAT son higi\u00e9nicas e imputrescibles y de larga durabilidad. Alfombra desinfectante. Modelos alfombras antideslizantes para hosteler\u00eda:[\/vc_column_text][\/vc_column][\/vc_row][vc_row column_spacing=&#8221;0px&#8221; remove_bottom_col_margin=&#8221;true&#8221; css=&#8221;.vc_custom_1601147962096{border-top-width: 1px !important;border-right-width: 1px !important;border-bottom-width: 1px !important;border-left-width: 1px !important;padding-top: 20px !important;padding-right: 20px !important;padding-bottom: 20px&hellip;<\/p>\n","protected":false},"featured_media":999,"template":"","meta":[],"product_brand":[],"product_cat":[63],"product_tag":[],"class_list":{"0":"post-996","1":"product","2":"type-product","3":"status-publish","4":"has-post-thumbnail","6":"product_cat-pavimentos-especiais","7":"entry","8":"has-media","10":"first","11":"instock","12":"shipping-taxable","13":"purchasable","14":"product-type-simple"},"yoast_head":"<!-- This site is optimized with the Yoast SEO plugin v27.4 - https:\/\/yoast.com\/product\/yoast-seo-wordpress\/ -->\n<title>Tapetes para restaurantes e cozinhas | VIESMAT<\/title>\n<meta name=\"robots\" content=\"index, follow, max-snippet:-1, max-image-preview:large, max-video-preview:-1\" \/>\n<link rel=\"canonical\" href=\"https:\/\/www.viesmat.com\/produto\/alfombras-para-la-hosteleria\/\" \/>\n<meta property=\"og:locale\" content=\"pt_PT\" \/>\n<meta property=\"og:type\" content=\"article\" \/>\n<meta property=\"og:title\" content=\"Tapetes para restaurantes e cozinhas | VIESMAT\" \/>\n<meta property=\"og:description\" content=\"[vc_row][vc_column][vc_column_text]Especialistas en la fabricaci\u00f3n y venta de Alfombras Antideslizantes para la hosteler\u00eda. Alfombras textiles secantes para entradas de cocinas. Las alfombras para hoster\u00eda VIESMAT son higi\u00e9nicas e imputrescibles y de larga durabilidad. Alfombra desinfectante. Modelos alfombras antideslizantes para hosteler\u00eda:[\/vc_column_text][\/vc_column][\/vc_row][vc_row column_spacing=&#8221;0px&#8221; remove_bottom_col_margin=&#8221;true&#8221; css=&#8221;.vc_custom_1601147962096{border-top-width: 1px !important;border-right-width: 1px !important;border-bottom-width: 1px !important;border-left-width: 1px !important;padding-top: 20px !important;padding-right: 20px !important;padding-bottom: 20px&hellip;\" \/>\n<meta property=\"og:url\" content=\"https:\/\/www.viesmat.com\/produto\/alfombras-para-la-hosteleria\/\" \/>\n<meta property=\"og:site_name\" content=\"VIESMAT\" \/>\n<meta property=\"article:publisher\" content=\"https:\/\/www.facebook.com\/viesmat\" \/>\n<meta property=\"article:modified_time\" content=\"2020-10-07T13:44:36+00:00\" \/>\n<meta property=\"og:image\" content=\"https:\/\/www.viesmat.com\/wp-content\/uploads\/2020\/09\/alfombra_alveolar2.jpg\" \/>\n\t<meta property=\"og:image:width\" content=\"300\" \/>\n\t<meta property=\"og:image:height\" content=\"300\" \/>\n\t<meta property=\"og:image:type\" content=\"image\/jpeg\" \/>\n<meta name=\"twitter:card\" content=\"summary_large_image\" \/>\n<meta name=\"twitter:label1\" content=\"Tempo estimado de leitura\" \/>\n\t<meta name=\"twitter:data1\" content=\"3 minutos\" \/>\n<script type=\"application\/ld+json\" class=\"yoast-schema-graph\">{\"@context\":\"https:\\\/\\\/schema.org\",\"@graph\":[{\"@type\":\"WebPage\",\"@id\":\"https:\\\/\\\/www.viesmat.com\\\/produto\\\/alfombras-para-la-hosteleria\\\/\",\"url\":\"https:\\\/\\\/www.viesmat.com\\\/produto\\\/alfombras-para-la-hosteleria\\\/\",\"name\":\"Tapetes para restaurantes e cozinhas | VIESMAT\",\"isPartOf\":{\"@id\":\"https:\\\/\\\/www.viesmat.com\\\/#website\"},\"primaryImageOfPage\":{\"@id\":\"https:\\\/\\\/www.viesmat.com\\\/produto\\\/alfombras-para-la-hosteleria\\\/#primaryimage\"},\"image\":{\"@id\":\"https:\\\/\\\/www.viesmat.com\\\/produto\\\/alfombras-para-la-hosteleria\\\/#primaryimage\"},\"thumbnailUrl\":\"https:\\\/\\\/www.viesmat.com\\\/wp-content\\\/uploads\\\/2020\\\/09\\\/alfombra_alveolar2.jpg\",\"datePublished\":\"2020-09-26T19:06:46+00:00\",\"dateModified\":\"2020-10-07T13:44:36+00:00\",\"breadcrumb\":{\"@id\":\"https:\\\/\\\/www.viesmat.com\\\/produto\\\/alfombras-para-la-hosteleria\\\/#breadcrumb\"},\"inLanguage\":\"pt-PT\",\"potentialAction\":[{\"@type\":\"ReadAction\",\"target\":[\"https:\\\/\\\/www.viesmat.com\\\/produto\\\/alfombras-para-la-hosteleria\\\/\"]}]},{\"@type\":\"ImageObject\",\"inLanguage\":\"pt-PT\",\"@id\":\"https:\\\/\\\/www.viesmat.com\\\/produto\\\/alfombras-para-la-hosteleria\\\/#primaryimage\",\"url\":\"https:\\\/\\\/www.viesmat.com\\\/wp-content\\\/uploads\\\/2020\\\/09\\\/alfombra_alveolar2.jpg\",\"contentUrl\":\"https:\\\/\\\/www.viesmat.com\\\/wp-content\\\/uploads\\\/2020\\\/09\\\/alfombra_alveolar2.jpg\",\"width\":300,\"height\":300,\"caption\":\"Alfombras pas hosteleria\"},{\"@type\":\"BreadcrumbList\",\"@id\":\"https:\\\/\\\/www.viesmat.com\\\/produto\\\/alfombras-para-la-hosteleria\\\/#breadcrumb\",\"itemListElement\":[{\"@type\":\"ListItem\",\"position\":1,\"name\":\"Home\",\"item\":\"https:\\\/\\\/www.viesmat.com\\\/pt-pt\\\/\"},{\"@type\":\"ListItem\",\"position\":2,\"name\":\"Produtos\",\"item\":\"https:\\\/\\\/www.viesmat.com\\\/productos\\\/\"},{\"@type\":\"ListItem\",\"position\":3,\"name\":\"Tapetes para restaurantes e cozinhas\"}]},{\"@type\":\"WebSite\",\"@id\":\"https:\\\/\\\/www.viesmat.com\\\/#website\",\"url\":\"https:\\\/\\\/www.viesmat.com\\\/\",\"name\":\"VIESMAT\",\"description\":\"Felpudos de entrada, pavimentos de caucho y felpudos met\u00e1licos\",\"publisher\":{\"@id\":\"https:\\\/\\\/www.viesmat.com\\\/#organization\"},\"potentialAction\":[{\"@type\":\"SearchAction\",\"target\":{\"@type\":\"EntryPoint\",\"urlTemplate\":\"https:\\\/\\\/www.viesmat.com\\\/?s={search_term_string}\"},\"query-input\":{\"@type\":\"PropertyValueSpecification\",\"valueRequired\":true,\"valueName\":\"search_term_string\"}}],\"inLanguage\":\"pt-PT\"},{\"@type\":\"Organization\",\"@id\":\"https:\\\/\\\/www.viesmat.com\\\/#organization\",\"name\":\"Viesmat\",\"url\":\"https:\\\/\\\/www.viesmat.com\\\/\",\"logo\":{\"@type\":\"ImageObject\",\"inLanguage\":\"pt-PT\",\"@id\":\"https:\\\/\\\/www.viesmat.com\\\/#\\\/schema\\\/logo\\\/image\\\/\",\"url\":\"https:\\\/\\\/www.viesmat.com\\\/wp-content\\\/uploads\\\/2020\\\/09\\\/logo-VIESMAT.png\",\"contentUrl\":\"https:\\\/\\\/www.viesmat.com\\\/wp-content\\\/uploads\\\/2020\\\/09\\\/logo-VIESMAT.png\",\"width\":400,\"height\":86,\"caption\":\"Viesmat\"},\"image\":{\"@id\":\"https:\\\/\\\/www.viesmat.com\\\/#\\\/schema\\\/logo\\\/image\\\/\"},\"sameAs\":[\"https:\\\/\\\/www.facebook.com\\\/viesmat\"]}]}<\/script>\n<!-- \/ Yoast SEO plugin. -->","yoast_head_json":{"title":"Tapetes para restaurantes e cozinhas | VIESMAT","robots":{"index":"index","follow":"follow","max-snippet":"max-snippet:-1","max-image-preview":"max-image-preview:large","max-video-preview":"max-video-preview:-1"},"canonical":"https:\/\/www.viesmat.com\/produto\/alfombras-para-la-hosteleria\/","og_locale":"pt_PT","og_type":"article","og_title":"Tapetes para restaurantes e cozinhas | VIESMAT","og_description":"[vc_row][vc_column][vc_column_text]Especialistas en la fabricaci\u00f3n y venta de Alfombras Antideslizantes para la hosteler\u00eda. Alfombras textiles secantes para entradas de cocinas. Las alfombras para hoster\u00eda VIESMAT son higi\u00e9nicas e imputrescibles y de larga durabilidad. Alfombra desinfectante. Modelos alfombras antideslizantes para hosteler\u00eda:[\/vc_column_text][\/vc_column][\/vc_row][vc_row column_spacing=&#8221;0px&#8221; remove_bottom_col_margin=&#8221;true&#8221; css=&#8221;.vc_custom_1601147962096{border-top-width: 1px !important;border-right-width: 1px !important;border-bottom-width: 1px !important;border-left-width: 1px !important;padding-top: 20px !important;padding-right: 20px !important;padding-bottom: 20px&hellip;","og_url":"https:\/\/www.viesmat.com\/produto\/alfombras-para-la-hosteleria\/","og_site_name":"VIESMAT","article_publisher":"https:\/\/www.facebook.com\/viesmat","article_modified_time":"2020-10-07T13:44:36+00:00","og_image":[{"width":300,"height":300,"url":"https:\/\/www.viesmat.com\/wp-content\/uploads\/2020\/09\/alfombra_alveolar2.jpg","type":"image\/jpeg"}],"twitter_card":"summary_large_image","twitter_misc":{"Tempo estimado de leitura":"3 minutos"},"schema":{"@context":"https:\/\/schema.org","@graph":[{"@type":"WebPage","@id":"https:\/\/www.viesmat.com\/produto\/alfombras-para-la-hosteleria\/","url":"https:\/\/www.viesmat.com\/produto\/alfombras-para-la-hosteleria\/","name":"Tapetes para restaurantes e cozinhas | VIESMAT","isPartOf":{"@id":"https:\/\/www.viesmat.com\/#website"},"primaryImageOfPage":{"@id":"https:\/\/www.viesmat.com\/produto\/alfombras-para-la-hosteleria\/#primaryimage"},"image":{"@id":"https:\/\/www.viesmat.com\/produto\/alfombras-para-la-hosteleria\/#primaryimage"},"thumbnailUrl":"https:\/\/www.viesmat.com\/wp-content\/uploads\/2020\/09\/alfombra_alveolar2.jpg","datePublished":"2020-09-26T19:06:46+00:00","dateModified":"2020-10-07T13:44:36+00:00","breadcrumb":{"@id":"https:\/\/www.viesmat.com\/produto\/alfombras-para-la-hosteleria\/#breadcrumb"},"inLanguage":"pt-PT","potentialAction":[{"@type":"ReadAction","target":["https:\/\/www.viesmat.com\/produto\/alfombras-para-la-hosteleria\/"]}]},{"@type":"ImageObject","inLanguage":"pt-PT","@id":"https:\/\/www.viesmat.com\/produto\/alfombras-para-la-hosteleria\/#primaryimage","url":"https:\/\/www.viesmat.com\/wp-content\/uploads\/2020\/09\/alfombra_alveolar2.jpg","contentUrl":"https:\/\/www.viesmat.com\/wp-content\/uploads\/2020\/09\/alfombra_alveolar2.jpg","width":300,"height":300,"caption":"Alfombras pas hosteleria"},{"@type":"BreadcrumbList","@id":"https:\/\/www.viesmat.com\/produto\/alfombras-para-la-hosteleria\/#breadcrumb","itemListElement":[{"@type":"ListItem","position":1,"name":"Home","item":"https:\/\/www.viesmat.com\/pt-pt\/"},{"@type":"ListItem","position":2,"name":"Produtos","item":"https:\/\/www.viesmat.com\/productos\/"},{"@type":"ListItem","position":3,"name":"Tapetes para restaurantes e cozinhas"}]},{"@type":"WebSite","@id":"https:\/\/www.viesmat.com\/#website","url":"https:\/\/www.viesmat.com\/","name":"VIESMAT","description":"Felpudos de entrada, pavimentos de caucho y felpudos met\u00e1licos","publisher":{"@id":"https:\/\/www.viesmat.com\/#organization"},"potentialAction":[{"@type":"SearchAction","target":{"@type":"EntryPoint","urlTemplate":"https:\/\/www.viesmat.com\/?s={search_term_string}"},"query-input":{"@type":"PropertyValueSpecification","valueRequired":true,"valueName":"search_term_string"}}],"inLanguage":"pt-PT"},{"@type":"Organization","@id":"https:\/\/www.viesmat.com\/#organization","name":"Viesmat","url":"https:\/\/www.viesmat.com\/","logo":{"@type":"ImageObject","inLanguage":"pt-PT","@id":"https:\/\/www.viesmat.com\/#\/schema\/logo\/image\/","url":"https:\/\/www.viesmat.com\/wp-content\/uploads\/2020\/09\/logo-VIESMAT.png","contentUrl":"https:\/\/www.viesmat.com\/wp-content\/uploads\/2020\/09\/logo-VIESMAT.png","width":400,"height":86,"caption":"Viesmat"},"image":{"@id":"https:\/\/www.viesmat.com\/#\/schema\/logo\/image\/"},"sameAs":["https:\/\/www.facebook.com\/viesmat"]}]}},"_links":{"self":[{"href":"https:\/\/www.viesmat.com\/pt-pt\/wp-json\/wp\/v2\/product\/996","targetHints":{"allow":["GET"]}}],"collection":[{"href":"https:\/\/www.viesmat.com\/pt-pt\/wp-json\/wp\/v2\/product"}],"about":[{"href":"https:\/\/www.viesmat.com\/pt-pt\/wp-json\/wp\/v2\/types\/product"}],"wp:featuredmedia":[{"embeddable":true,"href":"https:\/\/www.viesmat.com\/pt-pt\/wp-json\/wp\/v2\/media\/999"}],"wp:attachment":[{"href":"https:\/\/www.viesmat.com\/pt-pt\/wp-json\/wp\/v2\/media?parent=996"}],"wp:term":[{"taxonomy":"product_brand","embeddable":true,"href":"https:\/\/www.viesmat.com\/pt-pt\/wp-json\/wp\/v2\/product_brand?post=996"},{"taxonomy":"product_cat","embeddable":true,"href":"https:\/\/www.viesmat.com\/pt-pt\/wp-json\/wp\/v2\/product_cat?post=996"},{"taxonomy":"product_tag","embeddable":true,"href":"https:\/\/www.viesmat.com\/pt-pt\/wp-json\/wp\/v2\/product_tag?post=996"}],"curies":[{"name":"wp","href":"https:\/\/api.w.org\/{rel}","templated":true}]}}